{"id":105,"date":"2020-06-29T23:38:07","date_gmt":"2020-06-29T23:38:07","guid":{"rendered":"https:\/\/demosites.io\/pet-shop-gb\/?page_id=105"},"modified":"2024-10-04T04:36:59","modified_gmt":"2024-10-04T02:36:59","slug":"d09c8-home","status":"publish","type":"page","link":"https:\/\/amphetaminapotek.com\/","title":{"rendered":"Hem"},"content":{"rendered":"\t\t<div data-elementor-type=\"wp-page\" data-elementor-id=\"105\" class=\"elementor elementor-105\">\n\t\t\t\t<div class=\"elementor-element elementor-element-7a16d79 e-flex e-con-boxed e-con e-parent\" data-id=\"7a16d79\" data-element_type=\"container\" data-e-type=\"container\">\n\t\t\t\t\t<div class=\"e-con-inner\">\n\t\t\t\t<div class=\"elementor-element elementor-element-a2a0755 elementor-widget elementor-widget-text-editor\" data-id=\"a2a0755\" data-element_type=\"widget\" data-e-type=\"widget\" data-widget_type=\"text-editor.default\">\n\t\t\t\t<div class=\"elementor-widget-container\">\n\t\t\t\t\t\t\t\t\t\n<p><\/p>\n\n\n\n<div id=\"wp-block-themeisle-blocks-advanced-columns-cbb7d63f\" class=\"wp-block-themeisle-blocks-advanced-columns alignfull has-1-columns has-desktop-equal-layout has-tablet-equal-layout has-mobile-equal-layout has-vertical-center\"><div class=\"wp-block-themeisle-blocks-advanced-columns-overlay\"><\/div><div class=\"innerblocks-wrap\">\n<div id=\"wp-block-themeisle-blocks-advanced-column-9099e04a\" class=\"wp-block-themeisle-blocks-advanced-column\">\n<h1 class=\"wp-block-heading has-text-align-center has-white-color has-text-color\">Uppt\u00e4ck de b\u00e4sta produkterna p\u00e5 n\u00e4tet<\/h1>\n\n\n\n<p id=\"wp-block-themeisle-blocks-advanced-heading-5ba2036d\" class=\"wp-block-themeisle-blocks-advanced-heading wp-block-themeisle-blocks-advanced-heading-5ba2036d\">F\u00e5 de b\u00e4sta erbjudandena nu<\/p>\n\n\n\n<div id=\"wp-block-themeisle-blocks-button-group-72abf9df\" class=\"wp-block-themeisle-blocks-button-group wp-block-buttons align-center\">\n<div id=\"wp-block-themeisle-blocks-button-1b647751\" class=\"wp-block-themeisle-blocks-button wp-block-button\"><a href=\"https:\/\/amphetaminapotek.com\/index.php\/butik\/\" target=\"_self\" rel=\"noopener noreferrer\" class=\"wp-block-button__link\"><span>G\u00c5 TILL BUTIK<\/span><i class=\"fas fa-fw fa-arrow-right margin-left\"><\/i><\/a><\/div>\n<\/div>\n<\/div>\n<\/div><\/div>\n\n\n\n<div id=\"wp-block-themeisle-blocks-advanced-columns-ab114888\" class=\"wp-block-themeisle-blocks-advanced-columns alignfull has-3-columns has-desktop-equal-layout has-tablet-equal-layout has-mobile-collapsedRows-layout has-vertical-unset has-dark-bg\"><div class=\"wp-block-themeisle-blocks-advanced-columns-overlay\"><\/div><div class=\"innerblocks-wrap\">\n<div id=\"wp-block-themeisle-blocks-advanced-column-76cf25ee\" class=\"wp-block-themeisle-blocks-advanced-column has-dark-bg\">\n<div class=\"wp-block-themeisle-blocks-service\">\n<div id=\"wp-block-themeisle-blocks-font-awesome-icons-bc6879e6\" class=\"wp-block-themeisle-blocks-font-awesome-icons\"><span class=\"wp-block-themeisle-blocks-font-awesome-icons-container\"><i class=\"fas fa-user-secret\"><\/i><\/span><\/div>\n\n\n\n<h3 class=\"wp-block-heading has-text-align-center\">Tryggt och s\u00e4kert<\/h3>\n\n\n\n<p class=\"has-text-align-center\">Hos oss kan du handla tryggt utan kr\u00e5ngel<\/p>\n<\/div>\n<\/div>\n\n\n\n<div id=\"wp-block-themeisle-blocks-advanced-column-e4703d6c\" class=\"wp-block-themeisle-blocks-advanced-column has-dark-bg\">\n<div id=\"wp-block-themeisle-blocks-font-awesome-icons-8d7704f6\" class=\"wp-block-themeisle-blocks-font-awesome-icons\"><span class=\"wp-block-themeisle-blocks-font-awesome-icons-container\"><i class=\"fas fa-shipping-fast\"><\/i><\/span><\/div>\n\n\n\n<h3 class=\"wp-block-heading has-text-align-center\">Gratis frakt<\/h3>\n\n\n\n<p class=\"has-text-align-center\">Fri frakt p\u00e5 alla best\u00e4llningar inom Sverige<\/p>\n<\/div>\n\n\n\n<div id=\"wp-block-themeisle-blocks-advanced-column-2d0eeda8\" class=\"wp-block-themeisle-blocks-advanced-column has-dark-bg\">\n<div id=\"wp-block-themeisle-blocks-font-awesome-icons-662e3790\" class=\"wp-block-themeisle-blocks-font-awesome-icons\"><span class=\"wp-block-themeisle-blocks-font-awesome-icons-container\"><i class=\"fas fa-money-check-alt\"><\/i><\/span><\/div>\n\n\n\n<h3 class=\"wp-block-heading has-text-align-center\">Flexibla betalningar<\/h3>\n\n\n\n<p class=\"has-text-align-center\">Brett utbud av betalningsalternativ<\/p>\n<\/div>\n<\/div><\/div>\n\n\n\n<div id=\"wp-block-themeisle-blocks-advanced-columns-08bcd8f6\" class=\"wp-block-themeisle-blocks-advanced-columns alignfull has-2-columns has-desktop-oneTwo-layout has-tablet-equal-layout has-mobile-collapsedRows-layout has-vertical-unset has-dark-bg\"><div class=\"wp-block-themeisle-blocks-advanced-columns-overlay\"><\/div><div class=\"innerblocks-wrap\">\n<div id=\"wp-block-themeisle-blocks-advanced-column-7ccc17b6\" class=\"wp-block-themeisle-blocks-advanced-column\">\n<figure class=\"wp-block-image size-large is-resized is-style-rounded\"><img fetchpriority=\"high\" decoding=\"async\" width=\"1024\" height=\"579\" src=\"https:\/\/amphetaminapotek.com\/wp-content\/uploads\/2023\/04\/ob_966921_diazep-1024x579.jpg\" alt=\"\" class=\"wp-image-270\" style=\"width:456px;height:auto\" srcset=\"https:\/\/amphetaminapotek.com\/wp-content\/uploads\/2023\/04\/ob_966921_diazep-1024x579.jpg 1024w, https:\/\/amphetaminapotek.com\/wp-content\/uploads\/2023\/04\/ob_966921_diazep-600x340.jpg 600w, https:\/\/amphetaminapotek.com\/wp-content\/uploads\/2023\/04\/ob_966921_diazep-300x170.jpg 300w, https:\/\/amphetaminapotek.com\/wp-content\/uploads\/2023\/04\/ob_966921_diazep-768x435.jpg 768w, https:\/\/amphetaminapotek.com\/wp-content\/uploads\/2023\/04\/ob_966921_diazep.jpg 1200w\" sizes=\"(max-width: 1024px) 100vw, 1024px\" \/><\/figure>\n<\/div>\n\n\n\n<div id=\"wp-block-themeisle-blocks-advanced-column-546e1574\" class=\"wp-block-themeisle-blocks-advanced-column\">\n<h2 class=\"wp-block-heading has-nv-text-dark-bg-color has-text-color\">Vi har varit verksamma sedan 2010<\/h2>\n\n\n\n<div style=\"height:20px\" aria-hidden=\"true\" class=\"wp-block-spacer\"><\/div>\n\n\n\n<p class=\"has-nv-text-dark-bg-color has-text-color\" style=\"font-size:22px\">Vi \u00e4lskar v\u00e5ra kunder, s\u00e5 vi har skapat en butik som l\u00e5ter dig f\u00e5 produkter av h\u00f6gsta kvalitet till l\u00e5g kostnad<\/p>\n\n\n\n<div style=\"height:40px\" aria-hidden=\"true\" class=\"wp-block-spacer\"><\/div>\n\n\n\n<div id=\"wp-block-themeisle-blocks-tabs-6a751774\" class=\"wp-block-themeisle-blocks-tabs ticss-6a751774 has-dark-bg\"><div class=\"wp-block-themeisle-blocks-tabs__content\">\n<div data-title=\"V\u00e5ra v\u00e4rderingar\" class=\"wp-block-themeisle-blocks-tabs-item\"><div class=\"wp-block-themeisle-blocks-tabs-item__header\" tabindex=\"0\">V\u00e5ra v\u00e4rderingar<\/div><div class=\"wp-block-themeisle-blocks-tabs-item__content\">\n<p class=\"has-nv-text-dark-bg-color has-text-color\">Vi \u00e4r helt engagerade i att f\u00f6rse v\u00e5ra kunder med de b\u00e4sta kvalitetsprodukterna till de mest konkurrenskraftiga priserna<\/p>\n<\/div><\/div>\n<\/div><\/div>\n<\/div>\n<\/div><\/div>\n\n\n\n<div id=\"wp-block-themeisle-blocks-advanced-columns-7ca699a0\" class=\"wp-block-themeisle-blocks-advanced-columns alignfull has-1-columns has-desktop-equal-layout has-tablet-equal-layout has-mobile-equal-layout has-vertical-unset has-dark-bg\"><div class=\"wp-block-themeisle-blocks-advanced-columns-overlay\"><\/div><div class=\"innerblocks-wrap\">\n<div id=\"wp-block-themeisle-blocks-advanced-column-01546f97\" class=\"wp-block-themeisle-blocks-advanced-column\">\n<h2 class=\"wp-block-heading has-text-align-center has-neve-text-color-color has-text-color\">Utvalda produkter<\/h2>\n\n\n\n<hr class=\"wp-block-separator has-text-color has-neve-button-color-color has-css-opacity has-neve-button-color-background-color has-background\"\/>\n\n\n<div data-block-name=\"woocommerce\/product-new\" data-content-visibility=\"{&quot;title&quot;:true,&quot;price&quot;:true,&quot;rating&quot;:false,&quot;button&quot;:true}\" data-rows=\"1\" class=\"wc-block-grid wp-block-product-new wp-block-woocommerce-product-new wc-block-product-new has-3-columns\"><ul class=\"wc-block-grid__products\"><li class=\"wc-block-grid__product\">\n\t\t\t\t<a href=\"https:\/\/amphetaminapotek.com\/index.php\/product\/kop-modafinil-utan-recept\/\" class=\"wc-block-grid__product-link\">\n\t\t\t\t\t\n\t\t\t\t\t<div class=\"wc-block-grid__product-image\"><img decoding=\"async\" width=\"300\" height=\"300\" src=\"https:\/\/amphetaminapotek.com\/wp-content\/uploads\/2025\/02\/IMG_4189-300x300.jpeg\" class=\"attachment-woocommerce_thumbnail size-woocommerce_thumbnail\" alt=\"K\u00f6p Modafinil Utan recept\" srcset=\"https:\/\/amphetaminapotek.com\/wp-content\/uploads\/2025\/02\/IMG_4189-300x300.jpeg 300w, https:\/\/amphetaminapotek.com\/wp-content\/uploads\/2025\/02\/IMG_4189-150x150.jpeg 150w, https:\/\/amphetaminapotek.com\/wp-content\/uploads\/2025\/02\/IMG_4189-100x100.jpeg 100w\" sizes=\"(max-width: 300px) 100vw, 300px\" \/><\/div>\n\t\t\t\t\t<div class=\"wc-block-grid__product-title\">K\u00f6p Modafinil Utan recept<\/div>\n\t\t\t\t<\/a>\n\t\t\t\t<div class=\"wc-block-grid__product-price price\"><del aria-hidden=\"true\"><span class=\"woocommerce-Price-amount amount\">3000&nbsp;<span class=\"woocommerce-Price-currencySymbol\">&#107;&#114;<\/span><\/span><\/del> <span class=\"screen-reader-text\">Det ursprungliga priset var: 3000&nbsp;&#107;&#114;.<\/span><ins aria-hidden=\"true\"><span class=\"woocommerce-Price-amount amount\">2100&nbsp;<span class=\"woocommerce-Price-currencySymbol\">&#107;&#114;<\/span><\/span><\/ins><span class=\"screen-reader-text\">Det nuvarande priset \u00e4r: 2100&nbsp;&#107;&#114;.<\/span><\/div>\n\t\t\t\t\n\t\t\t\t<div class=\"wp-block-button wc-block-grid__product-add-to-cart\"><a href=\"\/index.php\/wp-json\/wp\/v2\/pages\/105?add-to-cart=787\" aria-label=\"L\u00e4gg till i varukorgen: \u201dK\u00f6p Modafinil Utan recept\u201d\" data-quantity=\"1\" data-product_id=\"787\" data-product_sku=\"\" data-price=\"2100\" rel=\"nofollow\" class=\"wp-block-button__link  add_to_cart_button ajax_add_to_cart\">L\u00e4gg till i varukorg<\/a><\/div>\n\t\t\t<\/li><li class=\"wc-block-grid__product\">\n\t\t\t\t<a href=\"https:\/\/amphetaminapotek.com\/index.php\/product\/simpsons-ol-zur-krebsheilung\/\" class=\"wc-block-grid__product-link\">\n\t\t\t\t\t\n\t\t\t\t\t<div class=\"wc-block-grid__product-image\"><img decoding=\"async\" width=\"300\" height=\"300\" src=\"https:\/\/amphetaminapotek.com\/wp-content\/uploads\/2024\/05\/IMG_1077-300x300.jpeg\" class=\"attachment-woocommerce_thumbnail size-woocommerce_thumbnail\" alt=\"Simpsons-\u00d6l zur Krebsheilung\" srcset=\"https:\/\/amphetaminapotek.com\/wp-content\/uploads\/2024\/05\/IMG_1077-300x300.jpeg 300w, https:\/\/amphetaminapotek.com\/wp-content\/uploads\/2024\/05\/IMG_1077-150x150.jpeg 150w, https:\/\/amphetaminapotek.com\/wp-content\/uploads\/2024\/05\/IMG_1077-100x100.jpeg 100w\" sizes=\"(max-width: 300px) 100vw, 300px\" \/><\/div>\n\t\t\t\t\t<div class=\"wc-block-grid__product-title\">K\u00f6p Simpsons-\u00d6l zur Krebsheilung<\/div>\n\t\t\t\t<\/a>\n\t\t\t\t<div class=\"wc-block-grid__product-price price\"><del aria-hidden=\"true\"><span class=\"woocommerce-Price-amount amount\">5000&nbsp;<span class=\"woocommerce-Price-currencySymbol\">&#107;&#114;<\/span><\/span><\/del> <span class=\"screen-reader-text\">Det ursprungliga priset var: 5000&nbsp;&#107;&#114;.<\/span><ins aria-hidden=\"true\"><span class=\"woocommerce-Price-amount amount\">4000&nbsp;<span class=\"woocommerce-Price-currencySymbol\">&#107;&#114;<\/span><\/span><\/ins><span class=\"screen-reader-text\">Det nuvarande priset \u00e4r: 4000&nbsp;&#107;&#114;.<\/span><\/div>\n\t\t\t\t\n\t\t\t\t<div class=\"wp-block-button wc-block-grid__product-add-to-cart\"><a href=\"\/index.php\/wp-json\/wp\/v2\/pages\/105?add-to-cart=728\" aria-label=\"L\u00e4gg till i varukorgen: \u201dK\u00f6p Simpsons-\u00d6l zur Krebsheilung\u201d\" data-quantity=\"1\" data-product_id=\"728\" data-product_sku=\"\" data-price=\"4000\" rel=\"nofollow\" class=\"wp-block-button__link  add_to_cart_button ajax_add_to_cart\">L\u00e4gg till i varukorg<\/a><\/div>\n\t\t\t<\/li><li class=\"wc-block-grid__product\">\n\t\t\t\t<a href=\"https:\/\/amphetaminapotek.com\/index.php\/product\/kop-banana-ice-iget-bars-i-stockholm\/\" class=\"wc-block-grid__product-link\">\n\t\t\t\t\t\n\t\t\t\t\t<div class=\"wc-block-grid__product-image\"><img loading=\"lazy\" decoding=\"async\" width=\"225\" height=\"225\" src=\"https:\/\/amphetaminapotek.com\/wp-content\/uploads\/2024\/05\/images.jpg\" class=\"attachment-woocommerce_thumbnail size-woocommerce_thumbnail\" alt=\"k\u00f6p Banana Ice IGET Bars i stockholm.\" srcset=\"https:\/\/amphetaminapotek.com\/wp-content\/uploads\/2024\/05\/images.jpg 225w, https:\/\/amphetaminapotek.com\/wp-content\/uploads\/2024\/05\/images-150x150.jpg 150w, https:\/\/amphetaminapotek.com\/wp-content\/uploads\/2024\/05\/images-100x100.jpg 100w\" sizes=\"(max-width: 225px) 100vw, 225px\" \/><\/div>\n\t\t\t\t\t<div class=\"wc-block-grid__product-title\">k\u00f6p Banana Ice IGET Bars i stockholm.<\/div>\n\t\t\t\t<\/a>\n\t\t\t\t<div class=\"wc-block-grid__product-price price\"><\/div>\n\t\t\t\t\n\t\t\t\t<div class=\"wp-block-button wc-block-grid__product-add-to-cart\"><a href=\"https:\/\/amphetaminapotek.com\/index.php\/product\/kop-banana-ice-iget-bars-i-stockholm\/\" aria-label=\"L\u00e4s mer om \u201dk\u00f6p Banana Ice IGET Bars i stockholm.\u201d\" data-quantity=\"1\" data-product_id=\"721\" data-product_sku=\"\" data-price=\"0\" rel=\"nofollow\" class=\"wp-block-button__link  add_to_cart_button\">L\u00e4s mer<\/a><\/div>\n\t\t\t<\/li><\/ul><\/div>\n\n\n<div style=\"height:20px\" aria-hidden=\"true\" class=\"wp-block-spacer\"><\/div>\n\n\n\n<div id=\"wp-block-themeisle-blocks-button-group-d66b4dbf\" class=\"wp-block-themeisle-blocks-button-group wp-block-buttons align-center\">\n<div id=\"wp-block-themeisle-blocks-button-65fc7bca\" class=\"wp-block-themeisle-blocks-button wp-block-button\"><a href=\"#\" target=\"_self\" rel=\"noopener noreferrer\" class=\"wp-block-button__link\"><span>BL\u00c4DDRA ALLA PRODUKTER<\/span><\/a><\/div>\n<\/div>\n<\/div>\n<\/div><\/div>\n\n\n\n<div id=\"wp-block-themeisle-blocks-advanced-columns-293ae528\" class=\"wp-block-themeisle-blocks-advanced-columns alignfull has-2-columns has-desktop-twoOne-layout has-tablet-equal-layout has-mobile-collapsedRows-layout has-vertical-unset has-dark-bg\"><div class=\"wp-block-themeisle-blocks-advanced-columns-overlay\"><\/div><div class=\"innerblocks-wrap\">\n<div id=\"wp-block-themeisle-blocks-advanced-column-c7c82bf7\" class=\"wp-block-themeisle-blocks-advanced-column small-form ticss-252e7860\">\n<h2 class=\"wp-block-heading has-nv-text-dark-bg-color has-text-color\">G\u00e5 med i v\u00e5rt nyhetsbrev f\u00f6r specialerbjudanden och erbjudanden<\/h2>\n\n\n\n<div id=\"wp-block-themeisle-blocks-form-5f717ebc\" class=\"wp-block-themeisle-blocks-form ticss-5f717ebc\" data-option-name=\"bf9b28ff82ce323187abc5d0feb0d8f07ecd8436_5f717ebc\"><form class=\"otter-form__container\">\n<div id=\"wp-block-themeisle-blocks-form-input-e174c250\" class=\"wp-block-themeisle-blocks-form-input\"><label for=\"wp-block-themeisle-blocks-form-input-e174c250-input\" class=\"otter-form-input-label\"><span class=\"otter-form-input-label__label\">Namn<\/span><span class=\"required\">*<\/span><\/label><input type=\"text\" id=\"wp-block-themeisle-blocks-form-input-e174c250-input\" required placeholder=\"Your name\" class=\"otter-form-input\"\/><\/div>\n\n\n\n<div id=\"wp-block-themeisle-blocks-form-input-6bd5c4f9\" class=\"wp-block-themeisle-blocks-form-input\"><label for=\"wp-block-themeisle-blocks-form-input-6bd5c4f9-input\" class=\"otter-form-input-label\"><span class=\"otter-form-input-label__label\">E-post<\/span><span class=\"required\">*<\/span><\/label><input type=\"email\" id=\"wp-block-themeisle-blocks-form-input-6bd5c4f9-input\" required placeholder=\"Email\" class=\"otter-form-input\"\/><\/div>\n\n\n<div class=\"protection\" aria-hidden=\"true\"><input type=\"hidden\" id=\"wp-block-themeisle-blocks-form-5f717ebc_nonce_field\" name=\"wp-block-themeisle-blocks-form-5f717ebc_nonce_field\" value=\"807a98bff5\" \/><input type=\"hidden\" name=\"_wp_http_referer\" value=\"\/index.php\/wp-json\/wp\/v2\/pages\/105\" \/><input class=\"o-anti-bot\" type=\"checkbox\"><\/div><div class=\"wp-block-button\"><button class=\"wp-block-button__link\" type=\"submit\">G\u00e5 med i nyhetsbrevet<\/button><\/div><\/form><\/div>\n<\/div>\n\n\n\n<div id=\"wp-block-themeisle-blocks-advanced-column-24cca890\" class=\"wp-block-themeisle-blocks-advanced-column\">\n<figure class=\"wp-block-image size-full is-resized\"><img loading=\"lazy\" decoding=\"async\" width=\"1200\" height=\"675\" src=\"https:\/\/amphetaminapotek.com\/wp-content\/uploads\/2023\/04\/ob_2dd55b_subutex-8.jpg\" alt=\"\" class=\"wp-image-272\" style=\"aspect-ratio:0.751578947368421;width:299px;height:auto\" srcset=\"https:\/\/amphetaminapotek.com\/wp-content\/uploads\/2023\/04\/ob_2dd55b_subutex-8.jpg 1200w, https:\/\/amphetaminapotek.com\/wp-content\/uploads\/2023\/04\/ob_2dd55b_subutex-8-600x338.jpg 600w, https:\/\/amphetaminapotek.com\/wp-content\/uploads\/2023\/04\/ob_2dd55b_subutex-8-300x169.jpg 300w, https:\/\/amphetaminapotek.com\/wp-content\/uploads\/2023\/04\/ob_2dd55b_subutex-8-1024x576.jpg 1024w, https:\/\/amphetaminapotek.com\/wp-content\/uploads\/2023\/04\/ob_2dd55b_subutex-8-768x432.jpg 768w\" sizes=\"(max-width: 1200px) 100vw, 1200px\" \/><\/figure>\n<\/div>\n<\/div><\/div>\n\t\t\t\t\t\t\t\t<\/div>\n\t\t\t\t<\/div>\n\t\t\t\t\t<\/div>\n\t\t\t\t<\/div>\n\t\t<div class=\"elementor-element elementor-element-5fc544b e-flex e-con-boxed e-con e-parent\" data-id=\"5fc544b\" data-element_type=\"container\" data-e-type=\"container\">\n\t\t\t\t\t<div class=\"e-con-inner\">\n\t\t\t\t<div class=\"elementor-element elementor-element-4bf3a4b elementor-widget elementor-widget-text-editor\" data-id=\"4bf3a4b\" data-element_type=\"widget\" data-e-type=\"widget\" data-widget_type=\"text-editor.default\">\n\t\t\t\t<div class=\"elementor-widget-container\">\n\t\t\t\t\t\t\t\t\t<pre dir=\"ltr\" style=\"font-size: 28px; line-height: 36px; background-color: #f8f9fa; border: none; padding: 2px 0.14em 2px 0px; position: relative; margin-top: -2px; margin-bottom: -2px; resize: none; font-family: inherit; overflow: hidden; width: 270px; overflow-wrap: break-word; color: #1f1f1f;\" data-placeholder=\"Translation\" data-ved=\"2ahUKEwjS-MC6z_OIAxXyQUEAHRUYJ5AQ3ewLegQIBxAU\" aria-label=\"Translated text: k\u00f6pa amfetamin\"><span lang=\"sv\">k\u00f6p amfetamin<\/span><\/pre>\t\t\t\t\t\t\t\t<\/div>\n\t\t\t\t<\/div>\n\t\t\t\t\t<\/div>\n\t\t\t\t<\/div>\n\t\t\t\t<\/div>\n\t\t","protected":false},"excerpt":{"rendered":"<p>k\u00f6p amfetamin<\/p>\n","protected":false},"author":1,"featured_media":0,"parent":0,"menu_order":0,"comment_status":"closed","ping_status":"closed","template":"","meta":{"_monsterinsights_skip_tracking":false,"_monsterinsights_sitenote_active":false,"_monsterinsights_sitenote_note":"","_monsterinsights_sitenote_category":0,"_uf_show_specific_survey":0,"_uf_disable_surveys":false,"neve_meta_sidebar":"full-width","neve_meta_container":"","neve_meta_enable_content_width":"on","neve_meta_content_width":100,"neve_meta_title_alignment":"","neve_meta_author_avatar":"","neve_post_elements_order":"","neve_meta_disable_header":"","neve_meta_disable_footer":"","neve_meta_disable_title":"on","_themeisle_gutenberg_block_has_review":false,"footnotes":""},"class_list":["post-105","page","type-page","status-publish","hentry"],"aioseo_notices":[],"_hostinger_reach_plugin_has_subscription_block":false,"_hostinger_reach_plugin_is_elementor":false,"jetpack-related-posts":[],"jetpack_sharing_enabled":true,"_links":{"self":[{"href":"https:\/\/amphetaminapotek.com\/index.php\/wp-json\/wp\/v2\/pages\/105","targetHints":{"allow":["GET"]}}],"collection":[{"href":"https:\/\/amphetaminapotek.com\/index.php\/wp-json\/wp\/v2\/pages"}],"about":[{"href":"https:\/\/amphetaminapotek.com\/index.php\/wp-json\/wp\/v2\/types\/page"}],"author":[{"embeddable":true,"href":"https:\/\/amphetaminapotek.com\/index.php\/wp-json\/wp\/v2\/users\/1"}],"replies":[{"embeddable":true,"href":"https:\/\/amphetaminapotek.com\/index.php\/wp-json\/wp\/v2\/comments?post=105"}],"version-history":[{"count":11,"href":"https:\/\/amphetaminapotek.com\/index.php\/wp-json\/wp\/v2\/pages\/105\/revisions"}],"predecessor-version":[{"id":755,"href":"https:\/\/amphetaminapotek.com\/index.php\/wp-json\/wp\/v2\/pages\/105\/revisions\/755"}],"wp:attachment":[{"href":"https:\/\/amphetaminapotek.com\/index.php\/wp-json\/wp\/v2\/media?parent=105"}],"curies":[{"name":"wp","href":"https:\/\/api.w.org\/{rel}","templated":true}]}}