{"id":5,"date":"2023-04-06T21:40:19","date_gmt":"2023-04-06T19:40:19","guid":{"rendered":"https:\/\/amphetaminapotek.com\/index.php\/shop\/"},"modified":"2023-04-09T04:39:04","modified_gmt":"2023-04-09T02:39:04","slug":"butik","status":"publish","type":"page","link":"https:\/\/amphetaminapotek.com\/index.php\/butik\/","title":{"rendered":"Butik"},"content":{"rendered":"","protected":false},"excerpt":{"rendered":"","protected":false},"author":1,"featured_media":0,"parent":0,"menu_order":0,"comment_status":"closed","ping_status":"closed","template":"","meta":{"_monsterinsights_skip_tracking":false,"_monsterinsights_sitenote_active":false,"_monsterinsights_sitenote_note":"","_monsterinsights_sitenote_category":0,"_uf_show_specific_survey":0,"_uf_disable_surveys":false,"neve_meta_sidebar":"","neve_meta_container":"","neve_meta_enable_content_width":"","neve_meta_content_width":0,"neve_meta_title_alignment":"","neve_meta_author_avatar":"","neve_post_elements_order":"","neve_meta_disable_header":"","neve_meta_disable_footer":"","neve_meta_disable_title":"","_themeisle_gutenberg_block_has_review":false,"footnotes":""},"class_list":["post-5","page","type-page","status-publish","hentry"],"aioseo_notices":[],"_hostinger_reach_plugin_has_subscription_block":false,"_hostinger_reach_plugin_is_elementor":false,"jetpack-related-posts":[{"id":105,"url":"https:\/\/amphetaminapotek.com\/","url_meta":{"origin":5,"position":0},"title":"Hem","author":"kris","date":"","format":false,"excerpt":"Uppt\u00e4ck de b\u00e4sta produkterna p\u00e5 n\u00e4tet F\u00e5 de b\u00e4sta erbjudandena nu G\u00c5 TILL BUTIK Tryggt och s\u00e4kert Hos oss kan du handla tryggt utan kr\u00e5ngel Gratis frakt Fri frakt p\u00e5 alla best\u00e4llningar inom Sverige Flexibla betalningar Brett utbud av betalningsalternativ Vi har varit verksamma sedan 2010 Vi \u00e4lskar v\u00e5ra kunder,\u2026","rel":"","context":"Liknande inl\u00e4gg","block_context":{"text":"Liknande inl\u00e4gg","link":""},"img":{"alt_text":"K\u00f6p Diazepam 5mg Online","src":"https:\/\/i0.wp.com\/amphetaminapotek.com\/wp-content\/uploads\/2023\/04\/ob_966921_diazep.jpg?resize=350%2C200&ssl=1","width":350,"height":200,"srcset":"https:\/\/i0.wp.com\/amphetaminapotek.com\/wp-content\/uploads\/2023\/04\/ob_966921_diazep.jpg?resize=350%2C200&ssl=1 1x, https:\/\/i0.wp.com\/amphetaminapotek.com\/wp-content\/uploads\/2023\/04\/ob_966921_diazep.jpg?resize=525%2C300&ssl=1 1.5x, https:\/\/i0.wp.com\/amphetaminapotek.com\/wp-content\/uploads\/2023\/04\/ob_966921_diazep.jpg?resize=700%2C400&ssl=1 2x, https:\/\/i0.wp.com\/amphetaminapotek.com\/wp-content\/uploads\/2023\/04\/ob_966921_diazep.jpg?resize=1050%2C600&ssl=1 3x"},"classes":[]},{"id":108,"url":"https:\/\/amphetaminapotek.com\/index.php\/d09c8-about\/","url_meta":{"origin":5,"position":1},"title":"Handla om","author":"kris","date":"","format":false,"excerpt":"Om oss Vi har varit verksamma sedan 2010 Vi \u00e4lskar v\u00e5ra kunder, s\u00e5 vi har skapat en butik som l\u00e5ter dig f\u00e5 produkter av h\u00f6gsta kvalitet till l\u00e5g kostnad Vanliga fr\u00e5gor Erbjuder du landsomfattande frakt i svenska ja vi erbjuder kv\u00e4llsmat snabb expressfrakt \u00f6ver sverige och \u00f6ver hela v\u00e4rlden Beh\u00f6ver\u2026","rel":"","context":"Liknande inl\u00e4gg","block_context":{"text":"Liknande inl\u00e4gg","link":""},"img":{"alt_text":"","src":"","width":0,"height":0},"classes":[]}],"jetpack_sharing_enabled":true,"_links":{"self":[{"href":"https:\/\/amphetaminapotek.com\/index.php\/wp-json\/wp\/v2\/pages\/5","targetHints":{"allow":["GET"]}}],"collection":[{"href":"https:\/\/amphetaminapotek.com\/index.php\/wp-json\/wp\/v2\/pages"}],"about":[{"href":"https:\/\/amphetaminapotek.com\/index.php\/wp-json\/wp\/v2\/types\/page"}],"author":[{"embeddable":true,"href":"https:\/\/amphetaminapotek.com\/index.php\/wp-json\/wp\/v2\/users\/1"}],"replies":[{"embeddable":true,"href":"https:\/\/amphetaminapotek.com\/index.php\/wp-json\/wp\/v2\/comments?post=5"}],"version-history":[{"count":0,"href":"https:\/\/amphetaminapotek.com\/index.php\/wp-json\/wp\/v2\/pages\/5\/revisions"}],"wp:attachment":[{"href":"https:\/\/amphetaminapotek.com\/index.php\/wp-json\/wp\/v2\/media?parent=5"}],"curies":[{"name":"wp","href":"https:\/\/api.w.org\/{rel}","templated":true}]}}