{"id":237,"date":"2023-04-08T02:41:14","date_gmt":"2023-04-08T00:41:14","guid":{"rendered":"https:\/\/amphetaminapotek.com\/?post_type=product&#038;p=237"},"modified":"2025-02-19T11:57:12","modified_gmt":"2025-02-19T10:57:12","slug":"xanax-2mg-1mg","status":"publish","type":"product","link":"https:\/\/amphetaminapotek.com\/index.php\/product\/xanax-2mg-1mg\/","title":{"rendered":"k\u00f6p xanax 2mg Online"},"content":{"rendered":"<h1>Xanax Sverige | k\u00f6p xanax 2mg Online | Xanax Svenska<\/h1>\n<p><strong>Xanax Sverige<\/strong>\u00a0\u00e4r ett bensodiazepin. Man tror att\u00a0<a href=\"https:\/\/amphetaminapotek.com\"><strong>alprazolam<\/strong><\/a>\u00a0verkar genom att \u00f6ka aktiviteten hos vissa neurotransmittorer i hj\u00e4rnan.\u00a0<a href=\"https:\/\/amphetaminapotek.com\/index.php\/product\/xanax-2mg-1mg\/\">Xanax<\/a>\u00a0anv\u00e4nds f\u00f6r att behandla\u00a0\u00e5ngestsyndrom\u00a0och \u00e5ngest orsakad av\u00a0depression. Xanax anv\u00e4nds ocks\u00e5 f\u00f6r att behandla\u00a0panikst\u00f6rningar\u00a0med eller utan r\u00e4dsla f\u00f6r platser och situationer som kan orsaka panik, hj\u00e4lpl\u00f6shet eller f\u00f6rl\u00e4genhet (agorafobi).<\/p>\n<h2 id=\"before-taking\" class=\"ddc-anchor-offset\">Innan Du Tar Xanax<\/h2>\n<p>Du ska inte ta Xanax om:<\/p>\n<ul>\n<li>du tar ocks\u00e5 svampd\u00f6dande l\u00e4kemedel som itrakonazol eller ketokonazol; eller<\/li>\n<li>du har en historia av allergisk reaktion mot n\u00e5got bensodiazepin (alprazolam,\u00a0lorazepam,\u00a0diazepam,\u00a0Ativan,\u00a0Valium,\u00a0Versed,\u00a0Klonopin och andra).<\/li>\n<\/ul>\n<p>F\u00f6r att f\u00f6rs\u00e4kra dig om att Xanax \u00e4r s\u00e4kert f\u00f6r dig, ber\u00e4tta f\u00f6r din l\u00e4kare om du n\u00e5gonsin har haft:<\/p>\n<ul>\n<li>andningsproblem;<\/li>\n<li>drog- eller alkoholberoende;<\/li>\n<li>depression, hum\u00f6rproblem eller sj\u00e4lvmordstankar eller -beteende; eller<\/li>\n<li>njur- eller leversjukdom.<\/li>\n<\/ul>\n<h3 class=\"css-a5m6co-text css-p8ym46-fontFamily css-11397xj-fontSize css-15qzf5r-display css-7bji7i-wordBreak\"><a href=\"https:\/\/amphetaminapotek.com\/index.php\/product\/xanax-2mg-1mg\/\"><span class=\"\">Xanax Effekt<\/span><\/a><\/h3>\n<div class=\"contentBox\">\n<p><strong>Xanax biverkningar<\/strong><\/p>\n<div>F\u00e5 akut medicinsk hj\u00e4lp om du har tecken p\u00e5 en allergisk reaktion mot Xanax: n\u00e4sselfeber; sv\u00e5rt att andas; svullnad av ansikte, l\u00e4ppar, tunga eller svalg.<\/div>\n<div><\/div>\n<div>Alprazolam kan bromsa eller stoppa din andning, s\u00e4rskilt om du nyligen har anv\u00e4nt en opioid medicin eller alkohol. En person som tar hand om dig b\u00f6r s\u00f6ka akut l\u00e4karv\u00e5rd om du har l\u00e5ngsam andning med l\u00e5nga pauser, bl\u00e5f\u00e4rgade l\u00e4ppar eller om du har sv\u00e5rt att vakna.<\/div>\n<div><\/div>\n<div>Vanliga\u00a0<a href=\"http:\/\/apoteket.se\/\" target=\"_blank\" rel=\"noopener\">biverkningar<\/a>\u00a0av Xanax kan inkludera:<\/div>\n<ul>\n<li>d\u00e5sighet; eller<\/li>\n<li>k\u00e4nner sig yr i huvudet.<\/li>\n<\/ul>\n<p>Xanax kan orsaka allvarliga biverkningar. Ring din l\u00e4kare omedelbart om du har:<\/p>\n<ul>\n<li>svag eller ytlig andning;<\/li>\n<li>en yr i huvudet, som om du kanske svimmar;<\/li>\n<li>ett anfall;<\/li>\n<li>hallucinationer, risktagande beteende;<\/li>\n<li>\u00f6kad energi, minskat behov av s\u00f6mn;<\/li>\n<li>rasande tankar, att vara uppr\u00f6rd eller pratsam;<\/li>\n<li>dubbel syn; eller<\/li>\n<li>gulsot\u00a0(gulf\u00e4rgning av hud eller \u00f6gon).<\/li>\n<\/ul>\n<div class=\"css-a5m6co-text css-p8ym46-fontFamily css-11397xj-fontSize css-15qzf5r-display css-7bji7i-wordBreak\"><span class=\"\">xanor<\/span><\/div>\n<div>\n<div class=\"css-a5m6co-text css-p8ym46-fontFamily css-11397xj-fontSize css-15qzf5r-display css-7bji7i-wordBreak\"><span class=\"\">zanax<\/span><\/div>\n<div>\n<div class=\"css-a5m6co-text css-p8ym46-fontFamily css-11397xj-fontSize css-15qzf5r-display css-7bji7i-wordBreak\"><span class=\"\">alpra<\/span><\/div>\n<div>\n<div class=\"css-a5m6co-text css-p8ym46-fontFamily css-11397xj-fontSize css-15qzf5r-display css-7bji7i-wordBreak\"><span class=\"\">xantax<\/span><\/div>\n<div>\n<div class=\"css-a5m6co-text css-p8ym46-fontFamily css-11397xj-fontSize css-15qzf5r-display css-7bji7i-wordBreak\"><span class=\"\">alprazolam verkningstid<\/span><\/div>\n<div>\n<div class=\"css-a5m6co-text css-p8ym46-fontFamily css-11397xj-fontSize css-15qzf5r-display css-7bji7i-wordBreak\"><span class=\"\">xanax drog<\/span><\/div>\n<div>\n<div class=\"css-a5m6co-text css-p8ym46-fontFamily css-11397xj-fontSize css-15qzf5r-display css-7bji7i-wordBreak\"><span class=\"\">2 mg xanax<\/span><\/div>\n<div>\n<div class=\"css-a5m6co-text css-p8ym46-fontFamily css-11397xj-fontSize css-15qzf5r-display css-7bji7i-wordBreak\"><span class=\"\">xanax 2mg<\/span><\/div>\n<\/div>\n<\/div>\n<\/div>\n<\/div>\n<\/div>\n<\/div>\n<\/div>\n<\/div>\n<h2>Vad \u00e4r priset p\u00e5 xanax 2 mg online<\/h2>\n<p>Vi s\u00f6kte efter priser p\u00e5 xanax och ins\u00e5g att vi p\u00e5 tramadolapotek har de b\u00e4sta xanax priserna<\/p>\n<p>f\u00f6r online f\u00f6rs\u00e4ljning och vi har den snabbaste<\/p>\n<p>leveransen hittills f\u00f6r xanax s\u00e5 best\u00e4ll dina piller fr\u00e5n oss.<\/p>\n<h4>Hur man k\u00f6per xanax flashback online utan recept<\/h4>\n<p>det \u00e4r v\u00e4ldigt l\u00e4tt att k\u00f6pa xanax online hos oss,<\/p>\n<p>klicka bara p\u00e5 l\u00e4nken nedan och v\u00e4lj det belopp du beh\u00f6ver och fullst\u00e4ndig best\u00e4llning,<\/p>\n<p>du kommer att f\u00e5 v\u00e5rt meddelande och riktning att betala,<\/p>\n<p>det \u00e4r enkelt och snabbt, vi erbjuder 24 timmars leverans och till och med 12 timmars leverans f\u00f6r adresser i stockholm<br \/>\nvi erbjuder ocks\u00e5 whatsapp-support,<\/p>\n<h3>Var man kan k\u00f6pa Original xanax 1 mg online utan recept.<\/h3>\n<p>Tja, vi har redan gjort det mycket tydligt att k\u00f6pa xanax online<\/p>\n<p>aldrig har varit enklare \u00e4n nu, det beror p\u00e5 att vi har gjort<\/p>\n<p>den h\u00e5rda delen och nu beh\u00f6ver du bara klicka och betala f\u00f6r att f\u00e5<\/p>\n<p>ditt paket och en mycket snabb leverans.<\/p>\n<h5>Var kan jag best\u00e4lla original xanax online utan recept<\/h5>\n<p>klicka bara p\u00e5 l\u00e4nken h\u00e4r<\/p>\n<h5>F\u00e5 xanax billigt<\/h5>\n<p>och f\u00e5 xanax online till extremt bra priser via e-post<\/p>\n<h3>vad \u00e4r xanax?<\/h3>\n<p>Xanax (alprazolam) \u00e4r en bensodiazepin (ben-zoe-f\u00e4rg\u00e4mne-AZE-eh-peen).<\/p>\n<p>Alprazolam p\u00e5verkar kemikalier i hj\u00e4rnan som kan vara obalanserade hos personer med \u00e5ngest.<\/p>\n<p>Xanax \u00e4r ett receptbelagt l\u00e4kemedel som anv\u00e4nds f\u00f6r att behandla \u00e5ngestbesv\u00e4r och \u00e5ngest orsakad av depression.<\/p>\n<h2>ska jag ta xanax<\/h2>\n<p>Du b\u00f6r inte ta Xanax om:<\/p>\n<p>du tar ocks\u00e5 itrakonazol eller ketokonazol (svampd\u00f6dande l\u00e4kemedel); eller<\/p>\n<p>Du har tidigare haft en allergisk reaktion p\u00e5 <a href=\"https:\/\/karlstardapotek.com\/\">bensodiazepin<\/a> (diazepam,<\/p>\n<p>alprazolam, lorazepam, Ativan, Klonopin, Restoril, Tranxene, Valium, Versed, Xanax och andra).<\/p>\n<p>F\u00f6r att se till att Xanax \u00e4r s\u00e4kert f\u00f6r dig, ber\u00e4tta f\u00f6r din l\u00e4kare om du har:<\/p>\n","protected":false},"excerpt":{"rendered":"<p>Xanax (alprazolam) \u00e4r en bensodiazepin (ben-zoe-f\u00e4rg\u00e4mne-AZE-eh-peen). Alprazolam p\u00e5verkar kemikalier i hj\u00e4rnan som kan vara obalanserade hos personer med \u00e5ngest.<\/p>\n<p>Xanax anv\u00e4nds f\u00f6r att behandla \u00e5ngestsjukdomar, panikst\u00f6rningar och \u00e5ngest orsakad av depression.<\/p>\n","protected":false},"featured_media":267,"comment_status":"closed","ping_status":"closed","template":"","meta":{"_monsterinsights_skip_tracking":false,"_monsterinsights_sitenote_active":false,"_monsterinsights_sitenote_note":"","_monsterinsights_sitenote_category":0,"_uf_show_specific_survey":0,"_uf_disable_surveys":false,"neve_meta_sidebar":"","neve_meta_container":"","neve_meta_enable_content_width":"off","neve_meta_content_width":100,"neve_meta_title_alignment":"","neve_meta_author_avatar":"","neve_post_elements_order":"","neve_meta_disable_header":"","neve_meta_disable_footer":"","neve_meta_disable_title":"","_themeisle_gutenberg_block_has_review":false},"product_brand":[],"product_cat":[21],"product_tag":[22,23,24,25,26,27],"class_list":{"0":"post-237","1":"product","2":"type-product","3":"status-publish","4":"has-post-thumbnail","6":"product_cat-antidepressiva-medel","7":"product_tag-bestall-xanax-2-mg-online-utan-recept","8":"product_tag-bestil-xanax-2mg-online-uden-recept","9":"product_tag-bestill-xanax-2mg-online-uten-resept","10":"product_tag-kjop-xanax-2mg-online-uten-resept","11":"product_tag-kob-xanax-2mg-online-uden-recept","12":"product_tag-kop-xanax-2mg-online-utan-recept","14":"first","15":"instock","16":"shipping-taxable","17":"purchasable","18":"product-type-variable"},"aioseo_notices":[],"jetpack-related-posts":[{"id":387,"url":"https:\/\/amphetaminapotek.com\/index.php\/product\/ksalol\/","url_meta":{"origin":237,"position":0},"title":"ksalol","author":"kris","date":"","format":false,"excerpt":"Alprazolam, som s\u00e4ljs under varum\u00e4rket Xanax bland annat, \u00e4r en kortverkande bensodiazepin. Det anv\u00e4nds mest vid kortvarig hantering av \u00e5ngestsjukdomar, s\u00e4rskilt panikst\u00f6rning eller generaliserad \u00e5ngestsyndrom (GAD). Andra anv\u00e4ndningsomr\u00e5den inkluderar kemoterapiinducerad illam\u00e5ende, tillsammans med andra behandlingar. GAD f\u00f6rb\u00e4ttring sker generellt inom en vecka. Alprazolam \u00e4r tillg\u00e4ngligt via munnen","rel":"","context":"Liknande inl\u00e4gg","block_context":{"text":"Liknande inl\u00e4gg","link":""},"img":{"alt_text":"k\u00f6p Ksalol utan recept","src":"https:\/\/i0.wp.com\/amphetaminapotek.com\/wp-content\/uploads\/2023\/04\/ranac-sa-tabletama.jpg?resize=350%2C200&ssl=1","width":350,"height":200,"srcset":"https:\/\/i0.wp.com\/amphetaminapotek.com\/wp-content\/uploads\/2023\/04\/ranac-sa-tabletama.jpg?resize=350%2C200&ssl=1 1x, https:\/\/i0.wp.com\/amphetaminapotek.com\/wp-content\/uploads\/2023\/04\/ranac-sa-tabletama.jpg?resize=525%2C300&ssl=1 1.5x, https:\/\/i0.wp.com\/amphetaminapotek.com\/wp-content\/uploads\/2023\/04\/ranac-sa-tabletama.jpg?resize=700%2C400&ssl=1 2x"},"classes":[]},{"id":384,"url":"https:\/\/amphetaminapotek.com\/index.php\/product\/clonazepam\/","url_meta":{"origin":237,"position":1},"title":"K\u00f6p\u00a0clonazepam i sverige","author":"kris","date":"","format":false,"excerpt":"Clonazepam \u00e4r en bensodiazepin. Det p\u00e5verkar kemikalier i hj\u00e4rnan som kan vara obalanserade f\u00f6r att behandla anfall och vissa typer av \u00e5ngestsjukdomar. Clonazepam, en typ av anti-epileptisk l\u00e4kemedel, anv\u00e4nds f\u00f6r att behandla vissa anfallsproblem (inklusive frav\u00e6rsbeslag eller Lennox-Gastaut syndrom) hos vuxna och barn. Clonazepam anv\u00e4nds ocks\u00e5 f\u00f6r att behandla panikst\u00f6rningar\u2026","rel":"","context":"Med 1 kommentar","block_context":{"text":"Med 1 kommentar","link":"https:\/\/amphetaminapotek.com\/index.php\/product\/clonazepam\/#comments"},"img":{"alt_text":"K\u00f6p\u00a0clonazepam i sverige","src":"https:\/\/i0.wp.com\/amphetaminapotek.com\/wp-content\/uploads\/2023\/04\/Clonazepam.jpg?resize=350%2C200&ssl=1","width":350,"height":200,"srcset":"https:\/\/i0.wp.com\/amphetaminapotek.com\/wp-content\/uploads\/2023\/04\/Clonazepam.jpg?resize=350%2C200&ssl=1 1x, https:\/\/i0.wp.com\/amphetaminapotek.com\/wp-content\/uploads\/2023\/04\/Clonazepam.jpg?resize=525%2C300&ssl=1 1.5x, https:\/\/i0.wp.com\/amphetaminapotek.com\/wp-content\/uploads\/2023\/04\/Clonazepam.jpg?resize=700%2C400&ssl=1 2x"},"classes":[]},{"id":240,"url":"https:\/\/amphetaminapotek.com\/index.php\/product\/diazepam-valium-10-mg\/","url_meta":{"origin":237,"position":2},"title":"K\u00f6p Diazepam 5mg Online","author":"kris","date":"","format":false,"excerpt":"Diazepam \u00e4r en bensodiazepin (ben-zoe-f\u00e4rg\u00e4mne-AZE-eh-peens). Det p\u00e5verkar kemikalier i hj\u00e4rnan som kan vara obalanserade hos personer med \u00e5ngest. Diazepam anv\u00e4nds f\u00f6r att behandla \u00e5ngestst\u00f6rningar, alkoholavdragssymtom eller muskelspasmer. Diazepam anv\u00e4nds ibland med andra l\u00e4kemedel f\u00f6r att behandla anfall.","rel":"","context":"Liknande inl\u00e4gg","block_context":{"text":"Liknande inl\u00e4gg","link":""},"img":{"alt_text":"K\u00f6p Diazepam 5mg Online","src":"https:\/\/i0.wp.com\/amphetaminapotek.com\/wp-content\/uploads\/2023\/04\/ob_966921_diazep.jpg?resize=350%2C200&ssl=1","width":350,"height":200,"srcset":"https:\/\/i0.wp.com\/amphetaminapotek.com\/wp-content\/uploads\/2023\/04\/ob_966921_diazep.jpg?resize=350%2C200&ssl=1 1x, https:\/\/i0.wp.com\/amphetaminapotek.com\/wp-content\/uploads\/2023\/04\/ob_966921_diazep.jpg?resize=525%2C300&ssl=1 1.5x, https:\/\/i0.wp.com\/amphetaminapotek.com\/wp-content\/uploads\/2023\/04\/ob_966921_diazep.jpg?resize=700%2C400&ssl=1 2x, https:\/\/i0.wp.com\/amphetaminapotek.com\/wp-content\/uploads\/2023\/04\/ob_966921_diazep.jpg?resize=1050%2C600&ssl=1 3x"},"classes":[]},{"id":390,"url":"https:\/\/amphetaminapotek.com\/index.php\/product\/viagra\/","url_meta":{"origin":237,"position":3},"title":"viagra","author":"kris","date":"","format":false,"excerpt":"Viagra (sildenafil) slappnar av muskler som finns i blodk\u00e4rlens v\u00e4ggar och \u00f6kar blodfl\u00f6det till vissa delar av kroppen. Viagra anv\u00e4nds f\u00f6r att behandla erektil dysfunktion (impotens) hos m\u00e4n. Ett annat m\u00e4rke av sildenafil \u00e4r Revatio, som anv\u00e4nds f\u00f6r att behandla pulmonell arteriell hypertension och f\u00f6rb\u00e4ttra tr\u00e4ningskapaciteten hos m\u00e4n och kvinnor.\u2026","rel":"","context":"Liknande inl\u00e4gg","block_context":{"text":"Liknande inl\u00e4gg","link":""},"img":{"alt_text":"","src":"","width":0,"height":0},"classes":[]},{"id":396,"url":"https:\/\/amphetaminapotek.com\/index.php\/product\/fentermin\/","url_meta":{"origin":237,"position":4},"title":"k\u00f6p phentermine i sverige utan recept","author":"kris","date":"","format":false,"excerpt":"Fentermin liknar en amfetamin. Det stimulerar centrala nervsystemet (nerver och hj\u00e4rnan), vilket \u00f6kar din hj\u00e4rtfrekvens och blodtryck och minskar din aptit. Fentermin anv\u00e4nds tillsammans med kost och motion f\u00f6r att behandla fetma, s\u00e4rskilt hos personer med riskfaktorer som h\u00f6gt blodtryck, h\u00f6gt kolesterol eller diabetes. Phentermin kan ocks\u00e5 anv\u00e4ndas f\u00f6r \u00e4ndam\u00e5l\u2026","rel":"","context":"Liknande inl\u00e4gg","block_context":{"text":"Liknande inl\u00e4gg","link":""},"img":{"alt_text":"k\u00f6p phentermine i sverige utan recept","src":"https:\/\/i0.wp.com\/amphetaminapotek.com\/wp-content\/uploads\/2023\/04\/20428491_10212910288607623_1636939128_n.jpg?resize=350%2C200&ssl=1","width":350,"height":200},"classes":[]},{"id":394,"url":"https:\/\/amphetaminapotek.com\/index.php\/product\/kokain\/","url_meta":{"origin":237,"position":5},"title":"k\u00f6p kokain","author":"kris","date":"","format":false,"excerpt":"Generiskt namn: Kokain (aktuellt) (koe KANE) M\u00e4rke: Goprelto Anv\u00e4ndning av kokain: Det \u00e4r vanligt att d\u00f6ma ett omr\u00e5de f\u00f6re ett f\u00f6rfarande.","rel":"","context":"Liknande inl\u00e4gg","block_context":{"text":"Liknande inl\u00e4gg","link":""},"img":{"alt_text":"","src":"https:\/\/i0.wp.com\/amphetaminapotek.com\/wp-content\/uploads\/2023\/04\/Herion.jpg?resize=350%2C200&ssl=1","width":350,"height":200,"srcset":"https:\/\/i0.wp.com\/amphetaminapotek.com\/wp-content\/uploads\/2023\/04\/Herion.jpg?resize=350%2C200&ssl=1 1x, https:\/\/i0.wp.com\/amphetaminapotek.com\/wp-content\/uploads\/2023\/04\/Herion.jpg?resize=525%2C300&ssl=1 1.5x, https:\/\/i0.wp.com\/amphetaminapotek.com\/wp-content\/uploads\/2023\/04\/Herion.jpg?resize=700%2C400&ssl=1 2x"},"classes":[]}],"jetpack_sharing_enabled":true,"_links":{"self":[{"href":"https:\/\/amphetaminapotek.com\/index.php\/wp-json\/wp\/v2\/product\/237","targetHints":{"allow":["GET"]}}],"collection":[{"href":"https:\/\/amphetaminapotek.com\/index.php\/wp-json\/wp\/v2\/product"}],"about":[{"href":"https:\/\/amphetaminapotek.com\/index.php\/wp-json\/wp\/v2\/types\/product"}],"replies":[{"embeddable":true,"href":"https:\/\/amphetaminapotek.com\/index.php\/wp-json\/wp\/v2\/comments?post=237"}],"wp:featuredmedia":[{"embeddable":true,"href":"https:\/\/amphetaminapotek.com\/index.php\/wp-json\/wp\/v2\/media\/267"}],"wp:attachment":[{"href":"https:\/\/amphetaminapotek.com\/index.php\/wp-json\/wp\/v2\/media?parent=237"}],"wp:term":[{"taxonomy":"product_brand","embeddable":true,"href":"https:\/\/amphetaminapotek.com\/index.php\/wp-json\/wp\/v2\/product_brand?post=237"},{"taxonomy":"product_cat","embeddable":true,"href":"https:\/\/amphetaminapotek.com\/index.php\/wp-json\/wp\/v2\/product_cat?post=237"},{"taxonomy":"product_tag","embeddable":true,"href":"https:\/\/amphetaminapotek.com\/index.php\/wp-json\/wp\/v2\/product_tag?post=237"}],"curies":[{"name":"wp","href":"https:\/\/api.w.org\/{rel}","templated":true}]}}