{"id":238,"date":"2023-04-08T02:41:14","date_gmt":"2023-04-08T00:41:14","guid":{"rendered":"https:\/\/amphetaminapotek.com\/?post_type=product&#038;p=238"},"modified":"2025-02-19T11:06:44","modified_gmt":"2025-02-19T10:06:44","slug":"ritalin-10mg-20mg-30mg-40mg","status":"publish","type":"product","link":"https:\/\/amphetaminapotek.com\/index.php\/product\/ritalin-10mg-20mg-30mg-40mg\/","title":{"rendered":"K\u00f6p Ritalin p\u00e5 n\u00e4tet utan recept"},"content":{"rendered":"<p><a href=\"https:\/\/amphetaminapotek.com\/index.php\/product\/ritalin-10mg-20mg-30mg-40mg\/\">best\u00e4lla Ritalin tablet \/ K\u00f6p Ritalin (metylfenidat) 10mg Online<\/a><\/p>\n<h2>K\u00f6p Ritalin p\u00e5 n\u00e4tet utan recept och Hemleverans av Ritalin tablett 10 mg hos Apoteket \u2013 Fraktfria alternativ och bra erbjudanden<\/h2>\n<p>&nbsp;<\/p>\n<p>K\u00f6p Ritalin online i Sverige | Ritalin till salu i Sverige | Ritalin<\/p>\n<p>Skick:\u00a0Ny produkt<\/p>\n<p>Ritalin (metylfenidat) 10 mg piller \/ tabletter:<\/p>\n<p>Ritalin (metylfenidat) behandling uppm\u00e4rksamhet defekt Hyperactivity Disorder (<a href=\"https:\/\/amphetaminapotek.com\/index.php\/product\/elvanse\/\">ADHD<\/a>)<\/p>\n<p>och narkolepsi (pl\u00f6tsliga attacker av ukontrollabel s\u00f6mnighet).<\/p>\n<p>Detta l\u00e4kemedel \u00e4r ett stimulansmedel.<\/p>\n<p>&nbsp;<\/p>\n<h2>K\u00f6p Ritalin (<a href=\"https:\/\/amphetaminapotek.com\/index.php\/product\/ritalin-10mg-20mg-30mg-40mg\/\">metylfenidat<\/a>) 10mg Online<\/h2>\n<p>F\u00f6r det f\u00f6rsta kan man \u00e4ven k\u00f6pa Ritalin p\u00e5 n\u00e4tet utan recept och de flesta g\u00f6r det<\/p>\n<p>eftersom det tenderar att vara billigare \u00e4n om du k\u00f6per fr\u00e5n en medicinsk butik som kr\u00e4ver ett recept.<\/p>\n<p>ritalin till salu | Ritalin<\/p>\n<p>Du kan betala f\u00f6r din best\u00e4llning av Ritalin 10mg via kredit \/ betalkort eller Bitcoins,<\/p>\n<p>och vi kommer att leverera din best\u00e4llning av Ritalin att d\u00f8rsteget din.<\/p>\n<h3>\u00f6verskott \/<\/h3>\n<p>K\u00f6p Ritalin (<a href=\"https:\/\/amphetaminapotek.com\/index.php\/product\/cannabis\/\">metylfenidat<\/a>) 10mg Online<\/p>\n<p>F\u00f6r det andra \u00e4r den vanligaste sjukdomen hos GH en hypofysen som best\u00e5r av somatotropa<\/p>\n<p>celler i den fr\u00e4mre hypofysen.<\/p>\n<p>Dessa somatotropa adenom \u00e4r godartade och v\u00e4xer l\u00e5ngsamt<\/p>\n<p>och producerar gradvis mer och mer GH.<\/p>\n<p>I \u00e5ratal \u00e4r de viktigaste kliniska problemen de med GH-\u00f6verskott. Slutligen,<\/p>\n<p>adenom vara tillr\u00e4ckligt stor f\u00f6r att orsaka huvudv\u00e4rk,<\/p>\n<p>f\u00f6rs\u00e4mra synen p\u00e5 tryck p\u00e5 synnerven eller orsaka brist p\u00e5<\/p>\n<p>andra hypofyshormoner genom f\u00f6rskjutning.<\/p>\n<h5>Behandla ritalin online | ritalin till salu | Ritalin<\/h5>\n<p>Dessutom f\u00f6rl\u00e4nger f\u00f6rl\u00e4ngt GH \u00f6verskott kn\u00e4benen, fingrar och t\u00e5r.<\/p>\n<p>Resultatet av vikten i k\u00e4ken och \u00f6kad siffra storlek kallas akromegali.<\/p>\n<p>Tillh\u00f6rande problem kan inkludera svettning,<\/p>\n<p>trycket p\u00e5 nerverna (t.ex.. Karpaltunnelsyndrom), muskelsvaghet,<\/p>\n<p>\u00f6verskott k\u00f6nshormonbindande globulin (SHBG),<\/p>\n<p>insulinresistens eller ens en s\u00e4llsynt form av typ 2-diabetes<\/p>\n<p>och nedsatt sexuell funktion.]<\/p>\n<h2>K\u00f6p Ritalin (metylfenidat) 10mg Online<\/h2>\n<p>Slutligen erk\u00e4nns GH-sekretoriska tum\u00f6rer typiskt under femte decenniet av livet.<\/p>\n<p>Det \u00e4r ytterst s\u00e4llsynt att en s\u00e5dan tum\u00f6r sker i barndomen, men n\u00e4r den g\u00f6r det,<\/p>\n<p>kan den \u00f6verdrivna GH orsaka \u00f6verdriven tillv\u00e4xt,<\/p>\n<p>traditionellt\u00a0kallas hypofysegigantisme.<\/p>\n<p>Behandla ritalin online | ritalin till salu |<\/p>\n<p>ritalin Kirurgisk avl\u00e4gsnande \u00e4r den vanliga behandlingen<\/p>\n<p>f\u00f6r GH-producerande tum\u00f6rer.<\/p>\n<h3>best\u00e4lla Ritalin tablett<\/h3>\n<p>Slutligen bes\u00f6k v\u00e5r\u00a0hemsida<\/p>\n<p>&nbsp;<\/p>\n<h2>K\u00f6p Ritalin (metylfenidat) 10mg Online<\/h2>\n<p>&nbsp;<\/p>\n<p>k\u00f6p <a href=\"https:\/\/www.webmd.com\/drugs\/2\/drug-9475\/ritalin-oral\/details\">Ritalin<\/a> online, du undrar kanske var alla i Sverige k\u00f6per Ritalin,<\/p>\n<p>vi har unders\u00f6kt de b\u00e4sta st\u00e4llena att k\u00f6pa Ritalin i Sverige,<\/p>\n<p>klicka och ta reda p\u00e5<\/p>\n<p>&nbsp;<\/p>\n<h2>K\u00f6p billigt k\u00f6p Ritalin i sverige online utan recept<\/h2>\n<p>du kan k\u00f6pa Ritalin online i sverige till en mycket billig r\u00e4nta och f\u00e5 snabb hemleverans,<\/p>\n<p>genom \u00e5ren vi har studerat och f\u00f6ljt anv\u00e4ndare som framg\u00e5ngsrikt k\u00f6per Ritalin online utan recept.<\/p>\n<p>Vi ins\u00e5g att cirka 80% av dessa anv\u00e4ndare k\u00f6pte Ritalin online fr\u00e5n<\/p>\n<p>medan de andra 20% k\u00f6pte via e-postmeddelandet<\/p>\n<h3>Vad \u00e4r priset p\u00e5 Ritalin 20 mg online<\/h3>\n<p>Vi s\u00f6kte efter priser p\u00e5 Ritalin och ins\u00e5g att vi p\u00e5 tramadol apotek har de b\u00e4sta Ritalin priserna f\u00f6r<\/p>\n<p>onlinef\u00f6rs\u00e4ljning och vi har den snabbaste leveransen hittills f\u00f6r Ritalin s\u00e5 best\u00e4ll dina piller fr\u00e5n oss.<\/p>\n<h3>Hur man k\u00f6per Ritalin flashback online utan recept<\/h3>\n<p>det \u00e4r v\u00e4ldigt l\u00e4tt att k\u00f6pa Ritalin online hos oss, klicka bara p\u00e5 l\u00e4nken nedan<\/p>\n<p>och v\u00e4lj det belopp du beh\u00f6ver och fullst\u00e4ndig best\u00e4llning, du kommer att f\u00e5 v\u00e5rt<\/p>\n<p>meddelande och riktning att betala, det \u00e4r enkelt och snabbt, vi erbjuder 24 timmars<\/p>\n<p>leverans och till och med 12 timmars leverans f\u00f6r adresser i stockholm<br \/>\nvi erbjuder ocks\u00e5 whatsapp-support,<\/p>\n<h4>Var man kan k\u00f6pa Original Ritalin 10 mg online utan recept.<\/h4>\n<p>Tja, vi har redan gjort det mycket tydligt att k\u00f6pa Ritalin online aldrig har varit enklare \u00e4n nu,<\/p>\n<p>det beror p\u00e5 att vi har gjort den h\u00e5rda delen och nu beh\u00f6ver du bara klicka<\/p>\n<p>och betala f\u00f6r att f\u00e5 ditt paket och en mycket snabb leverans.<\/p>\n<p>Var kan jag best\u00e4lla original Ritalin online utan recept<\/p>\n<p>klicka bara p\u00e5 l\u00e4nken h\u00e4r<\/p>\n<h5>F\u00e5 Ritalin billigt<\/h5>\n<p>och att f\u00e5 Ritalin online till extremt bra priser via e-post<\/p>\n<h3><a href=\"https:\/\/amphetaminapotek.com\/index.php\/product\/ritalin-10mg-20mg-30mg-40mg\/\">vad \u00e4r Ritalin?<\/a><\/h3>\n<p>Ritalin (metylfenidat) \u00e4r en stimulant f\u00f6r centrala nervsystemet. Det p\u00e5verkar kemikalier i<\/p>\n<p>hj\u00e4rnan och nerverna som bidrar till hyperaktivitet och impulskontroll.<\/p>\n<p>Ritalin anv\u00e4nds f\u00f6r att behandla ADD (ADHD), ADHD (ADHD) och narkolepsi.<\/p>\n<h3>ska jag ta Ritalin<\/h3>\n<p>Anv\u00e4nd inte <a href=\"https:\/\/www.drugs.com\/ritalin.html\">Ritalin<\/a> om du har anv\u00e4nt en MAO-h\u00e4mmare under de senaste 14 dagarna.<\/p>\n<p>En farlig l\u00e4kemedelsinteraktion kan uppst\u00e5. MAO-h\u00e4mmare inkluderar isokarboxazid,<\/p>\n<p>linezolid, metylenbl\u00e5 injektion, fenelzin, rasagilin, selegilin, tranylcypromin och andra.<\/p>\n<p>Du kanske inte kan anv\u00e4nda Ritalin om du \u00e4r allergisk mot metylfenidat eller om du har:<\/p>\n<p>glaukom;<\/p>\n<p>en personlig eller familjehistoria av tics (muskel ryckningar) eller Tourettes syndrom; eller<\/p>\n<p>sv\u00e5r \u00e5ngest, sp\u00e4nning eller agitation (stimulerande medicin kan f\u00f6rv\u00e4rra dessa symtom).<\/p>\n","protected":false},"excerpt":{"rendered":"<p>best\u00e4lla Ritalin tablet \/ K\u00f6p Ritalin (metylfenidat) 10mg Online K\u00f6p Ritalin p\u00e5 n\u00e4tet utan recept och Hemleverans av Ritalin tablett 10 mg hos Apoteket \u2013 Fraktfria alternativ och bra erbjudanden &nbsp; K\u00f6p Ritalin online i Sverige | Ritalin till salu i Sverige | Ritalin Skick:\u00a0Ny produkt Ritalin (metylfenidat) 10 mg piller \/ tabletter: Ritalin (metylfenidat)&hellip;&nbsp;<a href=\"https:\/\/amphetaminapotek.com\/index.php\/product\/ritalin-10mg-20mg-30mg-40mg\/\" rel=\"bookmark\">L\u00e4s mer &raquo;<span class=\"screen-reader-text\">K\u00f6p Ritalin p\u00e5 n\u00e4tet utan recept<\/span><\/a><\/p>\n","protected":false},"featured_media":268,"comment_status":"closed","ping_status":"closed","template":"","meta":{"_monsterinsights_skip_tracking":false,"_monsterinsights_sitenote_active":false,"_monsterinsights_sitenote_note":"","_monsterinsights_sitenote_category":0,"_uf_show_specific_survey":0,"_uf_disable_surveys":false,"neve_meta_sidebar":"","neve_meta_container":"","neve_meta_enable_content_width":"off","neve_meta_content_width":100,"neve_meta_title_alignment":"","neve_meta_author_avatar":"","neve_post_elements_order":"","neve_meta_disable_header":"","neve_meta_disable_footer":"","neve_meta_disable_title":"","_themeisle_gutenberg_block_has_review":false},"product_brand":[],"product_cat":[28,21,29],"product_tag":[30,31,32,33,34,35,36,37,38,39,40,41],"class_list":{"0":"post-238","1":"product","2":"type-product","3":"status-publish","4":"has-post-thumbnail","6":"product_cat-adhd","7":"product_cat-antidepressiva-medel","8":"product_cat-depression","9":"product_tag-adderall-sverige","10":"product_tag-adhd-medicin","11":"product_tag-attentin","12":"product_tag-bestall-ritalin-20mg-30mg-40mg-utan-recept","13":"product_tag-bestil-ritalin-20mg-30mg-40mg-uden-recept","14":"product_tag-bestille-ritalin-20mg-30mg-40mg-uten-resept","15":"product_tag-kjop-ritalin-10mg-20mg-30mg-40mg-uten-resept","16":"product_tag-kob-ritalin-20mg-30mg-40mg-uden-recept","17":"product_tag-kop-ritalin-10mg-20mg-30mg-40mg-utan-recept","18":"product_tag-ritalin-flashback","19":"product_tag-ritalin-svenska","20":"product_tag-ritalinamfetamin","22":"first","23":"instock","24":"shipping-taxable","25":"purchasable","26":"product-type-variable"},"aioseo_notices":[],"jetpack-related-posts":[{"id":393,"url":"https:\/\/amphetaminapotek.com\/index.php\/product\/citodon\/","url_meta":{"origin":238,"position":0},"title":"K\u00f6p Citodon 500 mg Online","author":"kris","date":"","format":false,"excerpt":"Citodon \u00e4r en m\u00e4rkesformel av codein och paracetamol, \u00e4ven k\u00e4nd som acetaminophen. Codeine \u00e4r i en grupp l\u00e4kemedel som kallas narkotiska sm\u00e4rtstillande medel. Paracetamol \u00e4r en mindre potent sm\u00e4rtstillande som \u00f6kar effekterna av kodin. De tv\u00e5 drogerna kombineras anv\u00e4nds f\u00f6r att lindra m\u00e5ttlig till sv\u00e5r sm\u00e4rta. \u00a0","rel":"","context":"Med 1 kommentar","block_context":{"text":"Med 1 kommentar","link":"https:\/\/amphetaminapotek.com\/index.php\/product\/citodon\/#comments"},"img":{"alt_text":"K\u00f6p Citodon 500 mg Online","src":"https:\/\/i0.wp.com\/amphetaminapotek.com\/wp-content\/uploads\/2023\/04\/citodon.jpg?resize=350%2C200&ssl=1","width":350,"height":200},"classes":[]},{"id":390,"url":"https:\/\/amphetaminapotek.com\/index.php\/product\/viagra\/","url_meta":{"origin":238,"position":1},"title":"viagra","author":"kris","date":"","format":false,"excerpt":"Viagra (sildenafil) slappnar av muskler som finns i blodk\u00e4rlens v\u00e4ggar och \u00f6kar blodfl\u00f6det till vissa delar av kroppen. Viagra anv\u00e4nds f\u00f6r att behandla erektil dysfunktion (impotens) hos m\u00e4n. Ett annat m\u00e4rke av sildenafil \u00e4r Revatio, som anv\u00e4nds f\u00f6r att behandla pulmonell arteriell hypertension och f\u00f6rb\u00e4ttra tr\u00e4ningskapaciteten hos m\u00e4n och kvinnor.\u2026","rel":"","context":"Liknande inl\u00e4gg","block_context":{"text":"Liknande inl\u00e4gg","link":""},"img":{"alt_text":"","src":"","width":0,"height":0},"classes":[]},{"id":251,"url":"https:\/\/amphetaminapotek.com\/index.php\/product\/concerta-36-mg-metylfenidat\/","url_meta":{"origin":238,"position":2},"title":"k\u00f6p concerta i sverige","author":"kris","date":"","format":false,"excerpt":"Concerta (methylphenidat) er et centralnervesystemstimulerende middel. Det p\u00e5virker kemikalier i hjernen og nerver, der bidrager til hyperaktivitet og impulskontrol. concerta tabletter med forl\u00e6nget frigivelse anvendes til behandling af ADHD hos voksne og b\u00f8rn 6 \u00e5r og \u00e6ldre","rel":"","context":"Liknande inl\u00e4gg","block_context":{"text":"Liknande inl\u00e4gg","link":""},"img":{"alt_text":"k\u00f6p concerta i sverige","src":"https:\/\/i0.wp.com\/amphetaminapotek.com\/wp-content\/uploads\/2023\/04\/Buy-Concerta-36mg-Methylphenidate.jpg?resize=350%2C200&ssl=1","width":350,"height":200,"srcset":"https:\/\/i0.wp.com\/amphetaminapotek.com\/wp-content\/uploads\/2023\/04\/Buy-Concerta-36mg-Methylphenidate.jpg?resize=350%2C200&ssl=1 1x, https:\/\/i0.wp.com\/amphetaminapotek.com\/wp-content\/uploads\/2023\/04\/Buy-Concerta-36mg-Methylphenidate.jpg?resize=525%2C300&ssl=1 1.5x"},"classes":[]},{"id":244,"url":"https:\/\/amphetaminapotek.com\/index.php\/product\/zolpidem-10mg\/","url_meta":{"origin":238,"position":3},"title":"zolpidem  10mg","author":"kris","date":"","format":false,"excerpt":"Zolpidem anv\u00e4nds f\u00f6r att behandla s\u00f6mnl\u00f6shet. Den omedelbara fris\u00e4ttningsformen av zolpidem \u00e4r Ambien, Intermezzo, Edluar och Zolpimist, som anv\u00e4nds f\u00f6r att hj\u00e4lpa dig somna. Den f\u00f6rl\u00e4ngda fris\u00e4ttningsformen av zolpidem \u00e4r Ambien CR, som har ett f\u00f6rsta lager som l\u00f6ser sig snabbt f\u00f6r att hj\u00e4lpa dig somna, och ett andra lager\u2026","rel":"","context":"Liknande inl\u00e4gg","block_context":{"text":"Liknande inl\u00e4gg","link":""},"img":{"alt_text":"BEST\u00c4LLA ZOLPIDEM 10MG ONLINE I SVERIGE","src":"https:\/\/i0.wp.com\/amphetaminapotek.com\/wp-content\/uploads\/2023\/04\/14488213_1780579535549873_2130355223934271488_n.jpg?resize=350%2C200&ssl=1","width":350,"height":200,"srcset":"https:\/\/i0.wp.com\/amphetaminapotek.com\/wp-content\/uploads\/2023\/04\/14488213_1780579535549873_2130355223934271488_n.jpg?resize=350%2C200&ssl=1 1x, https:\/\/i0.wp.com\/amphetaminapotek.com\/wp-content\/uploads\/2023\/04\/14488213_1780579535549873_2130355223934271488_n.jpg?resize=525%2C300&ssl=1 1.5x, https:\/\/i0.wp.com\/amphetaminapotek.com\/wp-content\/uploads\/2023\/04\/14488213_1780579535549873_2130355223934271488_n.jpg?resize=700%2C400&ssl=1 2x"},"classes":[]},{"id":374,"url":"https:\/\/amphetaminapotek.com\/index.php\/product\/oxikodon-30mg-80mg\/","url_meta":{"origin":238,"position":4},"title":"k\u00f6pa oxycodon i sverige","author":"kris","date":"","format":false,"excerpt":"Oxykodon \u00e4r en opioid sm\u00e4rtstillande medicin kallas ibland narkotiska. Oxykodon anv\u00e4nds f\u00f6r att behandla m\u00e5ttlig till sv\u00e5r sm\u00e4rta.","rel":"","context":"Liknande inl\u00e4gg","block_context":{"text":"Liknande inl\u00e4gg","link":""},"img":{"alt_text":"k\u00f6pa oxycodon i sverige","src":"https:\/\/i0.wp.com\/amphetaminapotek.com\/wp-content\/uploads\/2023\/04\/NORDICAPOTEK-OX.jpg?resize=350%2C200&ssl=1","width":350,"height":200,"srcset":"https:\/\/i0.wp.com\/amphetaminapotek.com\/wp-content\/uploads\/2023\/04\/NORDICAPOTEK-OX.jpg?resize=350%2C200&ssl=1 1x, https:\/\/i0.wp.com\/amphetaminapotek.com\/wp-content\/uploads\/2023\/04\/NORDICAPOTEK-OX.jpg?resize=525%2C300&ssl=1 1.5x, https:\/\/i0.wp.com\/amphetaminapotek.com\/wp-content\/uploads\/2023\/04\/NORDICAPOTEK-OX.jpg?resize=700%2C400&ssl=1 2x"},"classes":[]},{"id":245,"url":"https:\/\/amphetaminapotek.com\/index.php\/product\/metadon-online-20mg40-mg\/","url_meta":{"origin":238,"position":5},"title":"best\u00e4lla metadon utan recept","author":"kris","date":"","format":false,"excerpt":"Metadon \u00e4r en opioidmedicin. En opioid kallas ibland narkotisk. Metadon minskar abstinenssymptom hos personer som \u00e4r beroende av heroin eller andra narkotiska droger utan att orsaka \"h\u00f6ga\" associerade med narkotikamissbruk. Metadon anv\u00e4nds som sm\u00e4rtstillande medel och som del av avgiftnings- och underh\u00e5llsprogram f\u00f6r narkotikamissbruk. Den \u00e4r endast tillg\u00e4nglig fr\u00e5n ett\u2026","rel":"","context":"Liknande inl\u00e4gg","block_context":{"text":"Liknande inl\u00e4gg","link":""},"img":{"alt_text":"","src":"https:\/\/i0.wp.com\/amphetaminapotek.com\/wp-content\/uploads\/2023\/04\/methadone.jpg?resize=350%2C200&ssl=1","width":350,"height":200,"srcset":"https:\/\/i0.wp.com\/amphetaminapotek.com\/wp-content\/uploads\/2023\/04\/methadone.jpg?resize=350%2C200&ssl=1 1x, https:\/\/i0.wp.com\/amphetaminapotek.com\/wp-content\/uploads\/2023\/04\/methadone.jpg?resize=525%2C300&ssl=1 1.5x"},"classes":[]}],"jetpack_sharing_enabled":true,"_links":{"self":[{"href":"https:\/\/amphetaminapotek.com\/index.php\/wp-json\/wp\/v2\/product\/238","targetHints":{"allow":["GET"]}}],"collection":[{"href":"https:\/\/amphetaminapotek.com\/index.php\/wp-json\/wp\/v2\/product"}],"about":[{"href":"https:\/\/amphetaminapotek.com\/index.php\/wp-json\/wp\/v2\/types\/product"}],"replies":[{"embeddable":true,"href":"https:\/\/amphetaminapotek.com\/index.php\/wp-json\/wp\/v2\/comments?post=238"}],"wp:featuredmedia":[{"embeddable":true,"href":"https:\/\/amphetaminapotek.com\/index.php\/wp-json\/wp\/v2\/media\/268"}],"wp:attachment":[{"href":"https:\/\/amphetaminapotek.com\/index.php\/wp-json\/wp\/v2\/media?parent=238"}],"wp:term":[{"taxonomy":"product_brand","embeddable":true,"href":"https:\/\/amphetaminapotek.com\/index.php\/wp-json\/wp\/v2\/product_brand?post=238"},{"taxonomy":"product_cat","embeddable":true,"href":"https:\/\/amphetaminapotek.com\/index.php\/wp-json\/wp\/v2\/product_cat?post=238"},{"taxonomy":"product_tag","embeddable":true,"href":"https:\/\/amphetaminapotek.com\/index.php\/wp-json\/wp\/v2\/product_tag?post=238"}],"curies":[{"name":"wp","href":"https:\/\/api.w.org\/{rel}","templated":true}]}}