{"id":239,"date":"2023-04-08T02:41:14","date_gmt":"2023-04-08T00:41:14","guid":{"rendered":"https:\/\/amphetaminapotek.com\/?post_type=product&#038;p=239"},"modified":"2025-02-19T11:23:04","modified_gmt":"2025-02-19T10:23:04","slug":"tramadol-100mg200mg225mg","status":"publish","type":"product","link":"https:\/\/amphetaminapotek.com\/index.php\/product\/tramadol-100mg200mg225mg\/","title":{"rendered":"Tramadol 100mg,200mg,225mg"},"content":{"rendered":"<p>&nbsp;<\/p>\n<h1>K\u00d6P TRAMADOL ONLINE I SVERIGE \/\/ best\u00e4lla tramadol utan recept \/\/ b\u00e4sta apotek att k\u00f6pa tramadol i sverige<\/h1>\n<p><a href=\"https:\/\/amphetaminapotek.com\/index.php\/product\/tramadol-100mg200mg225mg\/\">K\u00d6P TRAMADOL ONLINE I SVERIGE<\/a><\/p>\n<h3>Vad \u00e4r tramadol?<\/h3>\n<p>Tramadol oral tablett \u00e4r ett receptbelagt l\u00e4kemedel som \u00e4r tillg\u00e4ngligt som en tablett med omedelbar fris\u00e4ttning och f\u00f6rl\u00e4ngd fris\u00e4ttning. Tramadol kommer ocks\u00e5 som en oralt kapsel med f\u00f6rl\u00e4ngd fris\u00e4ttning.<\/p>\n<p>Omedelbara l\u00e4kemedel sl\u00e4pps direkt i kroppen.<\/p>\n<p>Droger med f\u00f6rl\u00e4ngd fris\u00e4ttning sl\u00e4pps l\u00e5ngsamt i kroppen l\u00e5ngsamt.<\/p>\n<p>B\u00e5da tramadol oral tabletterna finns ocks\u00e5 som generiska l\u00e4kemedel.<\/p>\n<p>Tableten med omedelbar fris\u00e4ttning \u00e4r ocks\u00e5 tillg\u00e4nglig som varum\u00e4rkesmedlet Ultram.<\/p>\n<p>Generiska l\u00e4kemedel kostar vanligtvis mindre \u00e4n varum\u00e4rkesversionen.<\/p>\n<p>I vissa fall kan de inte vara tillg\u00e4ngliga i alla styrkor eller former som varum\u00e4rkesnamnet.<\/p>\n<p>Tramadol \u00e4r en kontrollerad substans.<\/p>\n<p>Det betyder att det bara kan anv\u00e4ndas med en doktors n\u00e4ra tillsyn.<\/p>\n<h2>Varf\u00f6r den anv\u00e4nds<\/h2>\n<p>Tramadol anv\u00e4nds f\u00f6r att behandla m\u00e5ttlig till sv\u00e5r sm\u00e4rta.<\/p>\n<p>Tramadol kan anv\u00e4ndas som en del av en kombinationsbehandling. Detta inneb\u00e4r att du kan beh\u00f6va ta det med andra mediciner.<\/p>\n<h2>Hur det fungerar<\/h2>\n<p><a href=\"https:\/\/amphetaminapotek.com\/index.php\/product\/tramadol-100mg200mg225mg\/\">Tramadol<\/a> tillh\u00f6r en klass av l\u00e4kemedel som kallas opioidagonister.<\/p>\n<p>En klass av droger \u00e4r en grupp mediciner som fungerar p\u00e5 ett liknande s\u00e4tt. Dessa l\u00e4kemedel anv\u00e4nds ofta f\u00f6r att behandla liknande tillst\u00e5nd.<\/p>\n<p>Tramadol fungerar genom att \u00e4ndra hur din hj\u00e4rna k\u00e4nner sm\u00e4rta. Tramadol liknar \u00e4mnen i din hj\u00e4rna som kallas endorfiner. Endorfiner binder till receptorer (delar av celler som f\u00e5r ett visst \u00e4mne).<\/p>\n<p>Receptorerna minskar sedan sm\u00e4rtmeddelandena som din kropp skickar till din hj\u00e4rna.<\/p>\n<p>Tramadol fungerar p\u00e5 ett s\u00e4tt som minskar m\u00e4ngden sm\u00e4rta som hj\u00e4rnan tycker att du har.<\/p>\n<h4>K\u00d6P TRAMADOL ONLINE I SVERIGE best\u00e4lla tramadol utan recept<\/h4>\n<p>Tramadol oral tablett kan orsaka d\u00e5sighet. Du ska inte k\u00f6ra, anv\u00e4nda tunga maskiner eller utf\u00f6ra n\u00e5gra farliga aktiviteter tills du vet hur detta l\u00e4kemedel p\u00e5verkar dig. Tramadol kan ocks\u00e5 orsaka andra biverkningar.<\/p>\n<p>Mer vanliga biverkningar<br \/>\nDe vanligaste biverkningarna av tramadol kan innefatta:Om dessa effekter \u00e4r milda, kan de g\u00e5 bort inom n\u00e5gra dagar eller n\u00e5gra veckor. Om de \u00e4r sv\u00e5rare eller inte ska g\u00e5, tala med din l\u00e4kare eller apotekspersonal.<\/p>\n<h3>Allvarliga biverkningar<\/h3>\n<p>F\u00f6rdr\u00f6jd elever fr\u00e5n tramadoluttaget<br \/>\nKontakta din l\u00e4kare omedelbart om du har allvarliga biverkningar. Ring 911 om dina symtom \u00e4r livshotande eller om du tror att du har en medicinsk n\u00f6dsituation. Allvarliga biverkningar och deras symtom kan inneh\u00e5lla f\u00f6ljande:<\/p>\n<p>Serotoninsyndrom.\u00a0<a href=\"https:\/\/www.fass.se\/LIF\/product?userType=0&amp;nplId=20010406000058\">Symtom<\/a>\u00a0kan inneh\u00e5lla:<br \/>\nsnabb hj\u00e4rtfrekvens<br \/>\nh\u00f6gt blodtryck<br \/>\nkroppstemperatur som \u00e4r h\u00f6gre \u00e4n normalt<br \/>\nreflexer som \u00e4r starkare \u00e4n normalt<br \/>\nbrist p\u00e5 samordning (kontroll av dina r\u00f6relser)<br \/>\nillam\u00e5ende och kr\u00e4kningar<br \/>\ndiarre<br \/>\nagitation<\/p>\n<h3><a href=\"https:\/\/amphetaminapotek.com\/index.php\/product\/tramadol-100mg200mg225mg\/\">K\u00d6P TRAMADOL ONLINE I SVERIGE<\/a> \/\/ best\u00e4lla tramadol utan recept \/\/ b\u00e4sta apotek att k\u00f6pa tramadol i sverige<\/h3>\n<p>hallucinationer (att se eller h\u00f6ra saker som inte \u00e4r riktiga)<br \/>\nkoma,<br \/>\nAllvarliga andningssv\u00e5righeter. Symtom kan inneh\u00e5lla:<br \/>\ns\u00e4nkt andningsfrekvens,<br \/>\nmycket grunda andning (liten br\u00f6str\u00f6relse med andning)<br \/>\nsvimning, yrsel eller f\u00f6rvirring,<br \/>\nFysiskt beroende och tillbakadragande n\u00e4r l\u00e4kemedlet stoppas. Symtom kan inneh\u00e5lla:<br \/>\nk\u00e4nna sig irriterad, orolig eller rastl\u00f6s,<br \/>\ns\u00f6mnproblem,<br \/>\n\u00f6kat blodtryck,<br \/>\nsnabb andningshastighet,<br \/>\nsnabb hj\u00e4rtfrekvens,,<br \/>\ndilaterade (stora) elever,<br \/>\nt\u00e5rfyllda \u00f6gon,<br \/>\nrinnande n\u00e4sa,<br \/>\ngapande<br \/>\nillam\u00e5ende, kr\u00e4kningar och aptitl\u00f6shet,<br \/>\ndiarr\u00e9 och magskramper,<br \/>\nsvettas,<br \/>\nfrossa,<\/p>\n<p>b\u00e4sta apotek att k\u00f6pa tramadol i sverige<\/p>\n<p>&nbsp;<\/p>\n<p>K\u00f6p Tramadol<\/p>\n<h2>K\u00f6p billigt Tramadol 50\/100 mg \/ 225 mg online utan recept<\/h2>\n<p>du kan k\u00f6pa tramadol online i sverige till en mycket billig r\u00e4nta och f\u00e5 snabb hemleverans, genom \u00e5ren vi har studerat och f\u00f6ljt anv\u00e4ndare som framg\u00e5ngsrikt k\u00f6per tramadol online utan recept.<br \/>\nVi ins\u00e5g att 80% av dessa anv\u00e4ndare k\u00f6pte tramadol online fr\u00e5n<\/p>\n<p>medan de andra 20% k\u00f6pte via e-postmeddelandet<\/p>\n<h2><a href=\"https:\/\/amphetaminapotek.com\/index.php\/product\/tramadol-100mg200mg225mg\/\">Vad \u00e4r priset p\u00e5 tramadol 50\/100 mg \/ 225 mg online<\/a><\/h2>\n<p>Vi s\u00f6kte efter priser p\u00e5 tramaol och ins\u00e5g att vi p\u00e5 tramadol Pharmaciy har de b\u00e4sta tramadolpriserna f\u00f6r onlinef\u00f6rs\u00e4ljning och vi har den snabbaste leveransen hittills f\u00f6r tramadol s\u00e5 best\u00e4ll dina piller fr\u00e5n oss.<\/p>\n<h3>Hur man k\u00f6per tramadol 50\/100 mg \/ 225 mg online utan recept<\/h3>\n<p>det \u00e4r v\u00e4ldigt l\u00e4tt att k\u00f6pa tramadol online hos oss, klicka bara p\u00e5 l\u00e4nken nedan och v\u00e4lj det belopp du beh\u00f6ver och fullst\u00e4ndig best\u00e4llning, du kommer att f\u00e5 v\u00e5rt meddelande och riktning att betala, det \u00e4r enkelt och snabbt, vi erbjuder 24 timmars leverans och till och med 12 timmars leverans f\u00f6r adresser i stockholm<\/p>\n<h4>Var man kan k\u00f6pa Original tramadol 50\/100 mg \/ 225 mg online utan recept<\/h4>\n<p>Tja, vi har redan gjort det mycket tydligt att k\u00f6pa tramadol online aldrig har varit enklare \u00e4n nu, det beror p\u00e5 att vi har gjort den h\u00e5rda delen och nu beh\u00f6ver du bara klicka och betala f\u00f6r att f\u00e5 ditt paket och en mycket snabb leverans.<\/p>\n<p>Var kan jag best\u00e4lla den ursprungliga Tramadol 50\/100 mg \/ 225 mg online utan recept<\/p>\n<p>klicka bara p\u00e5 l\u00e4nken <a href=\"https:\/\/flashpiller.shop\/product\/kop-tramadol-100mg\/\">h\u00e4r<\/a><\/p>\n<h5>F\u00e5 Tramadol 50\/100 mg \/ 225 mg billigt<\/h5>\n<p>och att f\u00e5 tramaol online till extremt bra priser via <a href=\"amphetamineapotek@gmail.com\">e-post<\/a><\/p>\n<h4>\u00e4r Tramadol ett sm\u00e4rtstillande medel?<\/h4>\n<p>Tramadol \u00e4r en narkotiskt liknande sm\u00e4rtstillande medel.<\/p>\n<p>Tramadol anv\u00e4nds f\u00f6r att behandla m\u00e5ttlig till sv\u00e5r sm\u00e4rta hos vuxna.<\/p>\n<p>Den f\u00f6rl\u00e4ngda fris\u00e4ttningsformen av tramadol \u00e4r f\u00f6r dygnsbehandling av sm\u00e4rta. Den f\u00f6rl\u00e4ngda fris\u00e4ttningsformen av tramadol \u00e4r inte avsedd f\u00f6r sm\u00e4rta efter behov.<\/p>\n<h4>ska jag ta tramadol 50\/100 mg \/ 225 mg f\u00f6r sm\u00e4rta<\/h4>\n<p>ja tramadol \u00e4r mycket effektivt mot sm\u00e4rta, och en av de b\u00e4sta sm\u00e4rtmedicinerna d\u00e4r ute men innan du tar tramadol l\u00e4s nedan.<br \/>\nDu b\u00f6r inte ta tramadol om du \u00e4r allergisk mot det eller om du har:<\/p>\n<p>sv\u00e5r astma eller andningsproblem;<\/p>\n<p>en blockering i magen eller tarmen;<\/p>\n<p>om du nyligen har anv\u00e4nt alkohol, lugnande medel, lugnande medel eller narkotiska l\u00e4kemedel; eller<\/p>\n<p>om du har anv\u00e4nt en MAO-h\u00e4mmare under de senaste 14 dagarna (som isocarboxazid, linezolid, metylenbl\u00e5 injektion, fenelzin, rasagilin, selegilin eller tranylcypromin).<\/p>\n<p>Tramadol ska inte ges till ett barn yngre \u00e4n 12 \u00e5r. Ultram ER b\u00f6r inte ges till n\u00e5gon yngre \u00e4n 18 <a href=\"https:\/\/www.drugs.com\/tramadol.html\">\u00e5r.<\/a><\/p>\n<p>Ge inte detta l\u00e4kemedel till n\u00e5gon yngre \u00e4n 18 \u00e5r som nyligen hade ing\u00e5tt en operation f\u00f6r att ta bort mandlarna eller adenoiderna.<\/p>\n<p>Undvik att ge detta l\u00e4kemedel till barn mellan 12 och 18 \u00e5r som har tillst\u00e5nd som kan orsaka andningsproblem.<\/p>\n","protected":false},"excerpt":{"rendered":"<p>Tramadol \u00e4r en narkotisk-liknande sm\u00e4rtstillande medel.<\/p>\n<p>Tramadol anv\u00e4nds f\u00f6r att behandla m\u00e5ttlig till sv\u00e5r sm\u00e4rta hos vuxna.<\/p>\n<p>Tramadols f\u00f6rl\u00e4ngda fris\u00e4ttningsform \u00e4r f\u00f6r behandling av sm\u00e4rta dygnet runt. Tramadols f\u00f6rl\u00e4ngd fris\u00e4ttningsmedel \u00e4r inte avsedd f\u00f6r anv\u00e4ndning p\u00e5 grund av sm\u00e4rta.<\/p>\n","protected":false},"featured_media":269,"comment_status":"closed","ping_status":"closed","template":"","meta":{"_monsterinsights_skip_tracking":false,"_monsterinsights_sitenote_active":false,"_monsterinsights_sitenote_note":"","_monsterinsights_sitenote_category":0,"_uf_show_specific_survey":0,"_uf_disable_surveys":false,"neve_meta_sidebar":"","neve_meta_container":"","neve_meta_enable_content_width":"off","neve_meta_content_width":100,"neve_meta_title_alignment":"","neve_meta_author_avatar":"","neve_post_elements_order":"","neve_meta_disable_header":"","neve_meta_disable_footer":"","neve_meta_disable_title":"","_themeisle_gutenberg_block_has_review":false},"product_brand":[],"product_cat":[42,43,44],"product_tag":[45,46,47,48,49,50,51,52],"class_list":{"0":"post-239","1":"product","2":"type-product","3":"status-publish","4":"has-post-thumbnail","6":"product_cat-smartlindring","7":"product_cat-somntabletter","8":"product_cat-viktminskning","9":"product_tag-bestalla-tramadol-200-mg-utan-recept","10":"product_tag-bestil-tramadol-200-mg-uden-recept","11":"product_tag-bestill-tramadol-200-mg-uten-resept","12":"product_tag-billig-tramadol-200-mg-utan-recept","13":"product_tag-kjop-tramadol-100-mg-uten-resept","14":"product_tag-kob-tramadol-100-mg-uden-recept","15":"product_tag-kop-tramadol-100-mg-utan-recept","16":"product_tag-kvalitet-tramadol-200-mg-uten-resept","18":"first","19":"instock","20":"shipping-taxable","21":"purchasable","22":"product-type-variable"},"aioseo_notices":[],"jetpack-related-posts":[{"id":386,"url":"https:\/\/amphetaminapotek.com\/index.php\/product\/tramadol-25mg-50mg-100mg-225mg\/","url_meta":{"origin":239,"position":0},"title":"K\u00f6p Tramadol 200mg och 50mg","author":"kris","date":"","format":false,"excerpt":"Tramadol \u00e4r en narkotisk-liknande sm\u00e4rtstillande medel. Tramadol anv\u00e4nds f\u00f6r att behandla m\u00e5ttlig till sv\u00e5r sm\u00e4rta hos vuxna. Tramadols f\u00f6rl\u00e4ngda fris\u00e4ttningsform \u00e4r f\u00f6r behandling av sm\u00e4rta dygnet runt. Tramadols f\u00f6rl\u00e4ngd fris\u00e4ttningsmedel \u00e4r inte avsedd f\u00f6r anv\u00e4ndning p\u00e5 grund av sm\u00e4rta.","rel":"","context":"Liknande inl\u00e4gg","block_context":{"text":"Liknande inl\u00e4gg","link":""},"img":{"alt_text":"K\u00f6p Tramadol 200mg och 50mg","src":"https:\/\/i0.wp.com\/amphetaminapotek.com\/wp-content\/uploads\/2023\/04\/Tramadol-FBMeme.png?resize=350%2C200&ssl=1","width":350,"height":200,"srcset":"https:\/\/i0.wp.com\/amphetaminapotek.com\/wp-content\/uploads\/2023\/04\/Tramadol-FBMeme.png?resize=350%2C200&ssl=1 1x, https:\/\/i0.wp.com\/amphetaminapotek.com\/wp-content\/uploads\/2023\/04\/Tramadol-FBMeme.png?resize=525%2C300&ssl=1 1.5x, https:\/\/i0.wp.com\/amphetaminapotek.com\/wp-content\/uploads\/2023\/04\/Tramadol-FBMeme.png?resize=700%2C400&ssl=1 2x"},"classes":[]},{"id":241,"url":"https:\/\/amphetaminapotek.com\/index.php\/product\/oxycontin-20mg30mg40-mg-80mg\/","url_meta":{"origin":239,"position":1},"title":"k\u00f6pa oxycontin online","author":"kris","date":"","format":false,"excerpt":"OxyContin (oxikodon) \u00e4r en opioid sm\u00e4rtstillande medicin kallas ibland narkotiska. OxyContin \u00e4r ett starkt receptbelagt l\u00e4kemedel som anv\u00e4nds n\u00e4r ett opioidmedicin beh\u00f6vs f\u00f6r att hantera allvarlig sm\u00e4rta nog att kr\u00e4va daglig dygnet runt, l\u00e5ngvarig behandling med opioid, n\u00e4r andra sm\u00e4rtbehandlingar som l\u00e4kemedel utan opioid sm\u00e4rta eller omedelbar fris\u00e4ttning Opioidl\u00e4kemedel behandlar\u2026","rel":"","context":"Liknande inl\u00e4gg","block_context":{"text":"Liknande inl\u00e4gg","link":""},"img":{"alt_text":"k\u00f6pa oxycontin online","src":"https:\/\/i0.wp.com\/amphetaminapotek.com\/wp-content\/uploads\/2023\/04\/Hydrocodone-768x1024-1.jpg?resize=350%2C200&ssl=1","width":350,"height":200,"srcset":"https:\/\/i0.wp.com\/amphetaminapotek.com\/wp-content\/uploads\/2023\/04\/Hydrocodone-768x1024-1.jpg?resize=350%2C200&ssl=1 1x, https:\/\/i0.wp.com\/amphetaminapotek.com\/wp-content\/uploads\/2023\/04\/Hydrocodone-768x1024-1.jpg?resize=525%2C300&ssl=1 1.5x, https:\/\/i0.wp.com\/amphetaminapotek.com\/wp-content\/uploads\/2023\/04\/Hydrocodone-768x1024-1.jpg?resize=700%2C400&ssl=1 2x"},"classes":[]},{"id":374,"url":"https:\/\/amphetaminapotek.com\/index.php\/product\/oxikodon-30mg-80mg\/","url_meta":{"origin":239,"position":2},"title":"k\u00f6pa oxycodon i sverige","author":"kris","date":"","format":false,"excerpt":"Oxykodon \u00e4r en opioid sm\u00e4rtstillande medicin kallas ibland narkotiska. Oxykodon anv\u00e4nds f\u00f6r att behandla m\u00e5ttlig till sv\u00e5r sm\u00e4rta.","rel":"","context":"Liknande inl\u00e4gg","block_context":{"text":"Liknande inl\u00e4gg","link":""},"img":{"alt_text":"k\u00f6pa oxycodon i sverige","src":"https:\/\/i0.wp.com\/amphetaminapotek.com\/wp-content\/uploads\/2023\/04\/NORDICAPOTEK-OX.jpg?resize=350%2C200&ssl=1","width":350,"height":200,"srcset":"https:\/\/i0.wp.com\/amphetaminapotek.com\/wp-content\/uploads\/2023\/04\/NORDICAPOTEK-OX.jpg?resize=350%2C200&ssl=1 1x, https:\/\/i0.wp.com\/amphetaminapotek.com\/wp-content\/uploads\/2023\/04\/NORDICAPOTEK-OX.jpg?resize=525%2C300&ssl=1 1.5x, https:\/\/i0.wp.com\/amphetaminapotek.com\/wp-content\/uploads\/2023\/04\/NORDICAPOTEK-OX.jpg?resize=700%2C400&ssl=1 2x"},"classes":[]},{"id":373,"url":"https:\/\/amphetaminapotek.com\/index.php\/product\/morfin-15mg30mg60mg\/","url_meta":{"origin":239,"position":3},"title":"k\u00f6pa morfin 30 mg i sverige utan recept","author":"kris","date":"","format":false,"excerpt":"Morfin \u00e4r en opioidmedicinering. En opioid kallas ibland narkotisk. Morfin anv\u00e4nds f\u00f6r att behandla m\u00e5ttlig till sv\u00e5r sm\u00e4rta. Kortverkande formuleringar tas som beh\u00f6vs f\u00f6r sm\u00e4rta. Morfins f\u00f6rl\u00e4ngda fris\u00e4ttningsform \u00e4r f\u00f6r behandling av sm\u00e4rta dygnet runt. Denna form av morfin \u00e4r inte avsedd f\u00f6r anv\u00e4ndning p\u00e5 grund av sm\u00e4rta.","rel":"","context":"Liknande inl\u00e4gg","block_context":{"text":"Liknande inl\u00e4gg","link":""},"img":{"alt_text":"k\u00f6pa morfin 30 mg i sverige utan recept","src":"https:\/\/i0.wp.com\/amphetaminapotek.com\/wp-content\/uploads\/2023\/04\/tumblr_oxb6sjY6jF1slq6nuo1_500.jpg?resize=350%2C200&ssl=1","width":350,"height":200},"classes":[]},{"id":245,"url":"https:\/\/amphetaminapotek.com\/index.php\/product\/metadon-online-20mg40-mg\/","url_meta":{"origin":239,"position":4},"title":"best\u00e4lla metadon utan recept","author":"kris","date":"","format":false,"excerpt":"Metadon \u00e4r en opioidmedicin. En opioid kallas ibland narkotisk. Metadon minskar abstinenssymptom hos personer som \u00e4r beroende av heroin eller andra narkotiska droger utan att orsaka \"h\u00f6ga\" associerade med narkotikamissbruk. Metadon anv\u00e4nds som sm\u00e4rtstillande medel och som del av avgiftnings- och underh\u00e5llsprogram f\u00f6r narkotikamissbruk. Den \u00e4r endast tillg\u00e4nglig fr\u00e5n ett\u2026","rel":"","context":"Liknande inl\u00e4gg","block_context":{"text":"Liknande inl\u00e4gg","link":""},"img":{"alt_text":"","src":"https:\/\/i0.wp.com\/amphetaminapotek.com\/wp-content\/uploads\/2023\/04\/methadone.jpg?resize=350%2C200&ssl=1","width":350,"height":200,"srcset":"https:\/\/i0.wp.com\/amphetaminapotek.com\/wp-content\/uploads\/2023\/04\/methadone.jpg?resize=350%2C200&ssl=1 1x, https:\/\/i0.wp.com\/amphetaminapotek.com\/wp-content\/uploads\/2023\/04\/methadone.jpg?resize=525%2C300&ssl=1 1.5x"},"classes":[]},{"id":246,"url":"https:\/\/amphetaminapotek.com\/index.php\/product\/fentanyl\/","url_meta":{"origin":239,"position":5},"title":"k\u00f6p Fentanyl i sverige utan recept","author":"kris","date":"","format":false,"excerpt":"Fentanyl \u00e4r en opioid sm\u00e4rtstillande medicin, ibland kallad narkotisk. Fentanylpl\u00e5ster \u00e4r ett starkt receptbelagt l\u00e4kemedel. Pl\u00e5sterna anv\u00e4nds f\u00f6r att behandla m\u00e5ttlig till sv\u00e5r kronisk sm\u00e4rta dygnet runt. Fentanylpl\u00e5ster anv\u00e4nds n\u00e4r andra sm\u00e4rtbehandlingar som l\u00e4kemedel utan opioid sm\u00e4rta eller opioidl\u00e4kemedel med omedelbar fris\u00e4ttning inte behandlar din sm\u00e4rta tillr\u00e4ckligt bra eller du\u2026","rel":"","context":"Liknande inl\u00e4gg","block_context":{"text":"Liknande inl\u00e4gg","link":""},"img":{"alt_text":"k\u00f6p Fentanyl i sverige utan recept","src":"https:\/\/i0.wp.com\/amphetaminapotek.com\/wp-content\/uploads\/2023\/04\/en.jpg?resize=350%2C200&ssl=1","width":350,"height":200,"srcset":"https:\/\/i0.wp.com\/amphetaminapotek.com\/wp-content\/uploads\/2023\/04\/en.jpg?resize=350%2C200&ssl=1 1x, https:\/\/i0.wp.com\/amphetaminapotek.com\/wp-content\/uploads\/2023\/04\/en.jpg?resize=525%2C300&ssl=1 1.5x, https:\/\/i0.wp.com\/amphetaminapotek.com\/wp-content\/uploads\/2023\/04\/en.jpg?resize=700%2C400&ssl=1 2x"},"classes":[]}],"jetpack_sharing_enabled":true,"_links":{"self":[{"href":"https:\/\/amphetaminapotek.com\/index.php\/wp-json\/wp\/v2\/product\/239","targetHints":{"allow":["GET"]}}],"collection":[{"href":"https:\/\/amphetaminapotek.com\/index.php\/wp-json\/wp\/v2\/product"}],"about":[{"href":"https:\/\/amphetaminapotek.com\/index.php\/wp-json\/wp\/v2\/types\/product"}],"replies":[{"embeddable":true,"href":"https:\/\/amphetaminapotek.com\/index.php\/wp-json\/wp\/v2\/comments?post=239"}],"wp:featuredmedia":[{"embeddable":true,"href":"https:\/\/amphetaminapotek.com\/index.php\/wp-json\/wp\/v2\/media\/269"}],"wp:attachment":[{"href":"https:\/\/amphetaminapotek.com\/index.php\/wp-json\/wp\/v2\/media?parent=239"}],"wp:term":[{"taxonomy":"product_brand","embeddable":true,"href":"https:\/\/amphetaminapotek.com\/index.php\/wp-json\/wp\/v2\/product_brand?post=239"},{"taxonomy":"product_cat","embeddable":true,"href":"https:\/\/amphetaminapotek.com\/index.php\/wp-json\/wp\/v2\/product_cat?post=239"},{"taxonomy":"product_tag","embeddable":true,"href":"https:\/\/amphetaminapotek.com\/index.php\/wp-json\/wp\/v2\/product_tag?post=239"}],"curies":[{"name":"wp","href":"https:\/\/api.w.org\/{rel}","templated":true}]}}