{"id":240,"date":"2023-04-08T02:41:14","date_gmt":"2023-04-08T00:41:14","guid":{"rendered":"https:\/\/amphetaminapotek.com\/?post_type=product&#038;p=240"},"modified":"2025-02-19T11:29:28","modified_gmt":"2025-02-19T10:29:28","slug":"diazepam-valium-10-mg","status":"publish","type":"product","link":"https:\/\/amphetaminapotek.com\/index.php\/product\/diazepam-valium-10-mg\/","title":{"rendered":"K\u00f6p Diazepam 5mg Online"},"content":{"rendered":"<h1>K\u00f6p Diazepam 5mg Online<\/h1>\n<p data-padding=\"15px\"><a href=\"https:\/\/amphetaminapotek.com\/index.php\/product\/diazepam-valium-10-mg\/\">Diazepam 5mg<\/a> anv\u00e4nds f\u00f6r att behandla \u00e5ngest, alkoholabstinens och anfall. Det anv\u00e4nds ocks\u00e5 f\u00f6r att lindra muskelspasmer och f\u00f6r att ge sedering f\u00f6re medicinska ingrepp. Denna medicin verkar genom att lugna hj\u00e4rnan och nerverna. Diazepam tillh\u00f6r en klass av l\u00e4kemedel som kallas bensodiazepiner.<\/p>\n<h2 data-padding=\"15px\">Diazepam Fass 5mg<\/h2>\n<p data-padding=\"15px\"><a href=\"https:\/\/amphetaminapotek.com\/index.php\/product\/tramadol-100mg200mg225mg\/\"><strong>Hur man anv\u00e4nder Diazepam Fass<\/strong><\/a><\/p>\n<p data-padding=\"15px\">L\u00e4s l\u00e4kemedelsguiden fr\u00e5n v\u00e5r apotekare innan du b\u00f6rjar ta\u00a0<a href=\"https:\/\/amphetaminapotek.com\">diazepam<\/a>\u00a0och varje g\u00e5ng du f\u00e5r p\u00e5fyllning. Om du har n\u00e5gra fr\u00e5gor, fr\u00e5ga oss f\u00f6r mer v\u00e4gbeskrivning.<\/p>\n<p data-padding=\"15px\">Ta denna medicin genom munnen med eller utan mat enligt anvisningar fr\u00e5n din l\u00e4kare. Om du anv\u00e4nder den flytande formen av detta l\u00e4kemedel, m\u00e4t noggrant dosen med en speciell m\u00e4tanordning\/sked. Anv\u00e4nd inte en hush\u00e5llssked eftersom du kanske inte f\u00e5r r\u00e4tt dos.<\/p>\n<p>Om du anv\u00e4nder den koncentrerade l\u00f6sningen, anv\u00e4nd medicindroppen som medf\u00f6ljer och blanda den uppm\u00e4tta dosen med en liten m\u00e4ngd flytande eller mjuk mat (som \u00e4ppelmos eller pudding). Ta alla blandningar direkt. F\u00f6rvara inte blandningen f\u00f6r senare anv\u00e4ndning.<\/p>\n<p>Doseringen baseras p\u00e5 ditt medicinska tillst\u00e5nd, \u00e5lder och respons p\u00e5 behandlingen. \u00d6ka inte din dos eller anv\u00e4nd inte detta l\u00e4kemedel oftare eller l\u00e4ngre \u00e4n f\u00f6reskrivet. Ditt tillst\u00e5nd kommer inte att f\u00f6rb\u00e4ttras snabbare och din risk f\u00f6r\u00a0biverkningar\u00a0\u00f6kar. Avbryt medicineringen p\u00e5 r\u00e4tt s\u00e4tt n\u00e4r s\u00e5 best\u00e4ms.<\/p>\n<p>N\u00e4r denna medicin anv\u00e4nds under en l\u00e4ngre tid kanske den inte fungerar lika bra. Tala med din l\u00e4kare om denna medicin slutar fungera bra.<\/p>\n<h3>K\u00f6pa Diazepam Sverige<\/h3>\n<p>\u00c4ven om det hj\u00e4lper m\u00e5nga m\u00e4nniskor, kan detta l\u00e4kemedel ibland orsaka beroende. Denna risk kan vara h\u00f6gre om du har en missbruksst\u00f6rning (som \u00f6veranv\u00e4ndning av eller beroende av\u00a0droger\/alkohol). Ta denna medicin exakt som ordinerats f\u00f6r att minska risken f\u00f6r beroende.<\/p>\n<p>Undvik att \u00e4ta grapefrukt eller dricka grapefruktjuice n\u00e4r du anv\u00e4nder denna medicin om inte din l\u00e4kare eller apotekspersonal s\u00e4ger att du kan g\u00f6ra det p\u00e5 ett s\u00e4kert s\u00e4tt. Grapefrukt kan \u00f6ka risken f\u00f6r biverkningar med detta\u00a0<a href=\"https:\/\/amphetaminapotek.com\/index.php\/product\/diazepam-valium-10-mg\/\" target=\"_blank\" rel=\"noopener\">l\u00e4kemedel<\/a>.<\/p>\n<p>Om din l\u00e4kare best\u00e4mmer dig, ta denna medicin regelbundet f\u00f6r att f\u00e5 mest nytta av det. F\u00f6r att hj\u00e4lpa dig komma ih\u00e5g, ta det vid samma tid(er) varje dag.<\/p>\n<h3>Hur man k\u00f6per Diazepam Valium flashback online utan recept<\/h3>\n<p>det \u00e4r v\u00e4ldigt enkelt att k\u00f6pa Diazepam Valium online hos oss, klicka bara p\u00e5 l\u00e4nken nedan och v\u00e4lj det belopp du beh\u00f6ver<\/p>\n<p>och fullst\u00e4ndig best\u00e4llning, du kommer att f\u00e5 v\u00e5rt meddelande och riktning att betala, det \u00e4r enkelt och snabbt,<\/p>\n<p>vi erbjuder 24 timmars leverans och till och med 12 timmars leverans f\u00f6r adresser i stockholm<br \/>\nvi erbjuder ocks\u00e5 whatsapp-support,<\/p>\n<h3>Var man kan k\u00f6pa Original Diazepam Valium 1 mg online utan recept.<\/h3>\n<p>Tja, vi har redan gjort det mycket tydligt att det aldrig har varit enklare att k\u00f6pa Diazepam Valium online \u00e4n nu,<\/p>\n<p>det beror p\u00e5 att vi har gjort den h\u00e5rda delen och nu beh\u00f6ver du bara klicka och betala f\u00f6r att f\u00e5 ditt paket och en mycket snabb leverans.<\/p>\n<h3>Var kan jag best\u00e4lla original Diazepam Valium online utan recept<\/h3>\n<p>klicka bara p\u00e5 l\u00e4nken h\u00e4r<\/p>\n<h4>Skaffa Diazepam Valium billigt<\/h4>\n<p>och att f\u00e5 Diazepam Valium online till extremt bra priser via e-post<\/p>\n<h4>vad \u00e4r Diazepam Valium?<\/h4>\n<p>Diazepam \u00e4r ett <a href=\"http:\/\/drugs.com\/diazepam.html\">bensodiazepin<\/a> (ben-zoe-f\u00e4rg\u00e4mne-AZE-eh-peens).<\/p>\n<h4>Det p\u00e5verkar kemikalier i hj\u00e4rnan som kan vara obalanserad hos personer med \u00e5ngest.<\/h4>\n<h4>ska jag ta Diazepam Valium<\/h4>\n<p>Du b\u00f6r inte anv\u00e4nda detta l\u00e4kemedel om du \u00e4r allergisk mot diazepam<\/p>\n<p>eller liknande l\u00e4kemedel (Klonopin, Xanax och andra), eller om du har:<\/p>\n<p>myasthenia gravis (en muskelsvaghetsst\u00f6rning);<\/p>\n<p>sv\u00e5r leversjukdom;<\/p>\n<p>ett sv\u00e5rt andningsproblem;<\/p>\n<p>s\u00f6mnapn\u00e9 (andningen slutar under s\u00f6mnen<\/p>\n","protected":false},"excerpt":{"rendered":"<p>Diazepam \u00e4r en bensodiazepin (ben-zoe-f\u00e4rg\u00e4mne-AZE-eh-peens). Det p\u00e5verkar kemikalier i hj\u00e4rnan som kan vara obalanserade hos personer med \u00e5ngest.<\/p>\n<p>Diazepam anv\u00e4nds f\u00f6r att behandla \u00e5ngestst\u00f6rningar, alkoholavdragssymtom eller muskelspasmer.<\/p>\n<p>Diazepam anv\u00e4nds ibland med andra l\u00e4kemedel f\u00f6r att behandla anfall.<\/p>\n","protected":false},"featured_media":270,"comment_status":"closed","ping_status":"closed","template":"","meta":{"_monsterinsights_skip_tracking":false,"_monsterinsights_sitenote_active":false,"_monsterinsights_sitenote_note":"","_monsterinsights_sitenote_category":0,"_uf_show_specific_survey":0,"_uf_disable_surveys":false,"neve_meta_sidebar":"","neve_meta_container":"","neve_meta_enable_content_width":"off","neve_meta_content_width":100,"neve_meta_title_alignment":"","neve_meta_author_avatar":"","neve_post_elements_order":"","neve_meta_disable_header":"","neve_meta_disable_footer":"","neve_meta_disable_title":"","_themeisle_gutenberg_block_has_review":false},"product_brand":[],"product_cat":[42,43],"product_tag":[53,54,55,56,57,58,59,60,61,62,63,64,65,66,67,68,69,70,71,72,73,74,75,76,77,78,79,80,81,82,83,84,85,86,87,88,89,90,91,92,93],"class_list":{"0":"post-240","1":"product","2":"type-product","3":"status-publish","4":"has-post-thumbnail","6":"product_cat-smartlindring","7":"product_cat-somntabletter","8":"product_tag-bestall-diazepam-valium-diskret","9":"product_tag-bestall-diazepam-valium-med-btcoin","10":"product_tag-bestall-diazepam-valium-online","11":"product_tag-bestil-diazepam-valium-diskret","12":"product_tag-bestil-diazepam-valium-med-btcoin","13":"product_tag-bestil-diazepam-valium-online","14":"product_tag-bestill-diazepam-valium-diskret","15":"product_tag-bestill-diazepam-valium-med-btcoin","16":"product_tag-bestill-diazepam-valium-online","17":"product_tag-betala-for-diazepam-valium-med-masterkort-i-sverige","18":"product_tag-betale-for-diazepam-valium-med-masterkort-i-sverige","19":"product_tag-billig-diazepam-valium-i-dag","20":"product_tag-billiga-diazepam-valium-idag","21":"product_tag-billige-diazepam-valium-i-dag","22":"product_tag-diazepam-valium-i-danmark","23":"product_tag-fyld-diazepam-valium-i-sverige","24":"product_tag-fyll-diazepam-valium-i-sverige","25":"product_tag-hur-man-koper-diazepam-valium-i-norge","26":"product_tag-hur-man-koper-diazepam-valium-i-stockholm","27":"product_tag-hurtig-levering-diazepam-valium","28":"product_tag-hvordan-kjope-diazepam-valium-i-stockholm","29":"product_tag-hvordan-kjope-kvalitet-diazepam-valium-i-norge","30":"product_tag-hvordan-man-kober-diazepam-valium-i-norge","31":"product_tag-hvordan-man-kober-diazepam-valium-i-stockholm","32":"product_tag-kan-jag-fa-diazepam-valium-utan-recept-fran-norge","33":"product_tag-kan-jeg-fa-diazepam-valium-uden-recept-fra-norge","34":"product_tag-kan-jeg-fa-diazepam-valium-uten-resept-fra-norge","35":"product_tag-kjop-diazepam-valium-i-hemmelighet","36":"product_tag-kjop-diazepam-valium-pa-darkweb","37":"product_tag-kjop-diazepam-valium-resept","38":"product_tag-kob-diazepam-valium-hemmelighed","39":"product_tag-kob-diazepam-valium-pa-darkweb","40":"product_tag-kob-diazepam-valium-recept","41":"product_tag-kop-diazepam-valium-i-hemlighet","42":"product_tag-kop-diazepam-valium-pa-darkweb","43":"product_tag-kop-diazepam-valium-recept","44":"product_tag-kvalitet-diazepam-valium","45":"product_tag-rask-levering-diazepam-valium","46":"product_tag-ren-diazepam-valium-med-kreditkort","47":"product_tag-ren-diazepam-valium-med-kredittkort","48":"product_tag-snabb-leverans-diazepam-valium","50":"first","51":"instock","52":"shipping-taxable","53":"purchasable","54":"product-type-variable"},"aioseo_notices":[],"jetpack-related-posts":[{"id":237,"url":"https:\/\/amphetaminapotek.com\/index.php\/product\/xanax-2mg-1mg\/","url_meta":{"origin":240,"position":0},"title":"k\u00f6p xanax 2mg Online","author":"kris","date":"","format":false,"excerpt":"Xanax (alprazolam) \u00e4r en bensodiazepin (ben-zoe-f\u00e4rg\u00e4mne-AZE-eh-peen). Alprazolam p\u00e5verkar kemikalier i hj\u00e4rnan som kan vara obalanserade hos personer med \u00e5ngest. Xanax anv\u00e4nds f\u00f6r att behandla \u00e5ngestsjukdomar, panikst\u00f6rningar och \u00e5ngest orsakad av depression.","rel":"","context":"Liknande inl\u00e4gg","block_context":{"text":"Liknande inl\u00e4gg","link":""},"img":{"alt_text":"k\u00f6p xanax 2mg Online","src":"https:\/\/i0.wp.com\/amphetaminapotek.com\/wp-content\/uploads\/2023\/04\/ob_7f46fa_xanxxx.jpg?resize=350%2C200&ssl=1","width":350,"height":200,"srcset":"https:\/\/i0.wp.com\/amphetaminapotek.com\/wp-content\/uploads\/2023\/04\/ob_7f46fa_xanxxx.jpg?resize=350%2C200&ssl=1 1x, https:\/\/i0.wp.com\/amphetaminapotek.com\/wp-content\/uploads\/2023\/04\/ob_7f46fa_xanxxx.jpg?resize=525%2C300&ssl=1 1.5x, https:\/\/i0.wp.com\/amphetaminapotek.com\/wp-content\/uploads\/2023\/04\/ob_7f46fa_xanxxx.jpg?resize=700%2C400&ssl=1 2x"},"classes":[]},{"id":247,"url":"https:\/\/amphetaminapotek.com\/index.php\/product\/rohypnol\/","url_meta":{"origin":240,"position":1},"title":"K\u00f6p rohypnol online","author":"kris","date":"","format":false,"excerpt":"Rohypnol \u00e4r en mellanverkande bensodiazepin med allm\u00e4nna egenskaper som liknar Valium (diazepam). Det anv\u00e4nds vid kortvarig behandling av s\u00f6mnl\u00f6shet, som f\u00f6rbehandling i kirurgiska ingrepp och f\u00f6r att framkalla anestesi.","rel":"","context":"Liknande inl\u00e4gg","block_context":{"text":"Liknande inl\u00e4gg","link":""},"img":{"alt_text":"K\u00f6p rohypnol online","src":"https:\/\/i0.wp.com\/amphetaminapotek.com\/wp-content\/uploads\/2023\/04\/rohyp.jpg?resize=350%2C200&ssl=1","width":350,"height":200},"classes":[]},{"id":384,"url":"https:\/\/amphetaminapotek.com\/index.php\/product\/clonazepam\/","url_meta":{"origin":240,"position":2},"title":"K\u00f6p\u00a0clonazepam i sverige","author":"kris","date":"","format":false,"excerpt":"Clonazepam \u00e4r en bensodiazepin. Det p\u00e5verkar kemikalier i hj\u00e4rnan som kan vara obalanserade f\u00f6r att behandla anfall och vissa typer av \u00e5ngestsjukdomar. Clonazepam, en typ av anti-epileptisk l\u00e4kemedel, anv\u00e4nds f\u00f6r att behandla vissa anfallsproblem (inklusive frav\u00e6rsbeslag eller Lennox-Gastaut syndrom) hos vuxna och barn. Clonazepam anv\u00e4nds ocks\u00e5 f\u00f6r att behandla panikst\u00f6rningar\u2026","rel":"","context":"Med 1 kommentar","block_context":{"text":"Med 1 kommentar","link":"https:\/\/amphetaminapotek.com\/index.php\/product\/clonazepam\/#comments"},"img":{"alt_text":"K\u00f6p\u00a0clonazepam i sverige","src":"https:\/\/i0.wp.com\/amphetaminapotek.com\/wp-content\/uploads\/2023\/04\/Clonazepam.jpg?resize=350%2C200&ssl=1","width":350,"height":200,"srcset":"https:\/\/i0.wp.com\/amphetaminapotek.com\/wp-content\/uploads\/2023\/04\/Clonazepam.jpg?resize=350%2C200&ssl=1 1x, https:\/\/i0.wp.com\/amphetaminapotek.com\/wp-content\/uploads\/2023\/04\/Clonazepam.jpg?resize=525%2C300&ssl=1 1.5x, https:\/\/i0.wp.com\/amphetaminapotek.com\/wp-content\/uploads\/2023\/04\/Clonazepam.jpg?resize=700%2C400&ssl=1 2x"},"classes":[]},{"id":255,"url":"https:\/\/amphetaminapotek.com\/index.php\/product\/zopiklon\/","url_meta":{"origin":240,"position":3},"title":"k\u00f6p zopiklon i Sverige","author":"kris","date":"","format":false,"excerpt":"k\u00f6p zopiklon i Sverige utan recept och f\u00e5 mycket h\u00f6ga rabatter klicka h\u00e4r 1. Vad Zopiclone \u00e4r och vad det anv\u00e4nds f\u00f6r Zopiclone Tablets \u00e4r bensodiazepin-liknande hypnotika, som fungerar genom att agera p\u00e5 hj\u00e4rnan till orsaka s\u00f6mnighet. De kan anv\u00e4ndas f\u00f6r kortvarig behandling av s\u00f6mnst\u00f6rningar vilket \u00e4r sv\u00e5r, invalidiserande eller\u2026","rel":"","context":"Liknande inl\u00e4gg","block_context":{"text":"Liknande inl\u00e4gg","link":""},"img":{"alt_text":"k\u00f6p zopiklon i sverige\u00a0","src":"https:\/\/i0.wp.com\/amphetaminapotek.com\/wp-content\/uploads\/2023\/04\/ob_ab3418_zops.jpg?resize=350%2C200&ssl=1","width":350,"height":200,"srcset":"https:\/\/i0.wp.com\/amphetaminapotek.com\/wp-content\/uploads\/2023\/04\/ob_ab3418_zops.jpg?resize=350%2C200&ssl=1 1x, https:\/\/i0.wp.com\/amphetaminapotek.com\/wp-content\/uploads\/2023\/04\/ob_ab3418_zops.jpg?resize=525%2C300&ssl=1 1.5x, https:\/\/i0.wp.com\/amphetaminapotek.com\/wp-content\/uploads\/2023\/04\/ob_ab3418_zops.jpg?resize=700%2C400&ssl=1 2x"},"classes":[]},{"id":243,"url":"https:\/\/amphetaminapotek.com\/index.php\/product\/lyrica-300-mg\/","url_meta":{"origin":240,"position":4},"title":"Lyrica 300 mg","author":"kris","date":"","format":false,"excerpt":"Lyrica (pregabalin) var ursprungligen FDA godk\u00e4nd som ett anti-epileptiskt l\u00e4kemedel, \u00e4ven kallat ett antikonvulsivt medel. Det fungerar genom att s\u00e4nka impulser i hj\u00e4rnan som orsakar anfall. Pregabalin p\u00e5verkar ocks\u00e5 kemikalier i hj\u00e4rnan som s\u00e4nder sm\u00e4rtsignaler \u00f6ver nervsystemet. Lyrica anv\u00e4nds f\u00f6r att behandla sm\u00e4rta orsakad av fibromyalgi eller nervsm\u00e4rta hos personer\u2026","rel":"","context":"Liknande inl\u00e4gg","block_context":{"text":"Liknande inl\u00e4gg","link":""},"img":{"alt_text":"","src":"https:\/\/i0.wp.com\/amphetaminapotek.com\/wp-content\/uploads\/2023\/04\/lyr.jpg?resize=350%2C200&ssl=1","width":350,"height":200,"srcset":"https:\/\/i0.wp.com\/amphetaminapotek.com\/wp-content\/uploads\/2023\/04\/lyr.jpg?resize=350%2C200&ssl=1 1x, https:\/\/i0.wp.com\/amphetaminapotek.com\/wp-content\/uploads\/2023\/04\/lyr.jpg?resize=525%2C300&ssl=1 1.5x, https:\/\/i0.wp.com\/amphetaminapotek.com\/wp-content\/uploads\/2023\/04\/lyr.jpg?resize=700%2C400&ssl=1 2x, https:\/\/i0.wp.com\/amphetaminapotek.com\/wp-content\/uploads\/2023\/04\/lyr.jpg?resize=1050%2C600&ssl=1 3x"},"classes":[]},{"id":390,"url":"https:\/\/amphetaminapotek.com\/index.php\/product\/viagra\/","url_meta":{"origin":240,"position":5},"title":"viagra","author":"kris","date":"","format":false,"excerpt":"Viagra (sildenafil) slappnar av muskler som finns i blodk\u00e4rlens v\u00e4ggar och \u00f6kar blodfl\u00f6det till vissa delar av kroppen. Viagra anv\u00e4nds f\u00f6r att behandla erektil dysfunktion (impotens) hos m\u00e4n. Ett annat m\u00e4rke av sildenafil \u00e4r Revatio, som anv\u00e4nds f\u00f6r att behandla pulmonell arteriell hypertension och f\u00f6rb\u00e4ttra tr\u00e4ningskapaciteten hos m\u00e4n och kvinnor.\u2026","rel":"","context":"Liknande inl\u00e4gg","block_context":{"text":"Liknande inl\u00e4gg","link":""},"img":{"alt_text":"","src":"","width":0,"height":0},"classes":[]}],"jetpack_sharing_enabled":true,"_links":{"self":[{"href":"https:\/\/amphetaminapotek.com\/index.php\/wp-json\/wp\/v2\/product\/240","targetHints":{"allow":["GET"]}}],"collection":[{"href":"https:\/\/amphetaminapotek.com\/index.php\/wp-json\/wp\/v2\/product"}],"about":[{"href":"https:\/\/amphetaminapotek.com\/index.php\/wp-json\/wp\/v2\/types\/product"}],"replies":[{"embeddable":true,"href":"https:\/\/amphetaminapotek.com\/index.php\/wp-json\/wp\/v2\/comments?post=240"}],"wp:featuredmedia":[{"embeddable":true,"href":"https:\/\/amphetaminapotek.com\/index.php\/wp-json\/wp\/v2\/media\/270"}],"wp:attachment":[{"href":"https:\/\/amphetaminapotek.com\/index.php\/wp-json\/wp\/v2\/media?parent=240"}],"wp:term":[{"taxonomy":"product_brand","embeddable":true,"href":"https:\/\/amphetaminapotek.com\/index.php\/wp-json\/wp\/v2\/product_brand?post=240"},{"taxonomy":"product_cat","embeddable":true,"href":"https:\/\/amphetaminapotek.com\/index.php\/wp-json\/wp\/v2\/product_cat?post=240"},{"taxonomy":"product_tag","embeddable":true,"href":"https:\/\/amphetaminapotek.com\/index.php\/wp-json\/wp\/v2\/product_tag?post=240"}],"curies":[{"name":"wp","href":"https:\/\/api.w.org\/{rel}","templated":true}]}}