{"id":241,"date":"2023-04-08T02:41:14","date_gmt":"2023-04-08T00:41:14","guid":{"rendered":"https:\/\/amphetaminapotek.com\/?post_type=product&#038;p=241"},"modified":"2024-12-21T02:14:43","modified_gmt":"2024-12-21T01:14:43","slug":"oxycontin-20mg30mg40-mg-80mg","status":"publish","type":"product","link":"https:\/\/amphetaminapotek.com\/index.php\/product\/oxycontin-20mg30mg40-mg-80mg\/","title":{"rendered":"k\u00f6pa oxycontin online"},"content":{"rendered":"<h1>K\u00f6pa Oxycontin 80 mg Online | K\u00f6p Oxycontin I Sverige | Oxycontin Sverige<\/h1>\n<p data-padding=\"10px\">Denna medicin(<a href=\"https:\/\/amphetaminapotek.com\/index.php\/product\/oxycontin-20mg30mg40-mg-80mg\/\">Oxycontin 80 mg<\/a>) anv\u00e4nds f\u00f6r att lindra sv\u00e5r p\u00e5g\u00e5ende sm\u00e4rta (som p\u00e5 grund av cancer). Oxykodon tillh\u00f6r en klass av l\u00e4kemedel som kallas opioid analgetika. Det arbetar i hj\u00e4rnan f\u00f6r att f\u00f6r\u00e4ndra hur din kropp m\u00e5r och reagerar p\u00e5 sm\u00e4rta. De h\u00f6gre styrkorna av detta l\u00e4kemedel (mer \u00e4n 40 milligram per tablett) b\u00f6r endast anv\u00e4ndas om du regelbundet har tagit m\u00e5ttliga till stora m\u00e4ngder av en opioid sm\u00e4rtstillande medicin. Dessa styrkor kan orsaka \u00f6verdosering (\u00e4ven d\u00f6dsfall) om de tas av en person som inte har tagit opioider regelbundet.<\/p>\n<h2>K\u00f6p Oxycontin 10 mg Online Utan Recept<\/h2>\n<p><strong>Hur man anv\u00e4nder Oxycontin<\/strong><\/p>\n<div>Ta denna medicin(Oxycontin 10 mg) p\u00e5 ett regelbundet schema enligt anvisningar fr\u00e5n din l\u00e4kare, inte som beh\u00f6vs f\u00f6r pl\u00f6tslig (genombrotts) sm\u00e4rta. Ta detta l\u00e4kemedel med eller utan mat, vanligtvis var 12:e timme. Om du har illam\u00e5ende kan det hj\u00e4lpa att ta detta l\u00e4kemedel med mat. Fr\u00e5ga din l\u00e4kare eller apotekspersonal om andra s\u00e4tt att minska illam\u00e5endet (som att ligga ner i 1 till 2 timmar med s\u00e5 lite huvudr\u00f6relser som m\u00f6jligt). Om illam\u00e5endet kvarst\u00e5r, kontakta din l\u00e4kare.<\/div>\n<div><\/div>\n<div>Sv\u00e4lj tabletterna hela. Ta inte s\u00f6nder, krossa, tugga eller l\u00f6s upp tabletterna. Om du g\u00f6r det kan hela l\u00e4kemedlet sl\u00e4ppas p\u00e5 en g\u00e5ng, vilket \u00f6kar risken f\u00f6r \u00f6verdosering av\u00a0<a href=\"https:\/\/amphetaminapotek.com\">oxikodon<\/a>.<\/div>\n<div><\/div>\n<div>F\u00f6r att minska risken f\u00f6r kv\u00e4vning eller problem med att sv\u00e4lja tabletten, ta endast en\u00a0tablett\u00a0i taget om din dos \u00e4r f\u00f6r mer \u00e4n en tablett. Bl\u00f6tl\u00e4gg inte, slicka eller bl\u00f6t inte tabletten innan du placerar den i munnen. Se till att dricka tillr\u00e4ckligt med vatten med varje tablett f\u00f6r att sv\u00e4lja den helt.<\/div>\n<div><\/div>\n<div>Undvik att \u00e4ta grapefrukt eller dricka grapefruktjuice n\u00e4r du anv\u00e4nder denna medicin om inte din l\u00e4kare eller apotekspersonal s\u00e4ger att du kan g\u00f6ra det p\u00e5 ett s\u00e4kert s\u00e4tt. Grapefrukt kan \u00f6ka risken f\u00f6r biverkningar med detta l\u00e4kemedel.<\/div>\n<div><\/div>\n<div>Doseringen baseras p\u00e5 ditt medicinska tillst\u00e5nd och svar p\u00e5 behandlingen. \u00d6ka inte din\u00a0<a href=\"http:\/\/fass.se\/\" target=\"_blank\" rel=\"noopener\">dos<\/a>, ta medicinen oftare eller ta den under en l\u00e4ngre tid \u00e4n vad som f\u00f6reskrivs. Avbryt medicineringen p\u00e5 r\u00e4tt s\u00e4tt n\u00e4r s\u00e5 best\u00e4ms.<\/div>\n<div><\/div>\n<div>Innan du b\u00f6rjar ta detta l\u00e4kemedel, fr\u00e5ga din l\u00e4kare eller apotekspersonal om du ska sluta eller \u00e4ndra hur du anv\u00e4nder dina andra opioid l\u00e4kemedel. Andra sm\u00e4rtstillande medel (som acetaminophen, ibuprofen) kan ocks\u00e5 f\u00f6rskrivas.<\/div>\n<div><\/div>\n<div>Att pl\u00f6tsligt sluta med denna medicin kan orsaka abstinens, s\u00e4rskilt om du har anv\u00e4nt den under l\u00e5ng tid eller i h\u00f6ga doser. F\u00f6r att f\u00f6rhindra abstinens kan din l\u00e4kare s\u00e4nka din dos l\u00e5ngsamt. Tala omedelbart om f\u00f6r din l\u00e4kare eller apotekspersonal om du har n\u00e5gra abstinenssymtom som rastl\u00f6shet, mentala f\u00f6r\u00e4ndringar\/hum\u00f6rf\u00f6r\u00e4ndringar (inklusive \u00e5ngest, s\u00f6mnsv\u00e5righeter, sj\u00e4lvmordstankar), rinnande \u00f6gon, rinnande n\u00e4sa, illam\u00e5ende, diarr\u00e9, svettning, muskelv\u00e4rk eller pl\u00f6tslig f\u00f6r\u00e4ndringar i beteende.<\/div>\n<h3 class=\"css-a5m6co-text css-p8ym46-fontFamily css-11397xj-fontSize css-15qzf5r-display css-7bji7i-wordBreak\"><span class=\"\">Oxycontin Biverkningar<\/span><\/h3>\n<div>Illam\u00e5ende, kr\u00e4kningar, f\u00f6rstoppning, muntorrhet, svaghet, svettning, yrsel, yrsel eller d\u00e5sighet kan f\u00f6rekomma. Vissa av dessa biverkningar kan minska efter att du har anv\u00e4nt denna medicin ett tag. Om n\u00e5gon av dessa effekter kvarst\u00e5r eller f\u00f6rv\u00e4rras, ber\u00e4tta omedelbart f\u00f6r din l\u00e4kare eller apotekspersonal.<\/div>\n<div><\/div>\n<div>F\u00f6r att f\u00f6rhindra f\u00f6rstoppning, \u00e4t kostfiber, drick tillr\u00e4ckligt med vatten och tr\u00e4na. Du kan ocks\u00e5 beh\u00f6va ta ett laxermedel. Fr\u00e5ga din apotekspersonal vilken typ av laxermedel som \u00e4r r\u00e4tt f\u00f6r dig.<\/div>\n<div><\/div>\n<div>F\u00f6r att minska risken f\u00f6r yrsel och yrsel, res dig l\u00e5ngsamt n\u00e4r du reser dig fr\u00e5n sittande eller liggande l\u00e4ge.<\/div>\n<div><\/div>\n<div>Du kanske m\u00e4rker ett tomt tablettskal i din avf\u00f6ring. Detta \u00e4r ofarligt eftersom din kropp redan har absorberat l\u00e4kemedlet.<\/div>\n<h2>best\u00e4lla oxycontin 40mg \/K\u00f6p OxyContin depottablett<\/h2>\n<p>&nbsp;<\/p>\n<p>k\u00f6p oxycontin online, du undrar kanske var alla i sverige k\u00f6per oxycontin,<\/p>\n<p>vi har unders\u00f6kt de b\u00e4sta st\u00e4llena att k\u00f6pa oxycontin i sverige, klicka och ta reda p\u00e5<\/p>\n<h2>K\u00f6p billigt k\u00f6p oxycontin i sverige online utan recept<\/h2>\n<p>du kan k\u00f6pa oxycontin online i sverige till en mycket billig r\u00e4nta och f\u00e5 snabb leverans hem,<\/p>\n<p>genom \u00e5ren vi har studerat och f\u00f6ljt anv\u00e4ndare som framg\u00e5ngsrikt k\u00f6per oxycontin online utan recept.<\/p>\n<p>Vi ins\u00e5g att cirka 80% av dessa anv\u00e4ndare k\u00f6pte oxycontin online fr\u00e5n<\/p>\n<p>medan de andra 20% k\u00f6pte via e-postmeddelandet<\/p>\n<h3>Vad \u00e4r priset p\u00e5 oxycontin 40 mg online<\/h3>\n<p>Vi s\u00f6kte efter priser p\u00e5 oxycontin och ins\u00e5g att vi p\u00e5 tramadol apotek har de b\u00e4sta oxycontin<\/p>\n<p>priserna f\u00f6r onlinef\u00f6rs\u00e4ljning och vi har hittills den snabbaste leveransen f\u00f6r oxycontin s\u00e5 best\u00e4ll dina piller fr\u00e5n oss.<\/p>\n<h4>Hur man k\u00f6per oxycontin flashback online utan recept<\/h4>\n<p>det \u00e4r v\u00e4ldigt l\u00e4tt att k\u00f6pa oxycontin online hos oss,<\/p>\n<p>klicka bara p\u00e5 l\u00e4nken nedan och v\u00e4lj det belopp du beh\u00f6ver och fullst\u00e4ndig best\u00e4llning,<\/p>\n<p>du kommer att f\u00e5 v\u00e5rt meddelande och riktning att betala, det \u00e4r enkelt och snabbt,<\/p>\n<p>vi erbjuder 24 timmars leverans och till och med 12 timmars leverans f\u00f6r adresser i stockholm<br \/>\nvi erbjuder ocks\u00e5 whatsapp-support,<\/p>\n<h3>Var man kan k\u00f6pa Original oxycontin 10 mcg online utan recept.<\/h3>\n<p>Tja, vi har redan gjort det mycket tydligt att k\u00f6pa oxycontin online aldrig har varit enklare \u00e4n nu,<\/p>\n<p>det beror p\u00e5 att vi har gjort den h\u00e5rda delen och nu beh\u00f6ver du bara klicka<\/p>\n<p>och betala f\u00f6r att f\u00e5 ditt paket och en mycket snabb leverans.<\/p>\n<h3>Var kan jag best\u00e4lla original oxycontin online utan recept<\/h3>\n<p>klicka bara p\u00e5 l\u00e4nken h\u00e4r<\/p>\n<h4>Skaffa oxycontin billigt<\/h4>\n<p>och f\u00e5 oxycontin online till extremt bra priser via e-post<\/p>\n<h4>\u00e4r oxykontin ett sm\u00e4rtstillande medel?<\/h4>\n<p>OxyContin (oxykodon) \u00e4r en opioid sm\u00e4rta medicinering som ibland kallas en narkotisk.<\/p>\n<p>OxyContin \u00e4r ett starkt receptbelagda l\u00e4kemedel som anv\u00e4nds n\u00e4r ett opioid l\u00e4kemedel<\/p>\n<p>beh\u00f6vs f\u00f6r att hantera sv\u00e5r sm\u00e4rta tillr\u00e4ckligt f\u00f6r att kr\u00e4va dagligen dygnet runt,<\/p>\n<p>l\u00e5ngvarig behandling med en opioid, n\u00e4r andra sm\u00e4rtbehandlingar som icke-opioid sm\u00e4rtl\u00e4kemedel<\/p>\n<p>eller omedelbar fris\u00e4ttning opioidl\u00e4kemedel behandlar inte din sm\u00e4rta tillr\u00e4ckligt bra eller s\u00e5 kan du inte tolerera dem.<\/p>\n<h3>ska jag ta oxycontin f\u00f6r sm\u00e4rta<\/h3>\n<p>Du b\u00f6r inte anv\u00e4nda <a href=\"https:\/\/www.drugs.com\/oxycontin.html\">OxyContin<\/a> om du \u00e4r allergisk mot oxykodon eller om du har:<\/p>\n<p>sv\u00e5r astma eller andningsproblem; eller<\/p>\n<p>en blockering i magen eller tarmen.<\/p>\n<p>Du b\u00f6r inte anv\u00e4nda OxyContin om du inte redan anv\u00e4nder<\/p>\n<p>ett liknande opioidl\u00e4kemedel och \u00e4r tolerant mot det.<\/p>\n","protected":false},"excerpt":{"rendered":"<p>OxyContin (oxikodon) \u00e4r en opioid sm\u00e4rtstillande medicin kallas ibland narkotiska.<\/p>\n<p>OxyContin \u00e4r ett starkt receptbelagt l\u00e4kemedel som anv\u00e4nds n\u00e4r ett opioidmedicin beh\u00f6vs f\u00f6r att hantera allvarlig sm\u00e4rta nog att kr\u00e4va daglig dygnet runt, l\u00e5ngvarig behandling med opioid, n\u00e4r andra sm\u00e4rtbehandlingar som l\u00e4kemedel utan opioid sm\u00e4rta eller omedelbar fris\u00e4ttning Opioidl\u00e4kemedel behandlar inte din sm\u00e4rta tillr\u00e4ckligt bra eller du kan inte tolerera dem.<\/p>\n","protected":false},"featured_media":271,"comment_status":"closed","ping_status":"closed","template":"","meta":{"_monsterinsights_skip_tracking":false,"_monsterinsights_sitenote_active":false,"_monsterinsights_sitenote_note":"","_monsterinsights_sitenote_category":0,"_uf_show_specific_survey":0,"_uf_disable_surveys":false,"neve_meta_sidebar":"","neve_meta_container":"","neve_meta_enable_content_width":"off","neve_meta_content_width":100,"neve_meta_title_alignment":"","neve_meta_author_avatar":"","neve_post_elements_order":"","neve_meta_disable_header":"","neve_meta_disable_footer":"","neve_meta_disable_title":"","_themeisle_gutenberg_block_has_review":false},"product_brand":[],"product_cat":[21,42],"product_tag":[94,95,96,97,98,99,100],"class_list":{"0":"post-241","1":"product","2":"type-product","3":"status-publish","4":"has-post-thumbnail","6":"product_cat-antidepressiva-medel","7":"product_cat-smartlindring","8":"product_tag-bestalla-oxycontin-40-mg-utan-recept","9":"product_tag-bestil-oxycontin-40-mg-uden-recept","10":"product_tag-bestil-oxycontin-40-mg-uten-resept","11":"product_tag-kjop-oxycontin-40-mg-uten-resept","12":"product_tag-kob-oxycontin-40-mg-uden-recept","13":"product_tag-kopa-oxycontin-20mg","14":"product_tag-kopa-oxycontin-online-20mg","16":"first","17":"instock","18":"shipping-taxable","19":"purchasable","20":"product-type-variable"},"aioseo_notices":[],"jetpack-related-posts":[{"id":374,"url":"https:\/\/amphetaminapotek.com\/index.php\/product\/oxikodon-30mg-80mg\/","url_meta":{"origin":241,"position":0},"title":"k\u00f6pa oxycodon i sverige","author":"kris","date":"","format":false,"excerpt":"Oxykodon \u00e4r en opioid sm\u00e4rtstillande medicin kallas ibland narkotiska. Oxykodon anv\u00e4nds f\u00f6r att behandla m\u00e5ttlig till sv\u00e5r sm\u00e4rta.","rel":"","context":"Liknande inl\u00e4gg","block_context":{"text":"Liknande inl\u00e4gg","link":""},"img":{"alt_text":"k\u00f6pa oxycodon i sverige","src":"https:\/\/i0.wp.com\/amphetaminapotek.com\/wp-content\/uploads\/2023\/04\/NORDICAPOTEK-OX.jpg?resize=350%2C200&ssl=1","width":350,"height":200,"srcset":"https:\/\/i0.wp.com\/amphetaminapotek.com\/wp-content\/uploads\/2023\/04\/NORDICAPOTEK-OX.jpg?resize=350%2C200&ssl=1 1x, https:\/\/i0.wp.com\/amphetaminapotek.com\/wp-content\/uploads\/2023\/04\/NORDICAPOTEK-OX.jpg?resize=525%2C300&ssl=1 1.5x, https:\/\/i0.wp.com\/amphetaminapotek.com\/wp-content\/uploads\/2023\/04\/NORDICAPOTEK-OX.jpg?resize=700%2C400&ssl=1 2x"},"classes":[]},{"id":245,"url":"https:\/\/amphetaminapotek.com\/index.php\/product\/metadon-online-20mg40-mg\/","url_meta":{"origin":241,"position":1},"title":"best\u00e4lla metadon utan recept","author":"kris","date":"","format":false,"excerpt":"Metadon \u00e4r en opioidmedicin. En opioid kallas ibland narkotisk. Metadon minskar abstinenssymptom hos personer som \u00e4r beroende av heroin eller andra narkotiska droger utan att orsaka \"h\u00f6ga\" associerade med narkotikamissbruk. Metadon anv\u00e4nds som sm\u00e4rtstillande medel och som del av avgiftnings- och underh\u00e5llsprogram f\u00f6r narkotikamissbruk. Den \u00e4r endast tillg\u00e4nglig fr\u00e5n ett\u2026","rel":"","context":"Liknande inl\u00e4gg","block_context":{"text":"Liknande inl\u00e4gg","link":""},"img":{"alt_text":"","src":"https:\/\/i0.wp.com\/amphetaminapotek.com\/wp-content\/uploads\/2023\/04\/methadone.jpg?resize=350%2C200&ssl=1","width":350,"height":200,"srcset":"https:\/\/i0.wp.com\/amphetaminapotek.com\/wp-content\/uploads\/2023\/04\/methadone.jpg?resize=350%2C200&ssl=1 1x, https:\/\/i0.wp.com\/amphetaminapotek.com\/wp-content\/uploads\/2023\/04\/methadone.jpg?resize=525%2C300&ssl=1 1.5x"},"classes":[]},{"id":390,"url":"https:\/\/amphetaminapotek.com\/index.php\/product\/viagra\/","url_meta":{"origin":241,"position":2},"title":"viagra","author":"kris","date":"","format":false,"excerpt":"Viagra (sildenafil) slappnar av muskler som finns i blodk\u00e4rlens v\u00e4ggar och \u00f6kar blodfl\u00f6det till vissa delar av kroppen. Viagra anv\u00e4nds f\u00f6r att behandla erektil dysfunktion (impotens) hos m\u00e4n. Ett annat m\u00e4rke av sildenafil \u00e4r Revatio, som anv\u00e4nds f\u00f6r att behandla pulmonell arteriell hypertension och f\u00f6rb\u00e4ttra tr\u00e4ningskapaciteten hos m\u00e4n och kvinnor.\u2026","rel":"","context":"Liknande inl\u00e4gg","block_context":{"text":"Liknande inl\u00e4gg","link":""},"img":{"alt_text":"","src":"","width":0,"height":0},"classes":[]},{"id":393,"url":"https:\/\/amphetaminapotek.com\/index.php\/product\/citodon\/","url_meta":{"origin":241,"position":3},"title":"K\u00f6p Citodon 500 mg Online","author":"kris","date":"","format":false,"excerpt":"Citodon \u00e4r en m\u00e4rkesformel av codein och paracetamol, \u00e4ven k\u00e4nd som acetaminophen. Codeine \u00e4r i en grupp l\u00e4kemedel som kallas narkotiska sm\u00e4rtstillande medel. Paracetamol \u00e4r en mindre potent sm\u00e4rtstillande som \u00f6kar effekterna av kodin. De tv\u00e5 drogerna kombineras anv\u00e4nds f\u00f6r att lindra m\u00e5ttlig till sv\u00e5r sm\u00e4rta. \u00a0","rel":"","context":"Med 1 kommentar","block_context":{"text":"Med 1 kommentar","link":"https:\/\/amphetaminapotek.com\/index.php\/product\/citodon\/#comments"},"img":{"alt_text":"K\u00f6p Citodon 500 mg Online","src":"https:\/\/i0.wp.com\/amphetaminapotek.com\/wp-content\/uploads\/2023\/04\/citodon.jpg?resize=350%2C200&ssl=1","width":350,"height":200},"classes":[]},{"id":372,"url":"https:\/\/amphetaminapotek.com\/index.php\/product\/oxynorm-5mg10mg20mg\/","url_meta":{"origin":241,"position":4},"title":"K\u00f6p Oxynorm I Sverige","author":"kris","date":"","format":false,"excerpt":"OxyNorm 5, 10, 20 mg Bipacksedel: Information till anv\u00e4ndaren OxyNorm\u00ae 5 mg, 10 mg och 20 mg kapslar Oxykodonhydroklorid fr\u00e5n mundipharma","rel":"","context":"Liknande inl\u00e4gg","block_context":{"text":"Liknande inl\u00e4gg","link":""},"img":{"alt_text":"K\u00f6p Oxynorm I Sverige","src":"https:\/\/i0.wp.com\/amphetaminapotek.com\/wp-content\/uploads\/2023\/04\/narco-medic-oxy.jpg?resize=350%2C200&ssl=1","width":350,"height":200,"srcset":"https:\/\/i0.wp.com\/amphetaminapotek.com\/wp-content\/uploads\/2023\/04\/narco-medic-oxy.jpg?resize=350%2C200&ssl=1 1x, https:\/\/i0.wp.com\/amphetaminapotek.com\/wp-content\/uploads\/2023\/04\/narco-medic-oxy.jpg?resize=525%2C300&ssl=1 1.5x, https:\/\/i0.wp.com\/amphetaminapotek.com\/wp-content\/uploads\/2023\/04\/narco-medic-oxy.jpg?resize=700%2C400&ssl=1 2x, https:\/\/i0.wp.com\/amphetaminapotek.com\/wp-content\/uploads\/2023\/04\/narco-medic-oxy.jpg?resize=1050%2C600&ssl=1 3x, https:\/\/i0.wp.com\/amphetaminapotek.com\/wp-content\/uploads\/2023\/04\/narco-medic-oxy.jpg?resize=1400%2C800&ssl=1 4x"},"classes":[]},{"id":388,"url":"https:\/\/amphetaminapotek.com\/index.php\/product\/dolcontin\/","url_meta":{"origin":241,"position":5},"title":"K\u00f6p\u00a0 Dolcontin 100 mg i sverige online utan recept","author":"kris","date":"","format":false,"excerpt":"Dolcontin \u00e4r en opioid sm\u00e4rtstillande medicin. En opioid kallas ibland narkotisk. Dolcontin anv\u00e4nds f\u00f6r att behandla m\u00e5ttlig till sv\u00e5r sm\u00e4rta. Kortverkande Dolcontin tas vid behov f\u00f6r sm\u00e4rta. F\u00f6rdr\u00f6jd fris\u00e4ttningsform av detta l\u00e4kemedel \u00e4r f\u00f6r behandling av sm\u00e4rta dygnet runt. Denna form av Dolcontin \u00e4r inte till f\u00f6rfogande p\u00e5 grund av\u2026","rel":"","context":"Liknande inl\u00e4gg","block_context":{"text":"Liknande inl\u00e4gg","link":""},"img":{"alt_text":"","src":"https:\/\/i0.wp.com\/amphetaminapotek.com\/wp-content\/uploads\/2023\/04\/ob_c31437_dolcontin-100mg.jpg?resize=350%2C200&ssl=1","width":350,"height":200,"srcset":"https:\/\/i0.wp.com\/amphetaminapotek.com\/wp-content\/uploads\/2023\/04\/ob_c31437_dolcontin-100mg.jpg?resize=350%2C200&ssl=1 1x, https:\/\/i0.wp.com\/amphetaminapotek.com\/wp-content\/uploads\/2023\/04\/ob_c31437_dolcontin-100mg.jpg?resize=525%2C300&ssl=1 1.5x, https:\/\/i0.wp.com\/amphetaminapotek.com\/wp-content\/uploads\/2023\/04\/ob_c31437_dolcontin-100mg.jpg?resize=700%2C400&ssl=1 2x"},"classes":[]}],"jetpack_sharing_enabled":true,"_links":{"self":[{"href":"https:\/\/amphetaminapotek.com\/index.php\/wp-json\/wp\/v2\/product\/241","targetHints":{"allow":["GET"]}}],"collection":[{"href":"https:\/\/amphetaminapotek.com\/index.php\/wp-json\/wp\/v2\/product"}],"about":[{"href":"https:\/\/amphetaminapotek.com\/index.php\/wp-json\/wp\/v2\/types\/product"}],"replies":[{"embeddable":true,"href":"https:\/\/amphetaminapotek.com\/index.php\/wp-json\/wp\/v2\/comments?post=241"}],"wp:featuredmedia":[{"embeddable":true,"href":"https:\/\/amphetaminapotek.com\/index.php\/wp-json\/wp\/v2\/media\/271"}],"wp:attachment":[{"href":"https:\/\/amphetaminapotek.com\/index.php\/wp-json\/wp\/v2\/media?parent=241"}],"wp:term":[{"taxonomy":"product_brand","embeddable":true,"href":"https:\/\/amphetaminapotek.com\/index.php\/wp-json\/wp\/v2\/product_brand?post=241"},{"taxonomy":"product_cat","embeddable":true,"href":"https:\/\/amphetaminapotek.com\/index.php\/wp-json\/wp\/v2\/product_cat?post=241"},{"taxonomy":"product_tag","embeddable":true,"href":"https:\/\/amphetaminapotek.com\/index.php\/wp-json\/wp\/v2\/product_tag?post=241"}],"curies":[{"name":"wp","href":"https:\/\/api.w.org\/{rel}","templated":true}]}}