{"id":242,"date":"2023-04-08T02:41:14","date_gmt":"2023-04-08T00:41:14","guid":{"rendered":"https:\/\/amphetaminapotek.com\/?post_type=product&#038;p=242"},"modified":"2024-12-21T01:40:18","modified_gmt":"2024-12-21T00:40:18","slug":"subutex","status":"publish","type":"product","link":"https:\/\/amphetaminapotek.com\/index.php\/product\/subutex\/","title":{"rendered":"K\u00f6p Subutex 8mg I Sverige"},"content":{"rendered":"<ul>\n<li>\n<h1>K\u00f6p Subutex 8mg I Sverige Utan Recept<\/h1>\n<div class=\"css-a5m6co-text css-p8ym46-fontFamily css-11397xj-fontSize css-15qzf5r-display css-7bji7i-wordBreak\"><a href=\"https:\/\/amphetaminapotek.com\/index.php\/product\/subutex\/\">K\u00f6pa\u00a0<\/a><strong>Subutex 8mg\u00a0<\/strong>tablett \u00e4r en sublingual (placerad under tungan)\u00a0<a href=\"https:\/\/amphetaminapotek.com\/\">tablett<\/a>\u00a0som anv\u00e4nds som l\u00e4kemedelsassisterad behandling f\u00f6r opioid missbruk. Vanligtvis anv\u00e4nds Subutex 8mg tabletter endast kortvarigt under induktionsfasen av behandlingen. Men vissa m\u00e4nniskor kan forts\u00e4tta med det under en l\u00e4ngre tid om deras leverant\u00f6r tycker att det \u00e4r l\u00e4mpligt. Det b\u00f6r anv\u00e4ndas tillsammans med r\u00e5dgivning och socialt och k\u00e4nslom\u00e4ssigt st\u00f6d. Buprenorfin tablett \u00e4r bekv\u00e4m att anv\u00e4nda eftersom den bara tas en g\u00e5ng dagligen.<\/div>\n<div>\n<div class=\"css-a5m6co-text css-p8ym46-fontFamily css-11397xj-fontSize css-15qzf5r-display css-7bji7i-wordBreak\">\n<h2>K\u00f6p B<span class=\"\">uprenorfin<\/span><\/h2>\n<\/div>\n<\/div>\n<div>\n<p><strong>Vilka \u00e4r biverkningarna av Subutex 8 mg tabletter?<\/strong><\/p>\n<div class=\"my-section-child last:mb-0 max-w-content mx-auto px-component-2 px-section-child\" data-qa=\"DSM-SectionChild\">\n<div data-qa=\"BodyCopy\">\n<div class=\"last-child-margin-reset text-component-2 break-words\">\n<div class=\"my-section-child last:mb-0 max-w-content mx-auto px-component-2 px-section-child\" data-qa=\"DSM-SectionChild\">\n<div data-qa=\"BodyCopy\">\n<div class=\"last-child-margin-reset text-component-2 break-words\">\n<p class=\"mb-component-1\">Med vilken medicin som helst finns det risker och f\u00f6rdelar. \u00c4ven om\u00a0<a href=\"http:\/\/apotea.se\/\" target=\"_blank\" rel=\"noopener\">medicinen<\/a>\u00a0fungerar kan du uppleva n\u00e5gra o\u00f6nskade biverkningar.<\/p>\n<\/div>\n<\/div>\n<\/div>\n<div class=\"my-section-child last:mb-0 max-w-content mx-auto px-component-2 px-section-child\" data-qa=\"DSM-SectionChild\">\n<div data-qa=\"BodyCopy\">\n<div class=\"last-child-margin-reset text-component-2 break-words\">\n<ul class=\"list-disc my-component-4\">\n<li class=\"mb-component-2 ml-bulleted-list\"><strong>Opioidabstinens:<\/strong>\u00a0sj\u00e4lvmordstankar, \u00e5ngest, rastl\u00f6shet, rinnande n\u00e4sa, g\u00e4spningar, svettning, frossa, breda pupiller, irritabilitet<\/li>\n<li class=\"mb-component-2 ml-bulleted-list\"><strong>Farligt l\u00e5ngsam andning:<\/strong>\u00a0andningssv\u00e5righeter, bl\u00e5aktiga l\u00e4ppar, fingrar eller t\u00e5r<\/li>\n<li class=\"mb-component-2 ml-bulleted-list\"><strong>Allvarlig allergisk reaktion<\/strong>: utslag, n\u00e4sselutslag, andn\u00f6d, snabba hj\u00e4rtslag, yrsel, rodnad (pl\u00f6tsligt varm), tr\u00f6tthet<\/li>\n<li class=\"mb-component-2 ml-bulleted-list\"><strong>Hj\u00e4rtrytmproblem<\/strong>: bultande br\u00f6st, fladdrande i br\u00f6stet, andningssv\u00e5righeter, br\u00f6stsm\u00e4rtor, svimningsk\u00e4nsla eller yrsel<\/li>\n<\/ul>\n<\/div>\n<\/div>\n<\/div>\n<div class=\"my-section-child last:mb-0 max-w-content mx-auto px-component-2 px-section-child\" data-qa=\"DSM-SectionChild\">\n<div data-qa=\"BodyCopy\">\n<div class=\"last-child-margin-reset text-component-2 break-words\">\n<p class=\"flex mb-component-1\"><span class=\"flex-none\"><span class=\"my-1 w-full flex justify-center items-start\">F\u00f6ljande biverkningar kan bli b\u00e4ttre med tiden n\u00e4r din kropp v\u00e4njer sig vid medicineringen. L\u00e5t din l\u00e4kare veta omedelbart om du forts\u00e4tter att uppleva dessa symtom eller om de f\u00f6rv\u00e4rras med tiden.<\/span><\/span><\/p>\n<\/div>\n<\/div>\n<\/div>\n<div class=\"my-section-child last:mb-0 max-w-content mx-auto px-component-2 px-section-child\" data-qa=\"DSM-SectionChild\">\n<div class=\"flex-none md:flex md:flex-row mt-component-5\" data-qa=\"ColumnContainer\">\n<div class=\"flex-1 md:w-1\/2 mb-component-1 md:mr-column\">\n<div data-qa=\"BodyCopy\">\n<div class=\"last-child-margin-reset text-component-2 break-words\">\n<p><strong>Vanliga biverkningar<\/strong><\/p>\n<ul class=\"list-disc my-component-4\">\n<li class=\"mb-component-2 ml-bulleted-list\">\n<pre id=\"tw-target-text\" class=\"tw-data-text tw-text-large tw-ta\" dir=\"ltr\" data-placeholder=\"Translation\"><span class=\"Y2IQFc\" lang=\"sv\">Huvudv\u00e4rk (29 %)\r\n<\/span><\/pre>\n<\/li>\n<li class=\"mb-component-2 ml-bulleted-list\">\n<pre id=\"tw-target-text\" class=\"tw-data-text tw-text-large tw-ta\" dir=\"ltr\" data-placeholder=\"Translation\"><span class=\"Y2IQFc\" lang=\"sv\">Sv\u00e5rt att sova (21%)<\/span><\/pre>\n<\/li>\n<li class=\"mb-component-2 ml-bulleted-list\">\n<pre id=\"tw-target-text\" class=\"tw-data-text tw-text-large tw-ta\" dir=\"ltr\" data-placeholder=\"Translation\"><span class=\"Y2IQFc\" lang=\"sv\">Illam\u00e5ende (14%)<\/span><\/pre>\n<\/li>\n<li class=\"mb-component-2 ml-bulleted-list\">\n<pre id=\"tw-target-text\" class=\"tw-data-text tw-text-large tw-ta\" dir=\"ltr\" data-placeholder=\"Translation\"><span class=\"Y2IQFc\" lang=\"sv\">Svettning (13 %)<\/span><\/pre>\n<\/li>\n<li class=\"mb-component-2 ml-bulleted-list\">\n<pre id=\"tw-target-text\" class=\"tw-data-text tw-text-large tw-ta\" dir=\"ltr\" data-placeholder=\"Translation\"><span class=\"Y2IQFc\" lang=\"sv\">Ont i magen (12 %)<\/span><\/pre>\n<\/li>\n<li class=\"mb-component-2 ml-bulleted-list\">\n<pre id=\"tw-target-text\" class=\"tw-data-text tw-text-large tw-ta\" dir=\"ltr\" data-placeholder=\"Translation\"><span class=\"Y2IQFc\" lang=\"sv\">Infektion (12 %)<\/span><\/pre>\n<\/li>\n<\/ul>\n<\/div>\n<\/div>\n<\/div>\n<div class=\"flex-1 md:w-1\/2 md:ml-column\">\n<div data-qa=\"BodyCopy\">\n<div class=\"last-child-margin-reset text-component-2 break-words\">\n<p><strong>Andra biverkningar<\/strong><\/p>\n<ul class=\"list-disc my-component-4\">\n<li class=\"mb-component-2 ml-bulleted-list\">\n<pre id=\"tw-target-text\" class=\"tw-data-text tw-text-large tw-ta\" dir=\"ltr\" data-placeholder=\"Translation\"><span class=\"Y2IQFc\" lang=\"sv\">Rinnande n\u00e4sa\r\n<\/span><\/pre>\n<\/li>\n<li class=\"mb-component-2 ml-bulleted-list\">\n<pre id=\"tw-target-text\" class=\"tw-data-text tw-text-large tw-ta\" dir=\"ltr\" data-placeholder=\"Translation\"><span class=\"Y2IQFc\" lang=\"sv\">Kr\u00e4kningar\r\n<\/span><\/pre>\n<\/li>\n<li class=\"mb-component-2 ml-bulleted-list\">\n<pre id=\"tw-target-text\" class=\"tw-data-text tw-text-large tw-ta\" dir=\"ltr\" data-placeholder=\"Translation\"><span class=\"Y2IQFc\" lang=\"sv\">F\u00f6rstoppning\r\n<\/span><\/pre>\n<\/li>\n<li class=\"mb-component-2 ml-bulleted-list\">\n<pre id=\"tw-target-text\" class=\"tw-data-text tw-text-large tw-ta\" dir=\"ltr\" data-placeholder=\"Translation\"><span class=\"Y2IQFc\" lang=\"sv\">Frossa\r\n<\/span><\/pre>\n<\/li>\n<li class=\"mb-component-2 ml-bulleted-list\">\n<pre id=\"tw-target-text\" class=\"tw-data-text tw-text-large tw-ta\" dir=\"ltr\" data-placeholder=\"Translation\"><span class=\"Y2IQFc\" lang=\"sv\">Brist p\u00e5 energi\r\n<\/span><\/pre>\n<\/li>\n<li class=\"mb-component-2 ml-bulleted-list\">\n<div id=\"tw-target-text-container\" class=\"tw-ta-container F0azHf tw-nfl\" tabindex=\"0\">\n<pre id=\"tw-target-text\" class=\"tw-data-text tw-text-large tw-ta\" dir=\"ltr\" data-placeholder=\"Translation\"><span class=\"Y2IQFc\" lang=\"sv\">Diarre<\/span><\/pre>\n<\/div>\n<\/li>\n<\/ul>\n<\/div>\n<\/div>\n<\/div>\n<\/div>\n<\/div>\n<div class=\"my-section-child last:mb-0 max-w-content mx-auto px-component-2 px-section-child\" data-qa=\"DSM-SectionChild\">\n<div data-qa=\"BodyCopy\">\n<div class=\"last-child-margin-reset text-component-2 break-words\">\n<h3 class=\"css-a5m6co-text css-p8ym46-fontFamily css-11397xj-fontSize css-15qzf5r-display css-7bji7i-wordBreak\"><span class=\"\">Subutex 8 mg<\/span><\/h3>\n<\/div>\n<\/div>\n<\/div>\n<\/div>\n<\/div>\n<\/div>\n<\/div>\n<\/li>\n<\/ul>\n","protected":false},"excerpt":{"rendered":"<p>Subutex \u00e4r en opioidmedicin. Detta l\u00e4kemedel muntligt \/ sublingalt (ges under tungan) anv\u00e4nds f\u00f6r att behandla opioidberoende.<\/p>\n<p>Andra former av buprenorfin anv\u00e4nds f\u00f6r att behandla m\u00e5ttlig till sv\u00e5r sm\u00e4rta. Subutex sublingual ska inte anv\u00e4ndas som sm\u00e4rtstillande medel.<\/p>\n","protected":false},"featured_media":272,"comment_status":"closed","ping_status":"closed","template":"","meta":{"_monsterinsights_skip_tracking":false,"_monsterinsights_sitenote_active":false,"_monsterinsights_sitenote_note":"","_monsterinsights_sitenote_category":0,"_uf_show_specific_survey":0,"_uf_disable_surveys":false,"neve_meta_sidebar":"","neve_meta_container":"","neve_meta_enable_content_width":"off","neve_meta_content_width":100,"neve_meta_title_alignment":"","neve_meta_author_avatar":"","neve_post_elements_order":"","neve_meta_disable_header":"","neve_meta_disable_footer":"","neve_meta_disable_title":"","_themeisle_gutenberg_block_has_review":false},"product_brand":[],"product_cat":[101],"product_tag":[102,103,104,105,106,107,108,109,110,111,112,113,114,115,116,117,118,119,120,121,122,123,124,125,126,127,128,129,130,131,132,133,134,135,136,137,138,139,140,141,142,143,144,145,146,147,148,149,150,151],"class_list":{"0":"post-242","1":"product","2":"type-product","3":"status-publish","4":"has-post-thumbnail","6":"product_cat-anti-beroendeframkallande","7":"product_tag-bestalla-subutex-diskret","8":"product_tag-bestalla-subutex-med-btcoin","9":"product_tag-bestalla-subutex-online","10":"product_tag-bestil-subutex-8mg-uden-recept","11":"product_tag-bestil-subutex-diskret","12":"product_tag-bestil-subutex-med-btcoin","13":"product_tag-bestil-subutex-online","14":"product_tag-bestill-subutex-8mg-uten-resept","15":"product_tag-bestill-subutex-diskret","16":"product_tag-bestill-subutex-med-btcoin","17":"product_tag-bestill-subutex-online","18":"product_tag-betala-for-subutex-med-masterkort-i-sverige","19":"product_tag-betale-for-subutex-med-hovedkort-i-sverige","20":"product_tag-betale-for-subutex-med-masterkort-i-sverige","21":"product_tag-billig-subutex-i-dag","22":"product_tag-billig-subutex-idag","23":"product_tag-fyld-subutex-i-sverige","24":"product_tag-fylla-subutex-i-sverige","25":"product_tag-fylle-subutex-i-sverige","26":"product_tag-hur-man-koper-subutex-av-kvalitet-i-norge","27":"product_tag-hur-man-koper-subutex-i-stockholm","28":"product_tag-hurtig-levering-subutex","29":"product_tag-hvordan-kjope-subutex-av-kvalitet-i-norge","30":"product_tag-hvordan-kjope-subutex-i-stockholm","31":"product_tag-hvordan-man-kober-subutex-i-norge","32":"product_tag-hvordan-man-kober-subutex-i-stockholm","33":"product_tag-kan-jag-fa-subutex-utan-recept-fran-norge","34":"product_tag-kan-jeg-fa-subutex-uden-recept-fra-norge","35":"product_tag-kan-jeg-fa-subutex-uten-resept-fra-norge","36":"product_tag-kjop-subutex-8mg-uten-resept","37":"product_tag-kjop-subutex-i-hemmelighet","38":"product_tag-kjop-subutex-pa-darkweb","39":"product_tag-kjope-resept-pa-subutex","40":"product_tag-kob-subutex-8mg-uden-recept","41":"product_tag-kob-subutex-hemmeligt","42":"product_tag-kob-subutex-pa-darkweb","43":"product_tag-kobe-recept-pa-subutex","44":"product_tag-kop-subutex-8-mg-utan-recept","45":"product_tag-kop-subutex-pa-darkweb","46":"product_tag-kopa-recept-for-subutex","47":"product_tag-kopa-subutex-hemligt","48":"product_tag-kvalitet-subutex","49":"product_tag-kvalitet-subutex-8-mg-utan-recept","50":"product_tag-order-subutex-8-mg-utan-recept","51":"product_tag-ren-subutex-med-kreditkort","52":"product_tag-ren-subutex-med-kredittkort","53":"product_tag-snabb-leverans-subutex","54":"product_tag-subutex-2mg","55":"product_tag-subutex-8mg","56":"product_tag-subutex-i-danmark","58":"first","59":"instock","60":"shipping-taxable","61":"purchasable","62":"product-type-variable"},"aioseo_notices":[],"jetpack-related-posts":[{"id":393,"url":"https:\/\/amphetaminapotek.com\/index.php\/product\/citodon\/","url_meta":{"origin":242,"position":0},"title":"K\u00f6p Citodon 500 mg Online","author":"kris","date":"","format":false,"excerpt":"Citodon \u00e4r en m\u00e4rkesformel av codein och paracetamol, \u00e4ven k\u00e4nd som acetaminophen. Codeine \u00e4r i en grupp l\u00e4kemedel som kallas narkotiska sm\u00e4rtstillande medel. Paracetamol \u00e4r en mindre potent sm\u00e4rtstillande som \u00f6kar effekterna av kodin. De tv\u00e5 drogerna kombineras anv\u00e4nds f\u00f6r att lindra m\u00e5ttlig till sv\u00e5r sm\u00e4rta. \u00a0","rel":"","context":"Med 1 kommentar","block_context":{"text":"Med 1 kommentar","link":"https:\/\/amphetaminapotek.com\/index.php\/product\/citodon\/#comments"},"img":{"alt_text":"K\u00f6p Citodon 500 mg Online","src":"https:\/\/i0.wp.com\/amphetaminapotek.com\/wp-content\/uploads\/2023\/04\/citodon.jpg?resize=350%2C200&ssl=1","width":350,"height":200},"classes":[]},{"id":241,"url":"https:\/\/amphetaminapotek.com\/index.php\/product\/oxycontin-20mg30mg40-mg-80mg\/","url_meta":{"origin":242,"position":1},"title":"k\u00f6pa oxycontin online","author":"kris","date":"","format":false,"excerpt":"OxyContin (oxikodon) \u00e4r en opioid sm\u00e4rtstillande medicin kallas ibland narkotiska. OxyContin \u00e4r ett starkt receptbelagt l\u00e4kemedel som anv\u00e4nds n\u00e4r ett opioidmedicin beh\u00f6vs f\u00f6r att hantera allvarlig sm\u00e4rta nog att kr\u00e4va daglig dygnet runt, l\u00e5ngvarig behandling med opioid, n\u00e4r andra sm\u00e4rtbehandlingar som l\u00e4kemedel utan opioid sm\u00e4rta eller omedelbar fris\u00e4ttning Opioidl\u00e4kemedel behandlar\u2026","rel":"","context":"Liknande inl\u00e4gg","block_context":{"text":"Liknande inl\u00e4gg","link":""},"img":{"alt_text":"k\u00f6pa oxycontin online","src":"https:\/\/i0.wp.com\/amphetaminapotek.com\/wp-content\/uploads\/2023\/04\/Hydrocodone-768x1024-1.jpg?resize=350%2C200&ssl=1","width":350,"height":200,"srcset":"https:\/\/i0.wp.com\/amphetaminapotek.com\/wp-content\/uploads\/2023\/04\/Hydrocodone-768x1024-1.jpg?resize=350%2C200&ssl=1 1x, https:\/\/i0.wp.com\/amphetaminapotek.com\/wp-content\/uploads\/2023\/04\/Hydrocodone-768x1024-1.jpg?resize=525%2C300&ssl=1 1.5x, https:\/\/i0.wp.com\/amphetaminapotek.com\/wp-content\/uploads\/2023\/04\/Hydrocodone-768x1024-1.jpg?resize=700%2C400&ssl=1 2x"},"classes":[]},{"id":239,"url":"https:\/\/amphetaminapotek.com\/index.php\/product\/tramadol-100mg200mg225mg\/","url_meta":{"origin":242,"position":2},"title":"Tramadol 100mg,200mg,225mg","author":"kris","date":"","format":false,"excerpt":"Tramadol \u00e4r en narkotisk-liknande sm\u00e4rtstillande medel. Tramadol anv\u00e4nds f\u00f6r att behandla m\u00e5ttlig till sv\u00e5r sm\u00e4rta hos vuxna. Tramadols f\u00f6rl\u00e4ngda fris\u00e4ttningsform \u00e4r f\u00f6r behandling av sm\u00e4rta dygnet runt. Tramadols f\u00f6rl\u00e4ngd fris\u00e4ttningsmedel \u00e4r inte avsedd f\u00f6r anv\u00e4ndning p\u00e5 grund av sm\u00e4rta.","rel":"","context":"Liknande inl\u00e4gg","block_context":{"text":"Liknande inl\u00e4gg","link":""},"img":{"alt_text":"","src":"https:\/\/i0.wp.com\/amphetaminapotek.com\/wp-content\/uploads\/2023\/04\/BN-QI336_TRAMA1_M_20161018152846.jpg?resize=350%2C200&ssl=1","width":350,"height":200,"srcset":"https:\/\/i0.wp.com\/amphetaminapotek.com\/wp-content\/uploads\/2023\/04\/BN-QI336_TRAMA1_M_20161018152846.jpg?resize=350%2C200&ssl=1 1x, https:\/\/i0.wp.com\/amphetaminapotek.com\/wp-content\/uploads\/2023\/04\/BN-QI336_TRAMA1_M_20161018152846.jpg?resize=525%2C300&ssl=1 1.5x, https:\/\/i0.wp.com\/amphetaminapotek.com\/wp-content\/uploads\/2023\/04\/BN-QI336_TRAMA1_M_20161018152846.jpg?resize=700%2C400&ssl=1 2x, https:\/\/i0.wp.com\/amphetaminapotek.com\/wp-content\/uploads\/2023\/04\/BN-QI336_TRAMA1_M_20161018152846.jpg?resize=1050%2C600&ssl=1 3x"},"classes":[]},{"id":255,"url":"https:\/\/amphetaminapotek.com\/index.php\/product\/zopiklon\/","url_meta":{"origin":242,"position":3},"title":"k\u00f6p zopiklon i Sverige","author":"kris","date":"","format":false,"excerpt":"k\u00f6p zopiklon i Sverige utan recept och f\u00e5 mycket h\u00f6ga rabatter klicka h\u00e4r 1. Vad Zopiclone \u00e4r och vad det anv\u00e4nds f\u00f6r Zopiclone Tablets \u00e4r bensodiazepin-liknande hypnotika, som fungerar genom att agera p\u00e5 hj\u00e4rnan till orsaka s\u00f6mnighet. De kan anv\u00e4ndas f\u00f6r kortvarig behandling av s\u00f6mnst\u00f6rningar vilket \u00e4r sv\u00e5r, invalidiserande eller\u2026","rel":"","context":"Liknande inl\u00e4gg","block_context":{"text":"Liknande inl\u00e4gg","link":""},"img":{"alt_text":"k\u00f6p zopiklon i sverige\u00a0","src":"https:\/\/i0.wp.com\/amphetaminapotek.com\/wp-content\/uploads\/2023\/04\/ob_ab3418_zops.jpg?resize=350%2C200&ssl=1","width":350,"height":200,"srcset":"https:\/\/i0.wp.com\/amphetaminapotek.com\/wp-content\/uploads\/2023\/04\/ob_ab3418_zops.jpg?resize=350%2C200&ssl=1 1x, https:\/\/i0.wp.com\/amphetaminapotek.com\/wp-content\/uploads\/2023\/04\/ob_ab3418_zops.jpg?resize=525%2C300&ssl=1 1.5x, https:\/\/i0.wp.com\/amphetaminapotek.com\/wp-content\/uploads\/2023\/04\/ob_ab3418_zops.jpg?resize=700%2C400&ssl=1 2x"},"classes":[]},{"id":249,"url":"https:\/\/amphetaminapotek.com\/index.php\/product\/suboxone-8-mg\/","url_meta":{"origin":242,"position":4},"title":"k\u00f6p suboxon 8mg i sverige utan recep","author":"kris","date":"","format":false,"excerpt":"Suboxone inneh\u00e5ller en kombination av buprenorfin och naloxon. Buprenorfin \u00e4r en opioidmedicin, ibland kallad narkotisk. Naloxon blockerar effekterna av opioidmedicinering, inklusive sm\u00e4rtlindring eller k\u00e4nslor av v\u00e4lbefinnande som kan leda till opioidmissbruk. Suboxone anv\u00e4nds f\u00f6r att behandla narkotisk (opiat) beroende.","rel":"","context":"Liknande inl\u00e4gg","block_context":{"text":"Liknande inl\u00e4gg","link":""},"img":{"alt_text":"","src":"https:\/\/i0.wp.com\/amphetaminapotek.com\/wp-content\/uploads\/2023\/04\/59148bebc9a19.image_.jpg?resize=350%2C200&ssl=1","width":350,"height":200,"srcset":"https:\/\/i0.wp.com\/amphetaminapotek.com\/wp-content\/uploads\/2023\/04\/59148bebc9a19.image_.jpg?resize=350%2C200&ssl=1 1x, https:\/\/i0.wp.com\/amphetaminapotek.com\/wp-content\/uploads\/2023\/04\/59148bebc9a19.image_.jpg?resize=525%2C300&ssl=1 1.5x, https:\/\/i0.wp.com\/amphetaminapotek.com\/wp-content\/uploads\/2023\/04\/59148bebc9a19.image_.jpg?resize=700%2C400&ssl=1 2x"},"classes":[]},{"id":374,"url":"https:\/\/amphetaminapotek.com\/index.php\/product\/oxikodon-30mg-80mg\/","url_meta":{"origin":242,"position":5},"title":"k\u00f6pa oxycodon i sverige","author":"kris","date":"","format":false,"excerpt":"Oxykodon \u00e4r en opioid sm\u00e4rtstillande medicin kallas ibland narkotiska. Oxykodon anv\u00e4nds f\u00f6r att behandla m\u00e5ttlig till sv\u00e5r sm\u00e4rta.","rel":"","context":"Liknande inl\u00e4gg","block_context":{"text":"Liknande inl\u00e4gg","link":""},"img":{"alt_text":"k\u00f6pa oxycodon i sverige","src":"https:\/\/i0.wp.com\/amphetaminapotek.com\/wp-content\/uploads\/2023\/04\/NORDICAPOTEK-OX.jpg?resize=350%2C200&ssl=1","width":350,"height":200,"srcset":"https:\/\/i0.wp.com\/amphetaminapotek.com\/wp-content\/uploads\/2023\/04\/NORDICAPOTEK-OX.jpg?resize=350%2C200&ssl=1 1x, https:\/\/i0.wp.com\/amphetaminapotek.com\/wp-content\/uploads\/2023\/04\/NORDICAPOTEK-OX.jpg?resize=525%2C300&ssl=1 1.5x, https:\/\/i0.wp.com\/amphetaminapotek.com\/wp-content\/uploads\/2023\/04\/NORDICAPOTEK-OX.jpg?resize=700%2C400&ssl=1 2x"},"classes":[]}],"jetpack_sharing_enabled":true,"_links":{"self":[{"href":"https:\/\/amphetaminapotek.com\/index.php\/wp-json\/wp\/v2\/product\/242","targetHints":{"allow":["GET"]}}],"collection":[{"href":"https:\/\/amphetaminapotek.com\/index.php\/wp-json\/wp\/v2\/product"}],"about":[{"href":"https:\/\/amphetaminapotek.com\/index.php\/wp-json\/wp\/v2\/types\/product"}],"replies":[{"embeddable":true,"href":"https:\/\/amphetaminapotek.com\/index.php\/wp-json\/wp\/v2\/comments?post=242"}],"wp:featuredmedia":[{"embeddable":true,"href":"https:\/\/amphetaminapotek.com\/index.php\/wp-json\/wp\/v2\/media\/272"}],"wp:attachment":[{"href":"https:\/\/amphetaminapotek.com\/index.php\/wp-json\/wp\/v2\/media?parent=242"}],"wp:term":[{"taxonomy":"product_brand","embeddable":true,"href":"https:\/\/amphetaminapotek.com\/index.php\/wp-json\/wp\/v2\/product_brand?post=242"},{"taxonomy":"product_cat","embeddable":true,"href":"https:\/\/amphetaminapotek.com\/index.php\/wp-json\/wp\/v2\/product_cat?post=242"},{"taxonomy":"product_tag","embeddable":true,"href":"https:\/\/amphetaminapotek.com\/index.php\/wp-json\/wp\/v2\/product_tag?post=242"}],"curies":[{"name":"wp","href":"https:\/\/api.w.org\/{rel}","templated":true}]}}