{"id":243,"date":"2023-04-08T02:41:15","date_gmt":"2023-04-08T00:41:15","guid":{"rendered":"https:\/\/amphetaminapotek.com\/?post_type=product&#038;p=243"},"modified":"2023-11-20T23:46:41","modified_gmt":"2023-11-20T22:46:41","slug":"lyrica-300-mg","status":"publish","type":"product","link":"https:\/\/amphetaminapotek.com\/index.php\/product\/lyrica-300-mg\/","title":{"rendered":"Lyrica 300 mg"},"content":{"rendered":"<h1>K\u00f6p lyrica 75mg 150mg 300mg utan recept i sverige<\/h1>\n<p>Pregabalin\u00a0kapsel<\/p>\n<p>Vad \u00e4r det h\u00e4r l\u00e4kemedlet?<\/p>\n<p>K\u00f6pa lyrica 75mg 150mg 300mg utan recept i sverige<br \/>\nPregabalin \u00e4r ett anti <a href=\"https:\/\/nordicapotek.com\/product\/kop-adderall-30mg-online-utan-recept\/\">epilepsy<\/a>\u00a0l\u00e4kemedel, \u00e4ven kallad ett krampl\u00f6sande medel. Det fungerar genom att bromsa ned impulser i hj\u00e4rnan som orsakar kramper. Lyrica p\u00e5verkar ocks\u00e5 kemikalier i hj\u00e4rnan som skickar sm\u00e4rtsignaler \u00f6ver nervsystemet. Lyrica anv\u00e4nds f\u00f6r att kontrollera anfall och f\u00f6r att behandla fibromyalgi. Det anv\u00e4nds ocks\u00e5 f\u00f6r att behandla sm\u00e4rta orsakad av nervskada hos personer med diabetes (diabetisk neuropati), herpes zoster (post-herpetisk neuralgi eller neuropatisk sm\u00e4rta i samband med ryggm\u00e4rgsskada.<\/p>\n<p>Vad ska jag s\u00e4ga till v\u00e5rdgivare innan jag tar detta l\u00e4kemedel?<br \/>\nDe m\u00e5ste veta om du har n\u00e5got av dessa villkor:<\/p>\n<h2>bl\u00f6dningsproblem<\/h2>\n<p>hj\u00e4rtsjukdom, inklusive hj\u00e4rtsvikt<br \/>\nhistoria om missbruk av alkohol eller drog<br \/>\nnjursjukdom<br \/>\nsj\u00e4lvmordstankar, planer eller f\u00f6rs\u00f6k; ett tidigare sj\u00e4lvmordsf\u00f6rs\u00f6k av dig eller en familjemedlem<br \/>\nen ovanlig eller allergisk reaktion p\u00e5 <a href=\"https:\/\/nordicapotek.com\/product\/lyrica-300-mg\/\">pregabalin<\/a>, gabapentin, andra l\u00e4kemedel, livsmedel, f\u00e4rg\u00e4mnen eller konserveringsmedel<br \/>\ngravid eller f\u00f6rs\u00f6ker bli gravid eller f\u00f6rs\u00f6ker bli gravid med din partner<br \/>\namning<br \/>\n<strong>Hur ska jag ta detta l\u00e4kemedel?<\/strong><br \/>\nTa detta l\u00e4kemedel via munnen med ett glas vatten. Du kan ta detta l\u00e4kemedel med eller utan mat. Ta dina doser med j\u00e4mna mellanrum. Ta inte din medicin oftare \u00e4n riktat. Sluta inte ta f\u00f6rutom p\u00e5 r\u00e5d fr\u00e5n din l\u00e4kare eller v\u00e5rdpersonal. Prata med din barnl\u00e4kare om anv\u00e4ndningen av detta l\u00e4kemedel hos barn. S\u00e4rskild v\u00e5rd kan beh\u00f6vas.<\/p>\n<h4>Vad m\u00e5ste jag g\u00f6ra vid \u00f6verdosering?<\/h4>\n<p>Om du tror att du har tagit f\u00f6r mycket av detta l\u00e4kemedel kontakta ett giftkontrollcenter eller akutmottagning p\u00e5 en g\u00e5ng.<\/p>\n<p><strong>Vad kan interagera med detta l\u00e4kemedel?<\/strong><br \/>\nl\u00e4kemedel mot diabetes, som pioglitazon<br \/>\nl\u00e4kemedel som anv\u00e4nds f\u00f6r att hj\u00e4lpa dig att sova eller slappna av som lorazepam, <a href=\"https:\/\/nordicapotek.com\/product\/xanax-2mg-1mg\/\">alprazolam<\/a> eller diazepam<br \/>\nreceptbelagda sm\u00e4rtl\u00e4kemedel<br \/>\nrosiglitazon (Avandia, Avandamet, Avandaryl)<br \/>\nhj\u00e4rt- eller blodtrycksmedicinering s\u00e5som <a href=\"https:\/\/nordicapotek.com\/product\/diazepam-valium-10-mg\/\">benazepril<\/a> (Lotensin), enalapril (Vasotec), lisinopril (Prinivil, Zestril), quinapril (Accupril), ramipril (Altace) och andra.<br \/>\nDenna lista kanske inte beskriver alla m\u00f6jliga interaktioner. Ge din v\u00e5rdgivare en lista \u00f6ver alla l\u00e4kemedel, \u00f6rter, receptfria l\u00e4kemedel eller kosttillskott du anv\u00e4nder. Ber\u00e4tta ocks\u00e5 om du r\u00f6ker, dricker alkohol eller anv\u00e4nder olagliga droger. Vissa artiklar kan interagera med din medicin.<\/p>\n<h4><a href=\"https:\/\/www.fass.se\/LIF\/product?userType=0&amp;nplId=20040607000717\">Vad h\u00e4nder om jag saknar en dos?<\/a><\/h4>\n<p>Om du missar en dos, ta den s\u00e5 snart du kan. Om det n\u00e4stan \u00e4r dags f\u00f6r din n\u00e4sta dos, ta bara den dosen. Ta inte dubbla eller extra doser.<\/p>\n<p>K\u00f6pa lyrica<\/p>\n<h5>Vad ska jag komma ih\u00e5g n\u00e4r jag tog detta l\u00e4kemedel?<\/h5>\n<p>Bes\u00f6k din l\u00e4kare eller v\u00e5rdpersonal f\u00f6r regelbundna kontroller av dina framsteg.<br \/>\nDin l\u00e4kare m\u00e5ste kontrollera dig vid regelbundna bes\u00f6k. Missa inga schemalagda m\u00f6ten.<br \/>\nDu kanske vill h\u00e5lla ett personligt register hemma \u00f6ver hur du k\u00e4nner att ditt tillst\u00e5nd svarar p\u00e5 behandlingen.<br \/>\nDela varje information om ditt tillst\u00e5nd med din l\u00e4kare eller v\u00e5rdpersonal vid varje bes\u00f6k.<br \/>\nDu b\u00f6r kontakta din l\u00e4kare eller v\u00e5rdpersonal om dina anfall blir v\u00e4rre eller om du har n\u00e5gra nya anfall.<br \/>\nRing din l\u00e4kare omedelbart om du har n\u00e5gra nya eller f\u00f6rs\u00e4mrade symtom som: hum\u00f6r eller beteendef\u00f6r\u00e4ndringar, depression, \u00e5ngest, s\u00f6mnl\u00f6shet, eller om du k\u00e4nner dig uppr\u00f6rd, fientlig, rastl\u00f6s, hyperaktiv (mentalt eller fysiskt), eller har tankar om sj\u00e4lvmord eller skada dig sj\u00e4lv.<\/p>\n<h2>best\u00e4lla lyrica utan recept<\/h2>\n<p>Sluta inte ta detta l\u00e4kemedel eller n\u00e5got av dina krampl\u00e4kemedel om du inte har anvisat det av din l\u00e4kare eller v\u00e5rdpersonal. Sluta inte anv\u00e4nda Lyrica utan att f\u00f6rst prata med din l\u00e4kare, \u00e4ven om du k\u00e4nner dig bra.<br \/>\nAtt stoppa din medicin pl\u00f6tsligt kan \u00f6ka anfallen eller deras sv\u00e5righetsgrad.<br \/>\nAnv\u00e4nd ett medicinskt armband eller kedja om du tar detta l\u00e4kemedel f\u00f6r anfall och ha ett kort som visar alla dina mediciner.<br \/>\nOm du tar Lyrica f\u00f6r att f\u00f6rhindra kramper m\u00e5ste du forts\u00e4tta ta medicinen \u00e4ven om du m\u00e5r bra.<br \/>\nDu kan bli d\u00e5sig eller yr. K\u00f6r inte, anv\u00e4nd maskiner eller g\u00f6r n\u00e5gonting som beh\u00f6ver mental vakenhet tills du vet hur detta l\u00e4kemedel p\u00e5verkar dig.<\/p>\n<h2>k\u00f6p Lyrica 300mg Pregabalin<\/h2>\n<p>Ring din l\u00e4kare om du har problem med din syn n\u00e4r du tar Lyrica.<br \/>\nSt\u00e4ll inte upp eller sit upp snabbt, s\u00e4rskilt om du \u00e4r en \u00e4ldre patient. Detta minskar risken f\u00f6r yrsel eller svimning. Du kan ha \u00f6kade anfall eller abstinenssymtom som huvudv\u00e4rk, s\u00f6mnproblem, illam\u00e5ende och diarr\u00e9.<br \/>\nAlkohol kan p\u00e5verka effekten av detta l\u00e4kemedel. Undvik alkoholhaltiga drycker.<br \/>\nOm du har ett hj\u00e4rtsjukdom, som hj\u00e4rtsvikt, och m\u00e4rker att du h\u00e5ller kvar vatten och har svullnad i h\u00e4nder eller f\u00f6tter, kontakta omedelbart din v\u00e5rdgivare.<br \/>\nAnv\u00e4ndningen av detta l\u00e4kemedel kan \u00f6ka risken f\u00f6r sj\u00e4lvmordstankar eller handlingar. Var s\u00e4rskilt uppm\u00e4rksam p\u00e5 hur du svarar n\u00e4r du anv\u00e4nder detta l\u00e4kemedel.<br \/>\nVarje f\u00f6rs\u00e4mring av hum\u00f6r eller tankar om sj\u00e4lvmord eller d\u00f6ende ska rapporteras till din sjukv\u00e5rdspersonal direkt.<br \/>\nFr\u00e5ga din l\u00e4kare hur du undviker abstinenssymtom n\u00e4r du slutar anv\u00e4nda Lyrica.<br \/>\n\u00c4ndra inte din dos av Lyrica utan din l\u00e4kares r\u00e5d.<\/p>\n<h2>K\u00f6pa lyrica 75mg 150mg 300mg utan recept i sverige<\/h2>\n<p>k\u00f6pa Lyrica online, du undrar kanske var alla i Sverige ,<\/p>\n<p>vi har unders\u00f6kt de b\u00e4sta st\u00e4llena att k\u00f6pa Lyrica i Sverige, klicka och ta reda p\u00e5<\/p>\n<h3>K\u00f6p Billig k\u00f6p <a href=\"https:\/\/www.webmd.com\/drugs\/2\/drug-93965\/lyrica-oral\/details\">Lyrica<\/a> i sverige online utan recept<\/h3>\n<p>du kan k\u00f6pa Lyrica online i sverige till en mycket billig r\u00e4nta och f\u00e5 snabb hemleverans,<\/p>\n<p>genom \u00e5ren vi har studerat och f\u00f6ljt anv\u00e4ndare som framg\u00e5ngsrikt k\u00f6per Lyrica online utan recept.<\/p>\n<p>Vi ins\u00e5g att cirka 80% av dessa anv\u00e4ndare k\u00f6pte Lyrica online fr\u00e5n<\/p>\n<p>medan de andra 20% k\u00f6pte via e-postmeddelandet<\/p>\n<h3>Vad \u00e4r priset p\u00e5 Lyrica 300 mg online<\/h3>\n<p>Vi s\u00f6kte efter priser p\u00e5 Lyrica och ins\u00e5g att vi p\u00e5 tramadolapotek har de b\u00e4sta Lyrica-priserna f\u00f6r<\/p>\n<p>onlinef\u00f6rs\u00e4ljning och vi har den snabbaste leveransen hittills f\u00f6r Lyrica s\u00e5 best\u00e4ll dina piller fr\u00e5n oss.<\/p>\n<h3>Hur man k\u00f6per Lyrica flashback online utan recept<\/h3>\n<p>det \u00e4r v\u00e4ldigt enkelt att k\u00f6pa Lyrica online hos oss, klicka bara p\u00e5 l\u00e4nken nedan och v\u00e4lj det belopp du beh\u00f6ver och fullst\u00e4ndig best\u00e4llning,<\/p>\n<p>du kommer att f\u00e5 v\u00e5rt meddelande och riktning att betala, det \u00e4r enkelt och snabbt,<\/p>\n<p>vi erbjuder 24 timmars leverans och till och med 12 timmars leverans f\u00f6r adresser i stockholm<br \/>\nvi erbjuder ocks\u00e5 whatsapp-support, k\u00f6p Lyrica 300mg <a href=\"https:\/\/nordicapotek.com\/product\/kop-elvanse-utan-recept\/\">Pregabalin<\/a><\/p>\n<h3>Var man kan k\u00f6p Original Lyrica 150 mg online utan recept.<\/h3>\n<p>Tja, vi har redan gjort det mycket tydligt att k\u00f6pa Lyrica online aldrig har varit enklare \u00e4n nu,<\/p>\n<p>det beror p\u00e5 att vi har gjort den h\u00e5rda delen och nu beh\u00f6ver du bara klicka och betala f\u00f6r att f\u00e5 ditt paket och en mycket snabb leverans.<\/p>\n<p>Var kan jag best\u00e4lla original Lyrica online utan recept<\/p>\n<p>klicka bara p\u00e5 l\u00e4nken h\u00e4r<\/p>\n<h3>Skaffa Lyrica billigt<\/h3>\n<p>och att f\u00e5 Lyrica online till extremt bra priser via e-post<\/p>\n<h5>ska jag ta Lyrica<\/h5>\n<p>Du b\u00f6r inte anv\u00e4nda Lyrica om du \u00e4r allergisk mot pregabalin.<\/p>\n<p>F\u00f6r att se till att Lyrica \u00e4r s\u00e4ker f\u00f6r dig, ber\u00e4tta f\u00f6r din l\u00e4kare om du n\u00e5gonsin har haft:<\/p>\n<p>lungsjukdom, s\u00e5som kronisk obstruktiv lungsjukdom (KOL);<\/p>\n<p>en hum\u00f6rsjukdom, depression eller sj\u00e4lvmordstankar;<\/p>\n<p>hj\u00e4rtproblem (s\u00e4rskilt hj\u00e4rtsvikt);<\/p>\n<p>en bl\u00f6dningsst\u00f6rning eller l\u00e5ga blodpl\u00e4ttar i blodet;<\/p>\n<h2>k\u00f6p Lyrica 75mg\u00a0 i\u00a0 stockholm<\/h2>\n","protected":false},"excerpt":{"rendered":"<p>Lyrica (pregabalin) var ursprungligen FDA godk\u00e4nd som ett anti-epileptiskt l\u00e4kemedel, \u00e4ven kallat ett antikonvulsivt medel. Det fungerar genom att s\u00e4nka impulser i hj\u00e4rnan som orsakar anfall. Pregabalin p\u00e5verkar ocks\u00e5 kemikalier i hj\u00e4rnan som s\u00e4nder sm\u00e4rtsignaler \u00f6ver nervsystemet.<\/p>\n<p>Lyrica anv\u00e4nds f\u00f6r att behandla sm\u00e4rta orsakad av fibromyalgi eller nervsm\u00e4rta hos personer med diabetes (diabetisk neuropati), herpes zoster (post-herpetic neuralgia) eller ryggm\u00e4rgsskada.<\/p>\n","protected":false},"featured_media":273,"comment_status":"closed","ping_status":"closed","template":"","meta":{"_monsterinsights_skip_tracking":false,"_monsterinsights_sitenote_active":false,"_monsterinsights_sitenote_note":"","_monsterinsights_sitenote_category":0,"_uf_show_specific_survey":0,"_uf_disable_surveys":false,"neve_meta_sidebar":"","neve_meta_container":"","neve_meta_enable_content_width":"off","neve_meta_content_width":100,"neve_meta_title_alignment":"","neve_meta_author_avatar":"","neve_post_elements_order":"","neve_meta_disable_header":"","neve_meta_disable_footer":"","neve_meta_disable_title":"","_themeisle_gutenberg_block_has_review":false},"product_brand":[],"product_cat":[21,42,43,44],"product_tag":[152,153,154,155,156,157,158,159,160,161,162,163,164,165,166,167,168,169,170,171,172,173,174,175,176,177,178,179,180,181,182,183,184,185,186,187,188,189,190,191,192,193,194,195,196,197,198],"class_list":{"0":"post-243","1":"product","2":"type-product","3":"status-publish","4":"has-post-thumbnail","6":"product_cat-antidepressiva-medel","7":"product_cat-smartlindring","8":"product_cat-somntabletter","9":"product_cat-viktminskning","10":"product_tag-apotek-nara-mig","11":"product_tag-ar-det-sakert-att-kopa-lyrica-online","12":"product_tag-ar-lyrica-den-basta-smartdodaren","13":"product_tag-basta-priserna-for-att-kopa-lyrica","14":"product_tag-basta-stallet-att-fa-lyrica-utan-recept","15":"product_tag-bestall-lyrica-300-mg","16":"product_tag-bestalla-kvalitet-lyrica-online","17":"product_tag-bestalla-lyrica-online-och-fa-hemleverans","18":"product_tag-dodlig-lyrica","19":"product_tag-hur-man-koper-lyrica-direkt","20":"product_tag-kan-jag-fa-lyrica-utan-recept","21":"product_tag-kjop-lyrica-300mg-uten-resept","22":"product_tag-kob-lyrica-300mg-uden-recept","23":"product_tag-kop-lyrica-300mg-utan-recept","24":"product_tag-kop-lyrica-fran-stockholm","25":"product_tag-kop-lyrica-recept-gratis","26":"product_tag-kop-lyrica-utan-recept","27":"product_tag-kopa-lyrica-flashback","28":"product_tag-kopa-lyrica-goteborg","29":"product_tag-kopa-lyrica-inrikes","30":"product_tag-kopa-lyrica-med-swish","31":"product_tag-kopa-lyrica-pa-natet","32":"product_tag-kopa-lyrica-pulver","33":"product_tag-kopa-lyrica-utomlands","34":"product_tag-kvalitet-lyrica-300-uden-recept","35":"product_tag-kvalitet-lyrica-300-utan-recept","36":"product_tag-kvalitet-lyrica-300-uten-resept","37":"product_tag-letar-efter-lyrica-for-min-smarta","38":"product_tag-lyrica-150mg","39":"product_tag-lyrica-200mg","40":"product_tag-lyrica-2020","41":"product_tag-lyrica-25mg","42":"product_tag-lyrica-300mg","43":"product_tag-lyrica-50mg","44":"product_tag-lyrica-apotek","45":"product_tag-lyrica-beroende","46":"product_tag-lyrica-dos","47":"product_tag-lyrica-effekter","48":"product_tag-lyrica-fass","49":"product_tag-lyrica-forsaljning","50":"product_tag-lyrica-karta","51":"product_tag-lyrica-narkotikaklassat","52":"product_tag-lyrica-pris","53":"product_tag-lyrica-pris-pa-gatan","54":"product_tag-lyrica-shop","55":"product_tag-priser-pa-lyrica-i-sverige-utan-recept","56":"product_tag-traffas-och-koper-lyrica-i-sverige","58":"first","59":"instock","60":"shipping-taxable","61":"purchasable","62":"product-type-variable"},"aioseo_notices":[],"jetpack-related-posts":[{"id":390,"url":"https:\/\/amphetaminapotek.com\/index.php\/product\/viagra\/","url_meta":{"origin":243,"position":0},"title":"viagra","author":"kris","date":"","format":false,"excerpt":"Viagra (sildenafil) slappnar av muskler som finns i blodk\u00e4rlens v\u00e4ggar och \u00f6kar blodfl\u00f6det till vissa delar av kroppen. Viagra anv\u00e4nds f\u00f6r att behandla erektil dysfunktion (impotens) hos m\u00e4n. Ett annat m\u00e4rke av sildenafil \u00e4r Revatio, som anv\u00e4nds f\u00f6r att behandla pulmonell arteriell hypertension och f\u00f6rb\u00e4ttra tr\u00e4ningskapaciteten hos m\u00e4n och kvinnor.\u2026","rel":"","context":"Liknande inl\u00e4gg","block_context":{"text":"Liknande inl\u00e4gg","link":""},"img":{"alt_text":"","src":"","width":0,"height":0},"classes":[]},{"id":253,"url":"https:\/\/amphetaminapotek.com\/index.php\/product\/soma-350-mg\/","url_meta":{"origin":243,"position":1},"title":"k\u00f6p Soma i sverige online utan recept","author":"kris","date":"","format":false,"excerpt":"Aspirin en sm\u00e4rtstillande och feberreducerare, i en grupp l\u00e4kemedel som kallas salicylater. Aspirin fungerar genom att minska substanser i kroppen som orsakar sm\u00e4rta och inflammation. Carisoprodol \u00e4r en muskelavslappnande medel. Det fungerar genom att blockera nervimpulser (eller sm\u00e4rtintegrationer) som skickas till hj\u00e4rnan. Soma Compound \u00e4r ett kombinationsl\u00e4kemedel som anv\u00e4nds p\u00e5\u2026","rel":"","context":"Liknande inl\u00e4gg","block_context":{"text":"Liknande inl\u00e4gg","link":""},"img":{"alt_text":"k\u00f6p Soma i sverige online utan recept","src":"https:\/\/i0.wp.com\/amphetaminapotek.com\/wp-content\/uploads\/2023\/04\/dsc_0612-scaled-1.jpg?resize=350%2C200&ssl=1","width":350,"height":200,"srcset":"https:\/\/i0.wp.com\/amphetaminapotek.com\/wp-content\/uploads\/2023\/04\/dsc_0612-scaled-1.jpg?resize=350%2C200&ssl=1 1x, https:\/\/i0.wp.com\/amphetaminapotek.com\/wp-content\/uploads\/2023\/04\/dsc_0612-scaled-1.jpg?resize=525%2C300&ssl=1 1.5x, https:\/\/i0.wp.com\/amphetaminapotek.com\/wp-content\/uploads\/2023\/04\/dsc_0612-scaled-1.jpg?resize=700%2C400&ssl=1 2x, https:\/\/i0.wp.com\/amphetaminapotek.com\/wp-content\/uploads\/2023\/04\/dsc_0612-scaled-1.jpg?resize=1050%2C600&ssl=1 3x, https:\/\/i0.wp.com\/amphetaminapotek.com\/wp-content\/uploads\/2023\/04\/dsc_0612-scaled-1.jpg?resize=1400%2C800&ssl=1 4x"},"classes":[]},{"id":239,"url":"https:\/\/amphetaminapotek.com\/index.php\/product\/tramadol-100mg200mg225mg\/","url_meta":{"origin":243,"position":2},"title":"Tramadol 100mg,200mg,225mg","author":"kris","date":"","format":false,"excerpt":"Tramadol \u00e4r en narkotisk-liknande sm\u00e4rtstillande medel. Tramadol anv\u00e4nds f\u00f6r att behandla m\u00e5ttlig till sv\u00e5r sm\u00e4rta hos vuxna. Tramadols f\u00f6rl\u00e4ngda fris\u00e4ttningsform \u00e4r f\u00f6r behandling av sm\u00e4rta dygnet runt. Tramadols f\u00f6rl\u00e4ngd fris\u00e4ttningsmedel \u00e4r inte avsedd f\u00f6r anv\u00e4ndning p\u00e5 grund av sm\u00e4rta.","rel":"","context":"Liknande inl\u00e4gg","block_context":{"text":"Liknande inl\u00e4gg","link":""},"img":{"alt_text":"","src":"https:\/\/i0.wp.com\/amphetaminapotek.com\/wp-content\/uploads\/2023\/04\/BN-QI336_TRAMA1_M_20161018152846.jpg?resize=350%2C200&ssl=1","width":350,"height":200,"srcset":"https:\/\/i0.wp.com\/amphetaminapotek.com\/wp-content\/uploads\/2023\/04\/BN-QI336_TRAMA1_M_20161018152846.jpg?resize=350%2C200&ssl=1 1x, https:\/\/i0.wp.com\/amphetaminapotek.com\/wp-content\/uploads\/2023\/04\/BN-QI336_TRAMA1_M_20161018152846.jpg?resize=525%2C300&ssl=1 1.5x, https:\/\/i0.wp.com\/amphetaminapotek.com\/wp-content\/uploads\/2023\/04\/BN-QI336_TRAMA1_M_20161018152846.jpg?resize=700%2C400&ssl=1 2x, https:\/\/i0.wp.com\/amphetaminapotek.com\/wp-content\/uploads\/2023\/04\/BN-QI336_TRAMA1_M_20161018152846.jpg?resize=1050%2C600&ssl=1 3x"},"classes":[]},{"id":386,"url":"https:\/\/amphetaminapotek.com\/index.php\/product\/tramadol-25mg-50mg-100mg-225mg\/","url_meta":{"origin":243,"position":3},"title":"K\u00f6p Tramadol 200mg och 50mg","author":"kris","date":"","format":false,"excerpt":"Tramadol \u00e4r en narkotisk-liknande sm\u00e4rtstillande medel. Tramadol anv\u00e4nds f\u00f6r att behandla m\u00e5ttlig till sv\u00e5r sm\u00e4rta hos vuxna. Tramadols f\u00f6rl\u00e4ngda fris\u00e4ttningsform \u00e4r f\u00f6r behandling av sm\u00e4rta dygnet runt. Tramadols f\u00f6rl\u00e4ngd fris\u00e4ttningsmedel \u00e4r inte avsedd f\u00f6r anv\u00e4ndning p\u00e5 grund av sm\u00e4rta.","rel":"","context":"Liknande inl\u00e4gg","block_context":{"text":"Liknande inl\u00e4gg","link":""},"img":{"alt_text":"K\u00f6p Tramadol 200mg och 50mg","src":"https:\/\/i0.wp.com\/amphetaminapotek.com\/wp-content\/uploads\/2023\/04\/Tramadol-FBMeme.png?resize=350%2C200&ssl=1","width":350,"height":200,"srcset":"https:\/\/i0.wp.com\/amphetaminapotek.com\/wp-content\/uploads\/2023\/04\/Tramadol-FBMeme.png?resize=350%2C200&ssl=1 1x, https:\/\/i0.wp.com\/amphetaminapotek.com\/wp-content\/uploads\/2023\/04\/Tramadol-FBMeme.png?resize=525%2C300&ssl=1 1.5x, https:\/\/i0.wp.com\/amphetaminapotek.com\/wp-content\/uploads\/2023\/04\/Tramadol-FBMeme.png?resize=700%2C400&ssl=1 2x"},"classes":[]},{"id":254,"url":"https:\/\/amphetaminapotek.com\/index.php\/product\/elvanse\/","url_meta":{"origin":243,"position":4},"title":"K\u00f6p\u00a0Elvanse online i Sverige","author":"kris","date":"","format":false,"excerpt":"Vyvanse (lisdexamfetamin) \u00e4r ett stimulansmedel i centrala nervsystemet. Det p\u00e5verkar kemikalier i hj\u00e4rnan och nerver som bidrar till hyperaktivitet och impulskontroll. Vyvanse \u00e4r FDA-godk\u00e4nd f\u00f6r behandling av ADHD vid ADHD hos vuxna och hos barn som \u00e4r minst 6 \u00e5r gamla. Vyvanse anv\u00e4nds ocks\u00e5 f\u00f6r att behandla m\u00e5ttlig till sv\u00e5r\u2026","rel":"","context":"Liknande inl\u00e4gg","block_context":{"text":"Liknande inl\u00e4gg","link":""},"img":{"alt_text":"K\u00f6p\u00a0Elvanse online i Sverige","src":"https:\/\/i0.wp.com\/amphetaminapotek.com\/wp-content\/uploads\/2023\/04\/Vyvanse_capsules-scaled-1.jpg?resize=350%2C200&ssl=1","width":350,"height":200,"srcset":"https:\/\/i0.wp.com\/amphetaminapotek.com\/wp-content\/uploads\/2023\/04\/Vyvanse_capsules-scaled-1.jpg?resize=350%2C200&ssl=1 1x, https:\/\/i0.wp.com\/amphetaminapotek.com\/wp-content\/uploads\/2023\/04\/Vyvanse_capsules-scaled-1.jpg?resize=525%2C300&ssl=1 1.5x, https:\/\/i0.wp.com\/amphetaminapotek.com\/wp-content\/uploads\/2023\/04\/Vyvanse_capsules-scaled-1.jpg?resize=700%2C400&ssl=1 2x, https:\/\/i0.wp.com\/amphetaminapotek.com\/wp-content\/uploads\/2023\/04\/Vyvanse_capsules-scaled-1.jpg?resize=1050%2C600&ssl=1 3x, https:\/\/i0.wp.com\/amphetaminapotek.com\/wp-content\/uploads\/2023\/04\/Vyvanse_capsules-scaled-1.jpg?resize=1400%2C800&ssl=1 4x"},"classes":[]},{"id":510,"url":"https:\/\/amphetaminapotek.com\/index.php\/product\/dexedrine\/","url_meta":{"origin":243,"position":5},"title":"k\u00f6p Dexedrine Spansule i sverige","author":"kris","date":"","format":false,"excerpt":"Vad \u00e4r k\u00f6p Dexedrine Spansule i sverige? Dexedrine Spansule \u00e4r ett stimulerande medel i centrala nervsystemet. Det p\u00e5verkar kemikalier i hj\u00e4rnan och nerverna som bidrar till hyperaktivitet och impulskontroll. k\u00f6p Dexedrine Spansule i sverige anv\u00e4nds f\u00f6r att behandla narkolepsi och ADHD (ADHD). k\u00f6p Dexedrine i sverige Spansule kan ocks\u00e5 anv\u00e4ndas\u2026","rel":"","context":"Liknande inl\u00e4gg","block_context":{"text":"Liknande inl\u00e4gg","link":""},"img":{"alt_text":"k\u00f6p Dexedrine i sverige","src":"https:\/\/i0.wp.com\/amphetaminapotek.com\/wp-content\/uploads\/2023\/04\/Dexedrine-5-mg-600x600-1.jpg?resize=350%2C200&ssl=1","width":350,"height":200,"srcset":"https:\/\/i0.wp.com\/amphetaminapotek.com\/wp-content\/uploads\/2023\/04\/Dexedrine-5-mg-600x600-1.jpg?resize=350%2C200&ssl=1 1x, https:\/\/i0.wp.com\/amphetaminapotek.com\/wp-content\/uploads\/2023\/04\/Dexedrine-5-mg-600x600-1.jpg?resize=525%2C300&ssl=1 1.5x"},"classes":[]}],"jetpack_sharing_enabled":true,"_links":{"self":[{"href":"https:\/\/amphetaminapotek.com\/index.php\/wp-json\/wp\/v2\/product\/243","targetHints":{"allow":["GET"]}}],"collection":[{"href":"https:\/\/amphetaminapotek.com\/index.php\/wp-json\/wp\/v2\/product"}],"about":[{"href":"https:\/\/amphetaminapotek.com\/index.php\/wp-json\/wp\/v2\/types\/product"}],"replies":[{"embeddable":true,"href":"https:\/\/amphetaminapotek.com\/index.php\/wp-json\/wp\/v2\/comments?post=243"}],"wp:featuredmedia":[{"embeddable":true,"href":"https:\/\/amphetaminapotek.com\/index.php\/wp-json\/wp\/v2\/media\/273"}],"wp:attachment":[{"href":"https:\/\/amphetaminapotek.com\/index.php\/wp-json\/wp\/v2\/media?parent=243"}],"wp:term":[{"taxonomy":"product_brand","embeddable":true,"href":"https:\/\/amphetaminapotek.com\/index.php\/wp-json\/wp\/v2\/product_brand?post=243"},{"taxonomy":"product_cat","embeddable":true,"href":"https:\/\/amphetaminapotek.com\/index.php\/wp-json\/wp\/v2\/product_cat?post=243"},{"taxonomy":"product_tag","embeddable":true,"href":"https:\/\/amphetaminapotek.com\/index.php\/wp-json\/wp\/v2\/product_tag?post=243"}],"curies":[{"name":"wp","href":"https:\/\/api.w.org\/{rel}","templated":true}]}}