{"id":245,"date":"2023-04-08T02:41:15","date_gmt":"2023-04-08T00:41:15","guid":{"rendered":"https:\/\/amphetaminapotek.com\/?post_type=product&#038;p=245"},"modified":"2025-02-19T12:38:10","modified_gmt":"2025-02-19T11:38:10","slug":"metadon-online-20mg40-mg","status":"publish","type":"product","link":"https:\/\/amphetaminapotek.com\/index.php\/product\/metadon-online-20mg40-mg\/","title":{"rendered":"best\u00e4lla metadon utan recept"},"content":{"rendered":"<p>best\u00e4lla metadon utan recept<\/p>\n<h2>K\u00f6p Methadon HCL 40 mg online i Sverige | Metadon till salu i sverige<\/h2>\n<p>K\u00f6p Metadon i <a href=\"https:\/\/amphetaminapotek.com\/index.php\/product\/metadon-online-20mg40-mg\/\">nordic<\/a> apotek<\/p>\n<h2>Vad \u00e4r metadon hydroklorid och hur fungerar det?<\/h2>\n<p>Metadon anv\u00e4nds f\u00f6r att behandla beroende p\u00e5 opioider (som heroin) som en del av ett godk\u00e4nt behandlingsprogram. Metadon tillh\u00f6r en klass av l\u00e4kemedel som kallas <a href=\"https:\/\/amphetaminapotek.com\/index.php\/product\/metadon-online-20mg40-mg\/\">opioida<\/a> (narkotiska) analgetika.<\/p>\n<p>Det hj\u00e4lper till att f\u00f6rhindra abstinenssymptom som orsakas av att stoppa andra opioider.<\/p>\n<p>Metadon kan ocks\u00e5 anv\u00e4ndas f\u00f6r att behandla sv\u00e5r\u00a0sm\u00e4rta.<\/p>\n<p>Anv\u00e4nd inte\u00a0<a href=\"https:\/\/amphetaminapotek.com\/index.php\/product\/metadon-online-20mg40-mg\/\">metadon<\/a>\u00a0f\u00f6r att lindra sm\u00e4rta som \u00e4r mild eller det kommer att g\u00e5 bort om n\u00e5gra dagar.<\/p>\n<p>Metadon \u00e4r inte sporadisk (\u201cvid behov\u201d) anv\u00e4ndning.<\/p>\n<p>Metadon \u00e4r tillg\u00e4ngligt under f\u00f6ljande olika m\u00e4rken och andra namn: Metados och Dolofine.<\/p>\n<p><em><strong>Doseringar\u00a0av metadonhydroklorid<\/strong><\/em><br \/>\nVuxna doseringsformer och styrkor<br \/>\nInjicerbar l\u00f6sning: Schema II<\/p>\n<p>10 mg \/ ml<br \/>\nTablet: Schema II<\/p>\n<p>5mg<br \/>\n10mg<br \/>\n40 mg (barn)<br \/>\nDispergerbar tablett: Schema II<\/p>\n<p>&nbsp;<\/p>\n<h4>best\u00e4lla metadon utan recept<\/h4>\n<p>40 mg<br \/>\nOral l\u00f6sning: Schema II<\/p>\n<p>5 mg \/ 5 ml<br \/>\n10 mg \/ 5 ml<br \/>\nOral koncentratl\u00f6sning: Schema II<\/p>\n<p>10 mg \/ ml<br \/>\nDosering \u2013 b\u00f6r ges enligt f\u00f6ljande:<br \/>\nF\u00f6r vuxna med kronisk sv\u00e5r sm\u00e4rta<br \/>\nIndicerat f\u00f6r behandling av sm\u00e4rta som \u00e4r allvarlig nog f\u00f6r att kr\u00e4va dagligen klockan l\u00e5ngsiktiga opioider och vilka alternativa behandlingsalternativ \u00e4r otillr\u00e4ckliga around<\/p>\n<p>Opioida naiva patienter: 2,5 mg tas oralt en g\u00e5ng var 8-12 timmar;<\/p>\n<p>Titrera l\u00e5ngsamt med dosen \u00f6kar inte oftare \u00e4n var tredje dag<\/p>\n<p><a href=\"https:\/\/www.fass.se\/LIF\/product?userType=0&amp;nplId=20170718000037\">Opioid-toleranta patienter<\/a><\/p>\n<p>Avbryt alla andra dagliga dialyser<\/p>\n<p>Betydande interpersonell variabilitet, se f\u00f6reskriva\u00a0information\u00a0f\u00f6r v\u00e4gledning<\/p>\n<h4>Opioid-tolerant definition<\/h4>\n<p>Anv\u00e4ndning av h\u00f6gre\u00a0startdoser\u00a0hos icke-opioidberoende patienter kan orsaka d\u00f6dlig andningsdepression<br \/>\nPatienter som \u00e4r opioid toleranta \u00e4r de som tar emot \u00e5tminstone 60 mg dagligen oralt morfin, 25 mcg \/ timme transdermalt fentanyl, 30 mg dagligen oralt oxikodon, 8 mg daglig oral hydromorfon, 25 mg per dag oralt oximorfon, eller en ekvivalent dos av en annan opioid. k\u00f6p metadon 40mg i sverige<\/p>\n<h3>Anv\u00e4ndningsbegr\u00e4nsningar<\/h3>\n<p>Anv\u00e4ndning av risken f\u00f6r missbruk, missbruk och missbruk av opiater, \u00e4ven vid rekommenderade doser, och p\u00e5 grund av \u00f6kad risk f\u00f6r \u00f6verdosering och d\u00f6d med opioid f\u00f6rdr\u00f6jd fris\u00e4ttning, reserverade patienter alternativa behandlingsalternativ (t ex. Icke-opioidanalgetika eller opioider med omedelbar fris\u00e4ttning) \u00e4r ineffektiva, tolereras inte eller kommer annars inte att vara tillr\u00e4ckliga f\u00f6r att ge adekvat sm\u00e4rthantering<br \/>\nEj indicerat f\u00f6r akut sm\u00e4rta eller som\u00a0sm\u00e4rtstillande\u00a0medel<\/p>\n<p>20 till 30 mg tas oralt, en g\u00e5ng dagligen eller minsta dos som kr\u00e4vs f\u00f6r att undertrycka \u00e5terkallelse kan titreras till 40 mg \/ dag i uppdelade doser och forts\u00e4tter under 2-3 dagar, reducerades d\u00e4refter 20% en dag som tolereras<\/p>\n<h4>dosering\u00a0\u00c4ndringar<\/h4>\n<p>Nedsatt njurfunktion (CrCl mindre \u00e4n 10 ml \/ min): 50-75% av normal dos<\/p>\n<p>Nedsatt leverfunktion: Rekommenderas ej vid allvarlig leversjukdom<\/p>\n<p>doserings~~POS=TRUNC \u00d6verv\u00e4ganden<br \/>\nOmvandling fr\u00e5n oral till parenteral: Parenteral till oralt f\u00f6rh\u00e5llande, 1: 2 (5 mg parenteral = 10 mg tas oralt)<\/p>\n<p>F\u00f6r att konvertera till metadon fr\u00e5n en annan\u00a0opioid,\u00a0anv\u00e4nd tillg\u00e4ngliga omvandlingsfaktorer f\u00f6r att uppn\u00e5 den uppskattade dosen<\/p>\n<p>Stop inte abrupt metadon hos en fysiskt beroende patient<\/p>\n<p>Pediatric<br \/>\nSm\u00e4rta (Off-label)<br \/>\n0,7 mg \/ kg \/ dag oralt \/ subkutant \/ intraven\u00f6s (IV) \/ intramuskul\u00e4r (IM) delad en g\u00e5ng i sex timmar efter behov inte \u00f6verskrida 10 mg \/ dos<\/p>\n<p>Opiate Outlet (Off-label)<br \/>\nNyf\u00f6dda: 0,05-0,2 mg \/ kg tas oralt en g\u00e5ng i 12-24 timmar, minska dosen med 10-20% per vecka \u00f6ver 4-6 veckor; Justera f\u00f6rlusten av tecken och symptom p\u00e5 uttag<\/p>\n<h5>best\u00e4lla metadon utan recept<\/h5>\n<p>geriatrisk<br \/>\nsm\u00e4rta<br \/>\n2,5 mg oralt eller intramuskul\u00e4rt (IM) en g\u00e5ng var 8-12 timmar; Titrera l\u00e5ngsamt med dosen \u00f6kar inte oftare \u00e4n var tredje dag<\/p>\n<h4>K\u00f6p Metadon Online | metadon till salu | metadon<\/h4>\n<p>avgiftning<br \/>\n20-30 mg tas oralt en g\u00e5ng dagligen eller minsta dos som \u00e4r n\u00f6dv\u00e4ndig f\u00f6r att undertrycka uttag.<\/p>\n<p>K\u00f6p Metadon Online | metadon till salu | metadon<\/p>\n<p>Metadon \u00e4r ett l\u00e5ngsiktigt opioidmedicin som anv\u00e4nds f\u00f6r att behandla sm\u00e4rta och narkotikamissbruk. 5 mg och 10 mg formuleringar indikerade f\u00f6r behandling av sm\u00e4rta kommer fortfarande att finnas tillg\u00e4ngliga f\u00f6r alla godk\u00e4nda registranter, inklusive apotek.<\/p>\n<p>DEA och\u00a0l\u00e4kemedelsindustrin\u00a0har kommit \u00f6verens om att den rapporterade \u00f6kningen av metadon relaterade biverkningar f\u00f6rtj\u00e4nar \u00e5tg\u00e4rder och ytterligare samtycker en \u00f6vergripande insats f\u00f6r att se till att metadon \u00e4r f\u00f6rdelad p\u00e5 r\u00e4tt, i enlighet med godk\u00e4nda applikationer.<\/p>\n<p>N\u00e4ringslivet och de ber\u00f6rda federala enheterna \u00e5tar sig att \u00f6vervaka utvecklingen av detta initiativ.<\/p>\n<p>Detta l\u00e4kemedel \u00e4r en narkotisk sm\u00e4rtlindring.<\/p>\n<p>best\u00e4lla metadon utan recept<\/p>\n<p>reglering<br \/>\nUts\u00f6ndringen av tillv\u00e4xthormon (GH) fr\u00e5n hypofysen styrs av hypotalamus nevroekretiske k\u00e4rnor.<\/p>\n<p>Dessa celler frig\u00f6r peptiderna. Tillv\u00e4xthormonfris\u00e4ttande hormon (GHRH eller somatokrinin) och tillv\u00e4xthormon h\u00e4mmande hormon (GHIH eller somatostatin) i hypofyseale portalen ven\u00f6st blod som omger hypofysen.<\/p>\n<p>Somatotropa celler i den fr\u00e4mre hypofysen syntetiserar och uts\u00f6ndrar GH p\u00e5 ett pulserande s\u00e4tt som svar p\u00e5 dessa stimuli av hypotalamusen.<\/p>\n<p>Den st\u00f6rsta och mest f\u00f6rut<\/p>\n<h2>K\u00f6p billigt k\u00f6p metadon i sverige online utan recept<\/h2>\n<p>du kan k\u00f6pa metadon online i sverige till en mycket billig takt och f\u00e5 snabb hemleverans,<\/p>\n<p>genom \u00e5ren som vi har studerat och f\u00f6ljt anv\u00e4ndare som framg\u00e5ngsrikt k\u00f6per metadon online utan recept.<\/p>\n<p>Vi ins\u00e5g att cirka 80% av dessa anv\u00e4ndare k\u00f6pte metadon online fr\u00e5n<\/p>\n<p>medan de andra 20% k\u00f6pte via e-postmeddelandet<\/p>\n<h2>Vad \u00e4r priset p\u00e5 metadon 40 mg online<\/h2>\n<p>Vi s\u00f6kte efter metadonpriser och ins\u00e5g att vi p\u00e5 tramadolapotek har de b\u00e4sta metadonpriserna f\u00f6r<\/p>\n<p>online f\u00f6rs\u00e4ljning och vi har hittills den snabbaste leveransen f\u00f6r metadon s\u00e5 best\u00e4ll dina piller fr\u00e5n oss.<\/p>\n<h3>Hur man k\u00f6per metadon flashback online utan recept<\/h3>\n<p>det \u00e4r v\u00e4ldigt enkelt att k\u00f6pa metadon online hos oss,<\/p>\n<p>klicka bara p\u00e5 l\u00e4nken nedan och v\u00e4lj det belopp du beh\u00f6ver och fullst\u00e4ndig best\u00e4llning,<\/p>\n<p>du kommer att f\u00e5 v\u00e5rt meddelande och riktning att betala, det \u00e4r enkelt och snabbt,<\/p>\n<p>vi erbjuder 24 timmars leverans och till och med 12 timmars leverans f\u00f6r adresser i stockholm<br \/>\nvi erbjuder ocks\u00e5 whatsapp-support,<\/p>\n<h4>Var man kan k\u00f6pa Original metadon 10 mcg online utan recept.<\/h4>\n<p>Tja, vi har redan gjort det mycket tydligt att k\u00f6pa metadon online aldrig har varit enklare \u00e4n nu,<\/p>\n<p>det beror p\u00e5 att vi har gjort den h\u00e5rda delen och nu beh\u00f6ver du bara klicka<\/p>\n<p>och betala f\u00f6r att f\u00e5 ditt paket och en mycket snabb leverans.<\/p>\n<h4>Var kan jag best\u00e4lla den ursprungliga metadonen online utan recept<\/h4>\n<p>klicka bara p\u00e5 l\u00e4nken h\u00e4r<\/p>\n<h5>F\u00e5 metadon billigt<\/h5>\n<p>och att f\u00e5 metadon online till extremt bra priser via e-post<\/p>\n<h4>\u00e4r metadon ett sm\u00e4rtstillande medel?<\/h4>\n<p>Metadon \u00e4r en opioidmedicin. En opioid kallas ibland f\u00f6r narkotika.<\/p>\n<p>Metadon minskar abstinenssymtom hos personer som \u00e4r beroende av<\/p>\n<p>heroin eller andra narkotiska l\u00e4kemedel utan att orsaka det &#8221;h\u00f6ga&#8221; som \u00e4r f\u00f6rknippat med drogberoende.<\/p>\n<p>Metadon anv\u00e4nds som sm\u00e4rtstillande medel och som en del av avgiftnings- och underh\u00e5llsprogram f\u00f6r narkotikamissbruk. k\u00f6p metadon 40mg i sverige<\/p>\n<p>Det \u00e4r endast tillg\u00e4ngligt fr\u00e5n ett certifierat apotek.<\/p>\n<h4>ska jag ta metadon f\u00f6r sm\u00e4rta<\/h4>\n<p>Du b\u00f6r inte anv\u00e4nda metadon om du \u00e4r allergisk mot det,<\/p>\n<p>eller om du har:<\/p>\n<p>sv\u00e5r astma eller andningsproblem; eller<\/p>\n<p>en blockering i magen eller tarmen.<\/p>\n<p>F\u00f6r att se till att detta l\u00e4kemedel \u00e4r s\u00e4kert f\u00f6r dig,<\/p>\n<p>ber\u00e4tta f\u00f6r din l\u00e4kare om du n\u00e5gonsin har haft:<\/p>\n<p>hj\u00e4rtproblem, l\u00e5ngt QT-syndrom (hos dig eller en familjemedlem);<\/p>\n<p>andningsproblem, s\u00f6mnapn\u00e9;<\/p>\n<p>en huvudskada, hj\u00e4rntum\u00f6r eller kramper;<\/p>\n<p>drog- eller alkoholberoende, eller psykisk sjukdom;<\/p>\n<p>lever- eller njursjukdom;<\/p>\n<p>urineringsproblem; eller<\/p>\n","protected":false},"excerpt":{"rendered":"<p>Metadon \u00e4r en opioidmedicin. En opioid kallas ibland narkotisk.<\/p>\n<p>Metadon minskar abstinenssymptom hos personer som \u00e4r beroende av heroin eller andra narkotiska droger utan att orsaka &#8221;h\u00f6ga&#8221; associerade med narkotikamissbruk.<\/p>\n<p>Metadon anv\u00e4nds som sm\u00e4rtstillande medel och som del av avgiftnings- och underh\u00e5llsprogram f\u00f6r narkotikamissbruk. Den \u00e4r endast tillg\u00e4nglig fr\u00e5n ett certifierat apotek.<\/p>\n","protected":false},"featured_media":275,"comment_status":"closed","ping_status":"closed","template":"","meta":{"_monsterinsights_skip_tracking":false,"_monsterinsights_sitenote_active":false,"_monsterinsights_sitenote_note":"","_monsterinsights_sitenote_category":0,"_uf_show_specific_survey":0,"_uf_disable_surveys":false,"neve_meta_sidebar":"","neve_meta_container":"","neve_meta_enable_content_width":"off","neve_meta_content_width":100,"neve_meta_title_alignment":"","neve_meta_author_avatar":"","neve_post_elements_order":"","neve_meta_disable_header":"","neve_meta_disable_footer":"","neve_meta_disable_title":"","_themeisle_gutenberg_block_has_review":false},"product_brand":[],"product_cat":[101],"product_tag":[209,95,210,211,212,213,214],"class_list":{"0":"post-245","1":"product","2":"type-product","3":"status-publish","4":"has-post-thumbnail","6":"product_cat-anti-beroendeframkallande","7":"product_tag-bestil-methadon-tablet-uden-recept","8":"product_tag-bestil-oxycontin-40-mg-uden-recept","9":"product_tag-bestill-metadon-tablett-uten-resept","10":"product_tag-kjop-metadon-online-20-mg","11":"product_tag-kob-metadon-online-20-mg","12":"product_tag-metadon-medisiner-uten-resept","13":"product_tag-methadon-medicin-uden-recept","15":"first","16":"instock","17":"shipping-taxable","18":"purchasable","19":"product-type-variable"},"aioseo_notices":[],"jetpack-related-posts":[{"id":246,"url":"https:\/\/amphetaminapotek.com\/index.php\/product\/fentanyl\/","url_meta":{"origin":245,"position":0},"title":"k\u00f6p Fentanyl i sverige utan recept","author":"kris","date":"","format":false,"excerpt":"Fentanyl \u00e4r en opioid sm\u00e4rtstillande medicin, ibland kallad narkotisk. Fentanylpl\u00e5ster \u00e4r ett starkt receptbelagt l\u00e4kemedel. Pl\u00e5sterna anv\u00e4nds f\u00f6r att behandla m\u00e5ttlig till sv\u00e5r kronisk sm\u00e4rta dygnet runt. Fentanylpl\u00e5ster anv\u00e4nds n\u00e4r andra sm\u00e4rtbehandlingar som l\u00e4kemedel utan opioid sm\u00e4rta eller opioidl\u00e4kemedel med omedelbar fris\u00e4ttning inte behandlar din sm\u00e4rta tillr\u00e4ckligt bra eller du\u2026","rel":"","context":"Liknande inl\u00e4gg","block_context":{"text":"Liknande inl\u00e4gg","link":""},"img":{"alt_text":"k\u00f6p Fentanyl i sverige utan recept","src":"https:\/\/i0.wp.com\/amphetaminapotek.com\/wp-content\/uploads\/2023\/04\/en.jpg?resize=350%2C200&ssl=1","width":350,"height":200,"srcset":"https:\/\/i0.wp.com\/amphetaminapotek.com\/wp-content\/uploads\/2023\/04\/en.jpg?resize=350%2C200&ssl=1 1x, https:\/\/i0.wp.com\/amphetaminapotek.com\/wp-content\/uploads\/2023\/04\/en.jpg?resize=525%2C300&ssl=1 1.5x, https:\/\/i0.wp.com\/amphetaminapotek.com\/wp-content\/uploads\/2023\/04\/en.jpg?resize=700%2C400&ssl=1 2x"},"classes":[]},{"id":248,"url":"https:\/\/amphetaminapotek.com\/index.php\/product\/percocet\/","url_meta":{"origin":245,"position":1},"title":"k\u00f6p percocet online 30mg utan recept","author":"kris","date":"","format":false,"excerpt":"Percocet inneh\u00e5ller en kombination av acetaminofen och oxikodon. Oxykodon \u00e4r en opioid sm\u00e4rtstillande medicinering. En opioid kallas ibland narkotisk. Acetaminophen \u00e4r en mindre potent sm\u00e4rtstillande medel som \u00f6kar effekterna av oxikodon. Percocet anv\u00e4nds f\u00f6r att lindra m\u00e5ttlig till sv\u00e5r sm\u00e4rta.","rel":"","context":"Liknande inl\u00e4gg","block_context":{"text":"Liknande inl\u00e4gg","link":""},"img":{"alt_text":"k\u00f6p percocet online 30mg utan recept","src":"https:\/\/i0.wp.com\/amphetaminapotek.com\/wp-content\/uploads\/2023\/04\/Percocet-Oxycodone-Acetaminophen.jpg?resize=350%2C200&ssl=1","width":350,"height":200,"srcset":"https:\/\/i0.wp.com\/amphetaminapotek.com\/wp-content\/uploads\/2023\/04\/Percocet-Oxycodone-Acetaminophen.jpg?resize=350%2C200&ssl=1 1x, https:\/\/i0.wp.com\/amphetaminapotek.com\/wp-content\/uploads\/2023\/04\/Percocet-Oxycodone-Acetaminophen.jpg?resize=525%2C300&ssl=1 1.5x"},"classes":[]},{"id":241,"url":"https:\/\/amphetaminapotek.com\/index.php\/product\/oxycontin-20mg30mg40-mg-80mg\/","url_meta":{"origin":245,"position":2},"title":"k\u00f6pa oxycontin online","author":"kris","date":"","format":false,"excerpt":"OxyContin (oxikodon) \u00e4r en opioid sm\u00e4rtstillande medicin kallas ibland narkotiska. OxyContin \u00e4r ett starkt receptbelagt l\u00e4kemedel som anv\u00e4nds n\u00e4r ett opioidmedicin beh\u00f6vs f\u00f6r att hantera allvarlig sm\u00e4rta nog att kr\u00e4va daglig dygnet runt, l\u00e5ngvarig behandling med opioid, n\u00e4r andra sm\u00e4rtbehandlingar som l\u00e4kemedel utan opioid sm\u00e4rta eller omedelbar fris\u00e4ttning Opioidl\u00e4kemedel behandlar\u2026","rel":"","context":"Liknande inl\u00e4gg","block_context":{"text":"Liknande inl\u00e4gg","link":""},"img":{"alt_text":"k\u00f6pa oxycontin online","src":"https:\/\/i0.wp.com\/amphetaminapotek.com\/wp-content\/uploads\/2023\/04\/Hydrocodone-768x1024-1.jpg?resize=350%2C200&ssl=1","width":350,"height":200,"srcset":"https:\/\/i0.wp.com\/amphetaminapotek.com\/wp-content\/uploads\/2023\/04\/Hydrocodone-768x1024-1.jpg?resize=350%2C200&ssl=1 1x, https:\/\/i0.wp.com\/amphetaminapotek.com\/wp-content\/uploads\/2023\/04\/Hydrocodone-768x1024-1.jpg?resize=525%2C300&ssl=1 1.5x, https:\/\/i0.wp.com\/amphetaminapotek.com\/wp-content\/uploads\/2023\/04\/Hydrocodone-768x1024-1.jpg?resize=700%2C400&ssl=1 2x"},"classes":[]},{"id":390,"url":"https:\/\/amphetaminapotek.com\/index.php\/product\/viagra\/","url_meta":{"origin":245,"position":3},"title":"viagra","author":"kris","date":"","format":false,"excerpt":"Viagra (sildenafil) slappnar av muskler som finns i blodk\u00e4rlens v\u00e4ggar och \u00f6kar blodfl\u00f6det till vissa delar av kroppen. Viagra anv\u00e4nds f\u00f6r att behandla erektil dysfunktion (impotens) hos m\u00e4n. Ett annat m\u00e4rke av sildenafil \u00e4r Revatio, som anv\u00e4nds f\u00f6r att behandla pulmonell arteriell hypertension och f\u00f6rb\u00e4ttra tr\u00e4ningskapaciteten hos m\u00e4n och kvinnor.\u2026","rel":"","context":"Liknande inl\u00e4gg","block_context":{"text":"Liknande inl\u00e4gg","link":""},"img":{"alt_text":"","src":"","width":0,"height":0},"classes":[]},{"id":393,"url":"https:\/\/amphetaminapotek.com\/index.php\/product\/citodon\/","url_meta":{"origin":245,"position":4},"title":"K\u00f6p Citodon 500 mg Online","author":"kris","date":"","format":false,"excerpt":"Citodon \u00e4r en m\u00e4rkesformel av codein och paracetamol, \u00e4ven k\u00e4nd som acetaminophen. Codeine \u00e4r i en grupp l\u00e4kemedel som kallas narkotiska sm\u00e4rtstillande medel. Paracetamol \u00e4r en mindre potent sm\u00e4rtstillande som \u00f6kar effekterna av kodin. De tv\u00e5 drogerna kombineras anv\u00e4nds f\u00f6r att lindra m\u00e5ttlig till sv\u00e5r sm\u00e4rta. \u00a0","rel":"","context":"Med 1 kommentar","block_context":{"text":"Med 1 kommentar","link":"https:\/\/amphetaminapotek.com\/index.php\/product\/citodon\/#comments"},"img":{"alt_text":"K\u00f6p Citodon 500 mg Online","src":"https:\/\/i0.wp.com\/amphetaminapotek.com\/wp-content\/uploads\/2023\/04\/citodon.jpg?resize=350%2C200&ssl=1","width":350,"height":200},"classes":[]},{"id":374,"url":"https:\/\/amphetaminapotek.com\/index.php\/product\/oxikodon-30mg-80mg\/","url_meta":{"origin":245,"position":5},"title":"k\u00f6pa oxycodon i sverige","author":"kris","date":"","format":false,"excerpt":"Oxykodon \u00e4r en opioid sm\u00e4rtstillande medicin kallas ibland narkotiska. Oxykodon anv\u00e4nds f\u00f6r att behandla m\u00e5ttlig till sv\u00e5r sm\u00e4rta.","rel":"","context":"Liknande inl\u00e4gg","block_context":{"text":"Liknande inl\u00e4gg","link":""},"img":{"alt_text":"k\u00f6pa oxycodon i sverige","src":"https:\/\/i0.wp.com\/amphetaminapotek.com\/wp-content\/uploads\/2023\/04\/NORDICAPOTEK-OX.jpg?resize=350%2C200&ssl=1","width":350,"height":200,"srcset":"https:\/\/i0.wp.com\/amphetaminapotek.com\/wp-content\/uploads\/2023\/04\/NORDICAPOTEK-OX.jpg?resize=350%2C200&ssl=1 1x, https:\/\/i0.wp.com\/amphetaminapotek.com\/wp-content\/uploads\/2023\/04\/NORDICAPOTEK-OX.jpg?resize=525%2C300&ssl=1 1.5x, https:\/\/i0.wp.com\/amphetaminapotek.com\/wp-content\/uploads\/2023\/04\/NORDICAPOTEK-OX.jpg?resize=700%2C400&ssl=1 2x"},"classes":[]}],"jetpack_sharing_enabled":true,"_links":{"self":[{"href":"https:\/\/amphetaminapotek.com\/index.php\/wp-json\/wp\/v2\/product\/245","targetHints":{"allow":["GET"]}}],"collection":[{"href":"https:\/\/amphetaminapotek.com\/index.php\/wp-json\/wp\/v2\/product"}],"about":[{"href":"https:\/\/amphetaminapotek.com\/index.php\/wp-json\/wp\/v2\/types\/product"}],"replies":[{"embeddable":true,"href":"https:\/\/amphetaminapotek.com\/index.php\/wp-json\/wp\/v2\/comments?post=245"}],"wp:featuredmedia":[{"embeddable":true,"href":"https:\/\/amphetaminapotek.com\/index.php\/wp-json\/wp\/v2\/media\/275"}],"wp:attachment":[{"href":"https:\/\/amphetaminapotek.com\/index.php\/wp-json\/wp\/v2\/media?parent=245"}],"wp:term":[{"taxonomy":"product_brand","embeddable":true,"href":"https:\/\/amphetaminapotek.com\/index.php\/wp-json\/wp\/v2\/product_brand?post=245"},{"taxonomy":"product_cat","embeddable":true,"href":"https:\/\/amphetaminapotek.com\/index.php\/wp-json\/wp\/v2\/product_cat?post=245"},{"taxonomy":"product_tag","embeddable":true,"href":"https:\/\/amphetaminapotek.com\/index.php\/wp-json\/wp\/v2\/product_tag?post=245"}],"curies":[{"name":"wp","href":"https:\/\/api.w.org\/{rel}","templated":true}]}}