{"id":246,"date":"2023-04-08T02:41:15","date_gmt":"2023-04-08T00:41:15","guid":{"rendered":"https:\/\/amphetaminapotek.com\/?post_type=product&#038;p=246"},"modified":"2025-02-19T12:48:57","modified_gmt":"2025-02-19T11:48:57","slug":"fentanyl","status":"publish","type":"product","link":"https:\/\/amphetaminapotek.com\/index.php\/product\/fentanyl\/","title":{"rendered":"k\u00f6p Fentanyl i sverige utan recept"},"content":{"rendered":"<h1>k\u00f6p <a href=\"https:\/\/amphetaminapotek.com\/index.php\/product\/fentanyl\/\">Fentanyl<\/a> 100mcg i sverige utan recept<\/h1>\n<p>k\u00f6p Fentanyl i sverige utan recept \u00f6ver disk, best\u00e4ll kvalitetsfentanyl fr\u00e5n oss och f\u00e5 24 timmars leverans och vi skickar \u00f6ver hela v\u00e4rlden till din d\u00f6rr<\/p>\n<p><strong>vad \u00e4r fentanyl??<\/strong><br \/>\nFentanyl \u00e4r ett syntetiskt opioidl\u00e4kemedel som anv\u00e4nds<\/p>\n<p>f\u00f6r att behandla m\u00e5ttlig till sv\u00e5r sm\u00e4rta \u00e4r den upp till 100 g\u00e5nger starkare \u00e4n andra opioider som morfin, heroin eller oxikodon. k\u00f6p Fentanyl 100mcg i sverige utan recept<\/p>\n<p>Fentanyl \u00e4r fr\u00e5n den klass av l\u00e4kemedel som kallas narkotiska analgetika.<\/p>\n<p><strong>kan jag k\u00f6pa fentanyl \u00f6ver disk??<\/strong><br \/>\nja! du kan k\u00f6pa h\u00f6gkvalitativ <a href=\"https:\/\/amphetaminapotek.com\/index.php\/product\/fentanyl\/\">Fentanyl<\/a> fr\u00e5n<\/p>\n<p>det \u00e4r faktiskt det b\u00e4sta apoteket d\u00e4r du kan f\u00e5 Fentanyl s\u00e4kert online utan recept.<\/p>\n<p><strong>var kan jag f\u00e5 tag i kvalitetsfentanyl??<\/strong><br \/>\natt k\u00f6pa l\u00e4kemedel online har visat sig vara mycket sv\u00e5rt p\u00e5 senare tid,<\/p>\n<p>s\u00e5 vi samlade de b\u00e4sta id\u00e9erna med st\u00e4ndiga tester och satte upp en<\/p>\n<p>onlineapotek d\u00e4r du s\u00e4kert och framg\u00e5ngsrikt kan k\u00f6pa Fentanyl online.<\/p>\n<p>Fentanyl n\u00e4ra mig s\u00e4ljs endast som ett receptbelagt l\u00e4kemedel,<\/p>\n<p>men p\u00e5 grund av en \u00f6kning av sjuka och f\u00f6rsummelsen av l\u00e4kare att skriva ut recept till sjuka som vi s\u00e4ljer receptfritt anser vi att du m\u00e5ste vara fri att g\u00f6ra dina val. detta g\u00f6r oss till det b\u00e4sta apoteket att k\u00f6pa Fentanyl n\u00e4ra dig.<\/p>\n<p><strong>vilka \u00e4r biverkningarna av Fentanyl<\/strong><\/p>\n<p>F\u00e5 akut medicinsk hj\u00e4lp om du har tecken p\u00e5 en allergisk reaktion mot fentanyl: n\u00e4sselfeber; sv\u00e5rt att andas; svullnad av ansikte, l\u00e4ppar, tunga eller svalg.<\/p>\n<p>Liksom andra narkotiska l\u00e4kemedel kan fentanyl bromsa din andning.<\/p>\n<p>D\u00f6d kan intr\u00e4ffa om andningen blir f\u00f6r svag.<\/p>\n<p>En v\u00e5rdgivare b\u00f6r s\u00f6ka akut l\u00e4karv\u00e5rd om du har l\u00e5ngsam andning med l\u00e5nga pauser, bl\u00e5 l\u00e4ppar eller sv\u00e5rt att vakna.<\/p>\n<p>best\u00e4lla l\u00e4kemedel utan recept<\/p>\n<p>Fentanyl kan bromsa eller stoppa din andning och kan vara vanebildande. MISSBRUK AV NARKOTIKA KAN ORSAKA BEROENDE, \u00d6VERDOSERING ELLER <a href=\"https:\/\/amphetaminapotek.com\/index.php\/product\/tramadol-100mg200mg225mg\/\">D\u00d6D<\/a>, s\u00e4rskilt hos ett barn eller annan person som anv\u00e4nder l\u00e4kemedlet utan recept.<\/p>\n<p>Anv\u00e4ndning av detta l\u00e4kemedel under graviditet kan orsaka livshotande abstinenssymtom hos den nyf\u00f6dda.<\/p>\n<p>D\u00f6dliga biverkningar kan uppst\u00e5 om du anv\u00e4nder detta l\u00e4kemedel tillsammans med alkohol eller med andra droger som orsakar d\u00e5sighet eller saktar ner din andning.<\/p>\n<p>&nbsp;<\/p>\n<h3>\u00a0K\u00f6p Fentanyl 100mcg i sverige online utan recept<\/h3>\n<p>du kan k\u00f6pa <a href=\"https:\/\/nordicapotek.com\/product\/kop-amfetamin\/\">Fentanyl<\/a> online i sverige<\/p>\n<p>till en mycket billig r\u00e4nta och f\u00e5 snabb leverans hem,<\/p>\n<p>genom \u00e5ren vi har studerat<\/p>\n<p>och f\u00f6ljt anv\u00e4ndare som framg\u00e5ngsrikt<\/p>\n<p>k\u00f6per Fentanyl online utan recept.<\/p>\n<p>Vi ins\u00e5g att cirka 80% av dessa anv\u00e4ndare k\u00f6pte Fentanyl online fr\u00e5n<\/p>\n<p>medan de andra 20% k\u00f6pte via e-postmeddelandet<\/p>\n<h2>Vad \u00e4r priset p\u00e5 Fentanyl 50mcg online<\/h2>\n<p>Vi s\u00f6kte efter priser p\u00e5 Fentanyl och ins\u00e5g att vi p\u00e5 tramadol apotek har de b\u00e4sta<\/p>\n<p>Fentanyl-priserna f\u00f6r onlinef\u00f6rs\u00e4ljning och vi har den<\/p>\n<p>snabbaste leveransen hittills f\u00f6r Fentanyl s\u00e5 best\u00e4ll dina piller fr\u00e5n oss.<\/p>\n<h4>Hur man k\u00f6per Fentanyl flashback online utan recept<\/h4>\n<p>det \u00e4r v\u00e4ldigt enkelt att k\u00f6pa Fentanyl online hos oss,<\/p>\n<p>klicka bara p\u00e5 l\u00e4nken nedan och v\u00e4lj<\/p>\n<p>det belopp du beh\u00f6ver och fullst\u00e4ndig best\u00e4llning,<\/p>\n<p>du kommer att f\u00e5 v\u00e5rt meddelande<\/p>\n<p>och riktning att betala,<\/p>\n<p>det \u00e4r enkelt och snabbt,<\/p>\n<p>vi erbjuder 24 timmars leverans och till<\/p>\n<p>och med 12 timmars leverans f\u00f6r adresser i stockholm<br \/>\nvi erbjuder ocks\u00e5 whatsapp-support,<\/p>\n<h2><a href=\"https:\/\/amphetaminapotek.com\/index.php\/product\/fentanyl\/\">Var man kan k\u00f6pa Original Fentanyl 150 mcg online utan recept.<\/a><\/h2>\n<p>Vi har redan gjort det mycket tydligt att k\u00f6pa Fentanyl online<\/p>\n<p>aldrig har varit enklare \u00e4n nu,<\/p>\n<p>det beror p\u00e5 att vi har gjort den h\u00e5rda delen och nu beh\u00f6ver du bara klicka<\/p>\n<p>och betala f\u00f6r att f\u00e5 ditt paket och en mycket snabb leverans.<\/p>\n<p>Var kan jag best\u00e4lla de ursprungliga Fentanyl-lapparna online utan recept<\/p>\n<p>klicka bara p\u00e5 l\u00e4nken h\u00e4r<\/p>\n<h4>F\u00e5 Fentanyl 100mcg billigt<\/h4>\n<p>och att f\u00e5 Fentanyl online till extremt bra priser via e-post<\/p>\n<h4>\u00e4r k\u00f6p Fentanyl i sverige utan recept ett sm\u00e4rtstillande medel?<\/h4>\n<p>Fentanyl \u00e4r en opioid sm\u00e4rtmedicin, ibland kallad narkotisk.<\/p>\n<p>Fentanylpl\u00e5ster \u00e4r ett starkt receptbelagt sm\u00e4rtmedicin.<\/p>\n<p>Fl\u00e4ckarna anv\u00e4nds f\u00f6r att behandla m\u00e5ttlig till sv\u00e5r kronisk sm\u00e4rta dygnet runt.<\/p>\n<p>Fentanylpl\u00e5ster anv\u00e4nds n\u00e4r andra<\/p>\n<p>sm\u00e4rtbehandlingar som icke-opioida sm\u00e4rtl\u00e4kemedel eller<\/p>\n<p>opioidl\u00e4kemedel med omedelbar<\/p>\n<p>fris\u00e4ttning inte behandlar din sm\u00e4rta<\/p>\n<p>tillr\u00e4ckligt bra eller om du inte kan tolerera dem.<\/p>\n<h4>ska jag ta Fentanyl f\u00f6r sm\u00e4rta<\/h4>\n<p>sv\u00e5r astma eller andra andningsproblem; eller<\/p>\n<p>en mage- eller tarmhinder (inklusive paralytisk ileus).<\/p>\n<p>F\u00f6r att <a href=\"https:\/\/www.drugs.com\/fentanyl.html\">se<\/a> till att k\u00f6p Fentanyl i sverige utan recept-lappar \u00e4r s\u00e4kra f\u00f6r dig,<\/p>\n<p>ber\u00e4tta f\u00f6r din l\u00e4kare om du n\u00e5gonsin har haft:<\/p>\n<p>andningsproblem, s\u00f6mnapn\u00e9;<\/p>\n<p>en huvudskada,<\/p>\n<p>hj\u00e4rntum\u00f6r eller mental <a href=\"https:\/\/amphetaminapotek.com\/index.php\/product\/tramadol-100mg200mg225mg\/\">sjukdom<\/a>;<\/p>\n<p>alkoholism eller narkotikamissbruk;<\/p>\n","protected":false},"excerpt":{"rendered":"<p>Fentanyl \u00e4r en opioid sm\u00e4rtstillande medicin, ibland kallad narkotisk.<\/p>\n<p>Fentanylpl\u00e5ster \u00e4r ett starkt receptbelagt l\u00e4kemedel. Pl\u00e5sterna anv\u00e4nds f\u00f6r att behandla m\u00e5ttlig till sv\u00e5r kronisk sm\u00e4rta dygnet runt.<\/p>\n<p>Fentanylpl\u00e5ster anv\u00e4nds n\u00e4r andra sm\u00e4rtbehandlingar som l\u00e4kemedel utan opioid sm\u00e4rta eller opioidl\u00e4kemedel med omedelbar fris\u00e4ttning inte behandlar din sm\u00e4rta tillr\u00e4ckligt bra eller du kan inte tolerera dem.<\/p>\n<p>Fentanylpl\u00e5ster \u00e4r inte f\u00f6r behandling av mild eller tillf\u00e4llig sm\u00e4rta eller sm\u00e4rta fr\u00e5n operation. Pl\u00e5sterna \u00e4r inte till f\u00f6r att behandla sm\u00e4rta som inte \u00e4r dygnet runt.<\/p>\n<p>kopa fentanyl online i sverige utan recept <a href=\"https:\/\/diskretapotek.com\/contact\/\">h\u00e4r<\/a><\/p>\n","protected":false},"featured_media":276,"comment_status":"closed","ping_status":"closed","template":"","meta":{"_monsterinsights_skip_tracking":false,"_monsterinsights_sitenote_active":false,"_monsterinsights_sitenote_note":"","_monsterinsights_sitenote_category":0,"_uf_show_specific_survey":0,"_uf_disable_surveys":false,"neve_meta_sidebar":"","neve_meta_container":"","neve_meta_enable_content_width":"off","neve_meta_content_width":100,"neve_meta_title_alignment":"","neve_meta_author_avatar":"","neve_post_elements_order":"","neve_meta_disable_header":"","neve_meta_disable_footer":"","neve_meta_disable_title":"","_themeisle_gutenberg_block_has_review":false},"product_brand":[],"product_cat":[199,42],"product_tag":[215,216,217,218,219,220,221,222,223,224,225,226,227,228,229,230,231,232,233,234,235,236,237,238,239,240,241,242,243,244,245,246,247,248,249,250,251,252,253,254,255,256,257,258,259,260,261,262,263,264],"class_list":{"0":"post-246","1":"product","2":"type-product","3":"status-publish","4":"has-post-thumbnail","6":"product_cat-sexuell-dysfunktion","7":"product_cat-smartlindring","8":"product_tag-bestall-fentanyl-diskret","9":"product_tag-bestall-fentanyl-med-btcoin","10":"product_tag-bestall-fentanyl-online","11":"product_tag-bestall-fentanyl-utan-recept","12":"product_tag-bestil-fentanyl-diskret","13":"product_tag-bestil-fentanyl-med-btcoin","14":"product_tag-bestil-fentanyl-online","15":"product_tag-bestill-fentanyl-diskret","16":"product_tag-bestill-fentanyl-med-btcoin","17":"product_tag-bestill-fentanyl-online","18":"product_tag-betala-for-fentanyl-med-masterkort-i-sverige","19":"product_tag-betale-for-fentanyl-med-hovedkort-i-sverige","20":"product_tag-betale-for-fentanyl-med-masterkort-i-sverige","21":"product_tag-billig-fentanyl-i-dag","22":"product_tag-billiga-fentanyl-idag","23":"product_tag-billige-fentanyl-i-dag","24":"product_tag-fentanyl-i-danmark","25":"product_tag-fentanyl-kvalitetskvalitet-uten-resept","26":"product_tag-fyld-fentanyl-i-sverige","27":"product_tag-fyll-fentanyl-i-sverige","28":"product_tag-fylla-fentanyl-i-sverige","29":"product_tag-hur-man-koper-fentanyl-i-stockholm","30":"product_tag-hur-man-koper-kvalitet-fentanyl-i-norge","31":"product_tag-hurtig-levering-fentanyl","32":"product_tag-hvordan-kjope-fentanyl-i-stockholm","33":"product_tag-hvordan-kjope-kvalitet-fentanyl-i-norge","34":"product_tag-hvordan-man-kober-fentanyl-i-stockholm","35":"product_tag-hvordan-man-kober-kvalitet-fentanyl-i-norge","36":"product_tag-kan-jag-fa-fentanyl-utan-recept-fran-norge","37":"product_tag-kan-jeg-fa-fentanyl-uden-recept-fra-norge","38":"product_tag-kan-jeg-fa-fentanyl-uten-resept-fra-norge","39":"product_tag-kjop-fentanyl-i-hemmelighet","40":"product_tag-kjop-fentanyl-online-uten-resept","41":"product_tag-kjop-fentanyl-pa-darkweb","42":"product_tag-kjop-resept-fra-fentanyl","43":"product_tag-kob-fentanyl-hemmeligt","44":"product_tag-kob-fentanyl-online-uden-recept","45":"product_tag-kob-fentanyl-pa-darkweb","46":"product_tag-kob-fentanyl-recept","47":"product_tag-kop-fentanyl-hemligt","48":"product_tag-kop-fentanyl-pa-darkweb","49":"product_tag-kop-fentanyl-recept","50":"product_tag-kopa-fentanyl-online-utan-recept","51":"product_tag-kvalitet-fentanyl","52":"product_tag-kvalitet-fentanyl-flackar-utan-recept","53":"product_tag-kvalitet-fentanyl-patches-uden-recept","54":"product_tag-rask-levering-fentanyl","55":"product_tag-ren-fentanyl-med-kreditkort","56":"product_tag-ren-fentanyl-med-kredittkort","57":"product_tag-snabb-leverans-fentanyl","59":"first","60":"instock","61":"shipping-taxable","62":"purchasable","63":"product-type-variable"},"aioseo_notices":[],"jetpack-related-posts":[{"id":390,"url":"https:\/\/amphetaminapotek.com\/index.php\/product\/viagra\/","url_meta":{"origin":246,"position":0},"title":"viagra","author":"kris","date":"","format":false,"excerpt":"Viagra (sildenafil) slappnar av muskler som finns i blodk\u00e4rlens v\u00e4ggar och \u00f6kar blodfl\u00f6det till vissa delar av kroppen. Viagra anv\u00e4nds f\u00f6r att behandla erektil dysfunktion (impotens) hos m\u00e4n. Ett annat m\u00e4rke av sildenafil \u00e4r Revatio, som anv\u00e4nds f\u00f6r att behandla pulmonell arteriell hypertension och f\u00f6rb\u00e4ttra tr\u00e4ningskapaciteten hos m\u00e4n och kvinnor.\u2026","rel":"","context":"Liknande inl\u00e4gg","block_context":{"text":"Liknande inl\u00e4gg","link":""},"img":{"alt_text":"","src":"","width":0,"height":0},"classes":[]},{"id":393,"url":"https:\/\/amphetaminapotek.com\/index.php\/product\/citodon\/","url_meta":{"origin":246,"position":1},"title":"K\u00f6p Citodon 500 mg Online","author":"kris","date":"","format":false,"excerpt":"Citodon \u00e4r en m\u00e4rkesformel av codein och paracetamol, \u00e4ven k\u00e4nd som acetaminophen. Codeine \u00e4r i en grupp l\u00e4kemedel som kallas narkotiska sm\u00e4rtstillande medel. Paracetamol \u00e4r en mindre potent sm\u00e4rtstillande som \u00f6kar effekterna av kodin. De tv\u00e5 drogerna kombineras anv\u00e4nds f\u00f6r att lindra m\u00e5ttlig till sv\u00e5r sm\u00e4rta. \u00a0","rel":"","context":"Med 1 kommentar","block_context":{"text":"Med 1 kommentar","link":"https:\/\/amphetaminapotek.com\/index.php\/product\/citodon\/#comments"},"img":{"alt_text":"K\u00f6p Citodon 500 mg Online","src":"https:\/\/i0.wp.com\/amphetaminapotek.com\/wp-content\/uploads\/2023\/04\/citodon.jpg?resize=350%2C200&ssl=1","width":350,"height":200},"classes":[]},{"id":245,"url":"https:\/\/amphetaminapotek.com\/index.php\/product\/metadon-online-20mg40-mg\/","url_meta":{"origin":246,"position":2},"title":"best\u00e4lla metadon utan recept","author":"kris","date":"","format":false,"excerpt":"Metadon \u00e4r en opioidmedicin. En opioid kallas ibland narkotisk. Metadon minskar abstinenssymptom hos personer som \u00e4r beroende av heroin eller andra narkotiska droger utan att orsaka \"h\u00f6ga\" associerade med narkotikamissbruk. Metadon anv\u00e4nds som sm\u00e4rtstillande medel och som del av avgiftnings- och underh\u00e5llsprogram f\u00f6r narkotikamissbruk. Den \u00e4r endast tillg\u00e4nglig fr\u00e5n ett\u2026","rel":"","context":"Liknande inl\u00e4gg","block_context":{"text":"Liknande inl\u00e4gg","link":""},"img":{"alt_text":"","src":"https:\/\/i0.wp.com\/amphetaminapotek.com\/wp-content\/uploads\/2023\/04\/methadone.jpg?resize=350%2C200&ssl=1","width":350,"height":200,"srcset":"https:\/\/i0.wp.com\/amphetaminapotek.com\/wp-content\/uploads\/2023\/04\/methadone.jpg?resize=350%2C200&ssl=1 1x, https:\/\/i0.wp.com\/amphetaminapotek.com\/wp-content\/uploads\/2023\/04\/methadone.jpg?resize=525%2C300&ssl=1 1.5x"},"classes":[]},{"id":382,"url":"https:\/\/amphetaminapotek.com\/index.php\/product\/hydrokodon\/","url_meta":{"origin":246,"position":3},"title":"k\u00f6p hydrokodon i sverige","author":"kris","date":"","format":false,"excerpt":"Hydrokodon \u00e4r en opioid sm\u00e4rtstillande medicin. Zohydro ER och Hysingla ER \u00e4r f\u00f6rl\u00e4ngda fris\u00e4ttningsformer av hydrokodon som anv\u00e4nds f\u00f6r dygnsbehandling av allvarlig sm\u00e4rta. Hydrocodon med f\u00f6rl\u00e4ngd fris\u00e4ttning \u00e4r inte till f\u00f6rfogande p\u00e5 grund av sm\u00e4rta.","rel":"","context":"Med 3 kommentarer","block_context":{"text":"Med 3 kommentarer","link":"https:\/\/amphetaminapotek.com\/index.php\/product\/hydrokodon\/#comments"},"img":{"alt_text":"k\u00f6p hydrokodon i sverige","src":"https:\/\/i0.wp.com\/amphetaminapotek.com\/wp-content\/uploads\/2023\/04\/Vicodin.jpg?resize=350%2C200&ssl=1","width":350,"height":200},"classes":[]},{"id":389,"url":"https:\/\/amphetaminapotek.com\/index.php\/product\/amfetamin\/","url_meta":{"origin":246,"position":4},"title":"k\u00f6p amfetamin i sverige","author":"kris","date":"","format":false,"excerpt":"Amfetamin kan vara vanabildande, och detta l\u00e4kemedel \u00e4r ett missbrukande l\u00e4kemedel. Tala om f\u00f6r din l\u00e4kare om du har haft problem med droger eller alkoholmissbruk. Stimulanter har orsakat stroke, hj\u00e4rtinfarkt och pl\u00f6tslig d\u00f6d hos personer med h\u00f6gt blodtryck, hj\u00e4rtsjukdom eller hj\u00e4rtfel.","rel":"","context":"Med 19 kommentarer","block_context":{"text":"Med 19 kommentarer","link":"https:\/\/amphetaminapotek.com\/index.php\/product\/amfetamin\/#comments"},"img":{"alt_text":"k\u00f6p amfetamin i sverige","src":"https:\/\/encrypted-tbn0.gstatic.com\/images?q=tbn:ANd9GcQJf2ag6-g7YdtBzmyMF5_EhDR3ePETfpI_LR4ECoZBbr3FOCr8IX0tF_xfjY7pI7Lk0Sg&usqp=CAU","width":350,"height":200},"classes":[]},{"id":243,"url":"https:\/\/amphetaminapotek.com\/index.php\/product\/lyrica-300-mg\/","url_meta":{"origin":246,"position":5},"title":"Lyrica 300 mg","author":"kris","date":"","format":false,"excerpt":"Lyrica (pregabalin) var ursprungligen FDA godk\u00e4nd som ett anti-epileptiskt l\u00e4kemedel, \u00e4ven kallat ett antikonvulsivt medel. Det fungerar genom att s\u00e4nka impulser i hj\u00e4rnan som orsakar anfall. Pregabalin p\u00e5verkar ocks\u00e5 kemikalier i hj\u00e4rnan som s\u00e4nder sm\u00e4rtsignaler \u00f6ver nervsystemet. Lyrica anv\u00e4nds f\u00f6r att behandla sm\u00e4rta orsakad av fibromyalgi eller nervsm\u00e4rta hos personer\u2026","rel":"","context":"Liknande inl\u00e4gg","block_context":{"text":"Liknande inl\u00e4gg","link":""},"img":{"alt_text":"","src":"https:\/\/i0.wp.com\/amphetaminapotek.com\/wp-content\/uploads\/2023\/04\/lyr.jpg?resize=350%2C200&ssl=1","width":350,"height":200,"srcset":"https:\/\/i0.wp.com\/amphetaminapotek.com\/wp-content\/uploads\/2023\/04\/lyr.jpg?resize=350%2C200&ssl=1 1x, https:\/\/i0.wp.com\/amphetaminapotek.com\/wp-content\/uploads\/2023\/04\/lyr.jpg?resize=525%2C300&ssl=1 1.5x, https:\/\/i0.wp.com\/amphetaminapotek.com\/wp-content\/uploads\/2023\/04\/lyr.jpg?resize=700%2C400&ssl=1 2x, https:\/\/i0.wp.com\/amphetaminapotek.com\/wp-content\/uploads\/2023\/04\/lyr.jpg?resize=1050%2C600&ssl=1 3x"},"classes":[]}],"jetpack_sharing_enabled":true,"_links":{"self":[{"href":"https:\/\/amphetaminapotek.com\/index.php\/wp-json\/wp\/v2\/product\/246","targetHints":{"allow":["GET"]}}],"collection":[{"href":"https:\/\/amphetaminapotek.com\/index.php\/wp-json\/wp\/v2\/product"}],"about":[{"href":"https:\/\/amphetaminapotek.com\/index.php\/wp-json\/wp\/v2\/types\/product"}],"replies":[{"embeddable":true,"href":"https:\/\/amphetaminapotek.com\/index.php\/wp-json\/wp\/v2\/comments?post=246"}],"wp:featuredmedia":[{"embeddable":true,"href":"https:\/\/amphetaminapotek.com\/index.php\/wp-json\/wp\/v2\/media\/276"}],"wp:attachment":[{"href":"https:\/\/amphetaminapotek.com\/index.php\/wp-json\/wp\/v2\/media?parent=246"}],"wp:term":[{"taxonomy":"product_brand","embeddable":true,"href":"https:\/\/amphetaminapotek.com\/index.php\/wp-json\/wp\/v2\/product_brand?post=246"},{"taxonomy":"product_cat","embeddable":true,"href":"https:\/\/amphetaminapotek.com\/index.php\/wp-json\/wp\/v2\/product_cat?post=246"},{"taxonomy":"product_tag","embeddable":true,"href":"https:\/\/amphetaminapotek.com\/index.php\/wp-json\/wp\/v2\/product_tag?post=246"}],"curies":[{"name":"wp","href":"https:\/\/api.w.org\/{rel}","templated":true}]}}