{"id":247,"date":"2023-04-08T02:41:15","date_gmt":"2023-04-08T00:41:15","guid":{"rendered":"https:\/\/amphetaminapotek.com\/?post_type=product&#038;p=247"},"modified":"2025-02-19T12:58:21","modified_gmt":"2025-02-19T11:58:21","slug":"rohypnol","status":"publish","type":"product","link":"https:\/\/amphetaminapotek.com\/index.php\/product\/rohypnol\/","title":{"rendered":"K\u00f6p rohypnol online"},"content":{"rendered":"<ul>\n<li><!--more-->K\u00f6p rohypnol online | rohypnol till salu | best\u00e4lla Rohypnol<\/li>\n<\/ul>\n<h3>K\u00f6p <a href=\"https:\/\/amphetaminapotek.com\/index.php\/product\/rohypnol\/\">rohypnol<\/a> | rohypnol till salu |<\/h3>\n<p>Om du beh\u00f6ver kan du enkelt k\u00f6pa Rohypnol 2mg online utan recept.<\/p>\n<p>Flunitrazepam pill recept \u00e4r inte l\u00e4tt att f\u00e5, du beh\u00f6ver p\u00e5litlig och Legit Store f\u00f6r att best\u00e4lla Rohypnol piller och PillsOrderOnline \u00e4r en av dem.<\/p>\n<h3>Olika anv\u00e4ndningsomr\u00e5den f\u00f6r Flunitrazepam<\/h3>\n<p>En fullst\u00e4ndig 1 mg \u00e4r mer sannolikt att \u201csl\u00e5 ut anv\u00e4ndaren\u201d \u00e4n att lindra \u00e5ngest.<\/p>\n<p>Denna anv\u00e4ndning av flunitrazepam kommer s\u00e4kert att vara exceptionell, situationer som akuta situationer.<\/p>\n<p>v\u00e5ldtagare brukar anv\u00e4nda soporfa l\u00e4kemedel som \u00e4r l\u00e4ttare att f\u00f6rv\u00e4rva \u00e4n <a href=\"https:\/\/amphetaminapotek.com\/index.php\/product\/rohypnol\/\">flunitrazepam<\/a>, till exempel GHB.<\/p>\n<h4>\u00f6verskott<\/h4>\n<p>&nbsp;<\/p>\n<h1 class=\"product-title product_title entry-title\">K\u00f6p rohypnol online<\/h1>\n<p><a href=\"https:\/\/amphetaminapotek.com\"><strong>k\u00f6p\u00a0rohypnol online<\/strong><\/a>\u00a0\u00e4r ett medelh\u00f6gt verkande bensodiazepin med allm\u00e4nna egenskaper som liknar\u00a0Valium\u00a0(diazepam). Det anv\u00e4nds vid korttidsbehandling av s\u00f6mnl\u00f6shet, som premedicinering vid kirurgiska ingrepp och f\u00f6r att inducera anestesi.<\/p>\n<h2>Vilka \u00e4r effekterna av Rohypnols fass?<\/h2>\n<div>Medan\u00a0Rohypnols\u00a0har blivit allm\u00e4nt k\u00e4nt f\u00f6r sin anv\u00e4ndning som en dadelv\u00e5ldt\u00e4ktsdrog, missbrukas den oftare av andra sk\u00e4l. Det missbrukas av gymnasieelever, universitetsstudenter, gatug\u00e4ngmedlemmar, ravepartydeltagare och heroin- och kokainmissbrukare f\u00f6r att skapa djupt berusning, \u00f6ka m\u00e4ngden heroin och modulera effekterna av kokain. Ton\u00e5ringar och unga m\u00e4n i \u00e5ldern 13 till 30 \u00e5r har noterats som de fr\u00e4msta missbrukarna av\u00a0<a href=\"https:\/\/amphetaminapotek.com\">Rohypnol<\/a>.<\/div>\n<div><\/div>\n<div>Rohypnol konsumeras vanligtvis oralt och kombineras ofta med alkohol. Anv\u00e4ndning av\u00a0Rohypnol\u00a0orsakar ett antal negativa effekter, som kan vara i 12 timmar eller mer, inklusive:<\/div>\n<ul class=\"list-length-short list-type-paragraph\">\n<li>d\u00e5sighet, s\u00f6mn<\/li>\n<li>yrsel<\/li>\n<li>f\u00f6rlust av motorisk kontroll<\/li>\n<li>minskad reaktionstid<\/li>\n<li>nedsatt omd\u00f6me<\/li>\n<li>bristande samordning<\/li>\n<li>sluddrigt tal<\/li>\n<li>f\u00f6rvirring<\/li>\n<li>aggression eller upphetsning<\/li>\n<li>f\u00f6rlust av minne av h\u00e4ndelser under p\u00e5verkan (amnesi)<\/li>\n<li>magbesv\u00e4r<\/li>\n<li>andningsdepression med h\u00f6gre doser.<\/li>\n<\/ul>\n<h3>Kan man bli beroende av Rohypnol 2mg Online?<\/h3>\n<div>Kronisk anv\u00e4ndning av Rohypnol kan resultera i fysiskt beroende och uppkomsten av ett abstinenssyndrom n\u00e4r l\u00e4kemedlet avbryts.<\/div>\n<div><\/div>\n<div>Rohypnol f\u00f6rs\u00e4mrar kognitiva och psykomotoriska funktioner som p\u00e5verkar reaktionstiden och k\u00f6rf\u00f6rm\u00e5gan. Anv\u00e4ndningen av detta l\u00e4kemedel i kombination med alkohol \u00e4r ett s\u00e4rskilt problem eftersom b\u00e5da \u00e4r depressiva medel i centrala nervsystemet och kommer att \u00f6ka varandras toxicitet. Injektion av illegal drog riskerar anv\u00e4ndaren att drabbas av HIV (humant immunbristvirus), hepatit B och C och andra blodburna sjukdomar p\u00e5 grund av n\u00e5ldelning.<\/div>\n<div><\/div>\n<div>Abstinens kan intr\u00e4ffa vid anv\u00e4ndning av Rohypnol, liksom med andra bensodiazepiner. Kramper, beteendef\u00f6r\u00e4ndringar, \u00e5ngest och s\u00f6mnl\u00f6shet kan vara\u00a0biverkningar\u00a0av l\u00e5ngvarig anv\u00e4ndning. Vissa biverkningar, s\u00e5som s\u00f6mnl\u00f6shet, kan intr\u00e4ffa efter bara n\u00e5gra dagars anv\u00e4ndning.<\/div>\n<p>du kan k\u00f6pa <a href=\"https:\/\/amphetaminapotek.com\/index.php\/product\/rohypnol\/\">Rohypnol<\/a> online i sverige till en mycket billig r\u00e4nta och f\u00e5 snabb leverans hem,<\/p>\n<p>genom \u00e5ren vi har studerat och f\u00f6ljt anv\u00e4ndare som framg\u00e5ngsrikt k\u00f6per Rohypnol online utan recept.<\/p>\n<p>Vi ins\u00e5g att cirka 80% av dessa anv\u00e4ndare k\u00f6pte Rohypnol online fr\u00e5n<\/p>\n<p>medan de andra 20% k\u00f6pte via e-postmeddelandet<\/p>\n<h3>Vad \u00e4r priset p\u00e5 K\u00f6p rohypnol online<\/h3>\n<p>Vi s\u00f6kte efter priser p\u00e5 Rohypnol och ins\u00e5g att vi p\u00e5 <a href=\"https:\/\/amphetaminapotek.com\/index.php\/product\/rohypnol\/\">NORDIC<\/a> apotek har de b\u00e4sta<\/p>\n<p>Rohypnol priserna f\u00f6r online f\u00f6rs\u00e4ljning och vi har den snabbaste leveransen<\/p>\n<p>hittills f\u00f6r Rohypnol s\u00e5 best\u00e4ll dina piller fr\u00e5n oss.<\/p>\n<h3>Hur man k\u00f6per Rohypnol flashback online utan recept<\/h3>\n<p>det \u00e4r v\u00e4ldigt l\u00e4tt att k\u00f6pa Rohypnol online hos oss,<\/p>\n<p>klicka bara p\u00e5 l\u00e4nken nedan och v\u00e4lj det belopp du beh\u00f6ver och fullst\u00e4ndig best\u00e4llning,<\/p>\n<p>du kommer att f\u00e5 v\u00e5rt meddelande och riktning att betala,<\/p>\n<p>det \u00e4r enkelt och snabbt, vi erbjuder 24 timmars leverans<\/p>\n<p>och till och med 12 timmars leverans f\u00f6r adresser i stockholm<br \/>\nvi erbjuder ocks\u00e5 whatsapp-support,<\/p>\n<h3>Var man kan k\u00f6pa Original Rohypnol 1 mg online utan recept.<\/h3>\n<p>Tja, vi har redan gjort det mycket tydligt att k\u00f6pa Rohypnol online aldrig har varit enklare \u00e4n nu,<\/p>\n<p>det beror p\u00e5 att vi har gjort den h\u00e5rda delen och nu beh\u00f6ver du bara klicka<\/p>\n<p>och betala f\u00f6r att f\u00e5 ditt paket och en mycket snabb leverans.<\/p>\n<p>Var kan jag best\u00e4lla original Rohypnol online utan recept<\/p>\n<p>klicka bara p\u00e5 l\u00e4nken h\u00e4r<\/p>\n<h4>F\u00e5 Rohypnol billigt<\/h4>\n<p>och f\u00e5 Rohypnol online till extremt bra priser via e-post<\/p>\n<h4>vad \u00e4r <a href=\"https:\/\/amphetaminapotek.com\/index.php\/product\/tramadol-100mg200mg225mg\/\">percocet<\/a>?<\/h4>\n<p>Rohypnol \u00e4r en mellanverkande bensodiazepin med allm\u00e4nna<\/p>\n<p>&nbsp;<\/p>\n<p>&nbsp;<\/p>\n","protected":false},"excerpt":{"rendered":"<p>Rohypnol \u00e4r en mellanverkande bensodiazepin med allm\u00e4nna egenskaper som liknar Valium (diazepam). Det anv\u00e4nds vid kortvarig behandling av s\u00f6mnl\u00f6shet, som f\u00f6rbehandling i kirurgiska ingrepp och f\u00f6r att framkalla anestesi.<\/p>\n","protected":false},"featured_media":277,"comment_status":"closed","ping_status":"closed","template":"","meta":{"_monsterinsights_skip_tracking":false,"_monsterinsights_sitenote_active":false,"_monsterinsights_sitenote_note":"","_monsterinsights_sitenote_category":0,"_uf_show_specific_survey":0,"_uf_disable_surveys":false,"neve_meta_sidebar":"","neve_meta_container":"","neve_meta_enable_content_width":"off","neve_meta_content_width":100,"neve_meta_title_alignment":"","neve_meta_author_avatar":"","neve_post_elements_order":"","neve_meta_disable_header":"","neve_meta_disable_footer":"","neve_meta_disable_title":"","_themeisle_gutenberg_block_has_review":false},"product_brand":[],"product_cat":[28,265,21,29,199,42,44],"product_tag":[266,267,268,269,270,271,272,273,274],"class_list":{"0":"post-247","1":"product","2":"type-product","3":"status-publish","4":"has-post-thumbnail","6":"product_cat-adhd","7":"product_cat-anti-angst","8":"product_cat-antidepressiva-medel","9":"product_cat-depression","10":"product_cat-sexuell-dysfunktion","11":"product_cat-smartlindring","12":"product_cat-viktminskning","13":"product_tag-bestil-rohypnol-uden-recept","14":"product_tag-bestill-rohypnol-uten-resept","15":"product_tag-kjop-rohypnol-uten-resept","16":"product_tag-kob-rohypnol-uden-recept","17":"product_tag-kop-rohypnol-utan-recept","18":"product_tag-kvalitet-rohypnol-tablett-utan-recept","19":"product_tag-kvalitet-rohypnol-tablett-uten-resept","20":"product_tag-kvalitets-rohypnol-tablet-uden-recept","21":"product_tag-order-rohypnol-utan-recept","23":"first","24":"instock","25":"shipping-taxable","26":"purchasable","27":"product-type-variable"},"aioseo_notices":[],"jetpack-related-posts":[{"id":390,"url":"https:\/\/amphetaminapotek.com\/index.php\/product\/viagra\/","url_meta":{"origin":247,"position":0},"title":"viagra","author":"kris","date":"","format":false,"excerpt":"Viagra (sildenafil) slappnar av muskler som finns i blodk\u00e4rlens v\u00e4ggar och \u00f6kar blodfl\u00f6det till vissa delar av kroppen. Viagra anv\u00e4nds f\u00f6r att behandla erektil dysfunktion (impotens) hos m\u00e4n. Ett annat m\u00e4rke av sildenafil \u00e4r Revatio, som anv\u00e4nds f\u00f6r att behandla pulmonell arteriell hypertension och f\u00f6rb\u00e4ttra tr\u00e4ningskapaciteten hos m\u00e4n och kvinnor.\u2026","rel":"","context":"Liknande inl\u00e4gg","block_context":{"text":"Liknande inl\u00e4gg","link":""},"img":{"alt_text":"","src":"","width":0,"height":0},"classes":[]},{"id":393,"url":"https:\/\/amphetaminapotek.com\/index.php\/product\/citodon\/","url_meta":{"origin":247,"position":1},"title":"K\u00f6p Citodon 500 mg Online","author":"kris","date":"","format":false,"excerpt":"Citodon \u00e4r en m\u00e4rkesformel av codein och paracetamol, \u00e4ven k\u00e4nd som acetaminophen. Codeine \u00e4r i en grupp l\u00e4kemedel som kallas narkotiska sm\u00e4rtstillande medel. Paracetamol \u00e4r en mindre potent sm\u00e4rtstillande som \u00f6kar effekterna av kodin. De tv\u00e5 drogerna kombineras anv\u00e4nds f\u00f6r att lindra m\u00e5ttlig till sv\u00e5r sm\u00e4rta. \u00a0","rel":"","context":"Med 1 kommentar","block_context":{"text":"Med 1 kommentar","link":"https:\/\/amphetaminapotek.com\/index.php\/product\/citodon\/#comments"},"img":{"alt_text":"K\u00f6p Citodon 500 mg Online","src":"https:\/\/i0.wp.com\/amphetaminapotek.com\/wp-content\/uploads\/2023\/04\/citodon.jpg?resize=350%2C200&ssl=1","width":350,"height":200},"classes":[]},{"id":238,"url":"https:\/\/amphetaminapotek.com\/index.php\/product\/ritalin-10mg-20mg-30mg-40mg\/","url_meta":{"origin":247,"position":2},"title":"K\u00f6p Ritalin p\u00e5 n\u00e4tet utan recept","author":"kris","date":"","format":false,"excerpt":"best\u00e4lla Ritalin tablet \/ K\u00f6p Ritalin (metylfenidat) 10mg Online K\u00f6p Ritalin p\u00e5 n\u00e4tet utan recept och Hemleverans av Ritalin tablett 10 mg hos Apoteket \u2013 Fraktfria alternativ och bra erbjudanden \u00a0 K\u00f6p Ritalin online i Sverige | Ritalin till salu i Sverige | Ritalin Skick:\u00a0Ny produkt Ritalin (metylfenidat) 10 mg\u2026","rel":"","context":"Liknande inl\u00e4gg","block_context":{"text":"Liknande inl\u00e4gg","link":""},"img":{"alt_text":"","src":"https:\/\/i0.wp.com\/amphetaminapotek.com\/wp-content\/uploads\/2023\/04\/medicijn_2.jpg?resize=350%2C200&ssl=1","width":350,"height":200,"srcset":"https:\/\/i0.wp.com\/amphetaminapotek.com\/wp-content\/uploads\/2023\/04\/medicijn_2.jpg?resize=350%2C200&ssl=1 1x, https:\/\/i0.wp.com\/amphetaminapotek.com\/wp-content\/uploads\/2023\/04\/medicijn_2.jpg?resize=525%2C300&ssl=1 1.5x, https:\/\/i0.wp.com\/amphetaminapotek.com\/wp-content\/uploads\/2023\/04\/medicijn_2.jpg?resize=700%2C400&ssl=1 2x"},"classes":[]},{"id":254,"url":"https:\/\/amphetaminapotek.com\/index.php\/product\/elvanse\/","url_meta":{"origin":247,"position":3},"title":"K\u00f6p\u00a0Elvanse online i Sverige","author":"kris","date":"","format":false,"excerpt":"Vyvanse (lisdexamfetamin) \u00e4r ett stimulansmedel i centrala nervsystemet. Det p\u00e5verkar kemikalier i hj\u00e4rnan och nerver som bidrar till hyperaktivitet och impulskontroll. Vyvanse \u00e4r FDA-godk\u00e4nd f\u00f6r behandling av ADHD vid ADHD hos vuxna och hos barn som \u00e4r minst 6 \u00e5r gamla. Vyvanse anv\u00e4nds ocks\u00e5 f\u00f6r att behandla m\u00e5ttlig till sv\u00e5r\u2026","rel":"","context":"Liknande inl\u00e4gg","block_context":{"text":"Liknande inl\u00e4gg","link":""},"img":{"alt_text":"K\u00f6p\u00a0Elvanse online i Sverige","src":"https:\/\/i0.wp.com\/amphetaminapotek.com\/wp-content\/uploads\/2023\/04\/Vyvanse_capsules-scaled-1.jpg?resize=350%2C200&ssl=1","width":350,"height":200,"srcset":"https:\/\/i0.wp.com\/amphetaminapotek.com\/wp-content\/uploads\/2023\/04\/Vyvanse_capsules-scaled-1.jpg?resize=350%2C200&ssl=1 1x, https:\/\/i0.wp.com\/amphetaminapotek.com\/wp-content\/uploads\/2023\/04\/Vyvanse_capsules-scaled-1.jpg?resize=525%2C300&ssl=1 1.5x, https:\/\/i0.wp.com\/amphetaminapotek.com\/wp-content\/uploads\/2023\/04\/Vyvanse_capsules-scaled-1.jpg?resize=700%2C400&ssl=1 2x, https:\/\/i0.wp.com\/amphetaminapotek.com\/wp-content\/uploads\/2023\/04\/Vyvanse_capsules-scaled-1.jpg?resize=1050%2C600&ssl=1 3x, https:\/\/i0.wp.com\/amphetaminapotek.com\/wp-content\/uploads\/2023\/04\/Vyvanse_capsules-scaled-1.jpg?resize=1400%2C800&ssl=1 4x"},"classes":[]},{"id":715,"url":"https:\/\/amphetaminapotek.com\/index.php\/product\/kop-ketamine-i-sverige\/","url_meta":{"origin":247,"position":4},"title":"K\u00f6pa Ketamin I Sverige","author":"Eric","date":"","format":false,"excerpt":"K\u00f6pa Ketamin I Sverige K\u00f6pa Ketamin I Sverige\u00a0\u00e4r ett dissociativt bed\u00f6vningsmedel som anv\u00e4nds medicinskt f\u00f6r induktion och underh\u00e5ll av anestesi. Det anv\u00e4nds ocks\u00e5 som en rekreationsdrog. Det \u00e4r ett av de s\u00e4kraste bed\u00f6vningsmedlen, eftersom det, till skillnad fr\u00e5n opiater, eter och propofol, varken d\u00e4mpar andning eller hj\u00e4rtfrekvens. \u00a0KETAMIN DROG ANV\u00c4NDNINGAR\u2026","rel":"","context":"Med 3 kommentarer","block_context":{"text":"Med 3 kommentarer","link":"https:\/\/amphetaminapotek.com\/index.php\/product\/kop-ketamine-i-sverige\/#comments"},"img":{"alt_text":"K\u00f6p ketamine online","src":"https:\/\/i0.wp.com\/karlstardapotek.com\/wp-content\/uploads\/2021\/08\/2051-05_original_1200Wx1200H_8912373743646-300x300.jpg?resize=350%2C200&ssl=1","width":350,"height":200},"classes":[]},{"id":253,"url":"https:\/\/amphetaminapotek.com\/index.php\/product\/soma-350-mg\/","url_meta":{"origin":247,"position":5},"title":"k\u00f6p Soma i sverige online utan recept","author":"kris","date":"","format":false,"excerpt":"Aspirin en sm\u00e4rtstillande och feberreducerare, i en grupp l\u00e4kemedel som kallas salicylater. Aspirin fungerar genom att minska substanser i kroppen som orsakar sm\u00e4rta och inflammation. Carisoprodol \u00e4r en muskelavslappnande medel. Det fungerar genom att blockera nervimpulser (eller sm\u00e4rtintegrationer) som skickas till hj\u00e4rnan. Soma Compound \u00e4r ett kombinationsl\u00e4kemedel som anv\u00e4nds p\u00e5\u2026","rel":"","context":"Liknande inl\u00e4gg","block_context":{"text":"Liknande inl\u00e4gg","link":""},"img":{"alt_text":"k\u00f6p Soma i sverige online utan recept","src":"https:\/\/i0.wp.com\/amphetaminapotek.com\/wp-content\/uploads\/2023\/04\/dsc_0612-scaled-1.jpg?resize=350%2C200&ssl=1","width":350,"height":200,"srcset":"https:\/\/i0.wp.com\/amphetaminapotek.com\/wp-content\/uploads\/2023\/04\/dsc_0612-scaled-1.jpg?resize=350%2C200&ssl=1 1x, https:\/\/i0.wp.com\/amphetaminapotek.com\/wp-content\/uploads\/2023\/04\/dsc_0612-scaled-1.jpg?resize=525%2C300&ssl=1 1.5x, https:\/\/i0.wp.com\/amphetaminapotek.com\/wp-content\/uploads\/2023\/04\/dsc_0612-scaled-1.jpg?resize=700%2C400&ssl=1 2x, https:\/\/i0.wp.com\/amphetaminapotek.com\/wp-content\/uploads\/2023\/04\/dsc_0612-scaled-1.jpg?resize=1050%2C600&ssl=1 3x, https:\/\/i0.wp.com\/amphetaminapotek.com\/wp-content\/uploads\/2023\/04\/dsc_0612-scaled-1.jpg?resize=1400%2C800&ssl=1 4x"},"classes":[]}],"jetpack_sharing_enabled":true,"_links":{"self":[{"href":"https:\/\/amphetaminapotek.com\/index.php\/wp-json\/wp\/v2\/product\/247","targetHints":{"allow":["GET"]}}],"collection":[{"href":"https:\/\/amphetaminapotek.com\/index.php\/wp-json\/wp\/v2\/product"}],"about":[{"href":"https:\/\/amphetaminapotek.com\/index.php\/wp-json\/wp\/v2\/types\/product"}],"replies":[{"embeddable":true,"href":"https:\/\/amphetaminapotek.com\/index.php\/wp-json\/wp\/v2\/comments?post=247"}],"wp:featuredmedia":[{"embeddable":true,"href":"https:\/\/amphetaminapotek.com\/index.php\/wp-json\/wp\/v2\/media\/277"}],"wp:attachment":[{"href":"https:\/\/amphetaminapotek.com\/index.php\/wp-json\/wp\/v2\/media?parent=247"}],"wp:term":[{"taxonomy":"product_brand","embeddable":true,"href":"https:\/\/amphetaminapotek.com\/index.php\/wp-json\/wp\/v2\/product_brand?post=247"},{"taxonomy":"product_cat","embeddable":true,"href":"https:\/\/amphetaminapotek.com\/index.php\/wp-json\/wp\/v2\/product_cat?post=247"},{"taxonomy":"product_tag","embeddable":true,"href":"https:\/\/amphetaminapotek.com\/index.php\/wp-json\/wp\/v2\/product_tag?post=247"}],"curies":[{"name":"wp","href":"https:\/\/api.w.org\/{rel}","templated":true}]}}