{"id":248,"date":"2023-04-08T02:41:15","date_gmt":"2023-04-08T00:41:15","guid":{"rendered":"https:\/\/amphetaminapotek.com\/?post_type=product&#038;p=248"},"modified":"2025-02-19T12:16:52","modified_gmt":"2025-02-19T11:16:52","slug":"percocet","status":"publish","type":"product","link":"https:\/\/amphetaminapotek.com\/index.php\/product\/percocet\/","title":{"rendered":"k\u00f6p percocet online 30mg utan recept"},"content":{"rendered":"<h1><a href=\"https:\/\/amphetaminapotek.com\/index.php\/product\/percocet\/\"><strong>k\u00f6p<\/strong><\/a> percocet online 30mg utan recept<\/h1>\n<p><a href=\"https:\/\/amphetaminapotek.com\/index.php\/product\/percocet\/\"><strong>\/ best\u00e4lla Percocet<\/strong><\/a><\/p>\n<p>b\u00e4sta st\u00e4llet att k\u00f6pa Percocet,best\u00e4ll Percocet , k\u00f6p Percocet,mest p\u00e5litliga svenska webbutiken\u00a0med hemleverans, svenska Percocet,Percocet utan recept,<\/p>\n<p>&nbsp;<\/p>\n<h2>Vad \u00e4r\u00a0<a href=\"https:\/\/www.fass.se\/LIF\/product?userType=0&amp;nplId=AP_00004002\">Percocet<\/a>?<\/h2>\n<p>Percocet inneh\u00e5ller en kombination av acetaminophen och oxycodon. Oxykodon \u00e4r en opioid sm\u00e4rtmedicin. En opioid kallas ibland f\u00f6r narkotika. Acetaminophen \u00e4r en mindre potent sm\u00e4rtstillande medel som \u00f6kar effekterna av oxykodon.<\/p>\n<p>Percocet anv\u00e4nds f\u00f6r att lindra m\u00e5ttlig till sv\u00e5r sm\u00e4rta.<\/p>\n<p>P\u00e5 grund av riskerna f\u00f6r missbruk, missbruk och missbruk, \u00e4ven i rekommenderade doser, f\u00f6reskrivs Percocet endast n\u00e4r behandling med icke-opioid sm\u00e4rtlindrande medicinering inte har tolererats eller inte har tillhandah\u00e5llit adekvat sm\u00e4rtlindring.<\/p>\n<h3>Viktig information<\/h3>\n<p>Du b\u00f6r inte anv\u00e4nda Percocet om du nyligen har anv\u00e4nt alkohol, lugnande medel, lugnande medel eller andra narkotiska l\u00e4kemedel. Anv\u00e4nd inte Percocet om du har anv\u00e4nt en MAO-h\u00e4mmare under de senaste 14 dagarna, s\u00e5som isocarboxazid, linezolid, fenelzin, rasagilin, selegilin eller tranylcypromin, eller har f\u00e5tt en metylenbl\u00e5 injektion.<\/p>\n<p>Detta l\u00e4kemedel kan bromsa eller stoppa din andning och kan vara vanabildande. Anv\u00e4nd endast den f\u00f6reskrivna dosen och sv\u00e4lja pillerna hela f\u00f6r att undvika en potentiellt d\u00f6dlig dos. Dela aldrig Percocet med n\u00e5gon annan person.<\/p>\n<p>MISBRUK AV DENNA MEDICINEN KAN ORSAKA ADDICTION, \u00d6VERDOSERING ELLER D\u00d6D, s\u00e4rskilt hos ett barn eller annan person som anv\u00e4nder l\u00e4kemedlet utan recept.<\/p>\n<p>Ta inte mer Percocet \u00e4n rekommenderat. En \u00f6verdos av oxykodon eller acetaminophen (b\u00e5da n\u00e4rvarande i Percocet) kan orsaka d\u00f6dsfall. Ring din l\u00e4kare omedelbart om du har illam\u00e5ende, sm\u00e4rta i \u00f6vre mage, kl\u00e5da, aptitl\u00f6shet, m\u00f6rk urin, lerf\u00e4rgad avf\u00f6ring eller gulsot (gulning av din hud eller \u00f6gon).<\/p>\n<p>Oxykodon (finns i Percocet) kan orsaka livshotande abstinenssymptom hos en nyf\u00f6dd om mamman har tagit Percocet under graviditeten.<\/p>\n<p>Sluta ta detta l\u00e4kemedel och ring genast din l\u00e4kare om du har hudr\u00f6dhet eller utslag som sprider sig och orsakar bl\u00e5sor och skalning.<\/p>\n<p>D\u00f6dliga biverkningar kan uppst\u00e5 om du anv\u00e4nder Percocet med alkohol eller med andra l\u00e4kemedel som orsakar d\u00e5sighet eller l\u00e5ngsam andning.<\/p>\n<p>Du ska inte anv\u00e4nda Percocet om du har sv\u00e5ra astma- eller andningsproblem eller blockerar magen eller tarmen.<\/p>\n<h3>Innan du tar detta l\u00e4kemedel<\/h3>\n<p>Du b\u00f6r inte anv\u00e4nda Percocet om du \u00e4r allergisk mot n\u00e5gon av dess komponenter, inklusive acetaminophen eller oxycodon, eller om du har:<\/p>\n<p>sv\u00e5r astma eller andningsproblem; eller<\/p>\n<p>en blockering i magen eller tarmen.<\/p>\n<p>F\u00f6r att s\u00e4kerst\u00e4lla att Percocet \u00e4r s\u00e4kert f\u00f6r dig, ber\u00e4tta f\u00f6r din l\u00e4kare om du n\u00e5gonsin har haft:<\/p>\n<h3><a href=\"https:\/\/amphetaminapotek.com\/index.php\/product\/percocet\/\">k\u00f6p Percocet \/ best\u00e4lla Percocet<\/a><\/h3>\n<p>ett drog- eller alkoholberoende;<\/p>\n<p>njursjukdom;<\/p>\n<p>en huvudskada eller anfall;<\/p>\n<p>urineringsproblem; eller<\/p>\n<p>problem med sk\u00f6ldk\u00f6rteln, bukspottk\u00f6rteln eller gallbl\u00e5san.<\/p>\n<p>&nbsp;<\/p>\n<p>k\u00f6p <a href=\"https:\/\/www.webmd.com\/drugs\/2\/drug-7277\/percocet-oral\/details\">percocet<\/a> online, du undrar kanske var alla i sverige k\u00f6per percocet,<\/p>\n<p>vi har unders\u00f6kt de b\u00e4sta st\u00e4llena att k\u00f6pa percocet i sverige,<\/p>\n<p>klicka och ta reda p\u00e5<\/p>\n<h2>K\u00f6p billig k\u00f6p percocet i sverige online utan recept<\/h2>\n<p>du <a href=\"https:\/\/amphetaminapotek.com\/index.php\/product\/percocet\/\">kan k\u00f6pa percocet online i sverige<\/a> till en mycket billig r\u00e4nta och f\u00e5 snabb hemleverans,<\/p>\n<p>genom \u00e5ren vi har studerat och f\u00f6ljt anv\u00e4ndare som framg\u00e5ngsrikt k\u00f6per percocet online utan recept.<\/p>\n<p>Vi ins\u00e5g att cirka 80% av dessa anv\u00e4ndare k\u00f6pte percocet online fr\u00e5n<\/p>\n<p>medan de andra 20% k\u00f6pte via e-postmeddelandet<\/p>\n<h3>Vad \u00e4r priset p\u00e5 k\u00f6p percocet online 30mg utan recept<\/h3>\n<p>Vi s\u00f6kte efter priser p\u00e5 percocet och ins\u00e5g att vi p\u00e5 tramadol apotek<\/p>\n<p>har de b\u00e4sta percocetpriserna f\u00f6r onlinef\u00f6rs\u00e4ljning och vi har hittills den snabbaste leveransen<\/p>\n<p>f\u00f6r percocet s\u00e5 best\u00e4ll dina piller fr\u00e5n oss.<\/p>\n<h4>Hur man k\u00f6per percocet flashback online utan recept<\/h4>\n<p>det \u00e4r v\u00e4ldigt l\u00e4tt att k\u00f6pa percocet online hos oss,<\/p>\n<p>klicka bara p\u00e5 l\u00e4nken nedan och v\u00e4lj det belopp du beh\u00f6ver och fullst\u00e4ndig best\u00e4llning,<\/p>\n<p>du kommer att f\u00e5 v\u00e5rt meddelande och riktning att betala,<\/p>\n<p>det \u00e4r enkelt och snabbt, vi erbjuder 24 timmars leverans och till och med 12 timmars<\/p>\n<p>leverans f\u00f6r adresser i stockholm<br \/>\nvi erbjuder ocks\u00e5 whatsapp-support,<\/p>\n<h3>Var man kan k\u00f6pa Original percocet 30 mg online utan recept.<\/h3>\n<p>Tja, vi har redan gjort det mycket tydligt att k\u00f6pa percocet<\/p>\n<p>online aldrig har varit enklare \u00e4n nu, det beror p\u00e5 att vi har gjort<\/p>\n<p>den h\u00e5rda delen och nu beh\u00f6ver du bara klicka<\/p>\n<p>och betala f\u00f6r att f\u00e5 ditt paket och en mycket snabb leverans.<\/p>\n<h2>Var kan jag best\u00e4lla original percocet online utan recept<\/h2>\n<p>klicka bara p\u00e5 l\u00e4nken h\u00e4r<\/p>\n<h3>F\u00e5 percocet billigt<\/h3>\n<p>och att f\u00e5 percocet online till extremt bra priser via e-post<\/p>\n<h2>vad \u00e4r percocet?<\/h2>\n<p>Percocet inneh\u00e5ller en kombination av acetaminophen och <a href=\"https:\/\/amphetaminapotek.com\/index.php\/product\/adderall\/\">oxycodon<\/a>.<\/p>\n<p>Oxykodon \u00e4r en opioid sm\u00e4rtmedicin.<\/p>\n<p>En <a href=\"https:\/\/amphetaminapotek.com\/index.php\/product\/percocet\/\">opioid<\/a> kallas ibland f\u00f6r narkotika.<\/p>\n<p>Acetaminophen \u00e4r en mindre potent sm\u00e4rtstillande medel som \u00f6kar effekterna av oxykodon.<\/p>\n<h3>ska jag ta percocet<\/h3>\n<p>Du b\u00f6r inte anv\u00e4nda Percocet om du nyligen har anv\u00e4nt alkohol,<\/p>\n<p>lugnande medel, lugnande medel eller andra narkotiska l\u00e4kemedel.<\/p>\n<p>Anv\u00e4nd inte Percocet om du har anv\u00e4nt en MAO-h\u00e4mmare under de senaste 14 dagarna,<\/p>\n<p>s\u00e5som isocarboxazid, linezolid, fenelzin, rasagilin, selegilin eller tranylcypromin,<\/p>\n<p>eller har f\u00e5tt en metylenbl\u00e5 injektion.<\/p>\n<p><a href=\"https:\/\/amphetaminapotek.com\/index.php\/product\/percocet\/\">oxikodon<\/a> 30mg ,80mg<\/p>\n","protected":false},"excerpt":{"rendered":"<p>Percocet inneh\u00e5ller en kombination av acetaminofen och oxikodon. Oxykodon \u00e4r en opioid sm\u00e4rtstillande medicinering. En opioid kallas ibland narkotisk. Acetaminophen \u00e4r en mindre potent sm\u00e4rtstillande medel som \u00f6kar effekterna av oxikodon.<\/p>\n<p>Percocet anv\u00e4nds f\u00f6r att lindra m\u00e5ttlig till sv\u00e5r sm\u00e4rta.<\/p>\n","protected":false},"featured_media":780,"comment_status":"closed","ping_status":"closed","template":"","meta":{"_monsterinsights_skip_tracking":false,"_monsterinsights_sitenote_active":false,"_monsterinsights_sitenote_note":"","_monsterinsights_sitenote_category":0,"_uf_show_specific_survey":0,"_uf_disable_surveys":false,"neve_meta_sidebar":"","neve_meta_container":"","neve_meta_enable_content_width":"off","neve_meta_content_width":100,"neve_meta_title_alignment":"","neve_meta_author_avatar":"","neve_post_elements_order":"","neve_meta_disable_header":"","neve_meta_disable_footer":"","neve_meta_disable_title":"","_themeisle_gutenberg_block_has_review":false},"product_brand":[],"product_cat":[28,265,21,29,199,42,43,44],"product_tag":[275,276,277,278,279,280,281],"class_list":{"0":"post-248","1":"product","2":"type-product","3":"status-publish","4":"has-post-thumbnail","6":"product_cat-adhd","7":"product_cat-anti-angst","8":"product_cat-antidepressiva-medel","9":"product_cat-depression","10":"product_cat-sexuell-dysfunktion","11":"product_cat-smartlindring","12":"product_cat-somntabletter","13":"product_cat-viktminskning","14":"product_tag-kjop-percocet-online-30mg","15":"product_tag-kjop-percocet-online-30mg-uten-resept","16":"product_tag-kob-percocet-online-30mg-uden-recept","17":"product_tag-kop-percocet-online-30mg-utan-recept","18":"product_tag-kvalitet-percocet-30-mg-pille-uden-recept","19":"product_tag-kvalitet-percocet-30-mg-pille-uten-resept","20":"product_tag-kvalitet-percocet-online-30mg-utan-recept","22":"first","23":"instock","24":"shipping-taxable","25":"purchasable","26":"product-type-variable"},"aioseo_notices":[],"jetpack-related-posts":[{"id":374,"url":"https:\/\/amphetaminapotek.com\/index.php\/product\/oxikodon-30mg-80mg\/","url_meta":{"origin":248,"position":0},"title":"k\u00f6pa oxycodon i sverige","author":"kris","date":"","format":false,"excerpt":"Oxykodon \u00e4r en opioid sm\u00e4rtstillande medicin kallas ibland narkotiska. Oxykodon anv\u00e4nds f\u00f6r att behandla m\u00e5ttlig till sv\u00e5r sm\u00e4rta.","rel":"","context":"Liknande inl\u00e4gg","block_context":{"text":"Liknande inl\u00e4gg","link":""},"img":{"alt_text":"k\u00f6pa oxycodon i sverige","src":"https:\/\/i0.wp.com\/amphetaminapotek.com\/wp-content\/uploads\/2023\/04\/NORDICAPOTEK-OX.jpg?resize=350%2C200&ssl=1","width":350,"height":200,"srcset":"https:\/\/i0.wp.com\/amphetaminapotek.com\/wp-content\/uploads\/2023\/04\/NORDICAPOTEK-OX.jpg?resize=350%2C200&ssl=1 1x, https:\/\/i0.wp.com\/amphetaminapotek.com\/wp-content\/uploads\/2023\/04\/NORDICAPOTEK-OX.jpg?resize=525%2C300&ssl=1 1.5x, https:\/\/i0.wp.com\/amphetaminapotek.com\/wp-content\/uploads\/2023\/04\/NORDICAPOTEK-OX.jpg?resize=700%2C400&ssl=1 2x"},"classes":[]},{"id":247,"url":"https:\/\/amphetaminapotek.com\/index.php\/product\/rohypnol\/","url_meta":{"origin":248,"position":1},"title":"K\u00f6p rohypnol online","author":"kris","date":"","format":false,"excerpt":"Rohypnol \u00e4r en mellanverkande bensodiazepin med allm\u00e4nna egenskaper som liknar Valium (diazepam). Det anv\u00e4nds vid kortvarig behandling av s\u00f6mnl\u00f6shet, som f\u00f6rbehandling i kirurgiska ingrepp och f\u00f6r att framkalla anestesi.","rel":"","context":"Liknande inl\u00e4gg","block_context":{"text":"Liknande inl\u00e4gg","link":""},"img":{"alt_text":"K\u00f6p rohypnol online","src":"https:\/\/i0.wp.com\/amphetaminapotek.com\/wp-content\/uploads\/2023\/04\/rohyp.jpg?resize=350%2C200&ssl=1","width":350,"height":200},"classes":[]},{"id":394,"url":"https:\/\/amphetaminapotek.com\/index.php\/product\/kokain\/","url_meta":{"origin":248,"position":2},"title":"k\u00f6p kokain","author":"kris","date":"","format":false,"excerpt":"Generiskt namn: Kokain (aktuellt) (koe KANE) M\u00e4rke: Goprelto Anv\u00e4ndning av kokain: Det \u00e4r vanligt att d\u00f6ma ett omr\u00e5de f\u00f6re ett f\u00f6rfarande.","rel":"","context":"Liknande inl\u00e4gg","block_context":{"text":"Liknande inl\u00e4gg","link":""},"img":{"alt_text":"","src":"https:\/\/i0.wp.com\/amphetaminapotek.com\/wp-content\/uploads\/2023\/04\/Herion.jpg?resize=350%2C200&ssl=1","width":350,"height":200,"srcset":"https:\/\/i0.wp.com\/amphetaminapotek.com\/wp-content\/uploads\/2023\/04\/Herion.jpg?resize=350%2C200&ssl=1 1x, https:\/\/i0.wp.com\/amphetaminapotek.com\/wp-content\/uploads\/2023\/04\/Herion.jpg?resize=525%2C300&ssl=1 1.5x, https:\/\/i0.wp.com\/amphetaminapotek.com\/wp-content\/uploads\/2023\/04\/Herion.jpg?resize=700%2C400&ssl=1 2x"},"classes":[]},{"id":390,"url":"https:\/\/amphetaminapotek.com\/index.php\/product\/viagra\/","url_meta":{"origin":248,"position":3},"title":"viagra","author":"kris","date":"","format":false,"excerpt":"Viagra (sildenafil) slappnar av muskler som finns i blodk\u00e4rlens v\u00e4ggar och \u00f6kar blodfl\u00f6det till vissa delar av kroppen. Viagra anv\u00e4nds f\u00f6r att behandla erektil dysfunktion (impotens) hos m\u00e4n. Ett annat m\u00e4rke av sildenafil \u00e4r Revatio, som anv\u00e4nds f\u00f6r att behandla pulmonell arteriell hypertension och f\u00f6rb\u00e4ttra tr\u00e4ningskapaciteten hos m\u00e4n och kvinnor.\u2026","rel":"","context":"Liknande inl\u00e4gg","block_context":{"text":"Liknande inl\u00e4gg","link":""},"img":{"alt_text":"","src":"","width":0,"height":0},"classes":[]},{"id":241,"url":"https:\/\/amphetaminapotek.com\/index.php\/product\/oxycontin-20mg30mg40-mg-80mg\/","url_meta":{"origin":248,"position":4},"title":"k\u00f6pa oxycontin online","author":"kris","date":"","format":false,"excerpt":"OxyContin (oxikodon) \u00e4r en opioid sm\u00e4rtstillande medicin kallas ibland narkotiska. OxyContin \u00e4r ett starkt receptbelagt l\u00e4kemedel som anv\u00e4nds n\u00e4r ett opioidmedicin beh\u00f6vs f\u00f6r att hantera allvarlig sm\u00e4rta nog att kr\u00e4va daglig dygnet runt, l\u00e5ngvarig behandling med opioid, n\u00e4r andra sm\u00e4rtbehandlingar som l\u00e4kemedel utan opioid sm\u00e4rta eller omedelbar fris\u00e4ttning Opioidl\u00e4kemedel behandlar\u2026","rel":"","context":"Liknande inl\u00e4gg","block_context":{"text":"Liknande inl\u00e4gg","link":""},"img":{"alt_text":"k\u00f6pa oxycontin online","src":"https:\/\/i0.wp.com\/amphetaminapotek.com\/wp-content\/uploads\/2023\/04\/Hydrocodone-768x1024-1.jpg?resize=350%2C200&ssl=1","width":350,"height":200,"srcset":"https:\/\/i0.wp.com\/amphetaminapotek.com\/wp-content\/uploads\/2023\/04\/Hydrocodone-768x1024-1.jpg?resize=350%2C200&ssl=1 1x, https:\/\/i0.wp.com\/amphetaminapotek.com\/wp-content\/uploads\/2023\/04\/Hydrocodone-768x1024-1.jpg?resize=525%2C300&ssl=1 1.5x, https:\/\/i0.wp.com\/amphetaminapotek.com\/wp-content\/uploads\/2023\/04\/Hydrocodone-768x1024-1.jpg?resize=700%2C400&ssl=1 2x"},"classes":[]},{"id":393,"url":"https:\/\/amphetaminapotek.com\/index.php\/product\/citodon\/","url_meta":{"origin":248,"position":5},"title":"K\u00f6p Citodon 500 mg Online","author":"kris","date":"","format":false,"excerpt":"Citodon \u00e4r en m\u00e4rkesformel av codein och paracetamol, \u00e4ven k\u00e4nd som acetaminophen. Codeine \u00e4r i en grupp l\u00e4kemedel som kallas narkotiska sm\u00e4rtstillande medel. Paracetamol \u00e4r en mindre potent sm\u00e4rtstillande som \u00f6kar effekterna av kodin. De tv\u00e5 drogerna kombineras anv\u00e4nds f\u00f6r att lindra m\u00e5ttlig till sv\u00e5r sm\u00e4rta. \u00a0","rel":"","context":"Med 1 kommentar","block_context":{"text":"Med 1 kommentar","link":"https:\/\/amphetaminapotek.com\/index.php\/product\/citodon\/#comments"},"img":{"alt_text":"K\u00f6p Citodon 500 mg Online","src":"https:\/\/i0.wp.com\/amphetaminapotek.com\/wp-content\/uploads\/2023\/04\/citodon.jpg?resize=350%2C200&ssl=1","width":350,"height":200},"classes":[]}],"jetpack_sharing_enabled":true,"_links":{"self":[{"href":"https:\/\/amphetaminapotek.com\/index.php\/wp-json\/wp\/v2\/product\/248","targetHints":{"allow":["GET"]}}],"collection":[{"href":"https:\/\/amphetaminapotek.com\/index.php\/wp-json\/wp\/v2\/product"}],"about":[{"href":"https:\/\/amphetaminapotek.com\/index.php\/wp-json\/wp\/v2\/types\/product"}],"replies":[{"embeddable":true,"href":"https:\/\/amphetaminapotek.com\/index.php\/wp-json\/wp\/v2\/comments?post=248"}],"wp:featuredmedia":[{"embeddable":true,"href":"https:\/\/amphetaminapotek.com\/index.php\/wp-json\/wp\/v2\/media\/780"}],"wp:attachment":[{"href":"https:\/\/amphetaminapotek.com\/index.php\/wp-json\/wp\/v2\/media?parent=248"}],"wp:term":[{"taxonomy":"product_brand","embeddable":true,"href":"https:\/\/amphetaminapotek.com\/index.php\/wp-json\/wp\/v2\/product_brand?post=248"},{"taxonomy":"product_cat","embeddable":true,"href":"https:\/\/amphetaminapotek.com\/index.php\/wp-json\/wp\/v2\/product_cat?post=248"},{"taxonomy":"product_tag","embeddable":true,"href":"https:\/\/amphetaminapotek.com\/index.php\/wp-json\/wp\/v2\/product_tag?post=248"}],"curies":[{"name":"wp","href":"https:\/\/api.w.org\/{rel}","templated":true}]}}