{"id":252,"date":"2023-04-08T02:41:16","date_gmt":"2023-04-08T00:41:16","guid":{"rendered":"https:\/\/amphetaminapotek.com\/?post_type=product&#038;p=252"},"modified":"2025-02-20T05:29:02","modified_gmt":"2025-02-20T04:29:02","slug":"ecstasy-mdma","status":"publish","type":"product","link":"https:\/\/amphetaminapotek.com\/index.php\/product\/ecstasy-mdma\/","title":{"rendered":"K\u00f6p Ecstacy I Sverige"},"content":{"rendered":"<h1>K\u00f6pa Ecstacy Piller Online<\/h1>\n<p data-padding=\"15px\"><a href=\"https:\/\/amphetaminapotek.com\/index.php\/product\/ecstasy-mdma\/\"><strong>K\u00f6p Ecstacy Piller<\/strong><\/a>\u00a0(MDMA) \u00e4r en syntetisk drog som f\u00f6r\u00e4ndrar hum\u00f6r och uppfattning (medvetenhet om omgivande f\u00f6rem\u00e5l och f\u00f6rh\u00e5llanden). Det \u00e4r kemiskt likt b\u00e5de stimulantia och hallucinogener, och producerar k\u00e4nslor av \u00f6kad energi, njutning, emotionell v\u00e4rme och f\u00f6rvr\u00e4ngd sensorisk och tidsuppfattning.\u00a0<a href=\"https:\/\/amphetaminapotek.com\/\">Ecstacy<\/a>\u00a0var till en b\u00f6rjan popul\u00e4rt p\u00e5 nattklubbsscenen och p\u00e5 dansfester hela natten (\u201craves\u201d), men drogen drabbar nu ett bredare spektrum av m\u00e4nniskor som oftare kallar drogen Ecstasy eller\u00a0<a href=\"https:\/\/amphetaminapotek.com\/index.php\/product\/ecstasy-mdma\/\">Molly<\/a>.<\/p>\n<h2>K\u00f6p Ecstacy I Sverige<\/h2>\n<h4>Hur anv\u00e4nder m\u00e4nniskor Ecstacy?<\/h4>\n<p data-padding=\"15px\">M\u00e4nniskor som anv\u00e4nder Ecstacy tar det vanligtvis som en kapsel eller\u00a0tablett, \u00e4ven om vissa sv\u00e4ljer det i flytande form eller frustar pulvret. Det popul\u00e4ra smeknamnet Molly (slang f\u00f6r \u201cmolekyl\u00e4r\u201d) syftar ofta p\u00e5 den f\u00f6rment \u201crena\u201d kristallina pulverformen av Ecstacy, vanligtvis s\u00e4ljs i kapslar. Men m\u00e4nniskor som k\u00f6per pulver eller kapslar som s\u00e4ljs som Molly f\u00e5r faktiskt ofta andra\u00a0droger\u00a0som syntetiska katinoner (\u201cbadsalt\u201d) ist\u00e4llet.<\/p>\n<h3>Hur p\u00e5verkar ecstacy hj\u00e4rnan?<\/h3>\n<h2>K\u00f6p Ecstacy I Sverige\u00f6kar aktiviteten hos tre hj\u00e4rnkemikalier:<\/h2>\n<ul>\n<li>\u00a0Dopamin \u2013 producerar \u00f6kad energi\/aktivitet och verkar i bel\u00f6ningssystemet f\u00f6r att f\u00f6rst\u00e4rka beteenden<\/li>\n<li>Noradrenalin \u2013 \u00f6kar hj\u00e4rtfrekvensen och blodtrycket, vilket \u00e4r s\u00e4rskilt riskabelt f\u00f6r personer med hj\u00e4rt- och blodk\u00e4rlsproblem<\/li>\n<li>Serotonin \u2013 p\u00e5verkar hum\u00f6r, aptit, s\u00f6mn och andra funktioner. Det utl\u00f6ser ocks\u00e5 hormoner som p\u00e5verkar sexuell upphetsning och tillit. Fris\u00e4ttningen av stora m\u00e4ngder serotonin orsakar sannolikt den k\u00e4nslom\u00e4ssiga n\u00e4rhet, f\u00f6rh\u00f6jt hum\u00f6r och empati som de som anv\u00e4nder Ecstacy\u00a0<a href=\"http:\/\/apotekhjartat.se\/\" target=\"_blank\" rel=\"noopener\">k\u00e4nner<\/a>.<\/li>\n<\/ul>\n<p>ecstasy priserna f\u00f6r onlinef\u00f6rs\u00e4ljning och vi har den snabbaste leveransen<\/p>\n<p>hittills f\u00f6r ecstasy s\u00e5 best\u00e4ll dina piller fr\u00e5n oss.<\/p>\n<h3>Hur man k\u00f6per ecstasy flashback online utan recept<\/h3>\n<p>det \u00e4r v\u00e4ldigt l\u00e4tt att k\u00f6pa ecstasy online hos oss,<\/p>\n<p>klicka bara p\u00e5 l\u00e4nken nedan och v\u00e4lj det belopp du beh\u00f6ver och fullst\u00e4ndig best\u00e4llning,<\/p>\n<p>du kommer att f\u00e5 v\u00e5rt meddelande och riktning att betala, det \u00e4r enkelt och snabbt,<\/p>\n<p>vi erbjuder 24 timmars leverans och till och med 12 timmars leverans f\u00f6r adresser i stockholm<br \/>\nvi erbjuder ocks\u00e5 whatsapp-support,<\/p>\n<h3>Var man kan k\u00f6pa Original ecstasy (MDMA) online utan recept.<\/h3>\n<p>Tja, vi har redan gjort det mycket tydligt att k\u00f6pa ecstasy online aldrig har varit enklare \u00e4n nu,<\/p>\n<p>det beror p\u00e5 att vi har gjort den h\u00e5rda delen och nu beh\u00f6ver du bara klicka och<\/p>\n<p>betala f\u00f6r att f\u00e5 ditt paket och en mycket snabb leverans.<\/p>\n<p>Var kan jag best\u00e4lla originalet ecstasy online utan recept<\/p>\n<p>klicka bara p\u00e5 l\u00e4nken h\u00e4r<\/p>\n<h3>F\u00e5 billiga ecstasy (<a href=\"https:\/\/amphetaminapotek.com\/index.php\/product\/ecstasy-mdma\/\">MDMA<\/a>)<\/h3>\n<p>och f\u00e5 ecstasy online till extremt bra priser via e-post<\/p>\n<p>tramadolapotek.se<\/p>\n<p>vad \u00e4r ecstasy?<br \/>\nEcstasy (MDMA, 3,4 metylendioxymetamfetamin) \u00e4r ett syntetiskt,<\/p>\n<p>psykoaktivt l\u00e4kemedel som kemiskt liknar det stimulerande metamfetaminet och hallucinogenmeskalinet.<\/p>\n<p>Det \u00e4r ett olagligt l\u00e4kemedel som fungerar som b\u00e5de ett stimulerande och psykedeliskt,<\/p>\n<p>som ger en energigivande effekt, liksom snedvridningar i tid och uppfattning<\/p>\n<p>och \u00f6kad njutning fr\u00e5n taktila upplevelser.<\/p>\n<h4>ska jag ta extas , k\u00f6p ecstasy online<\/h4>\n<p>En unders\u00f6kning av unga vuxna och ungdomliga anv\u00e4ndare fann att<\/p>\n<p>43% uppfyllde de accepterade diagnostiska kriterierna f\u00f6r beroende,<\/p>\n<p>vilket framg\u00e5r av fortsatt anv\u00e4ndning trots kunskap om fysisk eller psykisk skada,<\/p>\n<p>abstinenseffekter och tolerans (eller minskat svar) och 34% uppfyllde kriterierna f\u00f6r missbruk av narkotika.<\/p>\n","protected":false},"excerpt":{"rendered":"<p>Ecstasy (MDMA, 3,4 metylendioximetamfetamin) \u00e4r ett syntetiskt, psykoaktivt l\u00e4kemedel som liknar det stimulerande metamfetaminet och hallucinogenmeskalinet.<\/p>\n<p>Det verkar som b\u00e5de en stimulans och psykedelisk, som ger en energiserande effekt, liksom f\u00f6rvr\u00e4ngningar i tid och uppfattning och \u00f6kad njutning fr\u00e5n taktila upplevelser.<\/p>\n<p>Dess prim\u00e4ra effekter finns i hj\u00e4rnan p\u00e5 neuroner som anv\u00e4nder det kemiska serotoninet att kommunicera med andra neuroner. Serotoninsystemet spelar en viktig roll f\u00f6r att reglera hum\u00f6r, aggression, sexuell aktivitet, s\u00f6mn och k\u00e4nslighet f\u00f6r sm\u00e4rta.<\/p>\n","protected":false},"featured_media":282,"comment_status":"closed","ping_status":"closed","template":"","meta":{"_monsterinsights_skip_tracking":false,"_monsterinsights_sitenote_active":false,"_monsterinsights_sitenote_note":"","_monsterinsights_sitenote_category":0,"_uf_show_specific_survey":0,"_uf_disable_surveys":false,"neve_meta_sidebar":"","neve_meta_container":"","neve_meta_enable_content_width":"off","neve_meta_content_width":100,"neve_meta_title_alignment":"","neve_meta_author_avatar":"","neve_post_elements_order":"","neve_meta_disable_header":"","neve_meta_disable_footer":"","neve_meta_disable_title":"","_themeisle_gutenberg_block_has_review":false},"product_brand":[],"product_cat":[28,265,21,29,199,42,43,44],"product_tag":[351,352,353,354,355,356,357,358,359,360,361,362,363,364,365,366,367,368,369,370,371,372,373,374,375,376,377,378,379,380,381,382,383,384,385,386,387,388,389,390,391,392,393,394,395,396,397,398,399,400,401],"class_list":{"0":"post-252","1":"product","2":"type-product","3":"status-publish","4":"has-post-thumbnail","6":"product_cat-adhd","7":"product_cat-anti-angst","8":"product_cat-antidepressiva-medel","9":"product_cat-depression","10":"product_cat-sexuell-dysfunktion","11":"product_cat-smartlindring","12":"product_cat-somntabletter","13":"product_cat-viktminskning","14":"product_tag-bestall-ecstasy-diskret","15":"product_tag-bestall-mdma-snabb-leverans","16":"product_tag-bestalla-ecstasy-med-btcoin","17":"product_tag-bestalla-ecstasy-online","18":"product_tag-bestil-ecstasy-med-btcoin","19":"product_tag-bestil-ecstasy-online","20":"product_tag-bestil-ekstase-diskret","21":"product_tag-bestil-mdma-hurtig-levering","22":"product_tag-bestil-mdma-rask-levering","23":"product_tag-bestill-ecstasy-online","24":"product_tag-bestill-ekstase-diskret","25":"product_tag-bestill-ekstase-med-btcoin","26":"product_tag-betala-for-ecstasy-med-masterkort-i-sverige","27":"product_tag-betale-for-ekstase-med-masterkort-i-sverige","28":"product_tag-billig-ecstasy-i-dag","29":"product_tag-billig-ecstasy-idag","30":"product_tag-billig-ekstase-i-dag","31":"product_tag-ecstasy-i-danmark","32":"product_tag-ekstase-av-kvalitet","33":"product_tag-ekstase-i-danmark","34":"product_tag-fyld-ecstasy-i-sverige","35":"product_tag-fylla-ecstasy-i-sverige","36":"product_tag-fylle-ekstase-i-sverige","37":"product_tag-hur-man-koper-ecstasy-i-norge","38":"product_tag-hur-man-koper-ecstasy-i-stockholm","39":"product_tag-hurtig-levering-ecstasy","40":"product_tag-hvordan-kjope-ekstase-i-norge","41":"product_tag-hvordan-kjope-ekstase-i-stockholm","42":"product_tag-hvordan-man-kober-ecstasy-i-norge","43":"product_tag-hvordan-man-kober-ecstasy-i-stockholm","44":"product_tag-kan-jag-fa-ecstasy-utan-recept-fran-norge","45":"product_tag-kan-jeg-fa-ekstase-uden-recept-fra-norge","46":"product_tag-kan-jeg-fa-ekstase-uten-resept-fra-norge","47":"product_tag-kjop-ekstase-i-all-hemmelighet","48":"product_tag-kjop-ekstase-pa-darkweb","49":"product_tag-kjop-mdma-rask-levering","50":"product_tag-kjope-ekstase-resept","51":"product_tag-kob-ecstasy-hemmelighed","52":"product_tag-kob-ecstasy-pa-darkweb","53":"product_tag-kob-ecstasy-recept","54":"product_tag-kop-ecstasy-pa-darkweb","55":"product_tag-kop-mdma-snabb-leverans","56":"product_tag-kopa-ecstasy-hemligt","57":"product_tag-kopa-ecstasy-recept","58":"product_tag-kvalitet-ecstasy","59":"product_tag-kvalitet-mdma-piller","60":"product_tag-rask-levering-ekstase","61":"product_tag-ren-ecstasy-med-kreditkort","62":"product_tag-ren-ekstase-med-kreditkort","63":"product_tag-ren-ekstase-med-kredittkort","64":"product_tag-snabb-leverans-ecstasy","66":"first","67":"instock","68":"shipping-taxable","69":"purchasable","70":"product-type-variable"},"aioseo_notices":[],"jetpack-related-posts":[{"id":695,"url":"https:\/\/amphetaminapotek.com\/index.php\/product\/lsd-acid-sheets-till-salu-online-sverige\/","url_meta":{"origin":252,"position":0},"title":"LSD Acid Sheets Till Salu Online Sverige","author":"Eric","date":"","format":false,"excerpt":"kop LSD Acid Sheets Till Salu Online Sverige","rel":"","context":"Liknande inl\u00e4gg","block_context":{"text":"Liknande inl\u00e4gg","link":""},"img":{"alt_text":"LSD Acid Sheets Till Salu Online Sverige","src":"https:\/\/i0.wp.com\/amphetaminapotek.com\/wp-content\/uploads\/2024\/03\/LSD-Sheets.jpg?resize=350%2C200&ssl=1","width":350,"height":200,"srcset":"https:\/\/i0.wp.com\/amphetaminapotek.com\/wp-content\/uploads\/2024\/03\/LSD-Sheets.jpg?resize=350%2C200&ssl=1 1x, https:\/\/i0.wp.com\/amphetaminapotek.com\/wp-content\/uploads\/2024\/03\/LSD-Sheets.jpg?resize=525%2C300&ssl=1 1.5x, https:\/\/i0.wp.com\/amphetaminapotek.com\/wp-content\/uploads\/2024\/03\/LSD-Sheets.jpg?resize=700%2C400&ssl=1 2x, https:\/\/i0.wp.com\/amphetaminapotek.com\/wp-content\/uploads\/2024\/03\/LSD-Sheets.jpg?resize=1050%2C600&ssl=1 3x"},"classes":[]},{"id":246,"url":"https:\/\/amphetaminapotek.com\/index.php\/product\/fentanyl\/","url_meta":{"origin":252,"position":1},"title":"k\u00f6p Fentanyl i sverige utan recept","author":"kris","date":"","format":false,"excerpt":"Fentanyl \u00e4r en opioid sm\u00e4rtstillande medicin, ibland kallad narkotisk. Fentanylpl\u00e5ster \u00e4r ett starkt receptbelagt l\u00e4kemedel. Pl\u00e5sterna anv\u00e4nds f\u00f6r att behandla m\u00e5ttlig till sv\u00e5r kronisk sm\u00e4rta dygnet runt. Fentanylpl\u00e5ster anv\u00e4nds n\u00e4r andra sm\u00e4rtbehandlingar som l\u00e4kemedel utan opioid sm\u00e4rta eller opioidl\u00e4kemedel med omedelbar fris\u00e4ttning inte behandlar din sm\u00e4rta tillr\u00e4ckligt bra eller du\u2026","rel":"","context":"Liknande inl\u00e4gg","block_context":{"text":"Liknande inl\u00e4gg","link":""},"img":{"alt_text":"k\u00f6p Fentanyl i sverige utan recept","src":"https:\/\/i0.wp.com\/amphetaminapotek.com\/wp-content\/uploads\/2023\/04\/en.jpg?resize=350%2C200&ssl=1","width":350,"height":200,"srcset":"https:\/\/i0.wp.com\/amphetaminapotek.com\/wp-content\/uploads\/2023\/04\/en.jpg?resize=350%2C200&ssl=1 1x, https:\/\/i0.wp.com\/amphetaminapotek.com\/wp-content\/uploads\/2023\/04\/en.jpg?resize=525%2C300&ssl=1 1.5x, https:\/\/i0.wp.com\/amphetaminapotek.com\/wp-content\/uploads\/2023\/04\/en.jpg?resize=700%2C400&ssl=1 2x"},"classes":[]},{"id":510,"url":"https:\/\/amphetaminapotek.com\/index.php\/product\/dexedrine\/","url_meta":{"origin":252,"position":2},"title":"k\u00f6p Dexedrine Spansule i sverige","author":"kris","date":"","format":false,"excerpt":"Vad \u00e4r k\u00f6p Dexedrine Spansule i sverige? Dexedrine Spansule \u00e4r ett stimulerande medel i centrala nervsystemet. Det p\u00e5verkar kemikalier i hj\u00e4rnan och nerverna som bidrar till hyperaktivitet och impulskontroll. k\u00f6p Dexedrine Spansule i sverige anv\u00e4nds f\u00f6r att behandla narkolepsi och ADHD (ADHD). k\u00f6p Dexedrine i sverige Spansule kan ocks\u00e5 anv\u00e4ndas\u2026","rel":"","context":"Liknande inl\u00e4gg","block_context":{"text":"Liknande inl\u00e4gg","link":""},"img":{"alt_text":"k\u00f6p Dexedrine i sverige","src":"https:\/\/i0.wp.com\/amphetaminapotek.com\/wp-content\/uploads\/2023\/04\/Dexedrine-5-mg-600x600-1.jpg?resize=350%2C200&ssl=1","width":350,"height":200,"srcset":"https:\/\/i0.wp.com\/amphetaminapotek.com\/wp-content\/uploads\/2023\/04\/Dexedrine-5-mg-600x600-1.jpg?resize=350%2C200&ssl=1 1x, https:\/\/i0.wp.com\/amphetaminapotek.com\/wp-content\/uploads\/2023\/04\/Dexedrine-5-mg-600x600-1.jpg?resize=525%2C300&ssl=1 1.5x"},"classes":[]},{"id":715,"url":"https:\/\/amphetaminapotek.com\/index.php\/product\/kop-ketamine-i-sverige\/","url_meta":{"origin":252,"position":3},"title":"K\u00f6pa Ketamin I Sverige","author":"Eric","date":"","format":false,"excerpt":"K\u00f6pa Ketamin I Sverige K\u00f6pa Ketamin I Sverige\u00a0\u00e4r ett dissociativt bed\u00f6vningsmedel som anv\u00e4nds medicinskt f\u00f6r induktion och underh\u00e5ll av anestesi. Det anv\u00e4nds ocks\u00e5 som en rekreationsdrog. Det \u00e4r ett av de s\u00e4kraste bed\u00f6vningsmedlen, eftersom det, till skillnad fr\u00e5n opiater, eter och propofol, varken d\u00e4mpar andning eller hj\u00e4rtfrekvens. \u00a0KETAMIN DROG ANV\u00c4NDNINGAR\u2026","rel":"","context":"Med 3 kommentarer","block_context":{"text":"Med 3 kommentarer","link":"https:\/\/amphetaminapotek.com\/index.php\/product\/kop-ketamine-i-sverige\/#comments"},"img":{"alt_text":"K\u00f6p ketamine online","src":"https:\/\/i0.wp.com\/karlstardapotek.com\/wp-content\/uploads\/2021\/08\/2051-05_original_1200Wx1200H_8912373743646-300x300.jpg?resize=350%2C200&ssl=1","width":350,"height":200},"classes":[]},{"id":386,"url":"https:\/\/amphetaminapotek.com\/index.php\/product\/tramadol-25mg-50mg-100mg-225mg\/","url_meta":{"origin":252,"position":4},"title":"K\u00f6p Tramadol 200mg och 50mg","author":"kris","date":"","format":false,"excerpt":"Tramadol \u00e4r en narkotisk-liknande sm\u00e4rtstillande medel. Tramadol anv\u00e4nds f\u00f6r att behandla m\u00e5ttlig till sv\u00e5r sm\u00e4rta hos vuxna. Tramadols f\u00f6rl\u00e4ngda fris\u00e4ttningsform \u00e4r f\u00f6r behandling av sm\u00e4rta dygnet runt. Tramadols f\u00f6rl\u00e4ngd fris\u00e4ttningsmedel \u00e4r inte avsedd f\u00f6r anv\u00e4ndning p\u00e5 grund av sm\u00e4rta.","rel":"","context":"Liknande inl\u00e4gg","block_context":{"text":"Liknande inl\u00e4gg","link":""},"img":{"alt_text":"K\u00f6p Tramadol 200mg och 50mg","src":"https:\/\/i0.wp.com\/amphetaminapotek.com\/wp-content\/uploads\/2023\/04\/Tramadol-FBMeme.png?resize=350%2C200&ssl=1","width":350,"height":200,"srcset":"https:\/\/i0.wp.com\/amphetaminapotek.com\/wp-content\/uploads\/2023\/04\/Tramadol-FBMeme.png?resize=350%2C200&ssl=1 1x, https:\/\/i0.wp.com\/amphetaminapotek.com\/wp-content\/uploads\/2023\/04\/Tramadol-FBMeme.png?resize=525%2C300&ssl=1 1.5x, https:\/\/i0.wp.com\/amphetaminapotek.com\/wp-content\/uploads\/2023\/04\/Tramadol-FBMeme.png?resize=700%2C400&ssl=1 2x"},"classes":[]},{"id":254,"url":"https:\/\/amphetaminapotek.com\/index.php\/product\/elvanse\/","url_meta":{"origin":252,"position":5},"title":"K\u00f6p\u00a0Elvanse online i Sverige","author":"kris","date":"","format":false,"excerpt":"Vyvanse (lisdexamfetamin) \u00e4r ett stimulansmedel i centrala nervsystemet. Det p\u00e5verkar kemikalier i hj\u00e4rnan och nerver som bidrar till hyperaktivitet och impulskontroll. Vyvanse \u00e4r FDA-godk\u00e4nd f\u00f6r behandling av ADHD vid ADHD hos vuxna och hos barn som \u00e4r minst 6 \u00e5r gamla. Vyvanse anv\u00e4nds ocks\u00e5 f\u00f6r att behandla m\u00e5ttlig till sv\u00e5r\u2026","rel":"","context":"Liknande inl\u00e4gg","block_context":{"text":"Liknande inl\u00e4gg","link":""},"img":{"alt_text":"K\u00f6p\u00a0Elvanse online i Sverige","src":"https:\/\/i0.wp.com\/amphetaminapotek.com\/wp-content\/uploads\/2023\/04\/Vyvanse_capsules-scaled-1.jpg?resize=350%2C200&ssl=1","width":350,"height":200,"srcset":"https:\/\/i0.wp.com\/amphetaminapotek.com\/wp-content\/uploads\/2023\/04\/Vyvanse_capsules-scaled-1.jpg?resize=350%2C200&ssl=1 1x, https:\/\/i0.wp.com\/amphetaminapotek.com\/wp-content\/uploads\/2023\/04\/Vyvanse_capsules-scaled-1.jpg?resize=525%2C300&ssl=1 1.5x, https:\/\/i0.wp.com\/amphetaminapotek.com\/wp-content\/uploads\/2023\/04\/Vyvanse_capsules-scaled-1.jpg?resize=700%2C400&ssl=1 2x, https:\/\/i0.wp.com\/amphetaminapotek.com\/wp-content\/uploads\/2023\/04\/Vyvanse_capsules-scaled-1.jpg?resize=1050%2C600&ssl=1 3x, https:\/\/i0.wp.com\/amphetaminapotek.com\/wp-content\/uploads\/2023\/04\/Vyvanse_capsules-scaled-1.jpg?resize=1400%2C800&ssl=1 4x"},"classes":[]}],"jetpack_sharing_enabled":true,"_links":{"self":[{"href":"https:\/\/amphetaminapotek.com\/index.php\/wp-json\/wp\/v2\/product\/252","targetHints":{"allow":["GET"]}}],"collection":[{"href":"https:\/\/amphetaminapotek.com\/index.php\/wp-json\/wp\/v2\/product"}],"about":[{"href":"https:\/\/amphetaminapotek.com\/index.php\/wp-json\/wp\/v2\/types\/product"}],"replies":[{"embeddable":true,"href":"https:\/\/amphetaminapotek.com\/index.php\/wp-json\/wp\/v2\/comments?post=252"}],"wp:featuredmedia":[{"embeddable":true,"href":"https:\/\/amphetaminapotek.com\/index.php\/wp-json\/wp\/v2\/media\/282"}],"wp:attachment":[{"href":"https:\/\/amphetaminapotek.com\/index.php\/wp-json\/wp\/v2\/media?parent=252"}],"wp:term":[{"taxonomy":"product_brand","embeddable":true,"href":"https:\/\/amphetaminapotek.com\/index.php\/wp-json\/wp\/v2\/product_brand?post=252"},{"taxonomy":"product_cat","embeddable":true,"href":"https:\/\/amphetaminapotek.com\/index.php\/wp-json\/wp\/v2\/product_cat?post=252"},{"taxonomy":"product_tag","embeddable":true,"href":"https:\/\/amphetaminapotek.com\/index.php\/wp-json\/wp\/v2\/product_tag?post=252"}],"curies":[{"name":"wp","href":"https:\/\/api.w.org\/{rel}","templated":true}]}}