{"id":254,"date":"2023-04-08T02:41:16","date_gmt":"2023-04-08T00:41:16","guid":{"rendered":"https:\/\/amphetaminapotek.com\/?post_type=product&#038;p=254"},"modified":"2025-02-20T04:45:34","modified_gmt":"2025-02-20T03:45:34","slug":"elvanse","status":"publish","type":"product","link":"https:\/\/amphetaminapotek.com\/index.php\/product\/elvanse\/","title":{"rendered":"K\u00f6p\u00a0Elvanse online i Sverige"},"content":{"rendered":"<p>&nbsp;<\/p>\n<h1>K\u00f6p Vyvanse online i Sverige | Vyvanse till salu i sverige | elvanse online shop | best\u00e4lla vysanse och elvanse utan reept<\/h1>\n<p><a href=\"https:\/\/amphetaminapotek.com\/index.php\/product\/elvanse\/\">K\u00f6p\u00a0Elvanse online i Sverige<\/a> | Vyvanse till salu i Sverige |best\u00e4lla vysanse<\/p>\n<p>Medicine Namn:<br \/>\nGeneriskt namn: Lisdexamfetamin \u2013 Oralt<br \/>\nUttal: (lis-DEX-am-FET-a-meen)<br \/>\nM\u00e4rke (n):\u00a0Vyvanse<\/p>\n<p>Varning<\/p>\n<ol>\n<li>Missbruk eller missbruk av amfetamin kan orsaka allvarliga (m\u00f6jligen d\u00f6dliga) hj\u00e4rt- och blodtrycksproblem.\u00a0<a href=\"https:\/\/amphetaminapotek.com\/index.php\/product\/elvanse\/\">Amfetamin<\/a>-typ\u00a0mediciner kan deformera. Anv\u00e4nd endast som specificerat. Om du anv\u00e4nder det h\u00e4r l\u00e4kemedlet under en l\u00e4ngre tid, kan du bero p\u00e5 det och kan f\u00e5 abstinenssymptom efter att du har stoppat l\u00e4kemedlet. Kontakta din l\u00e4kare eller apotekspersonal f\u00f6r mer information. (Se \u00e4ven S\u00e5 h\u00e4r anv\u00e4nder du avsnittet.)<br \/>\nKollar<\/li>\n<\/ol>\n<h2>best\u00e4lla vysanse<\/h2>\n<p>Lisdexamfetamin anv\u00e4nds f\u00f6r att behandla ADHD som en del av en total behandlingsplan, inklusive psykologiska, sociala och andra behandlingar. Det kan bidra till att \u00f6ka m\u00f6jligheten att vara medveten, h\u00e5lla fokus och sluta fidgeting. Lisdexamfetamin kan ocks\u00e5 anv\u00e4ndas f\u00f6r att behandla binge eating disorder (BED). Det kan hj\u00e4lpa till att minska antalet binge-\u00e4ta dagar. Denna medicinering \u00e4r en stimulans.<\/p>\n<p>Det \u00e4r t\u00e4nkt att arbeta genom att \u00e5terst\u00e4lla balansen mellan vissa naturliga kemikalier (neurotransmittorer) i hj\u00e4rnan.<\/p>\n<p>Detta l\u00e4kemedel rekommenderas inte f\u00f6r viktminskning p\u00e5 grund av risken f\u00f6r allvarliga biverkningar.<\/p>\n<h2>Viktig information<\/h2>\n<p><a href=\"https:\/\/amphetaminapotek.com\/index.php\/product\/elvanse\/\">K\u00f6p\u00a0Elvanse online i Sverige<\/a> kan vara vanebildande, och detta l\u00e4kemedel \u00e4r ett missbruk av droger. Ber\u00e4tta f\u00f6r din l\u00e4kare om du har haft problem med missbruk av drog eller alkohol.<\/p>\n<p>Stimulerande medel har orsakat stroke, hj\u00e4rtattack och pl\u00f6tslig d\u00f6d hos personer med h\u00f6gt blodtryck, hj\u00e4rtsjukdom eller hj\u00e4rtfel.<\/p>\n<p>Anv\u00e4nd inte Vyvanse om du har anv\u00e4nt en MAO-h\u00e4mmare under de senaste 14 dagarna, s\u00e5som isokarboxazid, linezolid, metylenbl\u00e5 injektion, fenelzin, rasagilin, selegilin eller tranylcypromin.<\/p>\n<p>Vyvanse kan orsaka ny eller f\u00f6rs\u00e4mrad psykos (ovanliga tankar eller beteenden), s\u00e4rskilt om du har haft en depression med psykisk sjukdom eller bipol\u00e4r sjukdom.<\/p>\n<p>Du kan ha problem med blodcirkulationen som kan orsaka domningar, sm\u00e4rta eller missf\u00e4rgning i fingrar eller t\u00e5r.<\/p>\n<p>Ring omedelbart din l\u00e4kare om du har: tecken p\u00e5 hj\u00e4rtproblem \u2013 br\u00f6stsm\u00e4rta, k\u00e4nsla l\u00e4tt eller kort andedr\u00e4kt; tecken p\u00e5 psykos \u2013 paranoia, aggression, nya beteendeproblem, se eller h\u00f6ra saker som inte \u00e4r verkliga; tecken p\u00e5 cirkulationsproblem \u2013 of\u00f6rklarade s\u00e5r p\u00e5 fingrar eller t\u00e5r.<\/p>\n<p>&nbsp;<\/p>\n<h3>Innan du tar detta l\u00e4kemedel<\/h3>\n<p>Du b\u00f6r inte anv\u00e4nda Vyvanse om du \u00e4r allergisk mot lisdexamfetamin eller n\u00e5gon komponent i formuleringen.<\/p>\n<p>Anv\u00e4nd inte\u00a0<a href=\"https:\/\/www.fass.se\/LIF\/product?userType=0&amp;nplId=20140730000117\">Vyvanse<\/a>\u00a0om du har tagit en MAO-h\u00e4mmare under de senaste 14 dagarna. En farlig l\u00e4kemedelsinteraktion kan uppst\u00e5. MAO-h\u00e4mmare inkluderar isokarboxazid, linezolid, metylenbl\u00e5 injektion, fenelzin, rasagilin, selegilin, tranylcypromin och andra.<\/p>\n<p>Stimulanter har orsakat stroke, hj\u00e4rtattack och pl\u00f6tslig d\u00f6d hos vissa personer. Ber\u00e4tta f\u00f6r din l\u00e4kare om du har:<\/p>\n<p>hj\u00e4rtproblem eller en medf\u00f6dd hj\u00e4rtfel;<\/p>\n<p>h\u00f6gt blodtryck; eller \/ <a href=\"https:\/\/amphetaminapotek.com\/index.php\/product\/elvanse\/\">K\u00f6p\u00a0Elvanse online i Sverige<\/a><\/p>\n<p>en familjehistoria med hj\u00e4rtsjukdom eller pl\u00f6tslig d\u00f6d.<\/p>\n<p>F\u00f6r att se till att detta l\u00e4kemedel \u00e4r s\u00e4kert f\u00f6r dig, ber\u00e4tta f\u00f6r din l\u00e4kare om du eller n\u00e5gon i din familj n\u00e5gonsin har haft:<\/p>\n<p>depression, psykisk sjukdom, bipol\u00e4r st\u00f6rning, psykos eller sj\u00e4lvmordstankar eller handlingar;<\/p>\n<p>best\u00e4lla vysanse<\/p>\n<h3>k\u00f6p <a href=\"https:\/\/www.medicines.org.uk\/emc\/product\/6828\/smpc\">Elvanse<\/a> online,<\/h3>\n<p>du undrar kanske var alla i Sverige k\u00f6per Elvanse,<\/p>\n<p>vi har unders\u00f6kt de b\u00e4sta st\u00e4llena att k\u00f6pa Elvanse i Sverige,<\/p>\n<p>klicka och ta reda p\u00e5<\/p>\n<h2>K\u00f6p Elvanse i sverige online utan recept<\/h2>\n<p>du kan k\u00f6pa Elvanse online i sverige till en mycket billig r\u00e4nta och f\u00e5 snabb hemleverans,<\/p>\n<p>genom \u00e5ren som vi har studerat och f\u00f6ljt anv\u00e4ndare som framg\u00e5ngsrikt k\u00f6per Elvanse online utan recept.<\/p>\n<p>Vi ins\u00e5g att cirka 80% av dessa anv\u00e4ndare k\u00f6pte Elvanse online fr\u00e5n<\/p>\n<p>medan de andra 20% k\u00f6pte via e-postmeddelandet<\/p>\n<h3>Vad \u00e4r priset p\u00e5 Elvanse 70 mg online<\/h3>\n<p>Vi s\u00f6kte efter priser p\u00e5 Elvanse och ins\u00e5g att vi p\u00e5 tramadol apotek har de b\u00e4sta Elvanse<\/p>\n<p>priserna f\u00f6r onlinef\u00f6rs\u00e4ljning och vi har den snabbaste leveransen hittills f\u00f6r Elvanse<\/p>\n<p>s\u00e5 best\u00e4ll dina piller fr\u00e5n oss.<\/p>\n<h3>Hur man k\u00f6per Elvanse flashback online utan recept<\/h3>\n<p>det \u00e4r v\u00e4ldigt l\u00e4tt att k\u00f6pa Elvanse online hos oss,<\/p>\n<p>klicka bara p\u00e5 l\u00e4nken nedan och v\u00e4lj det belopp du beh\u00f6ver och fullst\u00e4ndig best\u00e4llning,<\/p>\n<p>du kommer att f\u00e5 v\u00e5rt meddelande och riktning att betala, det \u00e4r enkelt och snabbt,<\/p>\n<p>vi erbjuder 24 timmars leverans och till och med 12 timmars leverans f\u00f6r adresser i stockholm<br \/>\nvi erbjuder ocks\u00e5 whatsapp-support,<\/p>\n<h4>Var man kan k\u00f6pa Original Elvanse 70 mg online utan recept.<\/h4>\n<p>Tja, vi har redan gjort det mycket tydligt att k\u00f6pa <a href=\"https:\/\/www.drugs.com\/vyvanse.html\">Elvanse<\/a> online aldrig har varit enklare \u00e4n nu,<\/p>\n<p>det beror p\u00e5 att vi har gjort den h\u00e5rda delen och nu beh\u00f6ver du bara klicka och betala<\/p>\n<p>f\u00f6r att f\u00e5 ditt paket och en mycket snabb leverans.<\/p>\n<h4>Var kan jag best\u00e4lla original Elvanse online utan recept<\/h4>\n<p>klicka bara p\u00e5 l\u00e4nken h\u00e4r<\/p>\n<h4>F\u00e5 Elvanse 70 mg billigt<\/h4>\n<p>och att f\u00e5 Elvanse online till extremt bra priser via e-post<\/p>\n<h4>vad \u00e4r Elvanse?<\/h4>\n<p>Vyvanse (lisdexamfetamin) \u00e4r en stimulant f\u00f6r centrala nervsystemet.<\/p>\n<p>Det p\u00e5verkar kemikalier i hj\u00e4rnan och nerverna som bidrar till hyperaktivitet och impulskontroll.<\/p>\n<p>Vyvanse \u00e4r FDA-godk\u00e4nt f\u00f6r att behandla ADHD (<a href=\"https:\/\/amphetaminapotek.com\/index.php\/product\/elvanse\/\">ADHD<\/a>) hos vuxna och hos barn som \u00e4r minst 6 \u00e5r gamla.<\/p>\n<h4>ska jag ta Elvanse<\/h4>\n<p>Du b\u00f6r inte anv\u00e4nda Vyvanse om du \u00e4r allergisk mot lisdexamfetamin eller n\u00e5gon komponent i formuleringen.<\/p>\n<p>Anv\u00e4nd inte Vyvanse om du har tagit en MAO-h\u00e4mmare under de senaste 14 dagarna.<\/p>\n<p>En farlig l\u00e4kemedelsinteraktion kan uppst\u00e5. MAO-h\u00e4mmare inkluderar isokarboxazid,<\/p>\n<p>linezolid, metylenbl\u00e5 injektion, fenelzin, rasagilin, selegilin, tranylcypromin och andra.<\/p>\n<p><a href=\"https:\/\/amphetaminapotek.com\/index.php\/product\/elvanse\/\">K\u00f6p\u00a0Elvanse online i Sverige<\/a><\/p>\n","protected":false},"excerpt":{"rendered":"<p>Vyvanse (lisdexamfetamin) \u00e4r ett stimulansmedel i centrala nervsystemet. Det p\u00e5verkar kemikalier i hj\u00e4rnan och nerver som bidrar till hyperaktivitet och impulskontroll.<\/p>\n<p>Vyvanse \u00e4r FDA-godk\u00e4nd f\u00f6r behandling av ADHD vid ADHD hos vuxna och hos barn som \u00e4r minst 6 \u00e5r gamla.<\/p>\n<p>Vyvanse anv\u00e4nds ocks\u00e5 f\u00f6r att behandla m\u00e5ttlig till sv\u00e5r binge-\u00e4tst\u00f6rning hos vuxna. Detta l\u00e4kemedel ska inte anv\u00e4ndas f\u00f6r fetma eller viktminskning.<\/p>\n","protected":false},"featured_media":284,"comment_status":"closed","ping_status":"closed","template":"","meta":{"_monsterinsights_skip_tracking":false,"_monsterinsights_sitenote_active":false,"_monsterinsights_sitenote_note":"","_monsterinsights_sitenote_category":0,"_uf_show_specific_survey":0,"_uf_disable_surveys":false,"neve_meta_sidebar":"","neve_meta_container":"","neve_meta_enable_content_width":"off","neve_meta_content_width":100,"neve_meta_title_alignment":"","neve_meta_author_avatar":"","neve_post_elements_order":"","neve_meta_disable_header":"","neve_meta_disable_footer":"","neve_meta_disable_title":"","_themeisle_gutenberg_block_has_review":false},"product_brand":[],"product_cat":[21],"product_tag":[409,410,411,412,413,414,415,416,417,418],"class_list":{"0":"post-254","1":"product","2":"type-product","3":"status-publish","4":"has-post-thumbnail","6":"product_cat-antidepressiva-medel","7":"product_tag-70mg-i-sverige-snabb-leverans","8":"product_tag-bestall-elvanse-30mg","9":"product_tag-bestil-elvanse-70mg-uden-recept","10":"product_tag-bestill-elvanse-70mg-uten-resept","11":"product_tag-kjop-elvanse-70mg-uten-resept","12":"product_tag-kjop-piller-online-uten-resept","13":"product_tag-kob-elvanse-70mg-uden-recept","14":"product_tag-kob-medicin-online-uden-recept","15":"product_tag-kop-elvanse-30mg","16":"product_tag-kvalitet-elvanse-30mg","18":"first","19":"instock","20":"shipping-taxable","21":"purchasable","22":"product-type-variable"},"aioseo_notices":[],"jetpack-related-posts":[{"id":389,"url":"https:\/\/amphetaminapotek.com\/index.php\/product\/amfetamin\/","url_meta":{"origin":254,"position":0},"title":"k\u00f6p amfetamin i sverige","author":"kris","date":"","format":false,"excerpt":"Amfetamin kan vara vanabildande, och detta l\u00e4kemedel \u00e4r ett missbrukande l\u00e4kemedel. Tala om f\u00f6r din l\u00e4kare om du har haft problem med droger eller alkoholmissbruk. Stimulanter har orsakat stroke, hj\u00e4rtinfarkt och pl\u00f6tslig d\u00f6d hos personer med h\u00f6gt blodtryck, hj\u00e4rtsjukdom eller hj\u00e4rtfel.","rel":"","context":"Med 19 kommentarer","block_context":{"text":"Med 19 kommentarer","link":"https:\/\/amphetaminapotek.com\/index.php\/product\/amfetamin\/#comments"},"img":{"alt_text":"k\u00f6p amfetamin i sverige","src":"https:\/\/encrypted-tbn0.gstatic.com\/images?q=tbn:ANd9GcQJf2ag6-g7YdtBzmyMF5_EhDR3ePETfpI_LR4ECoZBbr3FOCr8IX0tF_xfjY7pI7Lk0Sg&usqp=CAU","width":350,"height":200},"classes":[]},{"id":256,"url":"https:\/\/amphetaminapotek.com\/index.php\/product\/mandrax-quaalude-300-mg\/","url_meta":{"origin":254,"position":1},"title":"best\u00e4lla mandrax utan recept","author":"kris","date":"","format":false,"excerpt":"Quaaludes fr\u00e4mjar avslappning, s\u00f6mnighet och ibland en k\u00e4nsla av eufori. Det orsakar blodtryckss\u00e4nkning och s\u00e4nker pulsfrekvensen. Dessa egenskaper \u00e4r anledningen till att det ursprungligen ans\u00e5gs vara en anv\u00e4ndbar lugnande och anxiolytisk.","rel":"","context":"Liknande inl\u00e4gg","block_context":{"text":"Liknande inl\u00e4gg","link":""},"img":{"alt_text":"best\u00e4lla mandrax utan recept","src":"https:\/\/i0.wp.com\/amphetaminapotek.com\/wp-content\/uploads\/2023\/04\/Quaaludes-For-Sale.jpeg?resize=350%2C200&ssl=1","width":350,"height":200,"srcset":"https:\/\/i0.wp.com\/amphetaminapotek.com\/wp-content\/uploads\/2023\/04\/Quaaludes-For-Sale.jpeg?resize=350%2C200&ssl=1 1x, https:\/\/i0.wp.com\/amphetaminapotek.com\/wp-content\/uploads\/2023\/04\/Quaaludes-For-Sale.jpeg?resize=525%2C300&ssl=1 1.5x"},"classes":[]},{"id":715,"url":"https:\/\/amphetaminapotek.com\/index.php\/product\/kop-ketamine-i-sverige\/","url_meta":{"origin":254,"position":2},"title":"K\u00f6pa Ketamin I Sverige","author":"Eric","date":"","format":false,"excerpt":"K\u00f6pa Ketamin I Sverige K\u00f6pa Ketamin I Sverige\u00a0\u00e4r ett dissociativt bed\u00f6vningsmedel som anv\u00e4nds medicinskt f\u00f6r induktion och underh\u00e5ll av anestesi. Det anv\u00e4nds ocks\u00e5 som en rekreationsdrog. Det \u00e4r ett av de s\u00e4kraste bed\u00f6vningsmedlen, eftersom det, till skillnad fr\u00e5n opiater, eter och propofol, varken d\u00e4mpar andning eller hj\u00e4rtfrekvens. \u00a0KETAMIN DROG ANV\u00c4NDNINGAR\u2026","rel":"","context":"Med 3 kommentarer","block_context":{"text":"Med 3 kommentarer","link":"https:\/\/amphetaminapotek.com\/index.php\/product\/kop-ketamine-i-sverige\/#comments"},"img":{"alt_text":"K\u00f6p ketamine online","src":"https:\/\/i0.wp.com\/karlstardapotek.com\/wp-content\/uploads\/2021\/08\/2051-05_original_1200Wx1200H_8912373743646-300x300.jpg?resize=350%2C200&ssl=1","width":350,"height":200},"classes":[]},{"id":396,"url":"https:\/\/amphetaminapotek.com\/index.php\/product\/fentermin\/","url_meta":{"origin":254,"position":3},"title":"k\u00f6p phentermine i sverige utan recept","author":"kris","date":"","format":false,"excerpt":"Fentermin liknar en amfetamin. Det stimulerar centrala nervsystemet (nerver och hj\u00e4rnan), vilket \u00f6kar din hj\u00e4rtfrekvens och blodtryck och minskar din aptit. Fentermin anv\u00e4nds tillsammans med kost och motion f\u00f6r att behandla fetma, s\u00e4rskilt hos personer med riskfaktorer som h\u00f6gt blodtryck, h\u00f6gt kolesterol eller diabetes. Phentermin kan ocks\u00e5 anv\u00e4ndas f\u00f6r \u00e4ndam\u00e5l\u2026","rel":"","context":"Liknande inl\u00e4gg","block_context":{"text":"Liknande inl\u00e4gg","link":""},"img":{"alt_text":"k\u00f6p phentermine i sverige utan recept","src":"https:\/\/i0.wp.com\/amphetaminapotek.com\/wp-content\/uploads\/2023\/04\/20428491_10212910288607623_1636939128_n.jpg?resize=350%2C200&ssl=1","width":350,"height":200},"classes":[]},{"id":381,"url":"https:\/\/amphetaminapotek.com\/index.php\/product\/adderall\/","url_meta":{"origin":254,"position":4},"title":"K\u00f6p Adderall 30mg utan recept","author":"kris","date":"","format":false,"excerpt":"Adderall inneh\u00e5ller en kombination av amfetamin och dextroamphetamin. Amfetamin och dextroamphetamin \u00e4r stimulansmedel i centrala nervsystemet som p\u00e5verkar kemikalier i hj\u00e4rnan och nerver som bidrar till hyperaktivitet och impulskontroll.","rel":"","context":"Med 1 kommentar","block_context":{"text":"Med 1 kommentar","link":"https:\/\/amphetaminapotek.com\/index.php\/product\/adderall\/#comments"},"img":{"alt_text":"K\u00f6p Adderall 30mg utan recept","src":"https:\/\/i0.wp.com\/amphetaminapotek.com\/wp-content\/uploads\/2023\/04\/ob_40919b_adderall-3-jpgk.jpeg?resize=350%2C200&ssl=1","width":350,"height":200,"srcset":"https:\/\/i0.wp.com\/amphetaminapotek.com\/wp-content\/uploads\/2023\/04\/ob_40919b_adderall-3-jpgk.jpeg?resize=350%2C200&ssl=1 1x, https:\/\/i0.wp.com\/amphetaminapotek.com\/wp-content\/uploads\/2023\/04\/ob_40919b_adderall-3-jpgk.jpeg?resize=525%2C300&ssl=1 1.5x, https:\/\/i0.wp.com\/amphetaminapotek.com\/wp-content\/uploads\/2023\/04\/ob_40919b_adderall-3-jpgk.jpeg?resize=700%2C400&ssl=1 2x, https:\/\/i0.wp.com\/amphetaminapotek.com\/wp-content\/uploads\/2023\/04\/ob_40919b_adderall-3-jpgk.jpeg?resize=1050%2C600&ssl=1 3x"},"classes":[]},{"id":390,"url":"https:\/\/amphetaminapotek.com\/index.php\/product\/viagra\/","url_meta":{"origin":254,"position":5},"title":"viagra","author":"kris","date":"","format":false,"excerpt":"Viagra (sildenafil) slappnar av muskler som finns i blodk\u00e4rlens v\u00e4ggar och \u00f6kar blodfl\u00f6det till vissa delar av kroppen. Viagra anv\u00e4nds f\u00f6r att behandla erektil dysfunktion (impotens) hos m\u00e4n. Ett annat m\u00e4rke av sildenafil \u00e4r Revatio, som anv\u00e4nds f\u00f6r att behandla pulmonell arteriell hypertension och f\u00f6rb\u00e4ttra tr\u00e4ningskapaciteten hos m\u00e4n och kvinnor.\u2026","rel":"","context":"Liknande inl\u00e4gg","block_context":{"text":"Liknande inl\u00e4gg","link":""},"img":{"alt_text":"","src":"","width":0,"height":0},"classes":[]}],"jetpack_sharing_enabled":true,"_links":{"self":[{"href":"https:\/\/amphetaminapotek.com\/index.php\/wp-json\/wp\/v2\/product\/254","targetHints":{"allow":["GET"]}}],"collection":[{"href":"https:\/\/amphetaminapotek.com\/index.php\/wp-json\/wp\/v2\/product"}],"about":[{"href":"https:\/\/amphetaminapotek.com\/index.php\/wp-json\/wp\/v2\/types\/product"}],"replies":[{"embeddable":true,"href":"https:\/\/amphetaminapotek.com\/index.php\/wp-json\/wp\/v2\/comments?post=254"}],"wp:featuredmedia":[{"embeddable":true,"href":"https:\/\/amphetaminapotek.com\/index.php\/wp-json\/wp\/v2\/media\/284"}],"wp:attachment":[{"href":"https:\/\/amphetaminapotek.com\/index.php\/wp-json\/wp\/v2\/media?parent=254"}],"wp:term":[{"taxonomy":"product_brand","embeddable":true,"href":"https:\/\/amphetaminapotek.com\/index.php\/wp-json\/wp\/v2\/product_brand?post=254"},{"taxonomy":"product_cat","embeddable":true,"href":"https:\/\/amphetaminapotek.com\/index.php\/wp-json\/wp\/v2\/product_cat?post=254"},{"taxonomy":"product_tag","embeddable":true,"href":"https:\/\/amphetaminapotek.com\/index.php\/wp-json\/wp\/v2\/product_tag?post=254"}],"curies":[{"name":"wp","href":"https:\/\/api.w.org\/{rel}","templated":true}]}}