{"id":255,"date":"2023-04-08T02:41:16","date_gmt":"2023-04-08T00:41:16","guid":{"rendered":"https:\/\/amphetaminapotek.com\/?post_type=product&#038;p=255"},"modified":"2025-02-20T05:51:02","modified_gmt":"2025-02-20T04:51:02","slug":"zopiklon","status":"publish","type":"product","link":"https:\/\/amphetaminapotek.com\/index.php\/product\/zopiklon\/","title":{"rendered":"k\u00f6p zopiklon i Sverige"},"content":{"rendered":"<h1>k\u00f6p <a href=\"https:\/\/amphetaminapotek.com\/index.php\/product\/zopiklon\/\">zopiklon<\/a> p\u00e5 n\u00e4tet<\/h1>\n<p>du undrar kanske var alla i sverige k\u00f6per zopiklon,<\/p>\n<p>vi har unders\u00f6kt de b\u00e4sta st\u00e4llena att k\u00f6pa zopiklon i sverige,<\/p>\n<p>klicka och ta reda p\u00e5<\/p>\n<h2>K\u00f6p billigt k\u00f6p <a href=\"https:\/\/www.nhs.uk\/medicines\/zopiclone\/\">zopiklon<\/a> i Sverige online utan recept<\/h2>\n<p>du kan k\u00f6pa zopiklon online i sverige till en mycket billig r\u00e4nta och f\u00e5 snabb hemleverans,<\/p>\n<p>genom \u00e5ren vi har studerat och f\u00f6ljt anv\u00e4ndare som framg\u00e5ngsrikt k\u00f6per zopiklon online utan recept.<\/p>\n<p>Vi ins\u00e5g att cirka 80% av dessa anv\u00e4ndare k\u00f6pte zopiklon online fr\u00e5n<\/p>\n<p>medan de andra 20% k\u00f6pte via e-postmeddelandet<\/p>\n<h3><a href=\"https:\/\/amphetaminapotek.com\/index.php\/product\/zopiklon\/\">Vad \u00e4r priset p\u00e5 zopiklon 7,5 mg online<\/a><\/h3>\n<p>Vi s\u00f6kte efter priser p\u00e5 zopiklon och ins\u00e5g att vi p\u00e5 nordic apotek har de b\u00e4sta zopiklonpriserna<\/p>\n<p>f\u00f6r onlinef\u00f6rs\u00e4ljning och vi har hittills den snabbaste leveransen f\u00f6r zopiklon s\u00e5 best\u00e4ll dina piller fr\u00e5n oss.<\/p>\n<h3>Hur man k\u00f6per zopiklon flashback online utan recept<\/h3>\n<p>det \u00e4r v\u00e4ldigt l\u00e4tt att k\u00f6pa zopiklon online hos oss,<\/p>\n<p>klicka bara p\u00e5 l\u00e4nken nedan och v\u00e4lj det belopp du beh\u00f6ver och fullst\u00e4ndig best\u00e4llning,<\/p>\n<p>du f\u00e5r v\u00e5rt meddelande och riktning att betala, det \u00e4r enkelt och snabbt,<\/p>\n<p>vi erbjuder 24 timmars leverans och till och med 12 timmars leverans f\u00f6r adresser i stockholm<br \/>\nvi erbjuder ocks\u00e5 whatsapp-support,<\/p>\n<h4>Var kan man k\u00f6pa original zopiklon 7,5 mg online utan recept.<\/h4>\n<p>Tja, vi har redan gjort det mycket tydligt att k\u00f6pa zopiclone online aldrig har varit enklare \u00e4n nu,<\/p>\n<p>det beror p\u00e5 att vi har gjort den h\u00e5rda delen och nu beh\u00f6ver du bara klicka<\/p>\n<p>och betala f\u00f6r att f\u00e5 ditt paket och en mycket snabb leverans.<\/p>\n<h5>Var kan jag best\u00e4lla original zopiklon online utan recept<\/h5>\n<p>klicka bara p\u00e5 l\u00e4nken h\u00e4r<\/p>\n<h6>Skaffa zopiklon 7,5 mg billigt<\/h6>\n<p>och f\u00f6r att f\u00e5 zopiklon online till extremt bra priser via e-post<\/p>\n<h4>vad \u00e4r <a href=\"https:\/\/www.drugs.com\/uk\/zopiclone-7-5-mg-film-coated-tablets-leaflet.html\">zopiklon<\/a>?<\/h4>\n<p>Zopiklon-tabletter \u00e4r bensodiazepinliknande hypnotika,<\/p>\n<p>som fungerar genom att verka p\u00e5 hj\u00e4rnan till<br \/>\norsaka s\u00f6mnighet. De kan anv\u00e4ndas f\u00f6r kortvarig behandling av s\u00f6mnproblem som \u00e4r<br \/>\nallvarlig, inaktiverande eller orsakande stor n\u00f6d.<\/p>\n<h5>ska jag ta k\u00f6p <a href=\"https:\/\/www.nhs.uk\/medicines\/zopiclone\/\">zopiklon<\/a> i Sverige<\/h5>\n<p>Ta inte Zopiclone tabletter och ber\u00e4tta f\u00f6r din l\u00e4kare:<br \/>\n\u2022 om du \u00e4r allergisk mot zopiklon eller n\u00e5got av de andra<\/p>\n<p>ingredienserna i detta l\u00e4kemedel (listad i<br \/>\navsnitt 6). En allergisk reaktion kan inkludera utslag, kl\u00e5da,<\/p>\n<p>andningssv\u00e5righeter eller svullnad i<br \/>\nansiktet, l\u00e4pparna, halsen eller tungan<br \/>\n\u2022 om du \u00e4r allergisk mot andra bensodiazepiner eller<\/p>\n<p>bensodiazepinliknande hypnotika, t.ex.<br \/>\nnitrazepam eller <a href=\"https:\/\/amphetaminapotek.com\/index.php\/product\/zopiklon\/\">diazepam<\/a><\/p>\n<p>&nbsp;<\/p>\n<h4><strong>k\u00f6p zopiklon i sverige\u00a0<\/strong><\/h4>\n","protected":false},"excerpt":{"rendered":"<p>k\u00f6p zopiklon i Sverige utan recept och f\u00e5 mycket h\u00f6ga rabatter klicka h\u00e4r<\/p>\n<p><strong>1. Vad Zopiclone \u00e4r och vad det anv\u00e4nds f\u00f6r<\/strong><\/p>\n<p>Zopiclone Tablets \u00e4r bensodiazepin-liknande hypnotika, som fungerar genom att agera p\u00e5 hj\u00e4rnan till<br \/>\norsaka s\u00f6mnighet. De kan anv\u00e4ndas f\u00f6r kortvarig behandling av s\u00f6mnst\u00f6rningar vilket \u00e4r<br \/>\nsv\u00e5r, invalidiserande eller orsakar stor n\u00f6d.<\/p>\n","protected":false},"featured_media":285,"comment_status":"closed","ping_status":"closed","template":"","meta":{"_monsterinsights_skip_tracking":false,"_monsterinsights_sitenote_active":false,"_monsterinsights_sitenote_note":"","_monsterinsights_sitenote_category":0,"_uf_show_specific_survey":0,"_uf_disable_surveys":false,"neve_meta_sidebar":"","neve_meta_container":"","neve_meta_enable_content_width":"off","neve_meta_content_width":100,"neve_meta_title_alignment":"","neve_meta_author_avatar":"","neve_post_elements_order":"","neve_meta_disable_header":"","neve_meta_disable_footer":"","neve_meta_disable_title":"","_themeisle_gutenberg_block_has_review":false},"product_brand":[],"product_cat":[42],"product_tag":[419,420,421,422,423,424,425,426,427],"class_list":{"0":"post-255","1":"product","2":"type-product","3":"status-publish","4":"has-post-thumbnail","6":"product_cat-smartlindring","7":"product_tag-bestall-zopiklon-i-svensk-snabb-leverans","8":"product_tag-bestall-zopiklon-utan-recept","9":"product_tag-bestil-zopiclon-uden-recept","10":"product_tag-bestill-zopiklon-i-norge-rask-levering","11":"product_tag-bestill-zopiklon-uten-resept","12":"product_tag-kjop-zopiclone-uten-resept","13":"product_tag-kob-zopiclone-uden-recept","14":"product_tag-kop-zopiklon-utan-recept","15":"product_tag-kvalitet-zopiclone-i-sverige-snabb-leverans","17":"first","18":"instock","19":"shipping-taxable","20":"purchasable","21":"product-type-variable"},"aioseo_notices":[],"jetpack-related-posts":[{"id":251,"url":"https:\/\/amphetaminapotek.com\/index.php\/product\/concerta-36-mg-metylfenidat\/","url_meta":{"origin":255,"position":0},"title":"k\u00f6p concerta i sverige","author":"kris","date":"","format":false,"excerpt":"Concerta (methylphenidat) er et centralnervesystemstimulerende middel. Det p\u00e5virker kemikalier i hjernen og nerver, der bidrager til hyperaktivitet og impulskontrol. concerta tabletter med forl\u00e6nget frigivelse anvendes til behandling af ADHD hos voksne og b\u00f8rn 6 \u00e5r og \u00e6ldre","rel":"","context":"Liknande inl\u00e4gg","block_context":{"text":"Liknande inl\u00e4gg","link":""},"img":{"alt_text":"k\u00f6p concerta i sverige","src":"https:\/\/i0.wp.com\/amphetaminapotek.com\/wp-content\/uploads\/2023\/04\/Buy-Concerta-36mg-Methylphenidate.jpg?resize=350%2C200&ssl=1","width":350,"height":200,"srcset":"https:\/\/i0.wp.com\/amphetaminapotek.com\/wp-content\/uploads\/2023\/04\/Buy-Concerta-36mg-Methylphenidate.jpg?resize=350%2C200&ssl=1 1x, https:\/\/i0.wp.com\/amphetaminapotek.com\/wp-content\/uploads\/2023\/04\/Buy-Concerta-36mg-Methylphenidate.jpg?resize=525%2C300&ssl=1 1.5x"},"classes":[]},{"id":395,"url":"https:\/\/amphetaminapotek.com\/index.php\/product\/nitrazepam\/","url_meta":{"origin":255,"position":1},"title":"K\u00f6p NITRAZEPAM i sverige","author":"kris","date":"","format":false,"excerpt":"1. L\u00e4kemedlets namn Nitrazepam 5mg tabletter 2. Kvalitativ och kvantitativ sammans\u00e4ttning Varje tablett inneh\u00e5ller 5 mg Nitrazepam Ph Eur. F\u00f6r fullst\u00e4ndig f\u00f6rteckning \u00f6ver hj\u00e4lp\u00e4mnen, se avsnitt 6.1. 3. L\u00e4kemedelsform tabletter Po\u00e4nglinjen \u00e4r inte avsedd att bryta tabletten","rel":"","context":"Liknande inl\u00e4gg","block_context":{"text":"Liknande inl\u00e4gg","link":""},"img":{"alt_text":"","src":"https:\/\/i0.wp.com\/amphetaminapotek.com\/wp-content\/uploads\/2023\/04\/nitrazepam.jpg?resize=350%2C200&ssl=1","width":350,"height":200,"srcset":"https:\/\/i0.wp.com\/amphetaminapotek.com\/wp-content\/uploads\/2023\/04\/nitrazepam.jpg?resize=350%2C200&ssl=1 1x, https:\/\/i0.wp.com\/amphetaminapotek.com\/wp-content\/uploads\/2023\/04\/nitrazepam.jpg?resize=525%2C300&ssl=1 1.5x"},"classes":[]},{"id":383,"url":"https:\/\/amphetaminapotek.com\/index.php\/product\/vicodin\/","url_meta":{"origin":255,"position":2},"title":"K\u00f6p vicodin i sverige","author":"kris","date":"","format":false,"excerpt":"Vicodin (Vicodine) \u00e4r en kombination av ett narkotisk analgetikum (hydrokodon) och ett icke-narkotiskt analgetiskt medel (acetaminofen) som anv\u00e4nds f\u00f6r att lindra m\u00e5ttlig till m\u00e5ttligt sv\u00e5r sm\u00e4rta. Vicodin (Vicodine) kan ocks\u00e5 anv\u00e4ndas f\u00f6r andra villkor som best\u00e4mts av din l\u00e4kare.","rel":"","context":"Liknande inl\u00e4gg","block_context":{"text":"Liknande inl\u00e4gg","link":""},"img":{"alt_text":"K\u00f6p vicodin utan recept online ","src":"data:image\/jpeg;base64,\/9j\/4AAQSkZJRgABAQAAAQABAAD\/2wCEAAoHCBUVFRgVFRUYGBUYGBkZGBgYEhgYGBgYGBkZGRoYGBgcIS4lHB4rHxgYJjgmKy8xNTU1GiQ7QDs0Py40NTEBDAwMEA8QHhISHDQrJSMxMTQxNDExMTQxNDQxNDcxNDExNDQxNDQ0NDQ0MTQ0MTE2ND8xNDQ0MTQ0NTQ0NDc0NP\/AABEIAOEA4QMBIgACEQEDEQH\/xAAbAAABBQEBAAAAAAAAAAAAAAACAAEDBAUGB\/\/EAEcQAAIBAgQDAwkEBgkCBwAAAAECAAMRBBIhMQVBUSJhcQYTMlKBkaGxwUKS0fAUI3KiwuEVFjNTYnOTstI0giREVGPD4vH\/xAAZAQEBAQEBAQAAAAAAAAAAAAAAAQIDBAX\/xAAnEQEBAAIBAwIGAwEAAAAAAAAAAQIRAxIhMQRBEyIyUXHBFIGRYf\/aAAwDAQACEQMRAD8A9AdbgjqCPeJ5Yg0t0nqo3nl1VbO46Ow9zET1el815fVTwv8Ak6f\/ABNL9o\/7GnoU864DpiaP7fzBE9GAmfU\/VPw16b6b+SiiinmelJTksjpySAMYtCMA\/n4wETBZvr8iY5\/PvgN+PyMypE\/n3\/hA\/l\/D\/wAvhCbc+3+OAdx4j5pAEnv\/ADZj\/D8ZGx7\/AM9n\/l8IR29n8DQW39v8SCAD89evwDfh8ZE431On\/wBv+MN9j4H5H8YFTn7f\/kggGAvz3\/5fgJAxHT82kzb+36tIG\/D5SKjdoybjxERjpuIF28p8Uwxem6pbPlIUkai+9jyuJaEV50l1dsWbmnm+IwT0zZ0ZfZp75XInp7qDoQCO8XnJeVuGRCmRApbMTYWva09nHzdV1Y8nJw9M3K56\/wCbxwOkkwNMPURDszgHwvrPRcPgKSegijvyi\/vM1yckw9mcOO5POvMv6jfdMU9OinL+T\/x1\/jtATzLHLarUHSo\/+8z0XA4paqK6HRveDzB7xPP+Kr+vq\/5j\/wC4x6aaysrPqbLjLD8Ia1ekf\/cT4m31npE8xwb5aiHo6H94T04x6qd4vpb2pQowhTyvUKnzkhkSm0lV1Ol9enP3SUMRB\/PzkhSCUPSUB+fiJGfofl\/OSdPZ\/DA\/PwWZANz9vyeIjX2\/VY78\/A\/JvxiO\/t+v8oVAdvZ\/B\/OMw19v8Y\/CEdvZ\/AIx39v8cCBtvZ\/Cv4wKg39vyeSE6ez6JAfn+eTfjAjca+36yBtvd8jJ3Ovt+oldvz8ZFRGFT3Ea0AVByN7c+XvgXAY8rq8lV5tEkxvKlFNBmZQWW2U9CTabAMw\/K17ULc2dR7tZ04\/qjnyfRVHyMwiMXqMoLKQFJ5XBvadcJzvkYlqLH1nPwAE6IS813lWeGaxh4oopydWd5LcPq08zOcqOLhDvm9b\/AA6e+czxYf8AiK3+Y3znpFpjY\/yepVXLksrH0strMepvznow5pMrlfd5s+G3GYz2cMDsehB9xneDykwx+2f9N\/wlb+qdH1396\/hEfJOl67\/u\/hOmefHn5tYww5MPGlr+seG9c\/cf8JfwONSsmdCStyLlSNR0vMJ\/JFOVVh4oD9Z0XDsCKaIg2UW7yeZPiZwzmEny3u74XO35okhvTVhZhf5jwMlAtBM5OqsaDD0KjDubtD46wTUrL9lH\/ZJU\/WWcw6xyJNCmeIMPSpOPCzD6Qf6XTmCP2qd+d+UuQT3\/ABk1Tsqf0nRP2gP+1h3dIx4jR9dPvSw1JTuqn\/tEhbDp6i\/dEd17I2x1H10++OgH0kbY+j66ff77\/OSnCp6i+6AcMnqL92TudlduI0R9tf3j06DuEgfilLlc+CN9ZcNJBsi\/dEEgDYD3CTuvZntxC\/o03PsAHvkbVKrfZVPElj8LS+5kJWF7KfmCfTct3bL7hvJHAAAG0NiBuYks24liIQ0kV4TYbS6693OVKuJRNXYLbqbTUS692gjzjvKjiHnKgRNVTTTm56fAR+KeUdwUo310LnTTov4yTyZ4QcwrVBoNUU7k+sZ6MMen5sv6cM8ur5cXUcIwvmqKJzAu37R1MviQo0lUzhbu7dZNTR4oooGjFFFCnEKNHhDolz0A+MsqloFNZLCwiIBWSRTKoWS+4kZp9CR4GWYxEIqkN1v4iAS3QGWykEpAqM59X4\/ykbVf8Jl00pGaMKpGsOh+EBq46H4S8cPAbCyDPbEDp8ZE+I7h75pHBiN+gr0k1VZD1z3e6QM7HqZvDBIOQki0VGwAjVNudTBO3I\/KaFHh9tz7BNMiAZYm1VqA5TmfKTye89Z0sHBsx5MvU94nVuZXcyzK43cSzqmq5Dh\/AEQhn7bjqOyPZNtDHrpZj03gTWWVy71ccJj4WUaWEaUkMnRoKs5opFmiga8KYj8Oejd8O7FRq1JzcEc8vfJPJhr0PB239h+s6XCdO5XGcl302d2uI8rY7CiomUsy6g3RrHTvmM6fo+IpjO7I4IIZydSco08SJMcerxe65Z3G+OzqVMkBkQjhph0SxQLxw0yooisHNFmgPGjgeHvtBIP5IgEEJjMhGkA3jFoBGCTFeIW6wBJjExmYSNmgEWgloLPI2eRRs0idpG9SQPVkElR5VLnXW\/TTWC7wCYEGLcL2ibALcnoBqTKmCxyVblGDW30Ol9t5HxqpajVPRCPeLfWczwXifmUdVps7s19NAFAA1OvO87Y49WO2cstWR2yyRTMfg\/GFrkrlKuupUm9x1B5yPH+UKU3KKjO43tYAHpfmfCZ6ct6Xqmtt\/NGnMf1pP9w33x+EUvRWeuPRhvMnyd0SqvSs\/wA5qVaioCzEBRqSZj+TdQMKzDY1Sw8G1E6SXpt\/DnlZ1yfltzE4vTzYnDDvP7pDfSbcyeLaV8Mf8Tj4CTiusv6qcs3j\/cbYjyOjUDKGGxkk5upRXijGFPmizwSYxgHngl4JgkzIMvALwTBJhRF4JeCYBMAy8jZ4xgMYDs8hZ45gNIoWaQsYbQDIAjgRoV5Vc55QMRSrdCUUe9b\/ABgeSSAUSRuXa\/XSwHw+cv8AFsD51GTNluwa9r7cpknycdRanWK3HbHaAJ66d07Y2a1tyyl6tyKvCSDjHZdEHnCTyy338JYwuNerUY4agi9XbexO5t1ttNLhXB0oowvmZxZmtbs2Iso5DWZ9HgFZGPm6wRToTre3eOs11Y2+U6cpFzJjP72j9z+UUg\/qyv8Af1Pz7YpdxnWX2devBsxvWqvUsbhdl90FeF1Ud2pVVRXbNlyXt0E2LR5Pi0+FirCnU83lzr523p5eze++XwmbiOHYl2RmqUyUN1OUixPs1m3EZJnZ4W4S+d\/6pU84YZCCAwWshvox7RdfHMT7e6TcP4klUdg2awJRgVYXvsDvsdpJTRS2e1nAKMeoB0v4WFj4yLG8LpVSGde2NmU5W1Fjr4Gc66L0a8xf0fF03ujrWpnKCrtZgFDejyU6jXtXtL\/DcQ7pmdMjZnGWzDRWIB7QB1HdAtGNBquFVmOygsbb2AvpIP05Oyc\/pAEDKb6ki1raG4It3TInMExvPLYHMtjscwFz0HfCgAYxhEwCYUJgtCMAmAxkbQyZG0AWgmJusjYyKF5HmkpOkgMgV5UxGPVGyAFqhtZQDa7bXb4+AlqZ7Yi9VkRRnFjUc6WQAAgH3fGWKmQGwubnmeRPMjuhwUWwAGwAAhCUKFaMI9oQ8UVo8Dfo4lHJCOrEbhWBI1tqPGSicl5MaYquv+Z8KgnWztlj03Tljl1TZ40yuI8fpUXyWZ3G4S3ZJ1sSTv3Q+FcapVzkXMrjXI4sSBvYjQydOWt6Oqb1toUKoa4+0psw5jUgH25ZNMxR+sBDhXBOhItUp3IyftKxtJMDxRXKo6PTqm\/YZTuASTcaW7LWv0mK20DGhGCYAVEBUhvRIIOttCLHWU6vDlL+cUlXup9ZLrfXL1IOtjyEt16SurI4urqVYdQwsfnPOsNx98Hgq+GZz+k0Kho0yNWKvcq48AGP3YHbpgijtUBV2e+YPdVHo+ho1tBqNbwq9FstMWuqntohyhhkYALci4DFTYkbeyYODxdalVwWHr16jVaiOzqaaOrtq2Vn0ZSu2nSXq3lXhFZlNRiUJDslGo6IRvndVKi1jz5QCo0a6g5sxfOpQipdEp5hdH17TBc1zY3uLGTCnUUOy5iS2VUaoCEQEjP2t2O9rjl3yd+I0RTFY1UFIi4c1FCEHo2xkeB4nQr38zWp1Lb5KisR4gTKo8O9TzS51cPk7R7LODe18g7JNtfpKKVa2dg3nPNXbIyoc5OVMoIK5rXz7i1xvaalbHUkYI9VFc7K1RVY+wm85\/DeVYqUK1ZKJ\/VVBTytWRM17doOxCga7GBcoNiQQWBZ7AFCCiL+r3zgkNdx0vr3SXArWGfORcuSLtm7OVfRsAFGbNpJK\/FKKAecq00YoHKtUUELzO+o31g4DidDEAmjVSoF0bI17X2uIVSTBPlKlQQQvpuucOAwZ8yqQdxa4PM6S5Qp5ERCb5VVb2tfKAL25TP8p+IvQRChALPlJKhuyASbAzO4zxkP5pKLVFvVXM2R0DLtlBNr77TNyjthw5ZSWeL+nR1HCi5IA6kgTLxXFUQqvpltRkIItzN767HTumTVTPi696Br5SoVSwCIbAXbMbW0Pxmjw3g6IqlwC41NicoNywAGxtfQ90kuzPjmGMu+9ahEoFHd2LLkpoSN7NUI+0bfZ3teX5UaqXvcWQG2\/ptfRfZz\/lNRyHHEaOJQoQjCOIQ8UeKBX4Lpj6o76v8AuDTq0cXtcX5i4v7pm0ODKmIbEB2zNmuthl7QAOu\/KNR4Mq4lsSHN2zErlH2lC+l7J3yuNvn2cMZljNa92J5O\/wDV1c\/p\/rLX3zZ9fh8JuVKeGXEBmKDEHKQCxBN7qCBsSdRIeK8AWo\/nUc06mhJGoJGl9CCDbS4gcO8nwlQValQ1HBuLg2vsCSSSbTduN779vDMxs7a9\/LRo4XM131XMHXTtJUU2bXodDbuMgqu9LI9VRVs7\/rAvapoUUA7dM97zTpD0v2j7Dufxks87ugw2JSogdGDIdmG2mklMZKaqLKAouTYCwuTcn3xQGmDj\/JXD1cSuJcNnUqxUEZHKCylgRfpseQm1is+R8np5GyftZTl+NphV6+Ip06zpZkBQ02Z2LqhSmCVBUhtcx1O5MCbH8GapjMPic4Aoq4KFSS2YNqGvp6UycDwvF4Na1OhTpV6dR2dC9TIylxYrUUg5xtsdZuPxlQzKUfOjZXC2IVncJTW5t6ebMDyAN4ycWXOyOjo4fIBlzE2ppUZjluFUB978oHNcZ8n67JhHFKi7Ydy9TD0gEpvmYMfNhtCdLa2veKpgq2Ix2HrphnwyUc3nHfIjODsgVCSw0trp2p1K8TosM2eylSwZlZVZQQMyFhZxqNuoiPEKVrmoo1y2Jsc1r2ynW9jfbaFcRwjAHDviVxOCfEPVqMyVFpLVV0Oy5ybJ7bW9kyV4Fif6Nr0hhqgqPikZaeXtZFUajqARa\/dPSMVxOiiF3qIFyF9HBJQcwOd+UL9MplsmdM\/q5hmva9rdba2k2OYfg7txKlVeleimFVQ5ClQ4DC1jzGY8pPwThVSnjMXVZAlOoU82QV7QF8xyjblvNk8ToWLCqhUBTe+4Y5VK+tc6C19ZHiOJIKD107aorkgXBJQXKm4uD7Ioq8b4a1c0rMFCPna4JuNNBbwh8R4etZqbMzDzb5wBbU6WBvy0kC8YbNlZAD+ry9l1zZ2ZSAHCmwt6Q67SknH3YUwEQu6IzqrliucEiwFug6720mel0nJlJJvx+2rSwSIzuoOeoQXJa+17WHIawa2IRNHYKbFgDuQCASBz1Ye+VFp4ln7btlK0i2VVRF\/tGqKt7sDfIt97GV6PBi1zWe7MbkL2ra0zbMw1F0Olucumblb5a1NwwDA3UgEEcwdRKoDaM9s2yqNlG5Yj4S2iAAKNABYdwAsJSoIBfKc1zd3PM2uAvdrCJo4jRxCijiNHhCij2igdJHitFNsGMQijiACg5wQe5h1FiVI7xY++WJWqUswI2IIKt0NiP5+2Nh67ElHUqw5\/ZIJsLHmdRe2msirMYx4oEVeoEVnOyqWPgov9JmYfjaMbZHz5iLKMw0Raha5tplbpNVr2NgCbaAmwJ6E2NvdMvB1qRBdqSUbO6BmNNQzKWRwpBv8AZO4GkATjMMA1rMKr0w3ZZw7VMgQMW09FkOW+g5SSomHw9nKohZ7A2OruoU3\/AO1RcnYLG\/oykeyjMqo9NmRHGTOgQ08wIJvlCbHXSLHcMSu2d2crkZFCVCqgP6Zup7RIAGu1u8woX4NSsBlayCyDzjWpi6t2B9kgqvha20T8O7Sv5yoHXNZyykhXChlsVyhbKvLlIKHCnRgzOtQ3TturecQIALIQdiBc97Ne97TNxHk\/WdKiNVzZ0dbmo1nZiCrOAlxa3Vt4RefgCBHRXdVqJkqWyEvqxLEspsTna9usMcHTbM+TOamS65c5uc18ua1ze19+7SVquAxPnQ6sqqHUgCs9vNhMpQqVNzmN76Xt1kZ4LUyW862bzCIGNWof14Paqb\/npCrVXg9F1VSCwRERe1e3m2zLytcEa390MYGmEaja6MGzKW1YN6V7WsPC0q1+DM4fO98y1gl8xyNUcsjgE7qtgOmtpHV4KxDdtSbu6sadnLOjKFd7nsDNsBsB0mQZrYZO0uViXRCVPnHzdrJc3LetbxkbcaoLopJ7N7ItsosTYg2I2PLTnaS4fhaqUd2LugQKQAigIrADKBt22PuhJw2kpuEF+8kg6EXKk2JsSL2vaFVqGPZ3CZctiwZcwY282lRWvbS2cKRrq0t\/PpzmTxviTJUShQVTiXUnOw7NKkPSduu2g7h3TOfgFKowy1qjYlcrmuWJvZrGy3sNja2gjQ6gjQ620OumnfrKK1VuEp+gvpMNRfkt+Z5+y0sY7L5t85KrlNyBcgHoOsq4VwVQqMqMGKpztm9NjzJ098QTx40eFFHEYQhCFFCigdIY0eNNsGjiKPaAlbUj2+z\/APYbC4tBC6g8xf4w5FVWosCShGqhRf7JFgG77AHxk1NiQLixtqOh5+yHEYAmZ+K4YjqFDMgDu+hJDGpmzZhfXVyR0l2vVVFLubKoJYnYAbmQ4bG0qnoVEf8AZdSfdvEl1vSbkZVLgbJbK6Eg0e2UIqKtJUQqCDYhgmoOnaO8r4bhuKpmmq1RkVaa2U9lQv8AaXUkZr662J15WnSMIBhXOOuLpooTzjspqXU+acuS907etlynS9udyJtCpnD5QQRmXUZe0ByJ3FzuNJOYxgYNGtWZMMgFUOljiMyFb5aLqRnYZXJcpaxN99pRKYjI4TzzuaFQZz55CKmXsXVyVLk31QgDwtOpMEzKs3AYF0Ysz3BQLkVnK3BuXJdmOblpaXGkhkbQImgGSMJVxOKRPTdE\/acL8zGrfBvTkKzEcQxSMQHqYfJRzEAG6L2QT1IPuMnejeqtClUu5KmsUOlOkju+UsPtPmC27jH4\/wAQwFW2ceddfRKBgR3Z9NPbMvAcYbPTo0ESjSNRAVQXZgWF87nUkidZxZWb0zc8Z7uyxxGQ9nNcqMtiQSWFrgbiV0vmYtq9hntsnqoPAXJ8ZbxCOy2RsjXHa6C+sgSmqdhbm2rEm5ZzuT36TlGxRxEIhCiEIQRCEIK0UUUDpDFHim2DWjxRQCWPGEeRTRGPGMDN8oP+mr\/5T\/Keb4XA03w9arnfzlJUYLlUKAz5fSuS3uE9Q4hhfO0np3y50K3te1xvbnOHq+SWLpq6U3R0cAOA2UsFOYaMNNehnr9NnjMbLdXcefmxtsut9kFPB4hLImKfz\/mhV80M4XKRmyh8xBa3K0qUPKjGcqhewub01aw6mw2l12xlLtNhSagpmkKoRnYJa1rIxUkD7Vpk8KxxwzOWRwXpPTXTKVZrWbXpaerGSy2yX7eHG2yzW40P66YldGFO\/RqbKbddxJP691hvTpfvj6yHC+UYH6KGdyKRYViTmzqT2RvdgOhk+AdHpqKdkH6Q7P2KT50Z7qHDMCgC6a6TFwwne4NTLL2pv691f7mn954m8tcRkziigTNlzdsjNa+XfpMLj7o2JqmmVyF7KVHZtYAkAcrg7SLiuJViiU\/7KmuVDaxcnV3YdWb4Wmpw8d18vlPiZ\/d0lPygx9RQ9OimU3ynLq2XfIrPdrdwlZOJ4+qoK1EQupZE7Cu6ruUUgm2h3tKHDuJUKJR8zsQhR6bojXNmFkqk3RNdgLxl4whZKi03NanS80oBBp6BlD2AzEgMdJi8cl7Yxrq35tSVKeJqCz4lvOGkawpXcdgC\/aYWVWtra0x8Jgw6vUZ8qI1NTZczk1DYW1A95mwf0qqLphmDtTFJ6mVlLIABYByFUkAXMPC+SuKKlWdKaMQxGfMcy+ibLzFzzk6pjO9kXVt7SoRwmijsjM7FKwpknZ+wz+goLAXCg6nnGwiZsXRCgHIqZ8iZVDKrMxIA7OptrNmh5IIrZqlR3bc27AJ7zct8Zt4fDoi5URUXoot7+s8+fNPa7dseO+\/ZJUzW7Jt1b1RbeV0tpb0dxfc33Y95NzDxZWwzk2v6A3c20Xwgrfmdb622B9UeG3snljueHAjwCEIQRCEAooooR0pijmK02waKFaK0BCOYrQc4zZedryKKMYiYrwBMYxzGMBoDi++vjrDMEwipVwFJvSpUz400P0lV+B4Y74al\/pr+E0zBMszynudMvsyjwDC\/+mpf6Yjf0HhR\/wCWpf6an6TUMEx8TP706cfspJw2ivo0aY8KaD6SYKBsAPAAfKVcfxNKbZAC9WwORLXAOzOx0Rd9TvbQGZz4ms\/pOEHq0\/q7DMfEZZ5ef1vHw\/Xl3+3u6Y8dviNaowGpNh1JsPjKbcQpXt5xCeisGPuW8wGxKFiFpO7h2XVS5BXmXc6A8tZUqV20Zko0lOpao6O9rg6KNL5c1tTynmnrbfGP+39OnwvvXWs4bUaiBOUOKpOSKVEueTKmRfRvfPpYDbrNzg1R2p9s5irMobfMFNtTzsbrfnlnfh5\/idrNVnLHp91quxFsoF7Elzsi82kVMAAWvawtffxPed\/bDxKXK3N09T12s1ge78Isp56nme\/nbunpZho4j2itCkIawQIYgPFFaKB1DAjdh9z+cHtesP8ATJ+skdfz+fzpIhR+QHjlya7f4B75pzOM3rjr\/Z8uu8cX9b9wbdYJw\/yIv4hh0747Ur+0k+0lj0\/xn8ZUEzd99PV5dfDvkNdQwF7gg3Ui917xblDajz+v8vz1g+b1B6G+\/Ps93+EfjIpCrlIZrsCAwCp6NxubX59TbWBQqA6a319IEHQ5ee+wiFHv5fwst\/3zCSkAS1tToT11J125kwHqMQpI3AJG+4Gm2spJxEWa4BCC7sp7OptdN81tzr8dJoGR1EVrZlDWNxcA2PdeBHRxCvtf0Q4BGpRr2YW8Nt4qdRXF1NwCQdDuCQR4ggj2RU6CqbqLGwG5NgLkKLnQanQSrieHB1ChyoDO2wOtQkk8rWLG0C2RGImeOGkAqH3ZmJym7ZmzZT2rWB\/O8jTA1rqWqlsrK2rsM1s1ybDS+YaajSFaJgyDBUnUEO+Y6WOYsdtbkgc+gk5ko4jEpXovUQZQ9TENUFSpcJURtQisB6YAC25Bbwce1dUZ3qpSQZrlKZZhmsEsT0naVUDAqwDKd1YAg+IO8ysRwSiwIAKj1QzFNOiE5R7BPnc\/ouvPqxs73vud3XDl1NVyJqK57VfEVLP6NNWRQWJAGnLsk6n5wFwhJy08IqXXV63aNtrc9bX906h+DOTpiGC9Agv77\/SSpwlPtln7nPZ9qLYH23mZ6Xll9tfn9NfExZWFRnAQMGYaO6LZE8ORa32Rsd5s0qQRQiiyqLASVlA0AAA0AAsB4DlGnq4eCcUuvN81jLK5K+IqInbb0jZF6m52Hv3ipYCm6h3W7NqTmYXJ7gZT45vSHVyfcAfpNWg9gByAE9DMQ\/0VS9T99vxhDhlL1T99\/wAZcBjyKpjhtP1T99\/xjjhtP1T99\/xlsRxAqf0bT9U\/ff8AGKXIoG7Giim3M8UUUoZoEUUgaDFFAcwTFFAExjFFAEwTFFAEwTFFJVA0jaKKREbQYopVQPvBMUUiszjHp0f2m+Rl5dhFFCxYoSeKKFIRxFFICiiilH\/\/2Q==","width":350,"height":200},"classes":[]},{"id":384,"url":"https:\/\/amphetaminapotek.com\/index.php\/product\/clonazepam\/","url_meta":{"origin":255,"position":3},"title":"K\u00f6p\u00a0clonazepam i sverige","author":"kris","date":"","format":false,"excerpt":"Clonazepam \u00e4r en bensodiazepin. Det p\u00e5verkar kemikalier i hj\u00e4rnan som kan vara obalanserade f\u00f6r att behandla anfall och vissa typer av \u00e5ngestsjukdomar. Clonazepam, en typ av anti-epileptisk l\u00e4kemedel, anv\u00e4nds f\u00f6r att behandla vissa anfallsproblem (inklusive frav\u00e6rsbeslag eller Lennox-Gastaut syndrom) hos vuxna och barn. Clonazepam anv\u00e4nds ocks\u00e5 f\u00f6r att behandla panikst\u00f6rningar\u2026","rel":"","context":"Med 1 kommentar","block_context":{"text":"Med 1 kommentar","link":"https:\/\/amphetaminapotek.com\/index.php\/product\/clonazepam\/#comments"},"img":{"alt_text":"K\u00f6p\u00a0clonazepam i sverige","src":"https:\/\/i0.wp.com\/amphetaminapotek.com\/wp-content\/uploads\/2023\/04\/Clonazepam.jpg?resize=350%2C200&ssl=1","width":350,"height":200,"srcset":"https:\/\/i0.wp.com\/amphetaminapotek.com\/wp-content\/uploads\/2023\/04\/Clonazepam.jpg?resize=350%2C200&ssl=1 1x, https:\/\/i0.wp.com\/amphetaminapotek.com\/wp-content\/uploads\/2023\/04\/Clonazepam.jpg?resize=525%2C300&ssl=1 1.5x, https:\/\/i0.wp.com\/amphetaminapotek.com\/wp-content\/uploads\/2023\/04\/Clonazepam.jpg?resize=700%2C400&ssl=1 2x"},"classes":[]},{"id":253,"url":"https:\/\/amphetaminapotek.com\/index.php\/product\/soma-350-mg\/","url_meta":{"origin":255,"position":4},"title":"k\u00f6p Soma i sverige online utan recept","author":"kris","date":"","format":false,"excerpt":"Aspirin en sm\u00e4rtstillande och feberreducerare, i en grupp l\u00e4kemedel som kallas salicylater. Aspirin fungerar genom att minska substanser i kroppen som orsakar sm\u00e4rta och inflammation. Carisoprodol \u00e4r en muskelavslappnande medel. Det fungerar genom att blockera nervimpulser (eller sm\u00e4rtintegrationer) som skickas till hj\u00e4rnan. Soma Compound \u00e4r ett kombinationsl\u00e4kemedel som anv\u00e4nds p\u00e5\u2026","rel":"","context":"Liknande inl\u00e4gg","block_context":{"text":"Liknande inl\u00e4gg","link":""},"img":{"alt_text":"k\u00f6p Soma i sverige online utan recept","src":"https:\/\/i0.wp.com\/amphetaminapotek.com\/wp-content\/uploads\/2023\/04\/dsc_0612-scaled-1.jpg?resize=350%2C200&ssl=1","width":350,"height":200,"srcset":"https:\/\/i0.wp.com\/amphetaminapotek.com\/wp-content\/uploads\/2023\/04\/dsc_0612-scaled-1.jpg?resize=350%2C200&ssl=1 1x, https:\/\/i0.wp.com\/amphetaminapotek.com\/wp-content\/uploads\/2023\/04\/dsc_0612-scaled-1.jpg?resize=525%2C300&ssl=1 1.5x, https:\/\/i0.wp.com\/amphetaminapotek.com\/wp-content\/uploads\/2023\/04\/dsc_0612-scaled-1.jpg?resize=700%2C400&ssl=1 2x, https:\/\/i0.wp.com\/amphetaminapotek.com\/wp-content\/uploads\/2023\/04\/dsc_0612-scaled-1.jpg?resize=1050%2C600&ssl=1 3x, https:\/\/i0.wp.com\/amphetaminapotek.com\/wp-content\/uploads\/2023\/04\/dsc_0612-scaled-1.jpg?resize=1400%2C800&ssl=1 4x"},"classes":[]},{"id":389,"url":"https:\/\/amphetaminapotek.com\/index.php\/product\/amfetamin\/","url_meta":{"origin":255,"position":5},"title":"k\u00f6p amfetamin i sverige","author":"kris","date":"","format":false,"excerpt":"Amfetamin kan vara vanabildande, och detta l\u00e4kemedel \u00e4r ett missbrukande l\u00e4kemedel. Tala om f\u00f6r din l\u00e4kare om du har haft problem med droger eller alkoholmissbruk. Stimulanter har orsakat stroke, hj\u00e4rtinfarkt och pl\u00f6tslig d\u00f6d hos personer med h\u00f6gt blodtryck, hj\u00e4rtsjukdom eller hj\u00e4rtfel.","rel":"","context":"Med 19 kommentarer","block_context":{"text":"Med 19 kommentarer","link":"https:\/\/amphetaminapotek.com\/index.php\/product\/amfetamin\/#comments"},"img":{"alt_text":"k\u00f6p amfetamin i sverige","src":"https:\/\/encrypted-tbn0.gstatic.com\/images?q=tbn:ANd9GcQJf2ag6-g7YdtBzmyMF5_EhDR3ePETfpI_LR4ECoZBbr3FOCr8IX0tF_xfjY7pI7Lk0Sg&usqp=CAU","width":350,"height":200},"classes":[]}],"jetpack_sharing_enabled":true,"_links":{"self":[{"href":"https:\/\/amphetaminapotek.com\/index.php\/wp-json\/wp\/v2\/product\/255","targetHints":{"allow":["GET"]}}],"collection":[{"href":"https:\/\/amphetaminapotek.com\/index.php\/wp-json\/wp\/v2\/product"}],"about":[{"href":"https:\/\/amphetaminapotek.com\/index.php\/wp-json\/wp\/v2\/types\/product"}],"replies":[{"embeddable":true,"href":"https:\/\/amphetaminapotek.com\/index.php\/wp-json\/wp\/v2\/comments?post=255"}],"wp:featuredmedia":[{"embeddable":true,"href":"https:\/\/amphetaminapotek.com\/index.php\/wp-json\/wp\/v2\/media\/285"}],"wp:attachment":[{"href":"https:\/\/amphetaminapotek.com\/index.php\/wp-json\/wp\/v2\/media?parent=255"}],"wp:term":[{"taxonomy":"product_brand","embeddable":true,"href":"https:\/\/amphetaminapotek.com\/index.php\/wp-json\/wp\/v2\/product_brand?post=255"},{"taxonomy":"product_cat","embeddable":true,"href":"https:\/\/amphetaminapotek.com\/index.php\/wp-json\/wp\/v2\/product_cat?post=255"},{"taxonomy":"product_tag","embeddable":true,"href":"https:\/\/amphetaminapotek.com\/index.php\/wp-json\/wp\/v2\/product_tag?post=255"}],"curies":[{"name":"wp","href":"https:\/\/api.w.org\/{rel}","templated":true}]}}