{"id":372,"date":"2023-04-08T02:41:46","date_gmt":"2023-04-08T00:41:46","guid":{"rendered":"https:\/\/amphetaminapotek.com\/?post_type=product&#038;p=372"},"modified":"2025-11-27T01:04:52","modified_gmt":"2025-11-27T00:04:52","slug":"oxynorm-5mg10mg20mg","status":"publish","type":"product","link":"https:\/\/amphetaminapotek.com\/index.php\/product\/oxynorm-5mg10mg20mg\/","title":{"rendered":"K\u00f6p Oxynorm I Sverige"},"content":{"rendered":"<h1>K\u00f6p Oxynorm 5 mg Online Utan Recept | K\u00f6p Oxynorm 10mg I Sverige| K\u00f6p Oxynorm I Sverige<\/h1>\n<p>K\u00f6p\u00a0<a href=\"https:\/\/amphetaminapotek.com\/index.php\/product\/oxynorm-5mg10mg20mg\/\">OxyNorm<\/a>\u00a05 mg \u00e4r indicerat f\u00f6r korttidsbehandling av sv\u00e5r sm\u00e4rta f\u00f6r vilken andra behandlingsalternativ har misslyckats, \u00e4r kontraindicerade, inte tolereras eller p\u00e5 annat s\u00e4tt \u00e4r ol\u00e4mpliga f\u00f6r att ge tillr\u00e4cklig sm\u00e4rtbehandling. Detta l\u00e4kemedel klassificeras som en opioid. Anv\u00e4ndningen av opioider kommer med biverkningar inklusive livshotande andningsproblem och risk f\u00f6r missbruk, missbruk och beroende. De b\u00f6r tas med f\u00f6rsiktighet.<\/p>\n<h2>K\u00f6pa Oxynorm P\u00e5 N\u00e4tet S\u00e4kert<\/h2>\n<p><strong>\u00a0Hur du tar OxyNorm-kapslar<\/strong><\/p>\n<div class=\"css-a5m6co-text css-p8ym46-fontFamily css-11397xj-fontSize css-15qzf5r-display css-7bji7i-wordBreak\"><strong><span class=\"\">Oxynorm 5 mg Verkningstid | vad \u00e4r oxynorm<\/span><\/strong><\/div>\n<div>Ta alltid dessa kapslar enligt din l\u00e4kares anvisningar. Etiketten p\u00e5 ditt\u00a0<a href=\"http:\/\/apotea.se\/\" target=\"_blank\" rel=\"noopener\">l\u00e4kemedel<\/a>\u00a0talar om hur m\u00e5nga kapslar du ska ta och hur ofta.<\/div>\n<div><\/div>\n<div>Din l\u00e4kare borde ha diskuterat med dig hur l\u00e4nge behandlingen med\u00a0OxyNorm kapslar\u00a0kommer att p\u00e5g\u00e5. De kommer att ordna en plan f\u00f6r att avbryta behandlingen. Detta kommer att beskriva hur man gradvis kan minska dosen och sluta ta l\u00e4kemedlet.<\/div>\n<div><\/div>\n<div>Vuxna (\u00f6ver 18 \u00e5r)<\/div>\n<div><\/div>\n<div>Den vanliga startdosen \u00e4r en\u00a05 mg\u00a0kapsel var 4:e till 6:e timme. Din l\u00e4kare kommer dock att ordinera den dos som kr\u00e4vs f\u00f6r att behandla din sm\u00e4rta. Om du uppt\u00e4cker att du fortfarande har ont n\u00e4r du tar dessa kapslar, diskutera detta med din l\u00e4kare.<\/div>\n<div><\/div>\n<div>Barn<\/div>\n<div><\/div>\n<div>Barn och ungdomar under 18 \u00e5r ska inte ta kapslarna.<\/div>\n<div><\/div>\n<div>Patienter med njur- eller leverproblem<\/div>\n<div><\/div>\n<div>Tala om f\u00f6r din l\u00e4kare om du lider av njur- eller leverproblem eftersom de kan ordinera en l\u00e4gre dos beroende p\u00e5 ditt tillst\u00e5nd.<\/div>\n<div><\/div>\n<div>\u00d6verskrid inte den dos som rekommenderas av din l\u00e4kare. Du b\u00f6r r\u00e5dfr\u00e5ga din l\u00e4kare eller apotekspersonal om du \u00e4r os\u00e4ker.<\/div>\n<div><\/div>\n<div>Sv\u00e4lj dina kapslar hela med vatten. Tugga eller krossa dem inte.<\/div>\n<div><\/div>\n<div>Du f\u00e5r endast ta kapslarna genom munnen. Kapselinneh\u00e5llet ska aldrig injiceras eftersom detta kan leda till allvarliga biverkningar som kan vara d\u00f6dliga.<\/div>\n<div class=\"xpilSectionWrapper\">\n<h3>K\u00f6pa Oxynorm 20 mg Receptfritt<\/h3>\n<h4 class=\"xpilSectionHeader2ndLevel\"><strong>\u00a0Varningar och f\u00f6rsiktighets\u00e5tg\u00e4rder;<\/strong><\/h4>\n<p>Tala med din l\u00e4kare eller apotekspersonal innan du tar dessa kapslar om du:<\/p>\n<ul class=\"xBullet\">\n<li>eller n\u00e5gon i din familj \u00e4r eller har n\u00e5gonsin varit beroende av opioider, alkohol, receptbelagda l\u00e4kemedel eller illegala droger;<\/li>\n<li>\u00e4r r\u00f6kare<\/li>\n<li>n\u00e5gonsin haft problem med ditt hum\u00f6r (depression, \u00e5ngest eller en personlighetsst\u00f6rning) eller har behandlats av en psykiater f\u00f6r andra psykiska sjukdomar;<\/li>\n<li>tidigare har drabbats av abstinenssymtom som oro, \u00e5ngest, skakningar eller svettning, n\u00e4r du har slutat ta alkohol eller\u00a0<a href=\"https:\/\/amphetaminapotek.com\/index.php\/product\/tramadol-100mg200mg225mg\/\" target=\"_blank\" rel=\"noopener\">droger<\/a>;<\/li>\n<li>k\u00e4nner att du beh\u00f6ver ta fler kapslar f\u00f6r att f\u00e5 samma niv\u00e5 av sm\u00e4rtlindring, detta kan betyda att du blir tolerant mot effekterna av detta l\u00e4kemedel eller blir beroende av det. Tala med din f\u00f6rskrivare som kommer att diskutera din behandling och kan \u00e4ndra din dos eller byta till ett annat sm\u00e4rtstillande medel;<\/li>\n<li>\u00e4r \u00e4ldre eller f\u00f6rsvagad;<\/li>\n<li>har en underaktiv sk\u00f6ldk\u00f6rtel (hypotyreos), eftersom du kan beh\u00f6va en l\u00e4gre dos;<\/li>\n<li>har myxo\u00f6dem (en sk\u00f6ldk\u00f6rtelsjukdom associerad med torrhet, kyla och svullnad eller svullnad i huden som p\u00e5verkar ansikte och armar och ben);<\/li>\n<li>vet att du lider av en hj\u00e4rnskada eller tum\u00f6r, eller att du har en huvudskada, sv\u00e5r huvudv\u00e4rk eller k\u00e4nner dig illam\u00e5ende, eftersom detta kan tyda p\u00e5 att trycket i din skalle \u00e4r \u00f6kat;<\/li>\n<li>har l\u00e5gt blodtryck (hypotension);<\/li>\n<li>har l\u00e5g blodvolym (hypovolemi). Detta kan uppst\u00e5 p\u00e5 grund av allvarliga yttre eller inre bl\u00f6dningar, sv\u00e5ra br\u00e4nnskador, \u00f6verdriven svettning, sv\u00e5r diarr\u00e9 eller kr\u00e4kningar;<\/li>\n<li>k\u00e4nner dig v\u00e4ldigt yr eller svimf\u00e4rdig;<\/li>\n<li>k\u00e4nner dig v\u00e4ldigt yr eller svimf\u00e4rdig;<\/li>\n<li>har inflammation i bukspottk\u00f6rteln (som orsakar sv\u00e5r sm\u00e4rta i buken och ryggen);<\/li>\n<li>har problem med gallbl\u00e5san eller gallg\u00e5ngen;<\/li>\n<li>har inflammatorisk tarmsjukdom;<\/li>\n<li>har en f\u00f6rstorad prostatak\u00f6rtel, vilket orsakar sv\u00e5righeter att kissa (hos m\u00e4n);<\/li>\n<li>har d\u00e5lig binjurefunktion (din binjure fungerar inte som den ska, vilket kan orsaka symtom inklusive svaghet, viktminskning, yrsel, k\u00e4nsla eller illam\u00e5ende), till exempel p\u00e5 grund av Addisons sjukdom;<\/li>\n<li>har allvarligt nedsatt lungfunktion. Symtom kan inkludera andf\u00e5ddhet och hosta;<\/li>\n<li>har l\u00e5ngvarig sm\u00e4rta som inte \u00e4r relaterad till cancer;<\/li>\n<li>har ett tillst\u00e5nd d\u00e4r din andning stannar under korta perioder medan du sover, k\u00e4nd som s\u00f6mnapn\u00e9;<\/li>\n<li>har njur- eller leverproblem.<\/li>\n<\/ul>\n<h4 class=\"css-a5m6co-text css-p8ym46-fontFamily css-11397xj-fontSize css-15qzf5r-display css-7bji7i-wordBreak\"><strong><span class=\"\">Oxynorm Fass 5 mg<\/span><\/strong><\/h4>\n<div>Att ta detta l\u00e4kemedel regelbundet, s\u00e4rskilt under l\u00e5ng tid, kan leda till beroende och kan leda till en livshotande \u00f6verdos. Om du \u00e4r orolig f\u00f6r att du kan bli beroende av <a href=\"https:\/\/amphetaminapotek.com\">OxyNorm\u00a0<\/a>kapslar\u00a0\u00e4r det viktigt att du konsulterar din l\u00e4kare. Din l\u00e4kare borde ha f\u00f6rklarat hur l\u00e4nge du kommer att anv\u00e4nda det och n\u00e4r det \u00e4r l\u00e4mpligt att sluta, hur du g\u00f6r detta p\u00e5 ett s\u00e4kert s\u00e4tt.<\/div>\n<div><\/div>\n<div>I s\u00e4llsynta fall kan en \u00f6kning av dosen av detta l\u00e4kemedel g\u00f6ra dig mer k\u00e4nslig f\u00f6r sm\u00e4rta. Om detta h\u00e4nder m\u00e5ste du tala med din l\u00e4kare om din behandling.<\/div>\n<div><\/div>\n<div>Beroende kan orsaka abstinensbesv\u00e4r n\u00e4r du slutar ta detta l\u00e4kemedel. Abstinenssymtom kan inkludera rastl\u00f6shet, s\u00f6mnsv\u00e5righeter, irritabilitet, agitation, \u00e5ngest, k\u00e4nsla av hj\u00e4rtslag (hj\u00e4rtklappning), f\u00f6rh\u00f6jt blodtryck, illam\u00e5ende eller illam\u00e5ende, diarr\u00e9, aptitl\u00f6shet, skakningar, frossa eller svettning. Din l\u00e4kare kommer att diskutera med dig hur du gradvis kan minska din dos innan du slutar ta l\u00e4kemedlet. Det \u00e4r viktigt att du inte slutar ta l\u00e4kemedlet pl\u00f6tsligt eftersom det \u00e4r mer sannolikt att du f\u00e5r abstinensbesv\u00e4r.<\/div>\n<div><\/div>\n<div>Opioider ska endast anv\u00e4ndas av dem de \u00e4r ordinerade f\u00f6r. Ge inte din medicin till n\u00e5gon annan. Att ta h\u00f6gre doser eller mer frekventa doser av opioid kan \u00f6ka risken f\u00f6r beroende. \u00d6veranv\u00e4ndning och missbruk kan leda till \u00f6verdosering och\/eller d\u00f6dsfall.<\/div>\n<div><\/div>\n<p><strong><span class=\"\">K\u00f6p oxynorm i sverige utan recept Biverkningar<\/span><\/strong>Injicera inte\u00a0OxyNorm\u00a0kapslar. Detta kan orsaka allvarliga biverkningar inklusive v\u00e4vnadsd\u00f6d p\u00e5 injektionsst\u00e4llet, infektion, inflammation i lungorna och skada p\u00e5 hj\u00e4rtat som kan vara d\u00f6dlig.<\/p>\n<\/div>\n","protected":false},"excerpt":{"rendered":"<p>OxyNorm 5, 10, 20 mg<\/p>\n<p>Bipacksedel: Information till anv\u00e4ndaren<\/p>\n<p>OxyNorm\u00ae 5 mg, 10 mg och 20 mg kapslar<\/p>\n<p>Oxykodonhydroklorid<\/p>\n<p>fr\u00e5n mundipharma<\/p>\n","protected":false},"featured_media":377,"comment_status":"open","ping_status":"closed","template":"","meta":{"_monsterinsights_skip_tracking":false,"_monsterinsights_sitenote_active":false,"_monsterinsights_sitenote_note":"","_monsterinsights_sitenote_category":0,"_uf_show_specific_survey":0,"_uf_disable_surveys":false,"neve_meta_sidebar":"","neve_meta_container":"","neve_meta_enable_content_width":"off","neve_meta_content_width":100,"neve_meta_title_alignment":"","neve_meta_author_avatar":"","neve_post_elements_order":"","neve_meta_disable_header":"","neve_meta_disable_footer":"","neve_meta_disable_title":"","_themeisle_gutenberg_block_has_review":false},"product_brand":[],"product_cat":[42],"product_tag":[437,438,439,440,441,442,443,444,445,446,447,448,449,450,451,452,453,454,455,456,457,458,459,460,461,462,463,464,465,466,467,468,469,470,471,472,473,474,475,476],"class_list":{"0":"post-372","1":"product","2":"type-product","3":"status-publish","4":"has-post-thumbnail","6":"product_cat-smartlindring","7":"product_tag-bestalla-oxynorm-online","8":"product_tag-bestil-oxynorm-online","9":"product_tag-bestille-oxynorm-online","10":"product_tag-billig-oxy","11":"product_tag-hur-man-bestaller-oxynorm-i-sverige","12":"product_tag-hvor-kan-jeg-fa-oxynorm","13":"product_tag-hvordan-bestille-oksynorm-i-sverige","14":"product_tag-hvordan-man-bestiller-oxynorm-i-sverige","15":"product_tag-kan-jag-fa-kvalitet-oxynorm-online","16":"product_tag-kan-jeg-fa-kvalitet-oxynorm-online","17":"product_tag-kjop-oksynorm-fra-mundipharma","18":"product_tag-kjop-oksynorm-trygt-pa-nettet","19":"product_tag-kjop-oxynorm-fra-et-annet-apotek","20":"product_tag-kob-oxynorm-fra-et-andet-apotek","21":"product_tag-kob-oxynorm-fra-mundipharma","22":"product_tag-kob-oxynorm-sikkert-online","23":"product_tag-kop-oxynorm-fran-mundipharma","24":"product_tag-kop-oxynorm-sakert-online","25":"product_tag-kopa-oxynorm-fran-ett-annat-apotek","26":"product_tag-laglig-plats-att-kopa-droger-online-med-recept","27":"product_tag-lovlig-sted-a-kjope-medisiner-online-med-resept","28":"product_tag-lovligt-sted-at-kobe-stoffer-online-med-recept","29":"product_tag-medicin-fra-sverige","30":"product_tag-mediciner-fran-sverige","31":"product_tag-medisiner-fra-norge","32":"product_tag-oksynorm-fra-palitelig-apotek","33":"product_tag-oksynorm-i-norge-uten-resept","34":"product_tag-oksynorm-rx","35":"product_tag-oxynorm-10mg","36":"product_tag-oxynorm-20mg","37":"product_tag-oxynorm-5mg","38":"product_tag-oxynorm-fra-betroet-apotek","39":"product_tag-oxynorm-fran-palitligt-apotek","40":"product_tag-oxynorm-i-sverige-uden-recept","41":"product_tag-oxynorm-i-sverige-utan-recept","42":"product_tag-oxynorm-rx","43":"product_tag-svensk-oksynorm-pa-nettet","44":"product_tag-svensk-oxynorm-online","45":"product_tag-svenska-oxynorm-online","46":"product_tag-var-kan-jag-fa-oxynorm","48":"first","49":"instock","50":"shipping-taxable","51":"purchasable","52":"product-type-variable"},"aioseo_notices":[],"jetpack-related-posts":[{"id":373,"url":"https:\/\/amphetaminapotek.com\/index.php\/product\/morfin-15mg30mg60mg\/","url_meta":{"origin":372,"position":0},"title":"k\u00f6pa morfin 30 mg i sverige utan recept","author":"kris","date":"","format":false,"excerpt":"Morfin \u00e4r en opioidmedicinering. En opioid kallas ibland narkotisk. Morfin anv\u00e4nds f\u00f6r att behandla m\u00e5ttlig till sv\u00e5r sm\u00e4rta. Kortverkande formuleringar tas som beh\u00f6vs f\u00f6r sm\u00e4rta. Morfins f\u00f6rl\u00e4ngda fris\u00e4ttningsform \u00e4r f\u00f6r behandling av sm\u00e4rta dygnet runt. Denna form av morfin \u00e4r inte avsedd f\u00f6r anv\u00e4ndning p\u00e5 grund av sm\u00e4rta.","rel":"","context":"Liknande inl\u00e4gg","block_context":{"text":"Liknande inl\u00e4gg","link":""},"img":{"alt_text":"k\u00f6pa morfin 30 mg i sverige utan recept","src":"https:\/\/i0.wp.com\/amphetaminapotek.com\/wp-content\/uploads\/2023\/04\/tumblr_oxb6sjY6jF1slq6nuo1_500.jpg?resize=350%2C200&ssl=1","width":350,"height":200},"classes":[]},{"id":374,"url":"https:\/\/amphetaminapotek.com\/index.php\/product\/oxikodon-30mg-80mg\/","url_meta":{"origin":372,"position":1},"title":"k\u00f6pa oxycodon i sverige","author":"kris","date":"","format":false,"excerpt":"Oxykodon \u00e4r en opioid sm\u00e4rtstillande medicin kallas ibland narkotiska. Oxykodon anv\u00e4nds f\u00f6r att behandla m\u00e5ttlig till sv\u00e5r sm\u00e4rta.","rel":"","context":"Liknande inl\u00e4gg","block_context":{"text":"Liknande inl\u00e4gg","link":""},"img":{"alt_text":"k\u00f6pa oxycodon i sverige","src":"https:\/\/i0.wp.com\/amphetaminapotek.com\/wp-content\/uploads\/2023\/04\/NORDICAPOTEK-OX.jpg?resize=350%2C200&ssl=1","width":350,"height":200,"srcset":"https:\/\/i0.wp.com\/amphetaminapotek.com\/wp-content\/uploads\/2023\/04\/NORDICAPOTEK-OX.jpg?resize=350%2C200&ssl=1 1x, https:\/\/i0.wp.com\/amphetaminapotek.com\/wp-content\/uploads\/2023\/04\/NORDICAPOTEK-OX.jpg?resize=525%2C300&ssl=1 1.5x, https:\/\/i0.wp.com\/amphetaminapotek.com\/wp-content\/uploads\/2023\/04\/NORDICAPOTEK-OX.jpg?resize=700%2C400&ssl=1 2x"},"classes":[]},{"id":256,"url":"https:\/\/amphetaminapotek.com\/index.php\/product\/mandrax-quaalude-300-mg\/","url_meta":{"origin":372,"position":2},"title":"best\u00e4lla mandrax utan recept","author":"kris","date":"","format":false,"excerpt":"Quaaludes fr\u00e4mjar avslappning, s\u00f6mnighet och ibland en k\u00e4nsla av eufori. Det orsakar blodtryckss\u00e4nkning och s\u00e4nker pulsfrekvensen. Dessa egenskaper \u00e4r anledningen till att det ursprungligen ans\u00e5gs vara en anv\u00e4ndbar lugnande och anxiolytisk.","rel":"","context":"Liknande inl\u00e4gg","block_context":{"text":"Liknande inl\u00e4gg","link":""},"img":{"alt_text":"best\u00e4lla mandrax utan recept","src":"https:\/\/i0.wp.com\/amphetaminapotek.com\/wp-content\/uploads\/2023\/04\/Quaaludes-For-Sale.jpeg?resize=350%2C200&ssl=1","width":350,"height":200,"srcset":"https:\/\/i0.wp.com\/amphetaminapotek.com\/wp-content\/uploads\/2023\/04\/Quaaludes-For-Sale.jpeg?resize=350%2C200&ssl=1 1x, https:\/\/i0.wp.com\/amphetaminapotek.com\/wp-content\/uploads\/2023\/04\/Quaaludes-For-Sale.jpeg?resize=525%2C300&ssl=1 1.5x"},"classes":[]},{"id":390,"url":"https:\/\/amphetaminapotek.com\/index.php\/product\/viagra\/","url_meta":{"origin":372,"position":3},"title":"viagra","author":"kris","date":"","format":false,"excerpt":"Viagra (sildenafil) slappnar av muskler som finns i blodk\u00e4rlens v\u00e4ggar och \u00f6kar blodfl\u00f6det till vissa delar av kroppen. Viagra anv\u00e4nds f\u00f6r att behandla erektil dysfunktion (impotens) hos m\u00e4n. Ett annat m\u00e4rke av sildenafil \u00e4r Revatio, som anv\u00e4nds f\u00f6r att behandla pulmonell arteriell hypertension och f\u00f6rb\u00e4ttra tr\u00e4ningskapaciteten hos m\u00e4n och kvinnor.\u2026","rel":"","context":"Liknande inl\u00e4gg","block_context":{"text":"Liknande inl\u00e4gg","link":""},"img":{"alt_text":"","src":"","width":0,"height":0},"classes":[]},{"id":245,"url":"https:\/\/amphetaminapotek.com\/index.php\/product\/metadon-online-20mg40-mg\/","url_meta":{"origin":372,"position":4},"title":"best\u00e4lla metadon utan recept","author":"kris","date":"","format":false,"excerpt":"Metadon \u00e4r en opioidmedicin. En opioid kallas ibland narkotisk. Metadon minskar abstinenssymptom hos personer som \u00e4r beroende av heroin eller andra narkotiska droger utan att orsaka \"h\u00f6ga\" associerade med narkotikamissbruk. Metadon anv\u00e4nds som sm\u00e4rtstillande medel och som del av avgiftnings- och underh\u00e5llsprogram f\u00f6r narkotikamissbruk. Den \u00e4r endast tillg\u00e4nglig fr\u00e5n ett\u2026","rel":"","context":"Liknande inl\u00e4gg","block_context":{"text":"Liknande inl\u00e4gg","link":""},"img":{"alt_text":"","src":"https:\/\/i0.wp.com\/amphetaminapotek.com\/wp-content\/uploads\/2023\/04\/methadone.jpg?resize=350%2C200&ssl=1","width":350,"height":200,"srcset":"https:\/\/i0.wp.com\/amphetaminapotek.com\/wp-content\/uploads\/2023\/04\/methadone.jpg?resize=350%2C200&ssl=1 1x, https:\/\/i0.wp.com\/amphetaminapotek.com\/wp-content\/uploads\/2023\/04\/methadone.jpg?resize=525%2C300&ssl=1 1.5x"},"classes":[]},{"id":393,"url":"https:\/\/amphetaminapotek.com\/index.php\/product\/citodon\/","url_meta":{"origin":372,"position":5},"title":"K\u00f6p Citodon 500 mg Online","author":"kris","date":"","format":false,"excerpt":"Citodon \u00e4r en m\u00e4rkesformel av codein och paracetamol, \u00e4ven k\u00e4nd som acetaminophen. Codeine \u00e4r i en grupp l\u00e4kemedel som kallas narkotiska sm\u00e4rtstillande medel. Paracetamol \u00e4r en mindre potent sm\u00e4rtstillande som \u00f6kar effekterna av kodin. De tv\u00e5 drogerna kombineras anv\u00e4nds f\u00f6r att lindra m\u00e5ttlig till sv\u00e5r sm\u00e4rta. \u00a0","rel":"","context":"Med 1 kommentar","block_context":{"text":"Med 1 kommentar","link":"https:\/\/amphetaminapotek.com\/index.php\/product\/citodon\/#comments"},"img":{"alt_text":"K\u00f6p Citodon 500 mg Online","src":"https:\/\/i0.wp.com\/amphetaminapotek.com\/wp-content\/uploads\/2023\/04\/citodon.jpg?resize=350%2C200&ssl=1","width":350,"height":200},"classes":[]}],"jetpack_sharing_enabled":true,"_links":{"self":[{"href":"https:\/\/amphetaminapotek.com\/index.php\/wp-json\/wp\/v2\/product\/372","targetHints":{"allow":["GET"]}}],"collection":[{"href":"https:\/\/amphetaminapotek.com\/index.php\/wp-json\/wp\/v2\/product"}],"about":[{"href":"https:\/\/amphetaminapotek.com\/index.php\/wp-json\/wp\/v2\/types\/product"}],"replies":[{"embeddable":true,"href":"https:\/\/amphetaminapotek.com\/index.php\/wp-json\/wp\/v2\/comments?post=372"}],"wp:featuredmedia":[{"embeddable":true,"href":"https:\/\/amphetaminapotek.com\/index.php\/wp-json\/wp\/v2\/media\/377"}],"wp:attachment":[{"href":"https:\/\/amphetaminapotek.com\/index.php\/wp-json\/wp\/v2\/media?parent=372"}],"wp:term":[{"taxonomy":"product_brand","embeddable":true,"href":"https:\/\/amphetaminapotek.com\/index.php\/wp-json\/wp\/v2\/product_brand?post=372"},{"taxonomy":"product_cat","embeddable":true,"href":"https:\/\/amphetaminapotek.com\/index.php\/wp-json\/wp\/v2\/product_cat?post=372"},{"taxonomy":"product_tag","embeddable":true,"href":"https:\/\/amphetaminapotek.com\/index.php\/wp-json\/wp\/v2\/product_tag?post=372"}],"curies":[{"name":"wp","href":"https:\/\/api.w.org\/{rel}","templated":true}]}}