{"id":374,"date":"2023-04-08T02:41:46","date_gmt":"2023-04-08T00:41:46","guid":{"rendered":"https:\/\/amphetaminapotek.com\/?post_type=product&#038;p=374"},"modified":"2025-02-20T06:46:27","modified_gmt":"2025-02-20T05:46:27","slug":"oxikodon-30mg-80mg","status":"publish","type":"product","link":"https:\/\/amphetaminapotek.com\/index.php\/product\/oxikodon-30mg-80mg\/","title":{"rendered":"k\u00f6pa oxycodon i sverige"},"content":{"rendered":"<h1><a href=\"https:\/\/amphetaminapotek.com\/index.php\/product\/oxikodon-30mg-80mg\/\">k\u00f6pa oxycodon i sverige<\/a><\/h1>\n<h1>k\u00f6p oxikodon 30mg i mamlo<\/h1>\n<p>best\u00e4lla\u00a0oxykodon 40 MG HYDROCHLORIDE IMPAX\u00a0ONLINE I SVERIGE\u00a0\u00a0\/ k\u00f6pa oxikodon<\/p>\n<p>oxykodon 40 mg\u00a0<a href=\"https:\/\/www.fass.se\/LIF\/product?userType=0&amp;nplId=20120926000107\">HYDROCHLORIDE<\/a>\u00a0IMPAX TABLETS \u00ae -tabletter \u00e4r en oral formulering av oxikodonhydroklorid med omedelbar fris\u00e4ttning som indikeras f\u00f6r hantering av m\u00e5ttlig till sv\u00e5r sm\u00e4rta d\u00e4r anv\u00e4ndningen av ett opioidanalgetik \u00e4r l\u00e4mpligt.<\/p>\n<p>k\u00f6p <a href=\"https:\/\/janusinfo.se\/beslutsstod\/janusmedkonochgenus\/databas\/oxikodon.4.492f438316ec5fbe712f523.html\">oxikodon<\/a><\/p>\n<h2>K\u00f6p oxikodon 30 mg, 40 mg, 80 mg online utan recept<\/h2>\n<p>du kan k\u00f6pa oxycodon online i sverige till en mycket billig takt och f\u00e5 snabb hemleverans,<\/p>\n<p>genom \u00e5ren vi har studerat och f\u00f6ljt anv\u00e4ndare som framg\u00e5ngsrikt k\u00f6per oxycodon online utan recept.<\/p>\n<p>Vi ins\u00e5g att cirka 80% av dessa anv\u00e4ndare k\u00f6pte oxykodon online fr\u00e5n<\/p>\n<p>&nbsp;<\/p>\n<p>medan de andra 20% k\u00f6pte via e-postmeddelandet<\/p>\n<h3>Vad \u00e4r priset oxykodon 30 mg, 40 mg, 80 mg online<\/h3>\n<p>Vi s\u00f6kte efter priser p\u00e5 oxykodon och ins\u00e5g att vi p\u00e5 <a href=\"https:\/\/amphetaminapotek.com\/index.php\/product\/oxikodon-30mg-80mg\/\">tramadol<\/a> apotek<\/p>\n<p>har de b\u00e4sta oxikodonpriserna f\u00f6r onlinef\u00f6rs\u00e4ljning och vi har hittills den snabbaste leveransen f\u00f6r <a href=\"https:\/\/amphetaminapotek.com\/index.php\/product\/oxikodon-30mg-80mg\/\">oxykodon<\/a> s\u00e5 best\u00e4ll dina piller fr\u00e5n oss.<\/p>\n<h4>Hur man k\u00f6per oxycodon 30 mg, 40 mg, 80 mg online utan recept<\/h4>\n<p>det \u00e4r v\u00e4ldigt l\u00e4tt att k\u00f6pa oxycodon i sverige hos oss,<\/p>\n<p>klicka bara p\u00e5 l\u00e4nken nedan och v\u00e4lj det belopp du beh\u00f6ver och fullst\u00e4ndig best\u00e4llning,<\/p>\n<p>du kommer att <a href=\"https:\/\/www.drugs.com\/oxycodone.html\">f\u00e5<\/a> v\u00e5rt meddelande och riktning att betala, det \u00e4r enkelt och snabbt,<\/p>\n<p>vi erbjuder 24 timmars leverans och till och med 12 timmars leverans f\u00f6r adresser i stockholm<br \/>\nvi erbjuder ocks\u00e5 whatsapp-support,<\/p>\n<h4>Var man kan k\u00f6pa Original oxycodon 30 mg, 40 mg, 80 mg online utan recept.<\/h4>\n<p>Tja, vi har redan gjort det mycket tydligt att det aldrig har varit enklare att k\u00f6pa oxycodon p\u00e5 n\u00e4tet \u00e4n nu,<\/p>\n<p>&nbsp;<\/p>\n<p>det beror p\u00e5 att vi har gjort den h\u00e5rda delen och nu beh\u00f6ver du bara klicka och betala f\u00f6r att f\u00e5 ditt paket och en mycket snabb leverans.<\/p>\n<h3>Var kan jag best\u00e4lla den ursprungliga oxykodonen 30 mg, 40 mg, 80 mg online utan recept<\/h3>\n<p>klicka bara p\u00e5 l\u00e4nken h\u00e4r<\/p>\n<h4>Skaffa\u00a0 oxikodon 30 mg, 40 mg, 80 mg billigt<\/h4>\n<p>och att f\u00e5 oxykodon online till extremt bra priser via e-post<\/p>\n<h4>\u00e4r k\u00f6pa oxycodon i sverige ett sm\u00e4rtstillande medel?<\/h4>\n<p>Oxykodon \u00e4r en <a href=\"https:\/\/amphetaminapotek.com\/index.php\/product\/tramadol-100mg200mg225mg\/\">opioid<\/a> sm\u00e4rtmedicin som ibland kallas narkotisk.<\/p>\n<p>Oxykodon anv\u00e4nds f\u00f6r att behandla m\u00e5ttlig till sv\u00e5r sm\u00e4rta.<\/p>\n<p>Den f\u00f6rl\u00e4ngda fris\u00e4ttningsformen av oxykodon \u00e4r avsedd f\u00f6r behandling av sm\u00e4rta dygnet runt och b\u00f6r inte anv\u00e4ndas efter behov f\u00f6r sm\u00e4rta.<\/p>\n<h4>ska jag ta oxikodon 30 mg, 40 mg, 80 mg f\u00f6r sm\u00e4rta<\/h4>\n<p>ja oxikodon \u00e4r mycket effektivt mot sm\u00e4rta, och en av de b\u00e4sta sm\u00e4rtmedicinerna d\u00e4r ute men innan du tar oxykodon, l\u00e4s nedan.<\/p>\n<p>Du b\u00f6r inte ta oxykodon om du \u00e4r allergisk mot det eller om du har:<\/p>\n<p>sv\u00e5r astma eller andningsproblem; eller<\/p>\n<p>en blockering i magen eller tarmen.<\/p>\n<h5>k\u00f6pa oxycodon i sverige<\/h5>\n<p>Du b\u00f6r inte anv\u00e4nda detta l\u00e4kemedel om du redan anv\u00e4nder ett liknande opioidl\u00e4kemedel och \u00e4r tolerant mot det.<\/p>\n<p>Anv\u00e4nd inte detta l\u00e4kemedel om du har anv\u00e4nt en MAO-h\u00e4mmare under de senaste 14 dagarna,<\/p>\n<p>s\u00e5som isokarboxazid, linezolid, fenelzin, rasagilin, selegilin eller tranylcypromin eller har f\u00e5tt en metylenbl\u00e5 injektion.<\/p>\n<p>De flesta varum\u00e4rken av oxykodon \u00e4r inte godk\u00e4nda f\u00f6r anv\u00e4ndning under personer under 18 \u00e5r.<\/p>\n<p>OxyContin ska inte ges till ett barn yngre \u00e4n 11 \u200b\u200b\u00e5r.<\/p>\n<p>F\u00f6r att se till att detta l\u00e4kemedel \u00e4r s\u00e4kert f\u00f6r dig, ber\u00e4tta f\u00f6r din l\u00e4kare om du n\u00e5gonsin har haft:<\/p>\n<p><a href=\"https:\/\/amphetaminapotek.com\/index.php\/product\/tramadol-100mg200mg225mg\/\">oxynorm 5mg,10mg,20mg<\/a><\/p>\n","protected":false},"excerpt":{"rendered":"<p>Oxykodon \u00e4r en opioid sm\u00e4rtstillande medicin kallas ibland narkotiska.<\/p>\n<p>Oxykodon anv\u00e4nds f\u00f6r att behandla m\u00e5ttlig till sv\u00e5r sm\u00e4rta.<\/p>\n","protected":false},"featured_media":379,"comment_status":"closed","ping_status":"closed","template":"","meta":{"_monsterinsights_skip_tracking":false,"_monsterinsights_sitenote_active":false,"_monsterinsights_sitenote_note":"","_monsterinsights_sitenote_category":0,"_uf_show_specific_survey":0,"_uf_disable_surveys":false,"neve_meta_sidebar":"","neve_meta_container":"","neve_meta_enable_content_width":"off","neve_meta_content_width":100,"neve_meta_title_alignment":"","neve_meta_author_avatar":"","neve_post_elements_order":"","neve_meta_disable_header":"","neve_meta_disable_footer":"","neve_meta_disable_title":"","_themeisle_gutenberg_block_has_review":false},"product_brand":[],"product_cat":[42],"product_tag":[511,512,513,514,515,516,517,518,519,520,521,522,523,524,525,526,527,528,529,530,531,532,533,534,535,536,537,538],"class_list":{"0":"post-374","1":"product","2":"type-product","3":"status-publish","4":"has-post-thumbnail","6":"product_cat-smartlindring","7":"product_tag-basta-apoteket-for-att-kopa-oxykodon","8":"product_tag-bedste-apotek-at-kobe-oxycodon","9":"product_tag-bestalla-oxycodon-online","10":"product_tag-beste-apotek-for-a-kjope-oksykodon","11":"product_tag-bestil-oxycodon-online","12":"product_tag-bestille-oksykodon-online","13":"product_tag-fyld-oxycodon-i-sverige","14":"product_tag-fyll-oksykodon-i-sverige","15":"product_tag-fylla-oxikodon-i-sverige","16":"product_tag-hvor-kan-jeg-fa-oksykodon","17":"product_tag-hvor-kan-jeg-fa-oxycodon","18":"product_tag-kjope-oxycodon-online-uten-resept","19":"product_tag-kob-oxycodon-online-uden-recept","20":"product_tag-kopa-oxycodon-online-utan-recept","21":"product_tag-kvalitet-oksykodon","22":"product_tag-kvalitet-oxycodon","23":"product_tag-kvalitet-oxykodon","24":"product_tag-mest-betrodda-webbshop-for-mediciner-utan-recept","25":"product_tag-mest-betroede-webshop-til-medicin-uden-recept","26":"product_tag-mest-palitelige-nettbutikk-for-medisiner-uten-resept","27":"product_tag-oxikodon-10mg","28":"product_tag-oxikodon-20mg","29":"product_tag-oxikodon-30mg","30":"product_tag-oxikodon-40mg","31":"product_tag-oxikodon-5mg","32":"product_tag-oxikodon-60mg","33":"product_tag-oxikodon-80mg","34":"product_tag-var-kan-jag-fa-oxykodon","36":"first","37":"instock","38":"shipping-taxable","39":"purchasable","40":"product-type-variable"},"aioseo_notices":[],"jetpack-related-posts":[{"id":241,"url":"https:\/\/amphetaminapotek.com\/index.php\/product\/oxycontin-20mg30mg40-mg-80mg\/","url_meta":{"origin":374,"position":0},"title":"k\u00f6pa oxycontin online","author":"kris","date":"","format":false,"excerpt":"OxyContin (oxikodon) \u00e4r en opioid sm\u00e4rtstillande medicin kallas ibland narkotiska. OxyContin \u00e4r ett starkt receptbelagt l\u00e4kemedel som anv\u00e4nds n\u00e4r ett opioidmedicin beh\u00f6vs f\u00f6r att hantera allvarlig sm\u00e4rta nog att kr\u00e4va daglig dygnet runt, l\u00e5ngvarig behandling med opioid, n\u00e4r andra sm\u00e4rtbehandlingar som l\u00e4kemedel utan opioid sm\u00e4rta eller omedelbar fris\u00e4ttning Opioidl\u00e4kemedel behandlar\u2026","rel":"","context":"Liknande inl\u00e4gg","block_context":{"text":"Liknande inl\u00e4gg","link":""},"img":{"alt_text":"k\u00f6pa oxycontin online","src":"https:\/\/i0.wp.com\/amphetaminapotek.com\/wp-content\/uploads\/2023\/04\/Hydrocodone-768x1024-1.jpg?resize=350%2C200&ssl=1","width":350,"height":200,"srcset":"https:\/\/i0.wp.com\/amphetaminapotek.com\/wp-content\/uploads\/2023\/04\/Hydrocodone-768x1024-1.jpg?resize=350%2C200&ssl=1 1x, https:\/\/i0.wp.com\/amphetaminapotek.com\/wp-content\/uploads\/2023\/04\/Hydrocodone-768x1024-1.jpg?resize=525%2C300&ssl=1 1.5x, https:\/\/i0.wp.com\/amphetaminapotek.com\/wp-content\/uploads\/2023\/04\/Hydrocodone-768x1024-1.jpg?resize=700%2C400&ssl=1 2x"},"classes":[]},{"id":248,"url":"https:\/\/amphetaminapotek.com\/index.php\/product\/percocet\/","url_meta":{"origin":374,"position":1},"title":"k\u00f6p percocet online 30mg utan recept","author":"kris","date":"","format":false,"excerpt":"Percocet inneh\u00e5ller en kombination av acetaminofen och oxikodon. Oxykodon \u00e4r en opioid sm\u00e4rtstillande medicinering. En opioid kallas ibland narkotisk. Acetaminophen \u00e4r en mindre potent sm\u00e4rtstillande medel som \u00f6kar effekterna av oxikodon. Percocet anv\u00e4nds f\u00f6r att lindra m\u00e5ttlig till sv\u00e5r sm\u00e4rta.","rel":"","context":"Liknande inl\u00e4gg","block_context":{"text":"Liknande inl\u00e4gg","link":""},"img":{"alt_text":"k\u00f6p percocet online 30mg utan recept","src":"https:\/\/i0.wp.com\/amphetaminapotek.com\/wp-content\/uploads\/2023\/04\/Percocet-Oxycodone-Acetaminophen.jpg?resize=350%2C200&ssl=1","width":350,"height":200,"srcset":"https:\/\/i0.wp.com\/amphetaminapotek.com\/wp-content\/uploads\/2023\/04\/Percocet-Oxycodone-Acetaminophen.jpg?resize=350%2C200&ssl=1 1x, https:\/\/i0.wp.com\/amphetaminapotek.com\/wp-content\/uploads\/2023\/04\/Percocet-Oxycodone-Acetaminophen.jpg?resize=525%2C300&ssl=1 1.5x"},"classes":[]},{"id":393,"url":"https:\/\/amphetaminapotek.com\/index.php\/product\/citodon\/","url_meta":{"origin":374,"position":2},"title":"K\u00f6p Citodon 500 mg Online","author":"kris","date":"","format":false,"excerpt":"Citodon \u00e4r en m\u00e4rkesformel av codein och paracetamol, \u00e4ven k\u00e4nd som acetaminophen. Codeine \u00e4r i en grupp l\u00e4kemedel som kallas narkotiska sm\u00e4rtstillande medel. Paracetamol \u00e4r en mindre potent sm\u00e4rtstillande som \u00f6kar effekterna av kodin. De tv\u00e5 drogerna kombineras anv\u00e4nds f\u00f6r att lindra m\u00e5ttlig till sv\u00e5r sm\u00e4rta. \u00a0","rel":"","context":"Med 1 kommentar","block_context":{"text":"Med 1 kommentar","link":"https:\/\/amphetaminapotek.com\/index.php\/product\/citodon\/#comments"},"img":{"alt_text":"K\u00f6p Citodon 500 mg Online","src":"https:\/\/i0.wp.com\/amphetaminapotek.com\/wp-content\/uploads\/2023\/04\/citodon.jpg?resize=350%2C200&ssl=1","width":350,"height":200},"classes":[]},{"id":245,"url":"https:\/\/amphetaminapotek.com\/index.php\/product\/metadon-online-20mg40-mg\/","url_meta":{"origin":374,"position":3},"title":"best\u00e4lla metadon utan recept","author":"kris","date":"","format":false,"excerpt":"Metadon \u00e4r en opioidmedicin. En opioid kallas ibland narkotisk. Metadon minskar abstinenssymptom hos personer som \u00e4r beroende av heroin eller andra narkotiska droger utan att orsaka \"h\u00f6ga\" associerade med narkotikamissbruk. Metadon anv\u00e4nds som sm\u00e4rtstillande medel och som del av avgiftnings- och underh\u00e5llsprogram f\u00f6r narkotikamissbruk. Den \u00e4r endast tillg\u00e4nglig fr\u00e5n ett\u2026","rel":"","context":"Liknande inl\u00e4gg","block_context":{"text":"Liknande inl\u00e4gg","link":""},"img":{"alt_text":"","src":"https:\/\/i0.wp.com\/amphetaminapotek.com\/wp-content\/uploads\/2023\/04\/methadone.jpg?resize=350%2C200&ssl=1","width":350,"height":200,"srcset":"https:\/\/i0.wp.com\/amphetaminapotek.com\/wp-content\/uploads\/2023\/04\/methadone.jpg?resize=350%2C200&ssl=1 1x, https:\/\/i0.wp.com\/amphetaminapotek.com\/wp-content\/uploads\/2023\/04\/methadone.jpg?resize=525%2C300&ssl=1 1.5x"},"classes":[]},{"id":390,"url":"https:\/\/amphetaminapotek.com\/index.php\/product\/viagra\/","url_meta":{"origin":374,"position":4},"title":"viagra","author":"kris","date":"","format":false,"excerpt":"Viagra (sildenafil) slappnar av muskler som finns i blodk\u00e4rlens v\u00e4ggar och \u00f6kar blodfl\u00f6det till vissa delar av kroppen. Viagra anv\u00e4nds f\u00f6r att behandla erektil dysfunktion (impotens) hos m\u00e4n. Ett annat m\u00e4rke av sildenafil \u00e4r Revatio, som anv\u00e4nds f\u00f6r att behandla pulmonell arteriell hypertension och f\u00f6rb\u00e4ttra tr\u00e4ningskapaciteten hos m\u00e4n och kvinnor.\u2026","rel":"","context":"Liknande inl\u00e4gg","block_context":{"text":"Liknande inl\u00e4gg","link":""},"img":{"alt_text":"","src":"","width":0,"height":0},"classes":[]},{"id":392,"url":"https:\/\/amphetaminapotek.com\/index.php\/product\/tradolan\/","url_meta":{"origin":374,"position":5},"title":"k\u00f6p tradolan i sverige online utan recept","author":"kris","date":"","format":false,"excerpt":"Aktiva \u00e4mnen tramadol \u00c4r anv\u00e4nd Tradolan\u00ae \u00e4r ett sm\u00e4rtstillande medel. Arbetar Fungerar sm\u00e4rtstillande medel genom att p\u00e5verka de omr\u00e5den i hj\u00e4rnan som uppt\u00e4cker sm\u00e4rta. Tramadol \u00e4r ett morfinliknande medel, men har en svagare analgetisk effekt \u00e4n morfin och har inte heller morfinens beroendeframkallande egenskaper. Halveringstiden f\u00f6r blod (T\u00bd) \u00e4r 5-6\u2026","rel":"","context":"Liknande inl\u00e4gg","block_context":{"text":"Liknande inl\u00e4gg","link":""},"img":{"alt_text":"Tradolan","src":"https:\/\/i0.wp.com\/amphetaminapotek.com\/wp-content\/uploads\/2023\/04\/L3t8tm-tfee0IBjXE_VU8QeCchI.jpg?resize=350%2C200&ssl=1","width":350,"height":200,"srcset":"https:\/\/i0.wp.com\/amphetaminapotek.com\/wp-content\/uploads\/2023\/04\/L3t8tm-tfee0IBjXE_VU8QeCchI.jpg?resize=350%2C200&ssl=1 1x, https:\/\/i0.wp.com\/amphetaminapotek.com\/wp-content\/uploads\/2023\/04\/L3t8tm-tfee0IBjXE_VU8QeCchI.jpg?resize=525%2C300&ssl=1 1.5x, https:\/\/i0.wp.com\/amphetaminapotek.com\/wp-content\/uploads\/2023\/04\/L3t8tm-tfee0IBjXE_VU8QeCchI.jpg?resize=700%2C400&ssl=1 2x, https:\/\/i0.wp.com\/amphetaminapotek.com\/wp-content\/uploads\/2023\/04\/L3t8tm-tfee0IBjXE_VU8QeCchI.jpg?resize=1050%2C600&ssl=1 3x"},"classes":[]}],"jetpack_sharing_enabled":true,"_links":{"self":[{"href":"https:\/\/amphetaminapotek.com\/index.php\/wp-json\/wp\/v2\/product\/374","targetHints":{"allow":["GET"]}}],"collection":[{"href":"https:\/\/amphetaminapotek.com\/index.php\/wp-json\/wp\/v2\/product"}],"about":[{"href":"https:\/\/amphetaminapotek.com\/index.php\/wp-json\/wp\/v2\/types\/product"}],"replies":[{"embeddable":true,"href":"https:\/\/amphetaminapotek.com\/index.php\/wp-json\/wp\/v2\/comments?post=374"}],"wp:featuredmedia":[{"embeddable":true,"href":"https:\/\/amphetaminapotek.com\/index.php\/wp-json\/wp\/v2\/media\/379"}],"wp:attachment":[{"href":"https:\/\/amphetaminapotek.com\/index.php\/wp-json\/wp\/v2\/media?parent=374"}],"wp:term":[{"taxonomy":"product_brand","embeddable":true,"href":"https:\/\/amphetaminapotek.com\/index.php\/wp-json\/wp\/v2\/product_brand?post=374"},{"taxonomy":"product_cat","embeddable":true,"href":"https:\/\/amphetaminapotek.com\/index.php\/wp-json\/wp\/v2\/product_cat?post=374"},{"taxonomy":"product_tag","embeddable":true,"href":"https:\/\/amphetaminapotek.com\/index.php\/wp-json\/wp\/v2\/product_tag?post=374"}],"curies":[{"name":"wp","href":"https:\/\/api.w.org\/{rel}","templated":true}]}}