{"id":381,"date":"2023-04-08T02:41:55","date_gmt":"2023-04-08T00:41:55","guid":{"rendered":"https:\/\/amphetaminapotek.com\/?post_type=product&#038;p=381"},"modified":"2024-11-18T10:34:57","modified_gmt":"2024-11-18T09:34:57","slug":"adderall","status":"publish","type":"product","link":"https:\/\/amphetaminapotek.com\/index.php\/product\/adderall\/","title":{"rendered":"K\u00f6p Adderall 30mg utan recept"},"content":{"rendered":"<h1>K\u00f6p Adderall 30mg utan recept<\/h1>\n<p>K\u00f6p Adderall 30mg utan recept inneh\u00e5ller en blandning av dextroamfetamin och amfetamin. Amfetamin och<br \/>\ndextroamfetamin \u00e4r det centrala nervsystemet som p\u00e5verkar kemikalier i hj\u00e4rnan och<br \/>\nnerver som underl\u00e4ttar hyperaktivitet och impulsiv kontroll.<br \/>\nAdderall anv\u00e4nds f\u00f6r ADHD och narkoleptisk terapi. Anv\u00e4nder ADHD.<br \/>\nK\u00f6p Adderall 30mg utan recept \u00e4r ett l\u00e4kemedel f\u00f6r att f\u00f6rebygga och behandla hyperaktivitetssymtom. Adderall kan<br \/>\nanv\u00e4nds ensamt eller i kombination med andra l\u00e4kemedel. Adderall \u00e4r ett stimulerande medel f\u00f6r nervsystemet. Adderall 30mg kan vara<br \/>\nk\u00f6pt online f\u00f6r f\u00f6rs\u00e4ljning.<br \/>\nHuruvida Adderall \u00e4r s\u00e4kert och effektivt hos barn yngre \u00e4n 3 \u00e5r \u00e4r ok\u00e4nt.<\/p>\n<p>&nbsp;<\/p>\n<h2><strong>Anv\u00e4ndande av K\u00f6p Adderall 30mg utan recept<\/strong><\/h2>\n<p>&nbsp;<\/p>\n<p>Dessa blandade l\u00e4kemedel anv\u00e4nds f\u00f6r att behandla uppm\u00e4rksamhetsbrist hyperaktivitetsst\u00f6rning &#8211; ADHD-st\u00f6rning. Det fungerar<br \/>\n\u00e4ndra m\u00e4ngden av vissa naturliga material i hj\u00e4rnan. Klassen av l\u00e4kemedel<br \/>\nkallas stimulantia \u00e4r\/dextroamfetamin. Det hj\u00e4lper dig att f\u00f6rb\u00e4ttra kapacitetenkoncentrera sig p\u00e5 en aktivitet och l\u00f6sa beteendeproblem. Du organiserar ditt arbete ochutveckla din f\u00f6rm\u00e5ga att lyssna.<\/p>\n<h3><strong>Dosering av K\u00f6p Adderall 30mg utan recept<\/strong><\/h3>\n<p>L\u00e4s f\u00f6rst din receptguide och din farmaceuts informationsblad, om det finns<br \/>\nintag och varje g\u00e5ng du fyller p\u00e5 amfetamin\/dextroamfetamin.<br \/>\nAtt ta K\u00f6p Adderall 30mg utan recept med eller utan mat enligt anvisningar fr\u00e5n din l\u00e4kare, vanligtvis en g\u00e5ng om dagen<br \/>\nmorgon. Denna medicin kan tas med eller utan mat, men den b\u00f6r tas i en dos inom omr\u00e5det<br \/>\nsamma s\u00e4tt. S\u00f6mnproblem (s\u00f6mnl\u00f6shet) kan orsakas efter lunchtid genom att ta denna medicin.<br \/>\nTa definitivt kapslarna. Bryt aldrig paketen eller \u00e4t dem. Detta kan g\u00f6ras samtidigt<br \/>\nsl\u00e4pper hela l\u00e4kemedlet och \u00f6kar risken f\u00f6r negativa effekter. Om du har problem med att konsumera<br \/>\nhela detta l\u00e4kemedel b\u00f6r du spruta hela pillret p\u00e5 en liten m\u00e4ngd \u00e4ppelsoppa precis innan du tar det.<br \/>\nSv\u00e4lj blandningen direkt. Spara inte blandningen f\u00f6r framtida bruk. Drick ett glas v\u00e4tska f\u00f6r det<br \/>\nvarje injektion.<\/p>\n<h2><strong>Var kan man K\u00f6p Adderall 30mg utan recept online?<\/strong><\/h2>\n<p>Du kan k\u00f6pa Adderall 30mg online fr\u00e5n v\u00e5r officiella hemsida www.vapotheek.com till ett rimligt pris och f\u00e5 det levererat hem till dig.<\/p>\n<p>k\u00f6p <a href=\"https:\/\/amphetaminapotek.com\/index.php\/product\/adderall\/\">adderall<\/a> 30mg utan recept<\/p>\n<p>k\u00f6p adderall utan recept,\u00a0best\u00e4ll kvalitets <a href=\"https:\/\/karlstardapotek.com\/product\/kopa-lyrica-75mg-150mg-300mg-utan-recept-i-sverige\/\">adderall<\/a> fr\u00e5n oss och f\u00e5 24 timmars leverans\u00a0och vi skickar \u00f6ver hela v\u00e4rlden till din d\u00f6rr<\/p>\n<h2>vad \u00e4r K\u00f6p Adderall 30mg utan recept??<\/h2>\n<p>Adderall anv\u00e4nds f\u00f6r att behandla ADHD och narkolepsi.<\/p>\n<p>Adderall inneh\u00e5ller en kombination av amfetamin och\u00a0<a href=\"https:\/\/karlstardapotek.com\/product\/kop-citodon-500mg-i-sverige\/\">dextroamfetamin<\/a>.<\/p>\n<p>Amfetamin och dextroamfetamin \u00e4r stimulerande medel i centrala nervsystemet som p\u00e5verkar kemikalier i hj\u00e4rnan och nerver som bidrar till hyperaktivitet och impulskontroll. k\u00f6p adderall.<\/p>\n<div class=\"isv-r PNCib ViTmJb BUooTd\" role=\"listitem\" data-ved=\"2ahUKEwj5mOqKkLGDAxVVmicCHeMuDh8QMygEegQIARBT\" data-hveid=\"CAEQUw\" data-id=\"baWnvvkJUvBg4M\" data-ri=\"4\" data-tbnid=\"baWnvvkJUvBg4M\" data-ictx=\"1\" data-ct=\"12\" data-cb=\"6\" data-cl=\"21\" data-cr=\"21\" data-tw=\"225\" data-ow=\"800\" data-oh=\"800\" data-sc=\"1\" data-os=\"-2\">\n<div class=\"fR600b islir\">\n<figure style=\"width: 205px\" class=\"wp-caption alignnone\"><a href=\"https:\/\/amphetaminapotek.com\/index.php\/product\/adderall\/\"><img decoding=\"async\" class=\"rg_i Q4LuWd\" src=\"data:image\/jpeg;base64,\/9j\/4AAQSkZJRgABAQAAAQABAAD\/2wCEAAkGBxATEhASEBAVEBAXGBATFRAQEBIVERAVFRUWFhUSFRcYHSggGBolGxUVIjEhJikrLi4uFx8zODMtNygtLysBCgoKDg0OFxAQFysmHR01Ky0uMS0xKystNi01LSstLS0tKzAyLS0rLS0rLS0rLS03Ky0tLTctListNy0tLS0tK\/\/AABEIAOEA4QMBIgACEQEDEQH\/xAAbAAEAAgMBAQAAAAAAAAAAAAAAAgYDBAUBB\/\/EAEUQAAIBAgMEBwQGBwYHAQAAAAABAgMRBBIhBRMxUQYUIkFhcZEHMlKhIzOBsdHwQmJys8HD0hUkNFOSshdzgoOEosIW\/8QAGgEBAQADAQEAAAAAAAAAAAAAAAECAwQFBv\/EAC8RAQABAwIEAgkFAQAAAAAAAAABAgMRBBITITFRIkEFFDJScZGSscEzU2Gh8BX\/2gAMAwEAAhEDEQA\/APuIAAAAAAAAAAAAAAAAAAAAAAAAAAAAAAAAAAAAAAAAAAAAAAAAAAAEZ1IrjJLzaQEgYliafxx\/1I96xD44\/wCpAZAY99H4l6ob6PxL1QGQEN7H4l6obyPxL1QEwR3kea9UN4ua9UBIEYzT4NPyZIAAAAAAAAAAAAAAAAAAAAAAAADDi5tQk1xOQ+1q3c62O+rl+e85NMolGjHl957uV+Wz1M8cgISX5uyOZ\/ls9Isoi5vn82eOQaPGAzfnU8YARKnUlFppu68SxlaLKSVAAQAAAAAAAAAAAAAAAAAAAAAGDG+5LyOVDgdbGe5LyOTTLAkeMkeMCBBmQiyiDIskzxgQB6wggWQrbLISVAAQAAAAAAAAAAAAAAAAAAAAAGDGvsS8vvOXA2tr1rKMVxbu\/I0Y1XyLA2IxGQiq4dbw+YBwIOIdT9V+pFzfwv5FHjR5kYzP4X6o8u\/h+YR7umeShYXfwr1F\/ACLLDB3SfgiuOTOpsjENrLLiuHlyJI6IAIoAAAAAAAAAAAAAAAAAAB5OVk3yuz0xYn3JeT+4DjyeZtviyUaaIUyq9O+k1bCOhGjGDc88m6ibVo2SSSa5\/I2UUTVOISZwuCpIOmj5RD2j4zvhR\/0T\/rMj9pWK\/yqL+yp\/UbvVbibofUbI8ufLH7S8T\/k0f8A3\/qI\/wDEzE\/5FH1qfiPVbnY3Q+qZjzMj5XD2j4yTtDD0m9bJKo27Jt6J8kZKnTnaStfDUo3ypXhU1cnZJdrXW3qh6tWbofUU0eNxPl0OmW1JK6oU0ue7nb5zMX\/67arSkoU0npdU1xva1nLmPVq+8Juh9SaRPD6Tg\/FffY+ddFuk+MqYyFDEOLjJTvFRgsrUXJNOPHh8y7V8fknlUW2srur978Ea67c0ziVicraADSyAAAAAAAAAAAAAAAAAAAMWJ9yXkzKYMbG9OoucZL5AcimfOfa39ZhP2a33wLPhozhKMJyn79NpuonHR6xV3HTXl6lb9rKWfB3dk1WTfJXp6nVYpxchr3RVCiwwNZuMVRqOUoqcUqc25Qf6cUlrHx4EJYGs3JRo1G46SSpTbh+0ktPtL9PbmBqTi6dd0XCnicNCU4SVoShFU5xyq6inHS+upjltmlKNWFPHKlVUMDF4qW8jvpUnPeSWl3o0teJ18WrsYfP6WDrS1jSqSjqrwpzkr8rpEZYWqo53TmoaPO6clFp8HmtY+jT23hakK26rU6d69WaVTE18M3Fwit59EryvJN2Zp\/2\/h+rqiqvb6ju87rS3O8UbOk6fDO\/i4l4tXumFCpxqxcJwjOLd1CSjJZn7rUH3vW2nMzVMVipuUZSqSce1KNpN08j4yVuzZ2u\/K5d8btLAOnRoQxCfVp4OcG42hLJJKq4yXvXTb4LVd5pp4WOJxtTr1FwxFPFQTW8e7dSUXHN2fPhyLxM9aUw0ejmycRioOfX9z25U4xqTnmnJRjN5e0r6P5G8uilO8IS2vSvJRyR45k+GVOpr4WMmxtm7zB1sNRqU618RF9ZTywpJUoSc0pNSbv2NObOpPBSlONScqVBL+z74ff0d3Lcye8Ter7K1jZq\/eaqq5zPMw5XR\/ZyobUw0FW36lCVRVMrjmUqVTubfI+g7QlLM\/p4042XZ0v36\/L5FQnXpy21hnSlGcN3lvTlFxVqdXTTTkW\/GwvP6nPou23ovC32I5705mJnsyhcqbuk\/BEjFhfchfTsx0+xGU5WYAAAAAAAAAAAAAAAAAABjxHuy8n9xkIVvdl5P7gKZXa3kNM6z09W45oPMrPVNvUqntcXawflX\/lltxDe8j28jz09FJpVNdV6cyre1la4T\/wAj+WdVn9Slr8pVSeHwN8uerTasmnBtt6K1reb+1Gr1bBNyTryj7mWbhJ307fZUedu\/8TPDpDiVe80+XYisrundWtroRl0hr8qb84cOGq1tfRHbEVI1cRhcJmWXEyyvNdypSbjZK3BK93f0+0hHDYW8b1pqLnUUllakqdnu5e7a7sr\/ALS0VmSr7ZqSjOLjTtJOLe71V+LTvo\/E9fSGs23KNObvftU+GqdlZrTT+PHUy8Q8WBwbu+tPRJuO7tJ68I3970MMcPg+3evNtTajJU2s0MqtLLbjmuuPBcDK+kVXNmyUk27txhJN8b3ebx\/Ot+NcsRPmkupjKWGUU6FSUpXs1NWdtdeC\/V9X5GnYx0zImXoLB0BX9\/w3nU\/dTPqu0qkE5KdSSuo9mKelm9b+P8D5V0Ef9\/w3nU\/dzPq+OVXN9HGGij25pX79PzzOHU+3HwZU9FswLW7p24ZIcePuozmvgG91TvxyxvbhwNg4mwAAAAAAAAAAAAAAAAAAAjV92Xk\/uJEanB+TApFa6qawzRz0rNytJa6NX10div8AtWX+D\/7\/APLLxBy5J+T\/AIMpHtVX+E86\/wB0DptT44YY5SqlXaOCk5OWGerk+z2baPLFJSsrX1txMfWtn2d6FRXd1aT0Si0ldz5tPhx8NDjSWpCR37YYut1zAKT+gnKGRRSll0ee+azbd8vemr92XiY5Vtm6pU6y10d9bNQ466tWlpw1fNW4szGXb\/Mjr4ips\/LPJTq58tTLd6KTayN9rgvLzv3e4fE4F5FVpytaCeSmouLtBScpxnepqpO7V7StY4jOlsXo9isU\/oKTceDqy7NNf9T4+SuyTiI5yjbp4zAJxaw821du77MuWjm9OLtr3LXVmDaGMw8opUqO6ldPNmvdZbOLv4693z0vexvZrRhaWJqOtL4IXhTXhf3n8jo0YUaU6kMPQpUlGSpRapRblN5U3Ntp5U5rm+PkaYuRM+HnhhduRbiN3moXQSS69hv2p\/u5n1TaUKTqduMpPK3aPCSV9PM2Kuy6Mp06jpx3kHeM0kpLRpq64qzehj2i6qkslSEIWSeb3r37jmuXN9WW6Iwtey39DS0t2Y6PitOBtGpsqV6NN3v2VrzNs5pZgAAAAAAAAAAAAAAAAAAEanB+TJHkgKTPGyjUUV2YOSV55oqPC\/HRq9\/kcv2i4WM1hs19HVtZ81Es+CxUZ57Jpxk4tNd5x+lqjmwudJxzTTTdlrFanXp5ji08u\/2cGt306euaasTyxPTzh82qbHg\/0pL7V+BhlsWPxy9EXWps2m4xlGN2o0XkUklVzNLVt6N66rk+Bh2rs+nCnKUYtNOOt5d\/6Fnw0s7cUerFVuZxh8\/xdbTEzxOnP\/clIrbDduzU15Sjp8jTwGxcTWqbmlScpq1\/giu6TlwSL7V2LG7tUk7Zr\/Rq\/Z3y7Kzau9F8uKOl0NbhWxFG94q+vjGWW9u69\/ka71VMUTVR1h3aHVajiRRe5xV8Pw1uj\/s7oUrTxTWIqccnCjF+X6f26eBc4U1FJRSSWiSVklySMk5JJtuy5vuNGjtXDzzZK9OeVNycakWopcW2npwPIqqqr5y+g6Nuc0k22klxbdkjnS2bTzyqKVs1pNdlxbVu1FtXi3ZarkjPi6lKVKUpzSo2U3NS7OVWlmzctOJqx2JQyxVnKKbkry5qK\/8AlCmZjzYV0U14zHR06dRNXi01zTujl7UhHeRe4dWdo2abypXbszdwWFhTjlgrK7fqau0pWmm6zpxsrxSvm1et\/wA8CR1ZrXsj6mlpl091d3gbhpbGSVGmk21bi+L1N01yoAAAAAAAAAAAAAAAAAAAYAHBS1fmVfp\/UioULtK8pJXfHslp735spHtU+qw3\/Ml\/sZ0aerbciWjU2YvWqrcz1VxVo\/EvVGxUwtW2tOa79YS9Te6AdHFUaxVaN4J\/RRa0nJcZvwT4eK8D6LOaXFpebO6vX4nEUvF\/4NMc+JPyfK8PCvmW7jNy7llcufc1bvfqXTo1smdJTqVda1R3l+r3287ttndc1zRByRzXtVVcjGMOzSejaLFW6aszHTsrfSCuqtHFxlvMkFKG6oKLrzdleplfFK+ke9JvW6tX9lNt4tQVPER6rOPWqOGnRldJ5aM4+7KWreiui1wxWLcmpUoRjprz7Suvf+G\/nx04GvLG426+jppd93FW7S4dvlf0T77LVTMxGHpTMODhaOKp0qkISryTwFOcU8zyVrOOWnZdmVrdlanTxOAxE5YyUXUU91TjQvOUYZpU2puKvbN3X7mWGWMpLjUgvOcfxNi5JrnsRMT0lxei2EnTpzUlKKc3KMJpJxWWKdoqUsqbTdrvi33mfaSnnWWlGfZ96VtHd6HSZyNrSp7yGdzvl0jFaS1av9\/qY5zOVXHZL+ih5d3A3Dn7A+op9nKrWs+KOgapZAAAAAAAAAAAAAAAAAAAAADgy96Xm\/vKp0+wLr9RpR0c69r8lu5uUvsSbLVjakY1JJtLW\/qa9SlGU6c9Hkztecllv6N+pnRVicpLPhaEacIQgssIpRil3JKyKh08X0lL9h\/7mXLMVrpXsmtXnTlSimlFp3klre\/edGkqim7E1S8\/0rbquaaaaIzPL7qdRhSt25Wd3prw7NnpF\/rfIwVFDNFJtQ7N29WuGZ8PMsFHYuLgktwp2bl9ZTs7q1mr68zWq7DxjnGTw6srdlTp2aWuuup6nGoz7UfOHzkaW7FMeCfply8lDXty46eKv5aafMQhh7LNKV9LpLzuuHkdT+xcXe\/Vlwkks9K2rb11142+wlU2Li5JrcRjdNfWU++2vy9STdo97+4bI01z9ufplXe\/+PM+t0uC8kfP4dE8V3qC85\/gX6DsknyRx625TVt2znq9X0TZuW5r30zGcflNsjJIjOtFcWkassanpFX8bOx572lo2S\/o15s3TXwFNRpwS1Vk78763+ZsGKgAAAAAAAAAAAAAAAAAAAADiYrDKUpNq5r9RiuCt5HZnT1Mc6XAo5Twni\/UdVfxP5fgdbdGGvQvYQkuc8NL4n8jzq0vifyN3q68fUg8P4syww3T2afVX8T+X4Dqj+J\/L8Dc6t4sdWQwbp7NLqnNv1JdRX5bNpYU3Y0iSypnLlLAx+FE1hFyOnuj3dGLJmwXuR8NPRmchRVkiYAAAAAAAAAAAAAAAAAAAAABFojKBkAGNRIypmUAYN0R3Rs2Fi5TDW3Z6qZsWFhkwwbomoGSwsRUMh7lJgDxHoAAAAAAAAAAAAAAAAAAAAAAAAAAAAAAAAAAAAAAAAAAAAAAAAAAAAf\/2Q==\" alt=\"K\u00f6p Adderall 30mg utan recept\" width=\"205\" height=\"205\" data-deferred=\"1\" data-iml=\"1156.5999999046326\" data-atf=\"true\" \/><\/a><figcaption class=\"wp-caption-text\">Adderall<\/figcaption><\/figure>\n<\/div>\n<\/div>\n<h3>kan jag K\u00f6p Adderall 30mg utan recept??<\/h3>\n<p>ja! du kan k\u00f6pa h\u00f6gkvalitativ <a href=\"https:\/\/amphetaminapotek.com\/index.php\/product\/adderall\/\">adderall<\/a> fr\u00e5n<\/p>\n<p>det \u00e4r faktiskt det b\u00e4sta apoteket du kan f\u00e5 adderall s\u00e4kert online utan recept.<\/p>\n<h4>var kan jag f\u00e5 kvalitets adderall ??<\/h4>\n<p>att k\u00f6pa medi<a href=\"https:\/\/amphetaminapotek.com\/index.php\/product\/dolcontin\/\">ci<\/a>ner online har visat sig vara mycket sv\u00e5rt nyligen,<\/p>\n<p>s\u00e5 vi samlade de b\u00e4sta id\u00e9erna med st\u00e4ndiga tester och<\/p>\n<p>satte upp ett online<a href=\"https:\/\/karlstardapotek.com\/product\/kop-fentanyl-online-i-sverige\/\">apotek<\/a> d\u00e4r du s\u00e4kert och framg\u00e5ngsrikt kan k\u00f6pa adderall online.<\/p>\n<h3>K\u00f6p Adderall 30mg utan recept<\/h3>\n<p>adderall n\u00e4ra mig s\u00e4ljs enbart som receptbelagd medicin,<\/p>\n<p>men p\u00e5 grund av en \u00f6kning av sjuka m\u00e4nniskor och<\/p>\n<p>f\u00f6rsummelsen av l\u00e4kare att ge ut recept till sjuka m\u00e4nniskor<\/p>\n<p>som vi s\u00e4ljer utan recept, anser vi att du m\u00e5ste vara fri att g\u00f6ra dina val .<\/p>\n<p>detta g\u00f6r oss till det b\u00e4sta\u00a0<a href=\"https:\/\/karlstardapotek.com\/product\/kop-citodon-500mg-i-sverige\/\">apoteket<\/a> att K\u00f6p Adderall 30mg utan recept n\u00e4ra dig.<\/p>\n<h4>vilka \u00e4r biverkningarna av K\u00f6p Adderall 30mg utan recept<\/h4>\n<p>F\u00e5 akut medicinsk hj\u00e4lp om du har tecken p\u00e5 en allergisk reaktion mot Adderall:<\/p>\n<p>n\u00e4sselfeber; sv\u00e5rt att andas; svullnad av ansikte, l\u00e4ppar, tunga eller svalg.<\/p>\n<p>Adderall kan orsaka allvarliga biverkningar.<\/p>\n<p>Ring din l\u00e4kare omedelbart om du har:<\/p>\n<p>tecken p\u00e5 hj\u00e4rtproblem \u2013 br\u00f6stsm\u00e4rtor, andningssv\u00e5righeter,<\/p>\n<p>k\u00e4nsla av att du kan svimma;<\/p>\n<h4>best\u00e4lla <a href=\"https:\/\/amphetaminapotek.com\/index.php\/product\/lyrica-300-mg\/\">mediciner<\/a> utan recept<\/h4>\n<p>K\u00f6p Adderall 30mg utan recept kan vara vanebildande, och denna medicin \u00e4r en missbruksdrog.<\/p>\n<p>Tala om f\u00f6r din l\u00e4kare om du har haft problem med drog- eller alkoholmissbruk.<\/p>\n<p>Stimulantia har orsakat stroke, hj\u00e4rtinfarkt och pl\u00f6tslig d\u00f6d hos<\/p>\n<p>personer med h\u00f6gt blodtryck, hj\u00e4rtsjukdom eller hj\u00e4rtfel.<\/p>\n<p>Anv\u00e4nd inte detta l\u00e4kemedel om du har anv\u00e4nt en MAO-h\u00e4mmare under de senaste 14 dagarna,<\/p>\n<p>s\u00e5som isokarboxazid, linezolid, fenelzin, rasagilin, selegilin eller tranylcypromin<\/p>\n<p>eller har f\u00e5tt en metylenbl\u00e5tt injektion.<\/p>\n<p>K\u00f6p Adderall 30mg utan recept kan orsaka nya eller f\u00f6rv\u00e4rrade psykoser (ovanliga tankar eller beteende),<\/p>\n<p>s\u00e4rskilt om du har en historia av <a href=\"https:\/\/en.wikipedia.org\/wiki\/Depression\">depression<\/a>, psykisk sjukdom eller bipol\u00e4r sjukdom.<\/p>\n","protected":false},"excerpt":{"rendered":"<p>Adderall inneh\u00e5ller en kombination av amfetamin och dextroamphetamin. Amfetamin och dextroamphetamin \u00e4r stimulansmedel i centrala nervsystemet som p\u00e5verkar kemikalier i hj\u00e4rnan och nerver som bidrar till hyperaktivitet och impulskontroll.<\/p>\n","protected":false},"featured_media":410,"comment_status":"open","ping_status":"closed","template":"","meta":{"_monsterinsights_skip_tracking":false,"_monsterinsights_sitenote_active":false,"_monsterinsights_sitenote_note":"","_monsterinsights_sitenote_category":0,"_uf_show_specific_survey":0,"_uf_disable_surveys":false,"neve_meta_sidebar":"","neve_meta_container":"","neve_meta_enable_content_width":"off","neve_meta_content_width":100,"neve_meta_title_alignment":"","neve_meta_author_avatar":"","neve_post_elements_order":"","neve_meta_disable_header":"","neve_meta_disable_footer":"","neve_meta_disable_title":"","_themeisle_gutenberg_block_has_review":false},"product_brand":[],"product_cat":[28,21,29],"product_tag":[539,540,541,542,543,544,545,546,547,548,549,550,551,552,553,554,555,556,528,529,530,557],"class_list":{"0":"post-381","1":"product","2":"type-product","3":"status-publish","4":"has-post-thumbnail","6":"product_cat-adhd","7":"product_cat-antidepressiva-medel","8":"product_cat-depression","9":"product_tag-adderall-10mg","10":"product_tag-adderall-15mg","11":"product_tag-adderall-20mg","12":"product_tag-adderall-25mg","13":"product_tag-adderall-30mg","14":"product_tag-adderall-5mg","15":"product_tag-basta-apoteket-for-att-kopa-adderall","16":"product_tag-bedste-apotek-at-kobe-adderall","17":"product_tag-bestall-adderall-online","18":"product_tag-beste-apotek-for-a-kjope-adderall","19":"product_tag-bestille-adderall-online","20":"product_tag-fyld-adderall-i-sverige","21":"product_tag-fyll-adderall-i-sverige","22":"product_tag-hvor-kan-jeg-fa-adderall","23":"product_tag-kjop-adderall-online-uten-resept","24":"product_tag-kob-adderall-online-uden-recept","25":"product_tag-kop-adderall-online-utan-recept","26":"product_tag-kvalitet-adderall","27":"product_tag-mest-betrodda-webbshop-for-mediciner-utan-recept","28":"product_tag-mest-betroede-webshop-til-medicin-uden-recept","29":"product_tag-mest-palitelige-nettbutikk-for-medisiner-uten-resept","30":"product_tag-var-kan-jag-fa-adderall","32":"first","33":"instock","34":"shipping-taxable","35":"purchasable","36":"product-type-variable"},"aioseo_notices":[],"jetpack-related-posts":[{"id":238,"url":"https:\/\/amphetaminapotek.com\/index.php\/product\/ritalin-10mg-20mg-30mg-40mg\/","url_meta":{"origin":381,"position":0},"title":"K\u00f6p Ritalin p\u00e5 n\u00e4tet utan recept","author":"kris","date":"","format":false,"excerpt":"best\u00e4lla Ritalin tablet \/ K\u00f6p Ritalin (metylfenidat) 10mg Online K\u00f6p Ritalin p\u00e5 n\u00e4tet utan recept och Hemleverans av Ritalin tablett 10 mg hos Apoteket \u2013 Fraktfria alternativ och bra erbjudanden \u00a0 K\u00f6p Ritalin online i Sverige | Ritalin till salu i Sverige | Ritalin Skick:\u00a0Ny produkt Ritalin (metylfenidat) 10 mg\u2026","rel":"","context":"Liknande inl\u00e4gg","block_context":{"text":"Liknande inl\u00e4gg","link":""},"img":{"alt_text":"","src":"https:\/\/i0.wp.com\/amphetaminapotek.com\/wp-content\/uploads\/2023\/04\/medicijn_2.jpg?resize=350%2C200&ssl=1","width":350,"height":200,"srcset":"https:\/\/i0.wp.com\/amphetaminapotek.com\/wp-content\/uploads\/2023\/04\/medicijn_2.jpg?resize=350%2C200&ssl=1 1x, https:\/\/i0.wp.com\/amphetaminapotek.com\/wp-content\/uploads\/2023\/04\/medicijn_2.jpg?resize=525%2C300&ssl=1 1.5x, https:\/\/i0.wp.com\/amphetaminapotek.com\/wp-content\/uploads\/2023\/04\/medicijn_2.jpg?resize=700%2C400&ssl=1 2x"},"classes":[]},{"id":390,"url":"https:\/\/amphetaminapotek.com\/index.php\/product\/viagra\/","url_meta":{"origin":381,"position":1},"title":"viagra","author":"kris","date":"","format":false,"excerpt":"Viagra (sildenafil) slappnar av muskler som finns i blodk\u00e4rlens v\u00e4ggar och \u00f6kar blodfl\u00f6det till vissa delar av kroppen. Viagra anv\u00e4nds f\u00f6r att behandla erektil dysfunktion (impotens) hos m\u00e4n. Ett annat m\u00e4rke av sildenafil \u00e4r Revatio, som anv\u00e4nds f\u00f6r att behandla pulmonell arteriell hypertension och f\u00f6rb\u00e4ttra tr\u00e4ningskapaciteten hos m\u00e4n och kvinnor.\u2026","rel":"","context":"Liknande inl\u00e4gg","block_context":{"text":"Liknande inl\u00e4gg","link":""},"img":{"alt_text":"","src":"","width":0,"height":0},"classes":[]},{"id":254,"url":"https:\/\/amphetaminapotek.com\/index.php\/product\/elvanse\/","url_meta":{"origin":381,"position":2},"title":"K\u00f6p\u00a0Elvanse online i Sverige","author":"kris","date":"","format":false,"excerpt":"Vyvanse (lisdexamfetamin) \u00e4r ett stimulansmedel i centrala nervsystemet. Det p\u00e5verkar kemikalier i hj\u00e4rnan och nerver som bidrar till hyperaktivitet och impulskontroll. Vyvanse \u00e4r FDA-godk\u00e4nd f\u00f6r behandling av ADHD vid ADHD hos vuxna och hos barn som \u00e4r minst 6 \u00e5r gamla. Vyvanse anv\u00e4nds ocks\u00e5 f\u00f6r att behandla m\u00e5ttlig till sv\u00e5r\u2026","rel":"","context":"Liknande inl\u00e4gg","block_context":{"text":"Liknande inl\u00e4gg","link":""},"img":{"alt_text":"K\u00f6p\u00a0Elvanse online i Sverige","src":"https:\/\/i0.wp.com\/amphetaminapotek.com\/wp-content\/uploads\/2023\/04\/Vyvanse_capsules-scaled-1.jpg?resize=350%2C200&ssl=1","width":350,"height":200,"srcset":"https:\/\/i0.wp.com\/amphetaminapotek.com\/wp-content\/uploads\/2023\/04\/Vyvanse_capsules-scaled-1.jpg?resize=350%2C200&ssl=1 1x, https:\/\/i0.wp.com\/amphetaminapotek.com\/wp-content\/uploads\/2023\/04\/Vyvanse_capsules-scaled-1.jpg?resize=525%2C300&ssl=1 1.5x, https:\/\/i0.wp.com\/amphetaminapotek.com\/wp-content\/uploads\/2023\/04\/Vyvanse_capsules-scaled-1.jpg?resize=700%2C400&ssl=1 2x, https:\/\/i0.wp.com\/amphetaminapotek.com\/wp-content\/uploads\/2023\/04\/Vyvanse_capsules-scaled-1.jpg?resize=1050%2C600&ssl=1 3x, https:\/\/i0.wp.com\/amphetaminapotek.com\/wp-content\/uploads\/2023\/04\/Vyvanse_capsules-scaled-1.jpg?resize=1400%2C800&ssl=1 4x"},"classes":[]},{"id":382,"url":"https:\/\/amphetaminapotek.com\/index.php\/product\/hydrokodon\/","url_meta":{"origin":381,"position":3},"title":"k\u00f6p hydrokodon i sverige","author":"kris","date":"","format":false,"excerpt":"Hydrokodon \u00e4r en opioid sm\u00e4rtstillande medicin. Zohydro ER och Hysingla ER \u00e4r f\u00f6rl\u00e4ngda fris\u00e4ttningsformer av hydrokodon som anv\u00e4nds f\u00f6r dygnsbehandling av allvarlig sm\u00e4rta. Hydrocodon med f\u00f6rl\u00e4ngd fris\u00e4ttning \u00e4r inte till f\u00f6rfogande p\u00e5 grund av sm\u00e4rta.","rel":"","context":"Med 3 kommentarer","block_context":{"text":"Med 3 kommentarer","link":"https:\/\/amphetaminapotek.com\/index.php\/product\/hydrokodon\/#comments"},"img":{"alt_text":"k\u00f6p hydrokodon i sverige","src":"https:\/\/i0.wp.com\/amphetaminapotek.com\/wp-content\/uploads\/2023\/04\/Vicodin.jpg?resize=350%2C200&ssl=1","width":350,"height":200},"classes":[]},{"id":248,"url":"https:\/\/amphetaminapotek.com\/index.php\/product\/percocet\/","url_meta":{"origin":381,"position":4},"title":"k\u00f6p percocet online 30mg utan recept","author":"kris","date":"","format":false,"excerpt":"Percocet inneh\u00e5ller en kombination av acetaminofen och oxikodon. Oxykodon \u00e4r en opioid sm\u00e4rtstillande medicinering. En opioid kallas ibland narkotisk. Acetaminophen \u00e4r en mindre potent sm\u00e4rtstillande medel som \u00f6kar effekterna av oxikodon. Percocet anv\u00e4nds f\u00f6r att lindra m\u00e5ttlig till sv\u00e5r sm\u00e4rta.","rel":"","context":"Liknande inl\u00e4gg","block_context":{"text":"Liknande inl\u00e4gg","link":""},"img":{"alt_text":"k\u00f6p percocet online 30mg utan recept","src":"https:\/\/i0.wp.com\/amphetaminapotek.com\/wp-content\/uploads\/2023\/04\/Percocet-Oxycodone-Acetaminophen.jpg?resize=350%2C200&ssl=1","width":350,"height":200,"srcset":"https:\/\/i0.wp.com\/amphetaminapotek.com\/wp-content\/uploads\/2023\/04\/Percocet-Oxycodone-Acetaminophen.jpg?resize=350%2C200&ssl=1 1x, https:\/\/i0.wp.com\/amphetaminapotek.com\/wp-content\/uploads\/2023\/04\/Percocet-Oxycodone-Acetaminophen.jpg?resize=525%2C300&ssl=1 1.5x"},"classes":[]},{"id":393,"url":"https:\/\/amphetaminapotek.com\/index.php\/product\/citodon\/","url_meta":{"origin":381,"position":5},"title":"K\u00f6p Citodon 500 mg Online","author":"kris","date":"","format":false,"excerpt":"Citodon \u00e4r en m\u00e4rkesformel av codein och paracetamol, \u00e4ven k\u00e4nd som acetaminophen. Codeine \u00e4r i en grupp l\u00e4kemedel som kallas narkotiska sm\u00e4rtstillande medel. Paracetamol \u00e4r en mindre potent sm\u00e4rtstillande som \u00f6kar effekterna av kodin. De tv\u00e5 drogerna kombineras anv\u00e4nds f\u00f6r att lindra m\u00e5ttlig till sv\u00e5r sm\u00e4rta. \u00a0","rel":"","context":"Med 1 kommentar","block_context":{"text":"Med 1 kommentar","link":"https:\/\/amphetaminapotek.com\/index.php\/product\/citodon\/#comments"},"img":{"alt_text":"K\u00f6p Citodon 500 mg Online","src":"https:\/\/i0.wp.com\/amphetaminapotek.com\/wp-content\/uploads\/2023\/04\/citodon.jpg?resize=350%2C200&ssl=1","width":350,"height":200},"classes":[]}],"jetpack_sharing_enabled":true,"_links":{"self":[{"href":"https:\/\/amphetaminapotek.com\/index.php\/wp-json\/wp\/v2\/product\/381","targetHints":{"allow":["GET"]}}],"collection":[{"href":"https:\/\/amphetaminapotek.com\/index.php\/wp-json\/wp\/v2\/product"}],"about":[{"href":"https:\/\/amphetaminapotek.com\/index.php\/wp-json\/wp\/v2\/types\/product"}],"replies":[{"embeddable":true,"href":"https:\/\/amphetaminapotek.com\/index.php\/wp-json\/wp\/v2\/comments?post=381"}],"wp:featuredmedia":[{"embeddable":true,"href":"https:\/\/amphetaminapotek.com\/index.php\/wp-json\/wp\/v2\/media\/410"}],"wp:attachment":[{"href":"https:\/\/amphetaminapotek.com\/index.php\/wp-json\/wp\/v2\/media?parent=381"}],"wp:term":[{"taxonomy":"product_brand","embeddable":true,"href":"https:\/\/amphetaminapotek.com\/index.php\/wp-json\/wp\/v2\/product_brand?post=381"},{"taxonomy":"product_cat","embeddable":true,"href":"https:\/\/amphetaminapotek.com\/index.php\/wp-json\/wp\/v2\/product_cat?post=381"},{"taxonomy":"product_tag","embeddable":true,"href":"https:\/\/amphetaminapotek.com\/index.php\/wp-json\/wp\/v2\/product_tag?post=381"}],"curies":[{"name":"wp","href":"https:\/\/api.w.org\/{rel}","templated":true}]}}