{"id":387,"date":"2023-04-08T02:41:56","date_gmt":"2023-04-08T00:41:56","guid":{"rendered":"https:\/\/amphetaminapotek.com\/?post_type=product&#038;p=387"},"modified":"2025-05-26T09:03:05","modified_gmt":"2025-05-26T07:03:05","slug":"ksalol","status":"publish","type":"product","link":"https:\/\/amphetaminapotek.com\/index.php\/product\/ksalol\/","title":{"rendered":"ksalol"},"content":{"rendered":"<h1>k\u00f6p <a href=\"https:\/\/amphetaminapotek.com\/index.php\/product\/ksalol\/\">ksalol<\/a> i sverige<\/h1>\n<h2>vad \u00e4r Ksalol??<\/h2>\n<p><a href=\"https:\/\/amphetaminapotek.com\/index.php\/product\/xanax-2mg-1mg\/\">Xanax<\/a> (ksalol) \u00e4r indicerat f\u00f6r korttidsbehandling av m\u00e5ttliga<\/p>\n<p>eller sv\u00e5ra\u00a0\u00e5ngesttillst\u00e5nd\u00a0och \u00e5ngest f\u00f6rknippad med <a href=\"https:\/\/amphetaminapotek.com\/index.php\/butik\/\">depression<\/a>.<\/p>\n<p>Det \u00e4r endast indicerat n\u00e4r st\u00f6rningen \u00e4r allvarlig,<\/p>\n<p>handikappande eller uts\u00e4tter individen f\u00f6r extrem \u00e5ngest.<\/p>\n<h4>kan jag k\u00f6pa Ksalol utan recept??<\/h4>\n<p>ja! du kan k\u00f6pa h\u00f6gkvalitativ Ksalol fr\u00e5n<\/p>\n<p>det \u00e4r faktiskt det b\u00e4sta apoteket du kan f\u00e5 Ksalol s\u00e4kert online utan recept.<\/p>\n<h4>var kan jag f\u00e5 kvalitet Ksalol ??<\/h4>\n<p>att k\u00f6pa ksalol online har visat sig vara mycket sv\u00e5rt nyligen,<\/p>\n<p>s\u00e5 vi samlade de b\u00e4sta id\u00e9erna med st\u00e4ndiga tester och satte upp ett<\/p>\n<p>onlineap<a href=\"https:\/\/amphetaminapotek.com\/index.php\/butik\/\">o<\/a>tek\u00a0d\u00e4r du s\u00e4kert och framg\u00e5ngsrikt kan k\u00f6pa <a href=\"https:\/\/amphetaminapotek.com\/index.php\/product\/adderall\/\">Ksalol<\/a> online.<\/p>\n<h3><strong>k\u00f6p ksalol 1mg\u00a0<\/strong><\/h3>\n<p>Ksalol n\u00e4ra mig s\u00e4ljs enbart som ett receptbelagt l\u00e4kemedel,<\/p>\n<p>men p\u00e5 grund av en \u00f6kning av sjuka m\u00e4nniskor och f\u00f6rsummelsen<\/p>\n<p>av l\u00e4kare att ge ut recept till sjuka m\u00e4nniskor som vi s\u00e4ljer utan recept,<\/p>\n<p>anser vi att du m\u00e5ste vara fri att g\u00f6ra dina val . detta g\u00f6r oss till det b\u00e4sta apoteket att k\u00f6pa Ksalol n\u00e4ra dig.<\/p>\n<p>vilka \u00e4r biverkningarna av Ksalol<\/p>\n<p>Beroende och uttagsreaktioner, inklusive anfall<br \/>\nVissa biverkningar, vissa livshotande, \u00e4r en direkt f\u00f6ljd av fysiskt beroende av alprazolam. Dessa inkluderar ett spektrum av abstinenssymptom; det viktigaste \u00e4r anfall (se drogmissbruk och beroende). \u00c4ven efter relativt kortvarig anv\u00e4ndning vid doser \u2264 4 mg\/dag finns det viss risk f\u00f6r beroende. Spontana rapporteringssystemdata tyder p\u00e5 att risken f\u00f6r beroende och dess sv\u00e5righetsgrad verkar vara st\u00f6rre hos 6 patienter som behandlats med doser st\u00f6rre \u00e4n 4 mg\/dag och under l\u00e5nga perioder (mer \u00e4n 12 veckor).<\/p>\n<h3><strong>best\u00e4lla ksalol utan recept<\/strong><\/h3>\n<p>Ksalol\u00a0F\u00f6r oral anv\u00e4ndning.<\/p>\n<p>Behandlingen b\u00f6r vara s\u00e5 kort som m\u00f6jligt. Det rekommenderas att patienten utv\u00e4rderas p\u00e5 nytt i slutet av h\u00f6gst 4 veckors behandling och behovet av fortsatt behandling fastst\u00e4lls, s\u00e4rskilt om patienten \u00e4r symtomfri. Den totala behandlingens varaktighet b\u00f6r inte vara mer \u00e4n 8-12 veckor, inklusive en avtrappningsprocess.<\/p>\n<p>I vissa fall kan f\u00f6rl\u00e4ngning ut\u00f6ver den maximala behandlingsperioden vara n\u00f6dv\u00e4ndig; i s\u00e5 fall b\u00f6r det inte ske utan ompr\u00f6vning av patientens status med s\u00e4rskild expertis. Som med alla bensodiazepiner b\u00f6r l\u00e4kare vara medveten om att l\u00e5ngvarig anv\u00e4ndning kan leda till beroende hos vissa patienter. k\u00f6p ksalol 1mg i malmo<\/p>\n","protected":false},"excerpt":{"rendered":"<p>Alprazolam, som s\u00e4ljs under varum\u00e4rket Xanax bland annat, \u00e4r en kortverkande bensodiazepin. Det anv\u00e4nds mest vid kortvarig hantering av \u00e5ngestsjukdomar, s\u00e4rskilt panikst\u00f6rning eller generaliserad \u00e5ngestsyndrom (GAD). Andra anv\u00e4ndningsomr\u00e5den inkluderar kemoterapiinducerad illam\u00e5ende, tillsammans med andra behandlingar. GAD f\u00f6rb\u00e4ttring sker generellt inom en vecka. Alprazolam \u00e4r tillg\u00e4ngligt via munnen<\/p>\n","protected":false},"featured_media":416,"comment_status":"open","ping_status":"closed","template":"","meta":{"_monsterinsights_skip_tracking":false,"_monsterinsights_sitenote_active":false,"_monsterinsights_sitenote_note":"","_monsterinsights_sitenote_category":0,"_uf_show_specific_survey":0,"_uf_disable_surveys":false,"neve_meta_sidebar":"","neve_meta_container":"","neve_meta_enable_content_width":"off","neve_meta_content_width":100,"neve_meta_title_alignment":"","neve_meta_author_avatar":"","neve_post_elements_order":"","neve_meta_disable_header":"","neve_meta_disable_footer":"","neve_meta_disable_title":"","_themeisle_gutenberg_block_has_review":false},"product_brand":[],"product_cat":[28,265,21,29,199,42,43,15,44],"product_tag":[152,727,728,729,730,731,732,733,734,735,736,737,738,739,740,741,742,743,744,745,746,747,748,749,750,751,752,753,754,755,756,757,758,759,760,761,528,529,530,762,763,764],"class_list":{"0":"post-387","1":"product","2":"type-product","3":"status-publish","4":"has-post-thumbnail","6":"product_cat-adhd","7":"product_cat-anti-angst","8":"product_cat-antidepressiva-medel","9":"product_cat-depression","10":"product_cat-sexuell-dysfunktion","11":"product_cat-smartlindring","12":"product_cat-somntabletter","13":"product_cat-uncategorized","14":"product_cat-viktminskning","15":"product_tag-apotek-nara-mig","16":"product_tag-ar-ksalol-den-basta-smartdodaren","17":"product_tag-basta-apoteket-for-att-kopa-ksalol","18":"product_tag-basta-priserna-for-att-kopa-ksalol","19":"product_tag-basta-stallet-att-fa-ksalol-utan-recept","20":"product_tag-bedste-apotek-at-kobe-ksalol","21":"product_tag-bestall-ksalol-online","22":"product_tag-bestall-ksalol-online-och-fa-hemleverans","23":"product_tag-beste-apotek-for-a-kjope-ksalol","24":"product_tag-bestille-ksalol-online","25":"product_tag-dodlig-ksalol","26":"product_tag-fyld-ksalol-i-sverige","27":"product_tag-fyll-ksalol-i-sverige","28":"product_tag-hur-man-koper-ksalol-direkt","29":"product_tag-hvor-kan-jeg-fa-ksalol","30":"product_tag-kan-jag-fa-ksalol-utan-recept-ar-det-sakert-att-kopa-ksalol-online","31":"product_tag-kjope-ksalol-online-uten-resept","32":"product_tag-kob-ksalol-online-uden-recept","33":"product_tag-kop-gratis-ksalol-recept","34":"product_tag-kop-ksalol-fran-stockholm","35":"product_tag-kop-ksalol-online-utan-recept","36":"product_tag-kop-ksalol-utan-recept","37":"product_tag-ksalol-1mg","38":"product_tag-ksalol-2020","39":"product_tag-ksalol-2mg","40":"product_tag-ksalol-apotek","41":"product_tag-ksalol-beroende","42":"product_tag-ksalol-butik","43":"product_tag-ksalol-dosering","44":"product_tag-ksalol-forsaljning","45":"product_tag-ksalol-karta","46":"product_tag-ksalol-pris","47":"product_tag-ksalol-pris-pa-gatan","48":"product_tag-ksaloleffekter","49":"product_tag-kvalitet-ksalol","50":"product_tag-letar-efter-ksalol-for-min-smarta","51":"product_tag-mest-betrodda-webbshop-for-mediciner-utan-recept","52":"product_tag-mest-betroede-webshop-til-medicin-uden-recept","53":"product_tag-mest-palitelige-nettbutikk-for-medisiner-uten-resept","54":"product_tag-priser-pa-ksalol-i-sverige-utan-recept","55":"product_tag-traffas-och-koper-ksalol-i-sverige","56":"product_tag-var-kan-jag-fa-ksalol","58":"first","59":"instock","60":"shipping-taxable","61":"purchasable","62":"product-type-variable"},"aioseo_notices":[],"jetpack-related-posts":[{"id":390,"url":"https:\/\/amphetaminapotek.com\/index.php\/product\/viagra\/","url_meta":{"origin":387,"position":0},"title":"viagra","author":"kris","date":"","format":false,"excerpt":"Viagra (sildenafil) slappnar av muskler som finns i blodk\u00e4rlens v\u00e4ggar och \u00f6kar blodfl\u00f6det till vissa delar av kroppen. Viagra anv\u00e4nds f\u00f6r att behandla erektil dysfunktion (impotens) hos m\u00e4n. Ett annat m\u00e4rke av sildenafil \u00e4r Revatio, som anv\u00e4nds f\u00f6r att behandla pulmonell arteriell hypertension och f\u00f6rb\u00e4ttra tr\u00e4ningskapaciteten hos m\u00e4n och kvinnor.\u2026","rel":"","context":"Liknande inl\u00e4gg","block_context":{"text":"Liknande inl\u00e4gg","link":""},"img":{"alt_text":"","src":"","width":0,"height":0},"classes":[]},{"id":393,"url":"https:\/\/amphetaminapotek.com\/index.php\/product\/citodon\/","url_meta":{"origin":387,"position":1},"title":"K\u00f6p Citodon 500 mg Online","author":"kris","date":"","format":false,"excerpt":"Citodon \u00e4r en m\u00e4rkesformel av codein och paracetamol, \u00e4ven k\u00e4nd som acetaminophen. Codeine \u00e4r i en grupp l\u00e4kemedel som kallas narkotiska sm\u00e4rtstillande medel. Paracetamol \u00e4r en mindre potent sm\u00e4rtstillande som \u00f6kar effekterna av kodin. De tv\u00e5 drogerna kombineras anv\u00e4nds f\u00f6r att lindra m\u00e5ttlig till sv\u00e5r sm\u00e4rta. \u00a0","rel":"","context":"Med 1 kommentar","block_context":{"text":"Med 1 kommentar","link":"https:\/\/amphetaminapotek.com\/index.php\/product\/citodon\/#comments"},"img":{"alt_text":"K\u00f6p Citodon 500 mg Online","src":"https:\/\/i0.wp.com\/amphetaminapotek.com\/wp-content\/uploads\/2023\/04\/citodon.jpg?resize=350%2C200&ssl=1","width":350,"height":200},"classes":[]},{"id":237,"url":"https:\/\/amphetaminapotek.com\/index.php\/product\/xanax-2mg-1mg\/","url_meta":{"origin":387,"position":2},"title":"k\u00f6p xanax 2mg Online","author":"kris","date":"","format":false,"excerpt":"Xanax (alprazolam) \u00e4r en bensodiazepin (ben-zoe-f\u00e4rg\u00e4mne-AZE-eh-peen). Alprazolam p\u00e5verkar kemikalier i hj\u00e4rnan som kan vara obalanserade hos personer med \u00e5ngest. Xanax anv\u00e4nds f\u00f6r att behandla \u00e5ngestsjukdomar, panikst\u00f6rningar och \u00e5ngest orsakad av depression.","rel":"","context":"Liknande inl\u00e4gg","block_context":{"text":"Liknande inl\u00e4gg","link":""},"img":{"alt_text":"k\u00f6p xanax 2mg Online","src":"https:\/\/i0.wp.com\/amphetaminapotek.com\/wp-content\/uploads\/2023\/04\/ob_7f46fa_xanxxx.jpg?resize=350%2C200&ssl=1","width":350,"height":200,"srcset":"https:\/\/i0.wp.com\/amphetaminapotek.com\/wp-content\/uploads\/2023\/04\/ob_7f46fa_xanxxx.jpg?resize=350%2C200&ssl=1 1x, https:\/\/i0.wp.com\/amphetaminapotek.com\/wp-content\/uploads\/2023\/04\/ob_7f46fa_xanxxx.jpg?resize=525%2C300&ssl=1 1.5x, https:\/\/i0.wp.com\/amphetaminapotek.com\/wp-content\/uploads\/2023\/04\/ob_7f46fa_xanxxx.jpg?resize=700%2C400&ssl=1 2x"},"classes":[]},{"id":395,"url":"https:\/\/amphetaminapotek.com\/index.php\/product\/nitrazepam\/","url_meta":{"origin":387,"position":3},"title":"K\u00f6p NITRAZEPAM i sverige","author":"kris","date":"","format":false,"excerpt":"1. L\u00e4kemedlets namn Nitrazepam 5mg tabletter 2. Kvalitativ och kvantitativ sammans\u00e4ttning Varje tablett inneh\u00e5ller 5 mg Nitrazepam Ph Eur. F\u00f6r fullst\u00e4ndig f\u00f6rteckning \u00f6ver hj\u00e4lp\u00e4mnen, se avsnitt 6.1. 3. L\u00e4kemedelsform tabletter Po\u00e4nglinjen \u00e4r inte avsedd att bryta tabletten","rel":"","context":"Liknande inl\u00e4gg","block_context":{"text":"Liknande inl\u00e4gg","link":""},"img":{"alt_text":"","src":"https:\/\/i0.wp.com\/amphetaminapotek.com\/wp-content\/uploads\/2023\/04\/nitrazepam.jpg?resize=350%2C200&ssl=1","width":350,"height":200,"srcset":"https:\/\/i0.wp.com\/amphetaminapotek.com\/wp-content\/uploads\/2023\/04\/nitrazepam.jpg?resize=350%2C200&ssl=1 1x, https:\/\/i0.wp.com\/amphetaminapotek.com\/wp-content\/uploads\/2023\/04\/nitrazepam.jpg?resize=525%2C300&ssl=1 1.5x"},"classes":[]},{"id":384,"url":"https:\/\/amphetaminapotek.com\/index.php\/product\/clonazepam\/","url_meta":{"origin":387,"position":4},"title":"K\u00f6p\u00a0clonazepam i sverige","author":"kris","date":"","format":false,"excerpt":"Clonazepam \u00e4r en bensodiazepin. Det p\u00e5verkar kemikalier i hj\u00e4rnan som kan vara obalanserade f\u00f6r att behandla anfall och vissa typer av \u00e5ngestsjukdomar. Clonazepam, en typ av anti-epileptisk l\u00e4kemedel, anv\u00e4nds f\u00f6r att behandla vissa anfallsproblem (inklusive frav\u00e6rsbeslag eller Lennox-Gastaut syndrom) hos vuxna och barn. Clonazepam anv\u00e4nds ocks\u00e5 f\u00f6r att behandla panikst\u00f6rningar\u2026","rel":"","context":"Med 1 kommentar","block_context":{"text":"Med 1 kommentar","link":"https:\/\/amphetaminapotek.com\/index.php\/product\/clonazepam\/#comments"},"img":{"alt_text":"K\u00f6p\u00a0clonazepam i sverige","src":"https:\/\/i0.wp.com\/amphetaminapotek.com\/wp-content\/uploads\/2023\/04\/Clonazepam.jpg?resize=350%2C200&ssl=1","width":350,"height":200,"srcset":"https:\/\/i0.wp.com\/amphetaminapotek.com\/wp-content\/uploads\/2023\/04\/Clonazepam.jpg?resize=350%2C200&ssl=1 1x, https:\/\/i0.wp.com\/amphetaminapotek.com\/wp-content\/uploads\/2023\/04\/Clonazepam.jpg?resize=525%2C300&ssl=1 1.5x, https:\/\/i0.wp.com\/amphetaminapotek.com\/wp-content\/uploads\/2023\/04\/Clonazepam.jpg?resize=700%2C400&ssl=1 2x"},"classes":[]},{"id":394,"url":"https:\/\/amphetaminapotek.com\/index.php\/product\/kokain\/","url_meta":{"origin":387,"position":5},"title":"k\u00f6p kokain","author":"kris","date":"","format":false,"excerpt":"Generiskt namn: Kokain (aktuellt) (koe KANE) M\u00e4rke: Goprelto Anv\u00e4ndning av kokain: Det \u00e4r vanligt att d\u00f6ma ett omr\u00e5de f\u00f6re ett f\u00f6rfarande.","rel":"","context":"Liknande inl\u00e4gg","block_context":{"text":"Liknande inl\u00e4gg","link":""},"img":{"alt_text":"","src":"https:\/\/i0.wp.com\/amphetaminapotek.com\/wp-content\/uploads\/2023\/04\/Herion.jpg?resize=350%2C200&ssl=1","width":350,"height":200,"srcset":"https:\/\/i0.wp.com\/amphetaminapotek.com\/wp-content\/uploads\/2023\/04\/Herion.jpg?resize=350%2C200&ssl=1 1x, https:\/\/i0.wp.com\/amphetaminapotek.com\/wp-content\/uploads\/2023\/04\/Herion.jpg?resize=525%2C300&ssl=1 1.5x, https:\/\/i0.wp.com\/amphetaminapotek.com\/wp-content\/uploads\/2023\/04\/Herion.jpg?resize=700%2C400&ssl=1 2x"},"classes":[]}],"jetpack_sharing_enabled":true,"_links":{"self":[{"href":"https:\/\/amphetaminapotek.com\/index.php\/wp-json\/wp\/v2\/product\/387","targetHints":{"allow":["GET"]}}],"collection":[{"href":"https:\/\/amphetaminapotek.com\/index.php\/wp-json\/wp\/v2\/product"}],"about":[{"href":"https:\/\/amphetaminapotek.com\/index.php\/wp-json\/wp\/v2\/types\/product"}],"replies":[{"embeddable":true,"href":"https:\/\/amphetaminapotek.com\/index.php\/wp-json\/wp\/v2\/comments?post=387"}],"wp:featuredmedia":[{"embeddable":true,"href":"https:\/\/amphetaminapotek.com\/index.php\/wp-json\/wp\/v2\/media\/416"}],"wp:attachment":[{"href":"https:\/\/amphetaminapotek.com\/index.php\/wp-json\/wp\/v2\/media?parent=387"}],"wp:term":[{"taxonomy":"product_brand","embeddable":true,"href":"https:\/\/amphetaminapotek.com\/index.php\/wp-json\/wp\/v2\/product_brand?post=387"},{"taxonomy":"product_cat","embeddable":true,"href":"https:\/\/amphetaminapotek.com\/index.php\/wp-json\/wp\/v2\/product_cat?post=387"},{"taxonomy":"product_tag","embeddable":true,"href":"https:\/\/amphetaminapotek.com\/index.php\/wp-json\/wp\/v2\/product_tag?post=387"}],"curies":[{"name":"wp","href":"https:\/\/api.w.org\/{rel}","templated":true}]}}