{"id":509,"date":"2023-04-08T02:42:44","date_gmt":"2023-04-08T00:42:44","guid":{"rendered":"https:\/\/amphetaminapotek.com\/?post_type=product&#038;p=509"},"modified":"2025-02-28T12:32:31","modified_gmt":"2025-02-28T11:32:31","slug":"vivactil","status":"publish","type":"product","link":"https:\/\/amphetaminapotek.com\/index.php\/product\/vivactil\/","title":{"rendered":"k\u00f6p vivactil i sverige"},"content":{"rendered":"<h1>k\u00f6p<a href=\"https:\/\/amphetaminapotek.com\/index.php\/product\/vivactil\/\">\u00a0Vivactil<\/a> utan recept i sverige<\/h1>\n<p>Tillg\u00e4ngliga doseringsformer av k\u00f6p vivactil<\/p>\n<p>L\u00e4splatta<br \/>\nTerapeutisk klass: Antidepressiva medel<\/p>\n<p>Farmakologisk klass: <a href=\"https:\/\/amphetaminapotek.com\/index.php\/product\/diazepam-valium-10-mg\/\">Antidepressivt<\/a> medel, tricykliskt<\/p>\n<p>Anv\u00e4ndningsomr\u00e5den f\u00f6r k\u00f6p vivactil<br \/>\nProtriptylin anv\u00e4nds f\u00f6r att behandla depression.<\/p>\n<p>Det antas fungera genom att \u00f6ka aktiviteten av serotonin i hj\u00e4rnan.<\/p>\n<p>Detta l\u00e4kemedel \u00e4r ett tricykliskt antidepressivt medel (TCA).<\/p>\n<p>Detta l\u00e4kemedel \u00e4r endast tillg\u00e4ngligt med din l\u00e4kares recept.<\/p>\n<div class=\"isv-r PNCib ViTmJb BUooTd fT6ABc\" role=\"listitem\" data-ved=\"2ahUKEwjD3ZLPxZODAxXhrycCHRpLB6kQMygNegQIARBM\" data-hveid=\"CAEQTA\" data-id=\"m-jDi2hPWcNo7M\" data-ri=\"13\" data-tbnid=\"m-jDi2hPWcNo7M\" data-ictx=\"1\" data-ct=\"3\" data-cb=\"3\" data-cl=\"21\" data-cr=\"21\" data-tw=\"201\" data-ow=\"400\" data-oh=\"500\" data-sc=\"1\" data-os=\"-2\">\n<div class=\"fR600b islir\">\n<figure style=\"width: 150px\" class=\"wp-caption alignnone\"><a href=\"https:\/\/amphetaminapotek.com\/index.php\/product\/vivactil\/\"><img decoding=\"async\" class=\"rg_i Q4LuWd\" src=\"data:image\/jpeg;base64,\/9j\/4AAQSkZJRgABAQAAAQABAAD\/2wCEAAoHCBUSEhIVEhIVGRgSFBISERIVGBkSEhIYGBUZGRgUGBgcITAlHB4rHxgYJjgnKy8xNTU1GiQ7TjtAPy42NTEBDAwMEA8QHhISHzorISs0NzQ0MTExNDE\/Nj89NDQ2NDQ0NDQ0MTQ9NDQ0NDU0NDQxNDQxNDQ0NDE0NDQ0NDE0NP\/AABEIAPsAyQMBIgACEQEDEQH\/xAAbAAEAAgMBAQAAAAAAAAAAAAAAAQMCBAUGB\/\/EAEUQAAIBAgMDCAUJBQcFAAAAAAECAAMRBBIhBRMxBiIyQVFhkaEUcXKBsRYjQlJTYpLB0RUzQ8LwB1SCorKz0nN0g7Th\/8QAGgEBAQEBAQEBAAAAAAAAAAAAAAECAwQFBv\/EACkRAQEAAgEDBAEEAgMAAAAAAAABAhEDBBIhBTFBURNhkdHwgeEiMrH\/2gAMAwEAAhEDEQA\/APs0REBERAREiBMSupVCi7G0p9MXsPhGhsxNUYwHgp8pmK\/3T5S6oviUGvb6J+Mg4odhk1RsRNcYoHgD5CPSh2HxH6xqjYia\/pQ7D5frIONUcQfL9ZdU22YmsMYp7fCScWo43HuP5Sao2YlFKurdFgbcR1j1jjLgYExEQEREBERAREQEREBIMmQYHJx75qlupB8bX\/KQrXtp1amYYw\/Ov7vgJlSfS3rm57IsCAkX\/rjLQgtKg2vuH5ywCLRbSTt90ipaZJxv3WldccO4H4QNau4C39w9c1WqRiAd3bsYHwMqa53n37W7o2MmqG\/uElKoP0l8ZTX6TezbymjRNgO5SPXG006xrqBe44H3+qayYwsba6zWqDRfYP5yjCXzjX+rGXaunSxGR1b6p1t1jrE9KjXAI6wD4zxubj6p7DD9BfZX4CZpFsREypERAREQEREBERASDJmtja27psw4i1r8Lk2\/OBzMYPnX93wEypDSaXpOYlmYXPE8JatdfrL4zc9kbqDX3CWrNJa6\/WXxliuDwKwN9eMwrnQ6ynKDxIlNR1HHLIKax5nhKS8ybEp2L4zBsQn1V8ZRTVa5b1D4TSpnSb7Vk+ov4pBq0\/qDxga1RuHs\/rKcK3OHv+E3mqU9Ob5yM9PqW0DVJ4+qexw3QT2V+Anknt1Wnodj43eoQVsaeVTY3BFtCPCZpHSiIkUiIgIiICIiAiIgJpbWF6L\/AOH\/AFCbswdQRYi4PEHgYHk\/RQeuWU8Gvb5zs18Igy2Ww1vqfdJXDJ2ecvio51PCL2nxM26dADrPiZtDDJ2TIUEjUVgqC3HzM1MTh1PWfEzeNJe+VPQQ9vjJocSpgFPX5mar7OTt\/rwnoGwydnmZS2FTs8zJqJt599mL9b+vCYfs373mZ3Hwy9nmZQ9IdnnGodzlfs8\/X85PoJ+t5zfde7zlLP8AdM1qG1SYe3XO5ybW299afBpzsDRNVwtiBYlmGuXT9bT0eCwa0gQtzmIJJ4nwikbcREikREBERAREQEREBIMmQYEWmrlGdvWPgJczSoKBLILQgmWQdkqvILd8aFxUd0wdBKye+QT3wMHQSh0mwZGQQjm1EmpVQ9pncNNZiaCdkaTTzFVyOsypKpzoCdC6A69rCeqbCUzxUSttn0jxQRo06ioBwAHqFhMxNE1yv0r+vWX4TECoCR1GxHYZNK2IiIUiIgIiICIiAiIgJBkyDAo6pXLTwlJlQvIzSJEoyvIvIiQLxeJECTIiQYEEyCYgwKa3AzHk+edW\/wAH80zrDQzDk\/0q3+D+aKk93ciIkaIiICIiAiIgIiICQZMgwNXPpKy043KerXRKTYbOWV3Z0QFi6LQqHIbDQkgW+9lnGGIxPzvOxNxTbOMlTKq5MNZkOXp3Nbokm+bTTTcx3N7Zt09gWjNOK9VhRpNTaswDVCquH3tUAtkRmXUXFrFuIsTreZ1mcOVz1NcRZGtlQJkpsSxVdVF3AX6ROvAsJo262aRmnBw9epzCxc8\/oZXBYk0xkLAWUrdyR0ND1AkaW0aR9PouKTGq3oyfulq0lph6+d0xBW6OqtmPQ4qOdfSzHZa9Vm7+7\/5F580w2zgKJ3lNxTpth1VlwzVFqVUwmIRqlWjVp3zMWTMcjc5lF9Mw9g1Wvkw+ZMhNMFkS5G+tRy02AHNTWsLXIsoN9JcsNfKTLbtXkXmlspiUYlnILc3eAh7ZVuWBAykm7ZRot7acBuzFmmi8gmJECqu3NMx5NdKv66f80YjgZPJrpV\/Wn80hHeiIhSIiAiIgIiICIiAkGTIMDiYzFtTrYZNMldqtNjY5g4QuljewBCVBw7Pfq\/tB2r1kDU1SlVwtEFw2Z3dc9RAQbZsr0wunEm95byhFqAqcPR6tHEE9io4z\/wCQvOUnOoUamh9I2hTrgjrVq9qZ\/AqTpJNb\/wAM23encXFoVpsKikVGyUzfR2N+aO\/mt4GU4La1CsXFOqjbsBntcAKb2cEgBk0POFxodZx6OVa7UiCVwj4zFlRqbVFDILdh9IrAex3Tk4x2anXvuxfY7NTo0QctCkxGVM17vzQRmso00EvbGblXoMXylw60GrU6quFenT1JUXdhrqL2yZmBtYhdDLMbtMqpem9N1NXAIgAYkJiK1NGZtetXJW3vvNPlHUpFMQEA3gTAGo\/0d2cT80t726qh4cCO6Y7YPzmJ\/wC62N\/7NOJIbu3VoYx2rMhUWUkadNRYkMRfhcW1AvmBFwDN6TeRMVskSZEgiRJkGQUYjgZPJrjX9afBpGI4GZ8m\/wCN7S\/AwR3IiIUiIgIiICIiAiIgJBkyDA421MSqU3DUw96dVjTbRXVEJYNcHQ3VeB6U0qGMpZFSrTRDRYAU6YavTQ0yoQ02VBwLKoGUHNoBebm0cGath1NTr0WNr5RUQc63XqgFu+V19nD+HlQKtPdoEARTTq7waLbQkWIE1NaZu9tddo0M1R1UZyFU1CjrvQtPeKC4Q8xQ511y3PbNalVwNBkFKlTWz1aZZKBXdllfeMSE6BNBlJGnM42U22U2SQrqagOdHW4S3OemqM3S4XW4Hfa8opbJfV6mtqlYikqDMyFsVzb5gMzDEaHQc0X4m2vH2z5TTTC0hUoLQorSb94ioMlRixplTTVTmN0C+HZNrDDDOVSmidCk6ruyqgUihpjVQAyXQhekt10GkqobIYCmXfnqtEucvSdXzu17\/SYt4yzA7J3VUvdTdWB5lqlzkFs19Fsg0A1Jv1CS6+121ae3RVCCiiu9RaJC70BFZ6daoyM6qxBVaJ+ibll0A1m1Wxr7vPTpKxD7spUc0rDPkvdUfW5Glu3XTWldisopGm4D0qdCmpKXRjTp16ZZgGB1FcmwOhUakGbaYEimUzMbuHzsLsbOH17Tpx748b8JLdeVNbaiU7CpcEMFqWV2FPmO5YHJz0vTcZgLaEm1iJi+10VGZg11eomRVeoTkrNSuCq8TlzZeNr9l5TW2NUZ6jiqLuTYsjMQtsQoXp9QxAAtp82NNdJ\/YZDOQ45zO4uhLAmqzqL5ujZgDaxNuOto1DddLD1lqdAkgNluVZb94zAZh3jQ9s5tTa\/MpsKa3qLTZc9TJTUvnsrPlNuhYG2rMotrebWDwz02N2UqzM2UKyhTzcuUFiFvziQABfWw1vqJsx1XLvEIVVpKjIWpvTXPzagzc4nOOFhdB22kmlu1dfaTBnV6YVVH181QFUSo+dMtlCh7XDG5FtLidXk3\/G9pfgZyW2WtOlVVbM9RFpmoVAqFRTSnzm4kc0t751+Tn8b2l+Bky18Ljv5duIiRoiIgIiICIiAiIgJBkyDA0+qYGZ9UwMDxH9oG3XoBaaMygoKjlTlZ8zFVQMOA0N\/d7\/n5xGJbXeKL621JHrPbPT\/2pfvV\/wClS\/3HnnZ1zyuGM18vV6N6dw9byct5pbqySb0qNXEfaL5\/pIFbEfar5zrbAdFxdBqpUIHu5awUDKeN9LXtOpynBalSqrUo1KRqOitSpboqwB5p+sLA2Pd3zn+bL+x9Tk9G6DDmx47hfPzu\/r4eW3uJ+0Xz\/SN7iPtF8\/0nqdjcn6Vanhmq1KqtiKtWiqoFspQMQxJ1tZe\/jJHJyk7YUUqtS1atVoVC6qCDTvmZQOAOU2BvxEfmzYy9N9KmVxuN8b+\/jf8ADyu9xP2i+f6RvcT9ovn+k7m2dm0qVKlVovUYValZLVAoI3bZb6cb6+Wk5Efmzenh9D9O5ce7HC\/5t+PDb2Lt\/EYasoZiQbmwJ3dQDVlKnQG17Hq0n169wCOsX8Z8OrfvKXrqf6RPuCdFfZX4CbyvdjMvl+d6npsem6vk4uP\/AKzVkvnW1WI4GWcm+FX2l+ErxHRMs5N8KvtL8JzYjtxEQpERAREQEREBERASDJkGBp9UwMz6pgYHy7+1L96v\/Spf7jzz0+jctOTjYtVemAWVSjoTlLqCWUqTpmBJ49vdPDfJTHjQU2IGguoJ8bzrnj34zV9np9J9Qw6HPknLLq2WWTavZmM3FanVyhshzFTwIsQRw7CZv7X2slWklGjRKIlR6zZmzFne4sLcFAY+Xv1Pkvj\/ALNvwCPkvj\/s2\/AJz\/Fl9x9XP1zoc+Sclxy3P0v\/AI39nbeFFMIpplvRq1SqTmAz5wwsNNLZvKXbP27Z8KoRRusTVrFnbKlqpYZSQpy2DcdZyvkvj\/s2\/AI+S+P+zb8Al\/Fl9z93LP1X0\/Ld7ct3fxfnf8uxyqqUhSw9OmVutTEVGVam9yh3uCzDS5uSB1Ceam78l8f9m34BHyYx\/wBRvwCLxX7n7unT+u9Lw8cw1lffzr7u3KrfvKXrqf6Z9wTor7K\/AT5psXkXiHqK+IBVV0JNlIXrCKOs8L6cZ9NI0mstTGY\/T4nUdROp6rPmxlkupN+L4UYjomW8nOFX2x8JViOiZbyc6NX2x8JzYjtREQpERAREQEREBERASDJkGBp9U8\/UONRsws6l6rbuyBlUV0CKG0vdM57tdb2t6DqmBll0lm3mAdoZdbZlVFP7sq7LUTM\/DQMgf1X4Cwk4d8foKitayhmTdZ8yliXUNpZi6DXqptw4n0jSjF0d5TqJe28R6d+Nsylb26+M33fGoz2\/q5OHOJLkOzKM9AgjdBcv8RRoSR1k6H4m3EtiA+ZSSgTDXphUzsTVG+IubiyfePHTXWadLk4tLOTWUjS+8W4HOpkBueARzALHqMkcnFytS3ykGlTpOCis4QIUbLduZnUsDoers1142nnX+0PWxugANh6SHY7vMuYtuWVesKEA1Ou8HEjS1HxW5qFw4fNh8oG5LKvM3mU2yk9O99NNJWmw1YNasjsTTZzkV1YhcMt3UNqCcMzceLns1mlyfCLWArZt61DpqGVWp4h6uUjNrmzgEdoJ+laNz+xNVjfHEkE5bggv80EQ+k2zDQk\/N36tAOsnSHfHXsutnxCuctMHLnG6dBex5o4E\/S1Oks\/YBvc1VJvTIBTmkozuQy5tQS50FrATc2Psz0ZWUOGzbvXKVPMpqmvOI+jfq49cls18fsTGtXDvid3WLK5dUptSQ7v5wqqlluABdiGGtrX6uMro+mlRvCQw4hBTymy1wTqODMlFv\/Jbtt2K9bLoNSfATj4jb4Q85X1Z0SyrZyhIfLzr6EW1sSbWvOGXPjLrXl3x4MspvfhvUTU3Z3ts+epw4Zc5ycPu2m7yc6NT2h8JqNWzAg8beM2+TvRqe2PhGOcy8xMsMsbqu1ERNIREQEREBERAREQEgyZBgafVMDK8djEoU2qVXCItsztwFyAPMgTnLyiwhXMuJpkcy5BJAzkhAbDQkq2nHQzUlvtEuUjptIE5lLlBhagQpiUO8daSam7Owuq2tfgQezWbGAxJakjVLIxAV7kBc3AlT2HiPXFxs903K4mO2UwOIy0WdXxKVsl1cuPRCjMA7a2cjQnS2nCVbC2VVpYpXqU7BaLq9W6kOWpYJVUEHM1jQq8RpbvnoX2jSVyjVFDBkRl6wzi6qey4ExXaNJghWovzhKoddSCw4dWqsNbcDNd91pj\/AI793nNo7NxFOjihhKTI9TFV3RqTLTbJ6Od22jLdd4ALE2BNyCBY2Ns+ua1T5t8jYmjWILLu2y42i+dFzaEIlQnQE6cdJ0kxjvVqJRcOop0aiswAC53cEAgDMpVQw49epuJ1xwF+Ol479JNX2eMTZ2LK02qGuzpUqG6soZGbC1kLoWqFSM7IBoBqeaATPR7ESotBBWDBwagOdi7EZ2ytckkArYgEkgGxJtedCRJcrlG5NNLFrzr9R\/q04TCqruy00JOdlfJZuarhSxDcSQtu0VO4zoptnNiDQNNbb2pSBD5nGSmHLumXmob5b3Otu2dRqS\/VE8mfT5d2\/t6uPqZ26vw0AOPdOhyd6NT2x8Jr1HUh1Ui6HK4H0SVVrH3Mp982OTvRqe2PhOnHx9k058vJ35bdqIidGCIiAiIgIiICIiAkGTIMDg7c2V6XTRDVdMlRKoZApJZCSoOcEWBsfWBOAeQdAZwtauFfnZbobPkKb3NluWs7m3C7HThPY20mBm8c8sZqVm4zLzY8hQ5CUabo4rVvm3R0U5CoCOHCnm3boqLk3soHVO3i8EBhXpKpdVQgITziB9EEdfZOnaRaW55ZXdrP48Z7TTmJshA+cuxO\/fEm+XnOUKKDpwUE275qpycRUdN45DolMsVTOoQW0NtAbtcdZZu2d20i0zupeLC\/CihhwhcjVqjZ3btNgoAHUAoAA7u0km4wRFpG9SIkSbSLQrgY\/k2tSpnDgE12xDZkzZ7qi7liCL0yEuVN7m3ZY7GJ2ElSo7szHO6uyEKVaz0mytpzl+aUAHhmbt06+WQVl7r9s9seeXYCUzSIdiKXOObpOVp00RSALFQaav7Sjqne5O9Gp7Y+EwrpoZbyfFlqD7w+Eltvuskns7EREjRERAREQEREBERASDJkGBqHhK5rYjGtTYq9N7dTqM6kd4Go8JQdrUhxYj1o4+ImkroROb+26A41V8x+Ug7fw32yeMg6cicr5Q4b+8J4yPlHhf7wnjA6sgzlfKTC\/wB4TxmJ5SYX+8J5\/pA60Gcj5SYX7dfP9JHykw32y+DfpA7EgzkjlFhuqr\/lf\/jMht2geDn8D\/8AGBv1uBkbBbnVR7J+I\/KaD7URhzc57gj3+E3OTqPeozqVzBQqnjYFuPfrFSe7vRESNEREBERAREQEREBERAREQEREBERAREQEREBERAREQEREBERAREQP\/9k=\" alt=\"k\u00f6p vivactil\" width=\"150\" height=\"188\" data-deferred=\"1\" data-atf=\"false\" data-iml=\"1956.5999999940395\" \/><\/a><figcaption class=\"wp-caption-text\">vivactil<\/figcaption><\/figure>\n<\/div>\n<div class=\"mEQved GdCiyb aEY0r\"><\/div>\n<\/div>\n<h2>Innan du anv\u00e4nder k\u00f6p vivactil<\/h2>\n<p>N\u00e4r man beslutar att anv\u00e4nda ett l\u00e4kemedel m\u00e5ste riskerna med att ta<\/p>\n<p>medicinen v\u00e4gas mot det goda det kommer att g\u00f6ra.<\/p>\n<p>Detta \u00e4r ett beslut som du och din l\u00e4kare kommer att fatta.<\/p>\n<p>F\u00f6r detta l\u00e4kemedel b\u00f6r f\u00f6ljande \u00f6verv\u00e4gas:<\/p>\n<h4><a href=\"https:\/\/amphetaminapotek.com\/index.php\/product\/vivactil\/\">Allergier av k\u00f6p vivactil<\/a><\/h4>\n<p>Tala om f\u00f6r din l\u00e4kare om du n\u00e5gonsin har haft n\u00e5gon ovanlig eller allergisk reaktion mot detta l\u00e4kemedel eller andra l\u00e4kemedel.<\/p>\n<p>Tala ocks\u00e5 om f\u00f6r din v\u00e5rdpersonal om du har andra typer av allergier,<\/p>\n<p>till exempel mat, f\u00e4rg\u00e4mnen, konserveringsmedel eller djur. F\u00f6r receptfria produkter,<\/p>\n<p>l\u00e4s etiketten eller f\u00f6rpackningsingredienserna noggrant.<\/p>\n<h4>Pediatrisk<\/h4>\n<p>L\u00e4mpliga studier har inte utf\u00f6rts p\u00e5 \u00e5ldersf\u00f6rh\u00e5llandet till effekterna av protriptylin<\/p>\n<p>hos den pediatriska populationen. S\u00e4kerhet och effekt har inte fastst\u00e4llts.<\/p>\n<h4>Geriatrisk \/<\/h4>\n<h3>k\u00f6p Vivactil utan recept i sverige<\/h3>\n<p>L\u00e4mpliga studier som hittills utf\u00f6rts har inte visat geriatriska specifika<\/p>\n<p>problem som skulle begr\u00e4nsa anv\u00e4ndningen av protriptylin hos \u00e4ldre.<\/p>\n<p>\u00c4ldre patienter \u00e4r emellertid mer ben\u00e4gna att ha \u00e5ldersrelaterade hj\u00e4rt-,<\/p>\n<p>njure- eller leverproblem, vilket kan kr\u00e4va en justering av dosen f\u00f6r patienter som f\u00e5r protriptylin.<br \/>\nAmning<br \/>\nDet finns inga adekvata studier p\u00e5 kvinnor f\u00f6r att best\u00e4mma sp\u00e4dbarnsrisk vid anv\u00e4ndning<\/p>\n<p>av detta l\u00e4kemedel under amning. V\u00e4g de potentiella f\u00f6rdelarna mot de potentiella<\/p>\n<p>riskerna innan du tar detta l\u00e4kemedel under amning.<\/p>\n<h4>Interaktioner med l\u00e4kemedel \/ k\u00f6p Vivactil utan recept i sverige<\/h4>\n<p>\u00c4ven om vissa l\u00e4kemedel inte borde anv\u00e4ndas alls,<\/p>\n<p>kan i andra fall tv\u00e5 olika l\u00e4kemedel anv\u00e4ndas tillsammans \u00e4ven om en interaktion kan intr\u00e4ffa.<\/p>\n<p>I dessa fall kanske din l\u00e4kare vill \u00e4ndra dosen,<\/p>\n<p>eller andra f\u00f6rsiktighets\u00e5tg\u00e4rder <a href=\"https:\/\/www.drugs.com\/cons\/vivactil.html\">kan<\/a> vara n\u00f6dv\u00e4ndiga.<\/p>\n<p>N\u00e4r du tar detta l\u00e4kemedel \u00e4r det s\u00e4rskilt viktigt att din sjukv\u00e5rdspersonal vet om du tar n\u00e5got av nedanst\u00e5ende l\u00e4kemedel. F\u00f6ljande interaktioner har valts utifr\u00e5n deras potentiella betydelse och \u00e4r inte n\u00f6dv\u00e4ndigtvis allomfattande.<\/p>\n<p>Anv\u00e4ndning av detta l\u00e4kemedel med n\u00e5got av f\u00f6ljande l\u00e4kemedel rekommenderas inte.<\/p>\n<p>Din l\u00e4kare kan besluta <a href=\"http:\/\/google.com\">att<\/a> inte behandla dig med detta l\u00e4kemedel eller \u00e4ndra n\u00e5gra av de andra l\u00e4kemedlen du tar.<\/p>\n<p><a href=\"https:\/\/amphetaminapotek.com\/index.php\/product\/tramadol-100mg200mg225mg\/\">Tramadol<\/a> 100mg,200mg,225mg<\/p>\n","protected":false},"excerpt":{"rendered":"<p>k\u00f6p\u00a0Vivactil utan recept i sverige Tillg\u00e4ngliga doseringsformer av k\u00f6p vivactil L\u00e4splatta Terapeutisk klass: Antidepressiva medel Farmakologisk klass: Antidepressivt medel, tricykliskt Anv\u00e4ndningsomr\u00e5den f\u00f6r k\u00f6p vivactil Protriptylin anv\u00e4nds f\u00f6r att behandla depression. Det antas fungera genom att \u00f6ka aktiviteten av serotonin i hj\u00e4rnan. Detta l\u00e4kemedel \u00e4r ett tricykliskt antidepressivt medel (TCA). Detta l\u00e4kemedel \u00e4r endast tillg\u00e4ngligt med&hellip;&nbsp;<a href=\"https:\/\/amphetaminapotek.com\/index.php\/product\/vivactil\/\" rel=\"bookmark\">L\u00e4s mer &raquo;<span class=\"screen-reader-text\">k\u00f6p vivactil i sverige<\/span><\/a><\/p>\n","protected":false},"featured_media":517,"comment_status":"open","ping_status":"closed","template":"","meta":{"_monsterinsights_skip_tracking":false,"_monsterinsights_sitenote_active":false,"_monsterinsights_sitenote_note":"","_monsterinsights_sitenote_category":0,"_uf_show_specific_survey":0,"_uf_disable_surveys":false,"neve_meta_sidebar":"","neve_meta_container":"","neve_meta_enable_content_width":"off","neve_meta_content_width":100,"neve_meta_title_alignment":"","neve_meta_author_avatar":"","neve_post_elements_order":"","neve_meta_disable_header":"","neve_meta_disable_footer":"","neve_meta_disable_title":"","_themeisle_gutenberg_block_has_review":false},"product_brand":[],"product_cat":[21],"product_tag":[],"class_list":{"0":"post-509","1":"product","2":"type-product","3":"status-publish","4":"has-post-thumbnail","6":"product_cat-antidepressiva-medel","8":"first","9":"instock","10":"shipping-taxable","11":"product-type-simple"},"aioseo_notices":[],"jetpack-related-posts":[{"id":239,"url":"https:\/\/amphetaminapotek.com\/index.php\/product\/tramadol-100mg200mg225mg\/","url_meta":{"origin":509,"position":0},"title":"Tramadol 100mg,200mg,225mg","author":"kris","date":"","format":false,"excerpt":"Tramadol \u00e4r en narkotisk-liknande sm\u00e4rtstillande medel. Tramadol anv\u00e4nds f\u00f6r att behandla m\u00e5ttlig till sv\u00e5r sm\u00e4rta hos vuxna. Tramadols f\u00f6rl\u00e4ngda fris\u00e4ttningsform \u00e4r f\u00f6r behandling av sm\u00e4rta dygnet runt. Tramadols f\u00f6rl\u00e4ngd fris\u00e4ttningsmedel \u00e4r inte avsedd f\u00f6r anv\u00e4ndning p\u00e5 grund av sm\u00e4rta.","rel":"","context":"Liknande inl\u00e4gg","block_context":{"text":"Liknande inl\u00e4gg","link":""},"img":{"alt_text":"","src":"https:\/\/i0.wp.com\/amphetaminapotek.com\/wp-content\/uploads\/2023\/04\/BN-QI336_TRAMA1_M_20161018152846.jpg?resize=350%2C200&ssl=1","width":350,"height":200,"srcset":"https:\/\/i0.wp.com\/amphetaminapotek.com\/wp-content\/uploads\/2023\/04\/BN-QI336_TRAMA1_M_20161018152846.jpg?resize=350%2C200&ssl=1 1x, https:\/\/i0.wp.com\/amphetaminapotek.com\/wp-content\/uploads\/2023\/04\/BN-QI336_TRAMA1_M_20161018152846.jpg?resize=525%2C300&ssl=1 1.5x, https:\/\/i0.wp.com\/amphetaminapotek.com\/wp-content\/uploads\/2023\/04\/BN-QI336_TRAMA1_M_20161018152846.jpg?resize=700%2C400&ssl=1 2x, https:\/\/i0.wp.com\/amphetaminapotek.com\/wp-content\/uploads\/2023\/04\/BN-QI336_TRAMA1_M_20161018152846.jpg?resize=1050%2C600&ssl=1 3x"},"classes":[]},{"id":392,"url":"https:\/\/amphetaminapotek.com\/index.php\/product\/tradolan\/","url_meta":{"origin":509,"position":1},"title":"k\u00f6p tradolan i sverige online utan recept","author":"kris","date":"","format":false,"excerpt":"Aktiva \u00e4mnen tramadol \u00c4r anv\u00e4nd Tradolan\u00ae \u00e4r ett sm\u00e4rtstillande medel. Arbetar Fungerar sm\u00e4rtstillande medel genom att p\u00e5verka de omr\u00e5den i hj\u00e4rnan som uppt\u00e4cker sm\u00e4rta. Tramadol \u00e4r ett morfinliknande medel, men har en svagare analgetisk effekt \u00e4n morfin och har inte heller morfinens beroendeframkallande egenskaper. Halveringstiden f\u00f6r blod (T\u00bd) \u00e4r 5-6\u2026","rel":"","context":"Liknande inl\u00e4gg","block_context":{"text":"Liknande inl\u00e4gg","link":""},"img":{"alt_text":"Tradolan","src":"https:\/\/i0.wp.com\/amphetaminapotek.com\/wp-content\/uploads\/2023\/04\/L3t8tm-tfee0IBjXE_VU8QeCchI.jpg?resize=350%2C200&ssl=1","width":350,"height":200,"srcset":"https:\/\/i0.wp.com\/amphetaminapotek.com\/wp-content\/uploads\/2023\/04\/L3t8tm-tfee0IBjXE_VU8QeCchI.jpg?resize=350%2C200&ssl=1 1x, https:\/\/i0.wp.com\/amphetaminapotek.com\/wp-content\/uploads\/2023\/04\/L3t8tm-tfee0IBjXE_VU8QeCchI.jpg?resize=525%2C300&ssl=1 1.5x, https:\/\/i0.wp.com\/amphetaminapotek.com\/wp-content\/uploads\/2023\/04\/L3t8tm-tfee0IBjXE_VU8QeCchI.jpg?resize=700%2C400&ssl=1 2x, https:\/\/i0.wp.com\/amphetaminapotek.com\/wp-content\/uploads\/2023\/04\/L3t8tm-tfee0IBjXE_VU8QeCchI.jpg?resize=1050%2C600&ssl=1 3x"},"classes":[]},{"id":248,"url":"https:\/\/amphetaminapotek.com\/index.php\/product\/percocet\/","url_meta":{"origin":509,"position":2},"title":"k\u00f6p percocet online 30mg utan recept","author":"kris","date":"","format":false,"excerpt":"Percocet inneh\u00e5ller en kombination av acetaminofen och oxikodon. Oxykodon \u00e4r en opioid sm\u00e4rtstillande medicinering. En opioid kallas ibland narkotisk. Acetaminophen \u00e4r en mindre potent sm\u00e4rtstillande medel som \u00f6kar effekterna av oxikodon. Percocet anv\u00e4nds f\u00f6r att lindra m\u00e5ttlig till sv\u00e5r sm\u00e4rta.","rel":"","context":"Liknande inl\u00e4gg","block_context":{"text":"Liknande inl\u00e4gg","link":""},"img":{"alt_text":"k\u00f6p percocet online 30mg utan recept","src":"https:\/\/i0.wp.com\/amphetaminapotek.com\/wp-content\/uploads\/2023\/04\/Percocet-Oxycodone-Acetaminophen.jpg?resize=350%2C200&ssl=1","width":350,"height":200,"srcset":"https:\/\/i0.wp.com\/amphetaminapotek.com\/wp-content\/uploads\/2023\/04\/Percocet-Oxycodone-Acetaminophen.jpg?resize=350%2C200&ssl=1 1x, https:\/\/i0.wp.com\/amphetaminapotek.com\/wp-content\/uploads\/2023\/04\/Percocet-Oxycodone-Acetaminophen.jpg?resize=525%2C300&ssl=1 1.5x"},"classes":[]},{"id":381,"url":"https:\/\/amphetaminapotek.com\/index.php\/product\/adderall\/","url_meta":{"origin":509,"position":3},"title":"K\u00f6p Adderall 30mg utan recept","author":"kris","date":"","format":false,"excerpt":"Adderall inneh\u00e5ller en kombination av amfetamin och dextroamphetamin. Amfetamin och dextroamphetamin \u00e4r stimulansmedel i centrala nervsystemet som p\u00e5verkar kemikalier i hj\u00e4rnan och nerver som bidrar till hyperaktivitet och impulskontroll.","rel":"","context":"Med 1 kommentar","block_context":{"text":"Med 1 kommentar","link":"https:\/\/amphetaminapotek.com\/index.php\/product\/adderall\/#comments"},"img":{"alt_text":"K\u00f6p Adderall 30mg utan recept","src":"https:\/\/i0.wp.com\/amphetaminapotek.com\/wp-content\/uploads\/2023\/04\/ob_40919b_adderall-3-jpgk.jpeg?resize=350%2C200&ssl=1","width":350,"height":200,"srcset":"https:\/\/i0.wp.com\/amphetaminapotek.com\/wp-content\/uploads\/2023\/04\/ob_40919b_adderall-3-jpgk.jpeg?resize=350%2C200&ssl=1 1x, https:\/\/i0.wp.com\/amphetaminapotek.com\/wp-content\/uploads\/2023\/04\/ob_40919b_adderall-3-jpgk.jpeg?resize=525%2C300&ssl=1 1.5x, https:\/\/i0.wp.com\/amphetaminapotek.com\/wp-content\/uploads\/2023\/04\/ob_40919b_adderall-3-jpgk.jpeg?resize=700%2C400&ssl=1 2x, https:\/\/i0.wp.com\/amphetaminapotek.com\/wp-content\/uploads\/2023\/04\/ob_40919b_adderall-3-jpgk.jpeg?resize=1050%2C600&ssl=1 3x"},"classes":[]},{"id":241,"url":"https:\/\/amphetaminapotek.com\/index.php\/product\/oxycontin-20mg30mg40-mg-80mg\/","url_meta":{"origin":509,"position":4},"title":"k\u00f6pa oxycontin online","author":"kris","date":"","format":false,"excerpt":"OxyContin (oxikodon) \u00e4r en opioid sm\u00e4rtstillande medicin kallas ibland narkotiska. OxyContin \u00e4r ett starkt receptbelagt l\u00e4kemedel som anv\u00e4nds n\u00e4r ett opioidmedicin beh\u00f6vs f\u00f6r att hantera allvarlig sm\u00e4rta nog att kr\u00e4va daglig dygnet runt, l\u00e5ngvarig behandling med opioid, n\u00e4r andra sm\u00e4rtbehandlingar som l\u00e4kemedel utan opioid sm\u00e4rta eller omedelbar fris\u00e4ttning Opioidl\u00e4kemedel behandlar\u2026","rel":"","context":"Liknande inl\u00e4gg","block_context":{"text":"Liknande inl\u00e4gg","link":""},"img":{"alt_text":"k\u00f6pa oxycontin online","src":"https:\/\/i0.wp.com\/amphetaminapotek.com\/wp-content\/uploads\/2023\/04\/Hydrocodone-768x1024-1.jpg?resize=350%2C200&ssl=1","width":350,"height":200,"srcset":"https:\/\/i0.wp.com\/amphetaminapotek.com\/wp-content\/uploads\/2023\/04\/Hydrocodone-768x1024-1.jpg?resize=350%2C200&ssl=1 1x, https:\/\/i0.wp.com\/amphetaminapotek.com\/wp-content\/uploads\/2023\/04\/Hydrocodone-768x1024-1.jpg?resize=525%2C300&ssl=1 1.5x, https:\/\/i0.wp.com\/amphetaminapotek.com\/wp-content\/uploads\/2023\/04\/Hydrocodone-768x1024-1.jpg?resize=700%2C400&ssl=1 2x"},"classes":[]},{"id":245,"url":"https:\/\/amphetaminapotek.com\/index.php\/product\/metadon-online-20mg40-mg\/","url_meta":{"origin":509,"position":5},"title":"best\u00e4lla metadon utan recept","author":"kris","date":"","format":false,"excerpt":"Metadon \u00e4r en opioidmedicin. En opioid kallas ibland narkotisk. Metadon minskar abstinenssymptom hos personer som \u00e4r beroende av heroin eller andra narkotiska droger utan att orsaka \"h\u00f6ga\" associerade med narkotikamissbruk. Metadon anv\u00e4nds som sm\u00e4rtstillande medel och som del av avgiftnings- och underh\u00e5llsprogram f\u00f6r narkotikamissbruk. Den \u00e4r endast tillg\u00e4nglig fr\u00e5n ett\u2026","rel":"","context":"Liknande inl\u00e4gg","block_context":{"text":"Liknande inl\u00e4gg","link":""},"img":{"alt_text":"","src":"https:\/\/i0.wp.com\/amphetaminapotek.com\/wp-content\/uploads\/2023\/04\/methadone.jpg?resize=350%2C200&ssl=1","width":350,"height":200,"srcset":"https:\/\/i0.wp.com\/amphetaminapotek.com\/wp-content\/uploads\/2023\/04\/methadone.jpg?resize=350%2C200&ssl=1 1x, https:\/\/i0.wp.com\/amphetaminapotek.com\/wp-content\/uploads\/2023\/04\/methadone.jpg?resize=525%2C300&ssl=1 1.5x"},"classes":[]}],"jetpack_sharing_enabled":true,"_links":{"self":[{"href":"https:\/\/amphetaminapotek.com\/index.php\/wp-json\/wp\/v2\/product\/509","targetHints":{"allow":["GET"]}}],"collection":[{"href":"https:\/\/amphetaminapotek.com\/index.php\/wp-json\/wp\/v2\/product"}],"about":[{"href":"https:\/\/amphetaminapotek.com\/index.php\/wp-json\/wp\/v2\/types\/product"}],"replies":[{"embeddable":true,"href":"https:\/\/amphetaminapotek.com\/index.php\/wp-json\/wp\/v2\/comments?post=509"}],"wp:featuredmedia":[{"embeddable":true,"href":"https:\/\/amphetaminapotek.com\/index.php\/wp-json\/wp\/v2\/media\/517"}],"wp:attachment":[{"href":"https:\/\/amphetaminapotek.com\/index.php\/wp-json\/wp\/v2\/media?parent=509"}],"wp:term":[{"taxonomy":"product_brand","embeddable":true,"href":"https:\/\/amphetaminapotek.com\/index.php\/wp-json\/wp\/v2\/product_brand?post=509"},{"taxonomy":"product_cat","embeddable":true,"href":"https:\/\/amphetaminapotek.com\/index.php\/wp-json\/wp\/v2\/product_cat?post=509"},{"taxonomy":"product_tag","embeddable":true,"href":"https:\/\/amphetaminapotek.com\/index.php\/wp-json\/wp\/v2\/product_tag?post=509"}],"curies":[{"name":"wp","href":"https:\/\/api.w.org\/{rel}","templated":true}]}}