{"id":510,"date":"2023-04-08T02:42:44","date_gmt":"2023-04-08T00:42:44","guid":{"rendered":"https:\/\/amphetaminapotek.com\/?post_type=product&#038;p=510"},"modified":"2025-05-26T15:48:59","modified_gmt":"2025-05-26T13:48:59","slug":"dexedrine","status":"publish","type":"product","link":"https:\/\/amphetaminapotek.com\/index.php\/product\/dexedrine\/","title":{"rendered":"k\u00f6p Dexedrine Spansule i sverige"},"content":{"rendered":"<h1>Vad \u00e4r k\u00f6p <a href=\"http:\/\/drugs.com\">Dexedrine<\/a> Spansule i sverige?<\/h1>\n<p><em><strong><a href=\"https:\/\/amphetaminapotek.com\/index.php\/product\/dexedrine\/\">Dexedrine<\/a> <\/strong><\/em>Spansule \u00e4r ett stimulerande medel i centrala nervsystemet.<\/p>\n<p>Det p\u00e5verkar kemikalier i hj\u00e4rnan och nerverna som bidrar till hyperaktivitet och impulskontroll.<\/p>\n<p>k\u00f6p Dexedrine Spansule i sverige anv\u00e4nds f\u00f6r att behandla narkolepsi och ADHD (<a href=\"https:\/\/amphetaminapotek.com\/index.php\/product\/adderall\/\">ADHD<\/a>).<\/p>\n<p>k\u00f6p Dexedrine i sverige Spansule kan ocks\u00e5 anv\u00e4ndas f\u00f6r \u00e4ndam\u00e5l som inte anges i denna medicinering<\/p>\n<p>sguide.<\/p>\n<div class=\"isv-r PNCib ViTmJb BUooTd\" role=\"listitem\" data-ved=\"2ahUKEwjpvueR0JODAxVqVaQEHRYDA2EQMygEegQIARBc\" data-hveid=\"CAEQXA\" data-id=\"6g5eDo2gQaB5AM\" data-ri=\"4\" data-tbnid=\"6g5eDo2gQaB5AM\" data-ictx=\"1\" data-ct=\"0\" data-cb=\"6\" data-cl=\"15\" data-cr=\"18\" data-tw=\"300\" data-ow=\"1067\" data-oh=\"600\" data-os=\"-2\">\n<div class=\"fR600b islir\">\n<figure style=\"width: 300px\" class=\"wp-caption alignnone\"><a href=\"https:\/\/amphetaminapotek.com\/index.php\/product\/dexedrine\/\"><img fetchpriority=\"high\" decoding=\"async\" class=\"rg_i Q4LuWd\" src=\"data:image\/jpeg;base64,\/9j\/4AAQSkZJRgABAQAAAQABAAD\/2wCEAAkGBxMTEhUSExMVFRUVFRUVFRcXFxcXFxcVFRUWFxUVFRgYHSggGBolHRUVITEhJSkrLi4uFx8zODMtNygtLisBCgoKDg0OGBAQGC0fHR0tLSstKy0tKy0tLS0tLS0tLS0tLS0tLS0tLS0tKystLS0tLS0tKy0tLS0tLS0rLSstK\/\/AABEIAKgBLAMBIgACEQEDEQH\/xAAbAAACAwEBAQAAAAAAAAAAAAAAAQIDBQQGB\/\/EADgQAAIBAgMHAQYFAwQDAAAAAAABAgMRBBIhBTFBUWFxgZEGEyJCofAyscHR4VJikhQVI\/EzcoL\/xAAYAQADAQEAAAAAAAAAAAAAAAAAAQIDBP\/EACIRAQEAAgMBAQEAAgMAAAAAAAABAhEDEiExQVETYQRCgf\/aAAwDAQACEQMRAD8A+PoYIZrsiEySQ8ojVgTyrmhXXC4Ahkot8Il1PBVZboP0FboOezG4mrR9nMRL5bd2d1D2OqP8UkvqTeTGfp6rzWnMMyPbUPYyC\/FJv6GhQ9lqMflv3IvPirpXzuPRF1LC1ZboP0Pp1HZFKO6EV4OuGFiuCM7\/AMj\/AEf+N8zo7BxEvla+h3UfY+q\/xSS+p9DVJErLkTefJXSPFUPYqPzTfhGhQ9k6K3pvuel8DUXyM7y539PrGVR2HSjuhH0OuOCityR2ZGP3bJttPTj9ykWRguRfKkyPuuolRVkDKX5AygFCiNRL1HsCXUNEpUCSplqj3HkQ9BXk6jy9SzKGUrSVVkO3QtsGUchbV5eg1DsWKIZB6JBRG4knEMo9EiohoWZR5StB8MUuhbSpTl+GLfZXPouH2BRhugvOpoUsHFbkl4LvPPyJ6vm9HYmIn8rXfQ0KHshVf4ml9T6BHDliokXmyPq8Xh\/Y2PzTb7aGlQ9mKEflv3PRqkicad9yM8uTL+r6xlUdl0o7oJeDrhh0tyO50nyIIjtaetKFS6ElTLVceViNX7sPddSz3bGqQGrVMnkRNUkTVNcgCmyJJotyLkSUewaCjMF3yOgG0PQU\/FyDJLoi64g0FbpPmQ931OjKyModR6Clx6hkLcvf8gy9vUNBDKDROwWHokbAidgKkJGwErDuUVRUR2ByAEiwrDv0C5WgEDBruD7DkIKQZgsLJ96BQ4lZEky1RXIdznVtUlIkoMsuJgF2GwierZ3QpJcDAxPvE81Pyr2\/gittVVpKMl\/8N\/VGWcu3RhrT0ckuRmKSbduZnS2pVnolLXlFx+rOzC0ssbN672LCUcmlyQWCyGoo2YlceYlkJKAvipKrXYsp07i9S6CtHz+ZNq8cNk8PyZB02t5OpWSRZs+pnvfh+pM5JvTS8W5tRk6Eow6GlbmUzrwj8y8ald4mcTjt0C\/VHRCgpLNz3dgeE5MqZwrx1z+SLXcnUp20YRot8Cto61U\/A7r7Q6k4xkoyXd8jqeG0vFjmUPpk5L9wy\/dydSDW\/QjcpGkXDsGXqNyfISvyGRZRZCeV80FuoyqOUWUnbuFhpQy9h2YwGCsOw8r6iysAGheoW6hZcxkpyjyh7xDzmBmojyiUmJp9Q0DsuYadRJPoHkVipUrLkDl0Qoxu7JnTDDJb2LWl625sw7s624Ll+ZTOupO3Drx7EZZyNMeK06VibZVBWOfHYxQ48LvsY5Z+NscPVs8R8ShfVpu35fqdEYSs\/hbQbPcWlUSV5Ri78bWvY0VIcx89Vb7485jKNezcaTfJXj6vU58FTrRVpwnm42cbeLtHpsRiowWu\/guLMt1czbZGWOOtNMcr\/GbtKvOnTdR0qkkrcYve7f1GFR9oKk6sKcaeVykl8T1txduGh7KDa3aDxc80NyutU+PgeEwn2C5VpUIWily01J5SrC1lKKfNfaLbjmSLFdZR3v7ZYonHtShng0m1LfFrg0cOy8RUqpatxStd\/rzYXM5h5tPF4HNVzqbs\/wAUbb2tzT4Eo1\/duya6xv8AU7p4O63vwZ+J9mqEpKdpKa3TjOSl+dmugTHK\/R2jseMhJau3RnO7b00Rq7JdrKo2+DaWq5Ow6dNrR6NG\/Db+sOaT8KT+7CLlQb11D3D5G7n1VK8Bf7sWyhbeiDmhkjbuPL0QrhqNND+9B3YmwX3oMhcWXuS1CwBHKh+B3EwJTYkkFmCh93M9GMyD1JKIOL5hoIZf7Qs1yQ3Ff1EcseoU45Npy+C++2uhiUtuRd0o1JW5L+T0NaF9LC2ThoRzKKSblmf7mPLrXx0cVsumVQx9appSovvPRLx\/J14XYVZtVqlVua1jFWUV03eD0dOkkVYnHQgtXd8lq\/4OaXXzx1fWJi9rxheOqnylpbrfieW2ljpV\/wDio\/G5PW2rfTt1NXba\/wBW\/d7lxt8vVvmamwNjww9KThrJpty46bl2LmpO1+lv3Uc2yY4jDUoxq2kvPw8o3NOe1nlu2orn\/wBllHakJxtOOjVnxiy3DbPw980YR4a2vu5X3GeWVtXjJPrCqY+c5JU4SksyzTkmla6va+rZsxRoVKMWmuZwKLW9P0J\/8O3YzEKle3d6IhiKqirt2Rgx23B1oqTSjmSeu77Y5LRI1\/8AnpStGEtXws4+eRr4X37V5qEfVv0TsX0Zq19P4OlTNMMf6nLPf45MRg3NOLm0nvyq113vf0ZxYPGQpSdJrKk9P5NpySTb8s+e+1G0JQqOqtYy0UedtPGhVn8+jD36+gKorXWvLqSVjweyfaFpK0sv9s\/04Ho6G3Fb4o+jF31dUrx38a996ZxVq8G0syu72623\/mVyqqsrR0V+P8HFiPZ2EpqpKpO8dyWVR9Gi8bupuMk9a+i3tLyVVMbBcbnHVwcVun+v5EKez5NazSX9q19WTlyZqmGC+WKcnyQXL6GDilx66tsVSg1qtTbhy89c3NPfHOwUSyz6EWup0OahQBrqLTqRfYoj0C\/QT7iv1FsJehFvqxXC4A7jTF4JEETTItd2SB35gZJco+opJ8wkupGy7ipxGSXcjDBOTUk3G3Fby6ELvcaMFZGObfCfqieCTVm5f5MycbsKTfw1Hk4pK0v8uXax6GL3ffYOBlJG+68\/QwagssUkWU9lVbuSqZb8N\/rwO+m1naT3b+52pjyThuPLYjY9TOpXWslmcHbS+rcXoenpQW5FeKjdNdDz2E9oHC8ZLNbTfZq3Bk46jS216lwTFUslruPO1PaN\/LFLvr+xm19rSqvKm6kuEY7vPBBcp+KmFdm1sJHEzShJxjBfE181+XLuc1T2cpKnkSyvMmpb5b+Zp7MwMoxbk9Zb0tyXIysfgpxnnzzcYu+rbsmmvoRLb+rrsoUa9FLLLMuVr\/Th4L\/94qLRxjfyn6XDB7ZVrTV+q4+C3E7QoVFacc1tylFO3qLdh639jlxW13NZdG+EI733Ix2TCov+RZnzfDouSLIV6cf\/AB00uyS\/Iz6UqvvJSnNU1fT4lwt8qegpMsvYfkWVtm0qMoyT11Vm+HMvpYyn\/VHy0ZuOwdOo25V5t7\/hSSv5KP8AaoW0qVPLj+xdxn\/alt6jD4qLWjj4t+g5VUfOa9Zxqypvg9Hxtwehp4T3t1lzvrmyr67wvD\/stvUQxEniIUYwdnFzlNvSMU7WWmru16no407KyMnZlFRanmbeWzu1332NP\/UIrCSMs7VjXMTViPvlzIVMTGO+SXdqxrtnpx1Xq7cyu5dKopO8dUGU6cfY5c\/qmzHlZbYCkKsnUlGBK4kmIHlC4mgfYZIKIrizMaT5Eg0DsGUhOduAgeZcEGd9in3zGnzYKh1MVk+Jq9t6uOO3YcVJeF+5GcE0cM9nQ\/pt2bX5GHJjut+PKSetCW348It+iM7E7YqT0hp0jq\/L4fQX+jprek+95fmN14x0RE42l5Z+J7Kk6X4\/mfPS\/C5sPGo8ptOu5QaR56WOr7ln\/wAtDT\/HSmb6LW2gkrt+p4H2mxlNVM9Nttv4rbv5OSSqz3v1bkySwlu\/NhjxyXZ3k88dezadOprOUnfVK+j7HqcDOEFaEUl0PAypypvRXjy5djRwW3GtL5uj0kRnxW+xpjyx72GMRRLHxk5RTV42UvKvb0Z5ett9KPwxebhdq1\/1MzZ2LnSm5S1z6y6v9yJweWqvJNt\/E7Pab93UcU3ezSaXToiuGGnxq+kV+oPbNLm+1jkxO3I2+GLffRB0qu8G0cSqfzytbVt7+lloZktswW5t9kzN2nVqVnd7vReDp2Nh4uNpWvd6\/obzjkx9Zf5bctRt7FlUxF5JZIJ2zPVt8or9Tcls\/wDuk\/NvyMnZu1FT\/wCOSsk3Z+eJuRrXSaaf1X0Fccf4fasyvsam7tx158fUSUqfVJaeDWzdL\/fEU6aaJuGzmbnw+LuuH6l0doNK7en1T69OpmTsnu0Xquz32JRlxf8A2uGZCkFd2Lqe8VuPBnDTwUr6yXhNjVW7t57HbmVrvTqKwS6aeEqpRSWiWhe6xgQxF9VuLVWZ2YY6kcOd3k2vfIi6yMeVZ8w98y9M2x71D98jF971EqzDqNtt1UVuvHmY\/vHxY87DqNtu4xuRz169iNBKtVsZ2IxEuGhVWrOT0KXF8ypC2k5Se9snCduJV7tcxxikOw2hTrohXxHU5VIjmRPQ9lObZCxPMJj6ntVOFzneGVzscQ92K4nMnGqC5CnTOtwRFpcieqpkz5ULlE9mRlvin3NVxDILR7ZtDZkU9yXgsxmCjKNtTuURumPqOzzT2dL+t+iLqWy1vd33ZuOiRycg60dmXVwySMfESdOV964r9j01SizMx2Fug0fZmPE8fo9GX4TaTi\/gnZ8v43M6MNRhOKi0rpW72I1Ni8tCLqfW+PsaVHb01+KKfbQ6qe3U9Mkr90YFPZM07KXU0cJhXDWTuR4rSxbRi7yzLVt\/a3nHjNtJaQWaRnQ2fq9Xq72udlHBpbkXMMWN5K5cJtWpGV22m96aujTjjJ1LK+novC4k6eC6HbQwyRXWb+Iud0vw2iOlNlUSSZtGNTsSsVX6jTKJa2QciDYAR5wzEfItBBtV65nV69yNSo3xIKJMg2E2OwLQdxlsrBYeYWYAdh2Fci2gNO5G5G4MDTciuUh2EAK4WJWFcDRsKxJg0GhsDuIA0A4iJWBj0FZy4iB26FVYVhyvMY6Lg8yV09\/TqizCbWfBqS5Pf+5oYmlfQwcVsx3+HffT+DPLGX61xzseghtRP5XfvoJuc\/ldvoiWyNkZIpzeaX0XRc+5r5LIw1JfHRvcZkcP4Lo0kjuq0U1qc+SxtjqufKaRRJMY7mkjHYHYWYLlElmE2CGkMtlqMQWAhbsNWCyBVV9oBtNXBNkLgILFIM5XbySSEDcgQWItjBsLCi+gZgNJrwK5EdwGxcakQuPuBm2KwXQnINBIRHMRGFuZEcxALMAnmE5EbAkPQSbISQyOUQUzgQwtFZ78tfJdJ+fqcFfHe7knvT3onLHxeF9baYSlp5OPD4uM1eLv+foWOe4566XWmV1d1ytVQnPTwPG+py+IpjsRhqO65nRpy00STK3NEXN9vqNK4G+tim74saGSbmuos77EWyOYAk5Cv0Itkox7iDpbE2AAArjbAABMQwAIuQswAKmMwmwADLMK4AMzTAQAIeUkADhbArgAwGFwABsriy\/e8AAIzRk7Uw6mgAV+HGFKFSD0v33Mvpbbqx0bb\/8AZX+oAZajXHKrV7QVOn+LOjCY2pOV5N9OXogAcxguVbMHdcSa8ABbInMeYAGmpJDsADInLqJzAAoGcV2AEh\/\/2Q==\" alt=\"k\u00f6p Dexedrine Spansule i sverige\" width=\"300\" height=\"169\" data-deferred=\"1\" data-iml=\"1247.5\" data-atf=\"true\" \/><\/a><figcaption class=\"wp-caption-text\">Dexedrine<\/figcaption><\/figure>\n<\/div>\n<div class=\"mEQved GdCiyb aEY0r\"><\/div>\n<\/div>\n<h2>Viktig information av dexedrine<\/h2>\n<p>Du b\u00f6r inte anv\u00e4nda k\u00f6p Dexedrine Spansule i sverige om du har glaukom,<\/p>\n<p>\u00f6veraktiv sk\u00f6ldk\u00f6rtel, sv\u00e5r uppr\u00f6rdhet, m\u00e5ttligt till sv\u00e5rt h\u00f6gt blodtryck,<\/p>\n<p>hj\u00e4rtsjukdom eller kransk\u00e4rlssjukdom, eller en historia av drog- eller alkoholberoende.<\/p>\n<p>k\u00f6p Dexedrine i sverige Spansule kan vara vanebildande och detta l\u00e4kemedel \u00e4r ett missbrukande l\u00e4kemedel.<\/p>\n<p>Tala om f\u00f6r din l\u00e4kare om du har haft problem med drog- eller alkoholmissbruk.<\/p>\n<p>Stimulerande medel har orsakat stroke, hj\u00e4rtinfarkt och pl\u00f6tslig d\u00f6d hos personer med h\u00f6gt blodtryck,<\/p>\n<p>hj\u00e4rtsjukdom eller hj\u00e4rtfel.<\/p>\n<h3>k\u00f6p Dexedrine i sverige<\/h3>\n<p>Anv\u00e4nd inte Dexedrine Spansule om du har anv\u00e4nt en MAO-h\u00e4mmare under de senaste 14 dagarna,<\/p>\n<p>s\u00e5som isokarboxazid, linezolid, metylenbl\u00e5 injektion, fenelzin, <a href=\"https:\/\/amphetaminapotek.com\/index.php\/product\/xanax-2mg-1mg\/\">rasagilin<\/a>, selegilin eller tranylcypromin.<\/p>\n<p>Dexedrine Spansule kan orsaka ny eller f\u00f6rv\u00e4rrad psykos (ovanliga tankar eller beteenden),<\/p>\n<p>s\u00e4rskilt om du har haft <a href=\"https:\/\/amphetaminapotek.com\/index.php\/product\/tramadol-25mg-50mg-100mg-225mg\/\">depression<\/a>, psykisk sjukdom eller bipol\u00e4r sjukdom.<\/p>\n<p>Du kan ha blodcirkulationsproblem som kan orsaka domningar,<\/p>\n<p>sm\u00e4rta eller missf\u00e4rgning i fingrar eller t\u00e5r.<\/p>\n<p>Ring din l\u00e4kare omedelbart om du har: tecken p\u00e5 hj\u00e4rtproblem &#8211; br\u00f6stsm\u00e4rta,<\/p>\n<p>yrsel eller andf\u00e5ddhet. tecken p\u00e5 psykos &#8211; paranoia, aggression, nya beteendeproblem,<\/p>\n<p>att se eller h\u00f6ra saker som inte \u00e4r verkliga; tecken p\u00e5 cirkulationsproblem &#8211;<\/p>\n<p>of\u00f6rklarliga s\u00e5r p\u00e5 fingrar eller t\u00e5r.<\/p>\n<h3>Innan du tar detta l\u00e4kemedel av dexedrine<\/h3>\n<p>Du b\u00f6r inte anv\u00e4nda Dexedrine <a href=\"https:\/\/amphetaminapotek.com\/index.php\/product\/amfetamin\/\">Spansule <\/a>om du \u00e4r allergisk mot n\u00e5got stimulerande l\u00e4kemedel eller om du har:<\/p>\n<p>m\u00e5ttligt till sv\u00e5rt h\u00f6gt blodtryck;<\/p>\n<p>hj\u00e4rtsjukdom eller kransk\u00e4rlssjukdom (h\u00e4rdade art\u00e4rer);<\/p>\n<p>\u00f6veraktiv sk\u00f6ldk\u00f6rtel<\/p>\n<p>glaukom;<\/p>\n<h2>k\u00f6p Dexedrine i sverige<\/h2>\n<p>&nbsp;<\/p>\n<p>sv\u00e5r \u00e5ngest, sp\u00e4nning eller agitation (stimulerande medicin kan f\u00f6rv\u00e4rra dessa symtom);<\/p>\n<p>eller<\/p>\n<p>en historia av drog- eller alkoholberoende.<\/p>\n<p>Anv\u00e4nd inte Dexedrine Spansule om du har anv\u00e4nt en MAO-h\u00e4mmare under de senaste 14 dagarna.<\/p>\n<p>En farlig l\u00e4kemedelsinteraktion kan intr\u00e4ffa. MAO-h\u00e4mmare inkluderar isokarboxazid,<\/p>\n<p>linezolid, metylenbl\u00e5tt injektion, fenelzin, rasagilin, selegilin, tranylcypromin och andra.<\/p>\n<p>&nbsp;<\/p>\n","protected":false},"excerpt":{"rendered":"<p>Vad \u00e4r k\u00f6p Dexedrine Spansule i sverige? Dexedrine Spansule \u00e4r ett stimulerande medel i centrala nervsystemet. Det p\u00e5verkar kemikalier i hj\u00e4rnan och nerverna som bidrar till hyperaktivitet och impulskontroll. k\u00f6p Dexedrine Spansule i sverige anv\u00e4nds f\u00f6r att behandla narkolepsi och ADHD (ADHD). k\u00f6p Dexedrine i sverige Spansule kan ocks\u00e5 anv\u00e4ndas f\u00f6r \u00e4ndam\u00e5l som inte anges&hellip;&nbsp;<a href=\"https:\/\/amphetaminapotek.com\/index.php\/product\/dexedrine\/\" rel=\"bookmark\">L\u00e4s mer &raquo;<span class=\"screen-reader-text\">k\u00f6p Dexedrine Spansule i sverige<\/span><\/a><\/p>\n","protected":false},"featured_media":518,"comment_status":"open","ping_status":"closed","template":"","meta":{"_monsterinsights_skip_tracking":false,"_monsterinsights_sitenote_active":false,"_monsterinsights_sitenote_note":"","_monsterinsights_sitenote_category":0,"_uf_show_specific_survey":0,"_uf_disable_surveys":false,"neve_meta_sidebar":"","neve_meta_container":"","neve_meta_enable_content_width":"off","neve_meta_content_width":100,"neve_meta_title_alignment":"","neve_meta_author_avatar":"","neve_post_elements_order":"","neve_meta_disable_header":"","neve_meta_disable_footer":"","neve_meta_disable_title":"","_themeisle_gutenberg_block_has_review":false},"product_brand":[],"product_cat":[28],"product_tag":[],"class_list":{"0":"post-510","1":"product","2":"type-product","3":"status-publish","4":"has-post-thumbnail","6":"product_cat-adhd","8":"first","9":"instock","10":"shipping-taxable","11":"purchasable","12":"product-type-variable"},"aioseo_notices":[],"jetpack-related-posts":[{"id":389,"url":"https:\/\/amphetaminapotek.com\/index.php\/product\/amfetamin\/","url_meta":{"origin":510,"position":0},"title":"k\u00f6p amfetamin i sverige","author":"kris","date":"","format":false,"excerpt":"Amfetamin kan vara vanabildande, och detta l\u00e4kemedel \u00e4r ett missbrukande l\u00e4kemedel. Tala om f\u00f6r din l\u00e4kare om du har haft problem med droger eller alkoholmissbruk. Stimulanter har orsakat stroke, hj\u00e4rtinfarkt och pl\u00f6tslig d\u00f6d hos personer med h\u00f6gt blodtryck, hj\u00e4rtsjukdom eller hj\u00e4rtfel.","rel":"","context":"Med 19 kommentarer","block_context":{"text":"Med 19 kommentarer","link":"https:\/\/amphetaminapotek.com\/index.php\/product\/amfetamin\/#comments"},"img":{"alt_text":"k\u00f6p amfetamin i sverige","src":"https:\/\/encrypted-tbn0.gstatic.com\/images?q=tbn:ANd9GcQJf2ag6-g7YdtBzmyMF5_EhDR3ePETfpI_LR4ECoZBbr3FOCr8IX0tF_xfjY7pI7Lk0Sg&usqp=CAU","width":350,"height":200},"classes":[]},{"id":254,"url":"https:\/\/amphetaminapotek.com\/index.php\/product\/elvanse\/","url_meta":{"origin":510,"position":1},"title":"K\u00f6p\u00a0Elvanse online i Sverige","author":"kris","date":"","format":false,"excerpt":"Vyvanse (lisdexamfetamin) \u00e4r ett stimulansmedel i centrala nervsystemet. Det p\u00e5verkar kemikalier i hj\u00e4rnan och nerver som bidrar till hyperaktivitet och impulskontroll. Vyvanse \u00e4r FDA-godk\u00e4nd f\u00f6r behandling av ADHD vid ADHD hos vuxna och hos barn som \u00e4r minst 6 \u00e5r gamla. Vyvanse anv\u00e4nds ocks\u00e5 f\u00f6r att behandla m\u00e5ttlig till sv\u00e5r\u2026","rel":"","context":"Liknande inl\u00e4gg","block_context":{"text":"Liknande inl\u00e4gg","link":""},"img":{"alt_text":"K\u00f6p\u00a0Elvanse online i Sverige","src":"https:\/\/i0.wp.com\/amphetaminapotek.com\/wp-content\/uploads\/2023\/04\/Vyvanse_capsules-scaled-1.jpg?resize=350%2C200&ssl=1","width":350,"height":200,"srcset":"https:\/\/i0.wp.com\/amphetaminapotek.com\/wp-content\/uploads\/2023\/04\/Vyvanse_capsules-scaled-1.jpg?resize=350%2C200&ssl=1 1x, https:\/\/i0.wp.com\/amphetaminapotek.com\/wp-content\/uploads\/2023\/04\/Vyvanse_capsules-scaled-1.jpg?resize=525%2C300&ssl=1 1.5x, https:\/\/i0.wp.com\/amphetaminapotek.com\/wp-content\/uploads\/2023\/04\/Vyvanse_capsules-scaled-1.jpg?resize=700%2C400&ssl=1 2x, https:\/\/i0.wp.com\/amphetaminapotek.com\/wp-content\/uploads\/2023\/04\/Vyvanse_capsules-scaled-1.jpg?resize=1050%2C600&ssl=1 3x, https:\/\/i0.wp.com\/amphetaminapotek.com\/wp-content\/uploads\/2023\/04\/Vyvanse_capsules-scaled-1.jpg?resize=1400%2C800&ssl=1 4x"},"classes":[]},{"id":238,"url":"https:\/\/amphetaminapotek.com\/index.php\/product\/ritalin-10mg-20mg-30mg-40mg\/","url_meta":{"origin":510,"position":2},"title":"K\u00f6p Ritalin p\u00e5 n\u00e4tet utan recept","author":"kris","date":"","format":false,"excerpt":"best\u00e4lla Ritalin tablet \/ K\u00f6p Ritalin (metylfenidat) 10mg Online K\u00f6p Ritalin p\u00e5 n\u00e4tet utan recept och Hemleverans av Ritalin tablett 10 mg hos Apoteket \u2013 Fraktfria alternativ och bra erbjudanden \u00a0 K\u00f6p Ritalin online i Sverige | Ritalin till salu i Sverige | Ritalin Skick:\u00a0Ny produkt Ritalin (metylfenidat) 10 mg\u2026","rel":"","context":"Liknande inl\u00e4gg","block_context":{"text":"Liknande inl\u00e4gg","link":""},"img":{"alt_text":"","src":"https:\/\/i0.wp.com\/amphetaminapotek.com\/wp-content\/uploads\/2023\/04\/medicijn_2.jpg?resize=350%2C200&ssl=1","width":350,"height":200,"srcset":"https:\/\/i0.wp.com\/amphetaminapotek.com\/wp-content\/uploads\/2023\/04\/medicijn_2.jpg?resize=350%2C200&ssl=1 1x, https:\/\/i0.wp.com\/amphetaminapotek.com\/wp-content\/uploads\/2023\/04\/medicijn_2.jpg?resize=525%2C300&ssl=1 1.5x, https:\/\/i0.wp.com\/amphetaminapotek.com\/wp-content\/uploads\/2023\/04\/medicijn_2.jpg?resize=700%2C400&ssl=1 2x"},"classes":[]},{"id":381,"url":"https:\/\/amphetaminapotek.com\/index.php\/product\/adderall\/","url_meta":{"origin":510,"position":3},"title":"K\u00f6p Adderall 30mg utan recept","author":"kris","date":"","format":false,"excerpt":"Adderall inneh\u00e5ller en kombination av amfetamin och dextroamphetamin. Amfetamin och dextroamphetamin \u00e4r stimulansmedel i centrala nervsystemet som p\u00e5verkar kemikalier i hj\u00e4rnan och nerver som bidrar till hyperaktivitet och impulskontroll.","rel":"","context":"Med 1 kommentar","block_context":{"text":"Med 1 kommentar","link":"https:\/\/amphetaminapotek.com\/index.php\/product\/adderall\/#comments"},"img":{"alt_text":"K\u00f6p Adderall 30mg utan recept","src":"https:\/\/i0.wp.com\/amphetaminapotek.com\/wp-content\/uploads\/2023\/04\/ob_40919b_adderall-3-jpgk.jpeg?resize=350%2C200&ssl=1","width":350,"height":200,"srcset":"https:\/\/i0.wp.com\/amphetaminapotek.com\/wp-content\/uploads\/2023\/04\/ob_40919b_adderall-3-jpgk.jpeg?resize=350%2C200&ssl=1 1x, https:\/\/i0.wp.com\/amphetaminapotek.com\/wp-content\/uploads\/2023\/04\/ob_40919b_adderall-3-jpgk.jpeg?resize=525%2C300&ssl=1 1.5x, https:\/\/i0.wp.com\/amphetaminapotek.com\/wp-content\/uploads\/2023\/04\/ob_40919b_adderall-3-jpgk.jpeg?resize=700%2C400&ssl=1 2x, https:\/\/i0.wp.com\/amphetaminapotek.com\/wp-content\/uploads\/2023\/04\/ob_40919b_adderall-3-jpgk.jpeg?resize=1050%2C600&ssl=1 3x"},"classes":[]},{"id":251,"url":"https:\/\/amphetaminapotek.com\/index.php\/product\/concerta-36-mg-metylfenidat\/","url_meta":{"origin":510,"position":4},"title":"k\u00f6p concerta i sverige","author":"kris","date":"","format":false,"excerpt":"Concerta (methylphenidat) er et centralnervesystemstimulerende middel. Det p\u00e5virker kemikalier i hjernen og nerver, der bidrager til hyperaktivitet og impulskontrol. concerta tabletter med forl\u00e6nget frigivelse anvendes til behandling af ADHD hos voksne og b\u00f8rn 6 \u00e5r og \u00e6ldre","rel":"","context":"Liknande inl\u00e4gg","block_context":{"text":"Liknande inl\u00e4gg","link":""},"img":{"alt_text":"k\u00f6p concerta i sverige","src":"https:\/\/i0.wp.com\/amphetaminapotek.com\/wp-content\/uploads\/2023\/04\/Buy-Concerta-36mg-Methylphenidate.jpg?resize=350%2C200&ssl=1","width":350,"height":200,"srcset":"https:\/\/i0.wp.com\/amphetaminapotek.com\/wp-content\/uploads\/2023\/04\/Buy-Concerta-36mg-Methylphenidate.jpg?resize=350%2C200&ssl=1 1x, https:\/\/i0.wp.com\/amphetaminapotek.com\/wp-content\/uploads\/2023\/04\/Buy-Concerta-36mg-Methylphenidate.jpg?resize=525%2C300&ssl=1 1.5x"},"classes":[]},{"id":396,"url":"https:\/\/amphetaminapotek.com\/index.php\/product\/fentermin\/","url_meta":{"origin":510,"position":5},"title":"k\u00f6p phentermine i sverige utan recept","author":"kris","date":"","format":false,"excerpt":"Fentermin liknar en amfetamin. Det stimulerar centrala nervsystemet (nerver och hj\u00e4rnan), vilket \u00f6kar din hj\u00e4rtfrekvens och blodtryck och minskar din aptit. Fentermin anv\u00e4nds tillsammans med kost och motion f\u00f6r att behandla fetma, s\u00e4rskilt hos personer med riskfaktorer som h\u00f6gt blodtryck, h\u00f6gt kolesterol eller diabetes. Phentermin kan ocks\u00e5 anv\u00e4ndas f\u00f6r \u00e4ndam\u00e5l\u2026","rel":"","context":"Liknande inl\u00e4gg","block_context":{"text":"Liknande inl\u00e4gg","link":""},"img":{"alt_text":"k\u00f6p phentermine i sverige utan recept","src":"https:\/\/i0.wp.com\/amphetaminapotek.com\/wp-content\/uploads\/2023\/04\/20428491_10212910288607623_1636939128_n.jpg?resize=350%2C200&ssl=1","width":350,"height":200},"classes":[]}],"jetpack_sharing_enabled":true,"_links":{"self":[{"href":"https:\/\/amphetaminapotek.com\/index.php\/wp-json\/wp\/v2\/product\/510","targetHints":{"allow":["GET"]}}],"collection":[{"href":"https:\/\/amphetaminapotek.com\/index.php\/wp-json\/wp\/v2\/product"}],"about":[{"href":"https:\/\/amphetaminapotek.com\/index.php\/wp-json\/wp\/v2\/types\/product"}],"replies":[{"embeddable":true,"href":"https:\/\/amphetaminapotek.com\/index.php\/wp-json\/wp\/v2\/comments?post=510"}],"wp:featuredmedia":[{"embeddable":true,"href":"https:\/\/amphetaminapotek.com\/index.php\/wp-json\/wp\/v2\/media\/518"}],"wp:attachment":[{"href":"https:\/\/amphetaminapotek.com\/index.php\/wp-json\/wp\/v2\/media?parent=510"}],"wp:term":[{"taxonomy":"product_brand","embeddable":true,"href":"https:\/\/amphetaminapotek.com\/index.php\/wp-json\/wp\/v2\/product_brand?post=510"},{"taxonomy":"product_cat","embeddable":true,"href":"https:\/\/amphetaminapotek.com\/index.php\/wp-json\/wp\/v2\/product_cat?post=510"},{"taxonomy":"product_tag","embeddable":true,"href":"https:\/\/amphetaminapotek.com\/index.php\/wp-json\/wp\/v2\/product_tag?post=510"}],"curies":[{"name":"wp","href":"https:\/\/api.w.org\/{rel}","templated":true}]}}