{"id":588,"date":"2023-11-20T23:26:44","date_gmt":"2023-11-20T22:26:44","guid":{"rendered":"https:\/\/amphetaminapotek.com\/?post_type=product&#038;p=588"},"modified":"2025-01-11T16:09:53","modified_gmt":"2025-01-11T15:09:53","slug":"dmt","status":"publish","type":"product","link":"https:\/\/amphetaminapotek.com\/index.php\/product\/dmt\/","title":{"rendered":"k\u00f6pa DMT Sweden\/ k\u00f6pa DMT Europe"},"content":{"rendered":"<ol>\n<li><a href=\"https:\/\/amphetaminapotek.com\/index.php\/product\/dmt\/\">k\u00f6pa DMT Sweden\/ k\u00f6pa DMT Europe<\/a><\/li>\n<\/ol>\n<p><!--more--><\/p>\n<p><a href=\"https:\/\/amphetaminapotek.com\/index.php\/product\/dmt\/\">k\u00f6pa DMT Sweden\/ k\u00f6pa DMT Europe <\/a>P\u00e5 Svamp Marknad tillhandah\u00e5ller vi de b\u00e4sta DMT .5 ml och 1 ml patronerna \u00f6ver hela Europa. H\u00e4r kan du k\u00f6pa,<br \/>\nK\u00f6p DMT i Sverige, k\u00f6p dmt vape-pennor i Norge och k\u00f6p dmt-kristaller i Finland ocks\u00e5 till \u00f6verkomliga priser.<\/p>\n<p>Letar du efter Var du kan k\u00f6pa DMT (vape-pennor) 1mL i Danmark s\u00e5 har du kommit till r\u00e4tt butik. Svamp Marknad erbjuder dig <a href=\"https:\/\/amphetaminapotek.com\/index.php\/product\/dmt\/\">k\u00f6pa DMT Sweden\/ k\u00f6pa DMT Europe<\/a> av h\u00f6gsta kvalitet till mycket \u00f6verkomliga priser med leveransresultat o\u00f6vertr\u00e4ffad.<\/p>\n<p>Du kan handla\/k\u00f6pa DMT (vape-pennor) 1mL, k\u00f6pa DMT-kassett och batteri 1mL i Europa<br \/>\nDMT (N,N-Dimetyltryptamin) \u00e4r en av de mest potenta psykedelika du kan konsumera, och upplevelsen kan vara intensiv och kraftfull \u2013 p\u00e5 b\u00e5de positiva och negativa s\u00e4tt., som har anv\u00e4nts i religi\u00f6sa praktiker och ritualer. Den kallas ocks\u00e5 f\u00f6r \u201candemolekylen\u201d p\u00e5 grund av den intensiva psykedeliska upplevelsen. Anv\u00e4ndare upplever ljusa f\u00e4rger, r\u00f6rliga milj\u00f6er eller upprepade m\u00f6nster, och kanske till och med \u201cmilj\u00f6m\u00e4ssig orbism\u201d vid h\u00f6gre doser. DMT-upplevelsen beskrivs ofta som ett \u201cperspektivskifte\u201d som k\u00e4nnetecknas av fysiska, emotionella och konceptuella effekter. Den huvudsakliga effekten av <a href=\"https:\/\/amphetaminapotek.com\/index.php\/product\/dmt\/\">k\u00f6pa DMT Sweden\/ k\u00f6pa DMT Europe<\/a> \u00e4r psykologisk, med intensiva visuella och auditiva hallucinationer, eufori och en f\u00f6r\u00e4ndrad k\u00e4nsla av rum, kropp och tid.<\/p>\n<p>M\u00e5nga anv\u00e4ndare beskriver upplevelsen som livsavg\u00f6rande. M\u00e5nga ser det som en process av d\u00f6d och \u00e5terf\u00f6delse f\u00f6ljt av varaktiga sj\u00e4lvf\u00f6rb\u00e4ttringar, inklusive mental klarhet, \u00f6kad motivation, \u00f6kad medvetenhet, livsgl\u00e4dje och en k\u00e4nsla av inre frid. N\u00e4r den r\u00f6ks producerar DMT korta men intensiva visuella och h\u00f6rselhallucinationer som har beskrivits av anv\u00e4ndare som en alternativ verklighet<\/p>\n<p>Handla DMT vape penna I Sverige, Danmark, Norge, Tyskland, Finland eller \u00f6ver hela EUROPA.<br \/>\nDMT-erfarenhet: Kroppen kan ocks\u00e5 k\u00e4nnas tyngre. Intensiva k\u00e4nslor \u00e4r typiska, allt fr\u00e5n extrem r\u00e4dsla till eufori. Under debuten k\u00e4nns ofta \u00e5ngest eller sp\u00e4nning. Det \u00e4r ocks\u00e5 vanligt att uppleva en \u00f6verv\u00e4ldigande k\u00e4nsla av enhet med universum, eller en k\u00e4nsla av att vara utanf\u00f6r tid och rum samtidigt som man upplever helheten av b\u00e5da. Ego-d\u00f6den \u00e4r ocks\u00e5 typisk f\u00f6r DMT-upplevelsen.<\/p>\n<p><a href=\"https:\/\/amphetaminapotek.com\/index.php\/product\/dmt\/\">k\u00f6pa DMT Sweden\/ k\u00f6pa DMT Europe<\/a> (vape pennor) ,5mL i Danmark<\/p>\n<p>K\u00f6p DMT .5ML PEN \u00e4r versionen med \u00d6VER DUBBEL KAPACITET av originalet! V\u00e5r .5ML-penna inneh\u00e5ller 350MG N,N-DMT och kan leverera den mest absoluta BLAST OFF som m\u00f6jligt. Ingen annan produkt kan j\u00e4mf\u00f6ras med v\u00e5rt Labs DMT. F\u00e5 din idag!<\/p>\n<p>-350mg N,N-DMT<br \/>\n-.5ml keramisk patron<br \/>\n-510 g\u00e4ngad, passar alla batterier\/penna<br \/>\nK\u00f6p Premium DMT h\u00e4r<\/p>\n<p>Vi skickar DMT Vape Pens till Tjeckien, Sverige, Danmark, Tyskland, Irland och andra europeiska l\u00e4nder<br \/>\nDu kan <a href=\"https:\/\/amphetaminapotek.com\/index.php\/product\/dmt\/\">k\u00f6pa DMT Sweden\/ k\u00f6pa DMT Europe<\/a> av b\u00e4sta kvalitet fr\u00e5n oss<br \/>\nVi \u00e4r alltid redo att ge v\u00e5ra kunder maximal tillfredsst\u00e4llelse Varf\u00f6r f\u00f6rverkliga dr\u00f6mmar.<\/p>\n<p>Handla DMT-kassett fr\u00e5n Tjeckien, Sverige, Australien, Tyskland, Turkiet<\/p>\n","protected":false},"excerpt":{"rendered":"<p>B\u00e4sta kvalitet DMT tillg\u00e4ngligt till de b\u00e4sta priserna du kan hitta online, B\u00e4sta kvalitet DMT tillg\u00e4ngligt till de b\u00e4sta priserna du kan hitta online,<\/p>\n","protected":false},"featured_media":589,"comment_status":"open","ping_status":"closed","template":"","meta":{"_monsterinsights_skip_tracking":false,"_monsterinsights_sitenote_active":false,"_monsterinsights_sitenote_note":"","_monsterinsights_sitenote_category":0,"_uf_show_specific_survey":0,"_uf_disable_surveys":false,"neve_meta_sidebar":"","neve_meta_container":"","neve_meta_enable_content_width":"off","neve_meta_content_width":100,"neve_meta_title_alignment":"","neve_meta_author_avatar":"","neve_post_elements_order":"","neve_meta_disable_header":"","neve_meta_disable_footer":"","neve_meta_disable_title":"","_themeisle_gutenberg_block_has_review":false},"product_brand":[],"product_cat":[15],"product_tag":[1168],"class_list":{"0":"post-588","1":"product","2":"type-product","3":"status-publish","4":"has-post-thumbnail","6":"product_cat-uncategorized","7":"product_tag-dmt","9":"first","10":"instock","11":"shipping-taxable","12":"purchasable","13":"product-type-variable"},"aioseo_notices":[],"jetpack-related-posts":[{"id":695,"url":"https:\/\/amphetaminapotek.com\/index.php\/product\/lsd-acid-sheets-till-salu-online-sverige\/","url_meta":{"origin":588,"position":0},"title":"LSD Acid Sheets Till Salu Online Sverige","author":"Eric","date":"","format":false,"excerpt":"kop LSD Acid Sheets Till Salu Online Sverige","rel":"","context":"Liknande inl\u00e4gg","block_context":{"text":"Liknande inl\u00e4gg","link":""},"img":{"alt_text":"LSD Acid Sheets Till Salu Online Sverige","src":"https:\/\/i0.wp.com\/amphetaminapotek.com\/wp-content\/uploads\/2024\/03\/LSD-Sheets.jpg?resize=350%2C200&ssl=1","width":350,"height":200,"srcset":"https:\/\/i0.wp.com\/amphetaminapotek.com\/wp-content\/uploads\/2024\/03\/LSD-Sheets.jpg?resize=350%2C200&ssl=1 1x, https:\/\/i0.wp.com\/amphetaminapotek.com\/wp-content\/uploads\/2024\/03\/LSD-Sheets.jpg?resize=525%2C300&ssl=1 1.5x, https:\/\/i0.wp.com\/amphetaminapotek.com\/wp-content\/uploads\/2024\/03\/LSD-Sheets.jpg?resize=700%2C400&ssl=1 2x, https:\/\/i0.wp.com\/amphetaminapotek.com\/wp-content\/uploads\/2024\/03\/LSD-Sheets.jpg?resize=1050%2C600&ssl=1 3x"},"classes":[]},{"id":690,"url":"https:\/\/amphetaminapotek.com\/index.php\/product\/kop-albino-penis-envy-mushroom-i-sverige\/","url_meta":{"origin":588,"position":1},"title":"K\u00f6p Albino Penis Envy Mushroom i Sverige","author":"Eric","date":"","format":false,"excerpt":"K\u00f6p Albino Penis Envy Mushroom i Sverige","rel":"","context":"Liknande inl\u00e4gg","block_context":{"text":"Liknande inl\u00e4gg","link":""},"img":{"alt_text":"K\u00f6p Albino Penis Envy Mushroom i Sverige","src":"https:\/\/i0.wp.com\/amphetaminapotek.com\/wp-content\/uploads\/2024\/03\/Albino-Penis-Envy1-1536x1536-1-1.jpeg?resize=350%2C200&ssl=1","width":350,"height":200,"srcset":"https:\/\/i0.wp.com\/amphetaminapotek.com\/wp-content\/uploads\/2024\/03\/Albino-Penis-Envy1-1536x1536-1-1.jpeg?resize=350%2C200&ssl=1 1x, https:\/\/i0.wp.com\/amphetaminapotek.com\/wp-content\/uploads\/2024\/03\/Albino-Penis-Envy1-1536x1536-1-1.jpeg?resize=525%2C300&ssl=1 1.5x, https:\/\/i0.wp.com\/amphetaminapotek.com\/wp-content\/uploads\/2024\/03\/Albino-Penis-Envy1-1536x1536-1-1.jpeg?resize=700%2C400&ssl=1 2x, https:\/\/i0.wp.com\/amphetaminapotek.com\/wp-content\/uploads\/2024\/03\/Albino-Penis-Envy1-1536x1536-1-1.jpeg?resize=1050%2C600&ssl=1 3x, https:\/\/i0.wp.com\/amphetaminapotek.com\/wp-content\/uploads\/2024\/03\/Albino-Penis-Envy1-1536x1536-1-1.jpeg?resize=1400%2C800&ssl=1 4x"},"classes":[]},{"id":590,"url":"https:\/\/amphetaminapotek.com\/index.php\/product\/psykedeliska-svampar\/","url_meta":{"origin":588,"position":2},"title":"Magiska svampar till salu i Sverige","author":"kris","date":"","format":false,"excerpt":"psykedeliska svampar tillg\u00e4ngliga f\u00f6r dina resor, prova v\u00e5ra svampar och f\u00f6rs till h\u00f6jder du aldrig har varit","rel":"","context":"Liknande inl\u00e4gg","block_context":{"text":"Liknande inl\u00e4gg","link":""},"img":{"alt_text":"psykedeliska svampar","src":"https:\/\/i0.wp.com\/amphetaminapotek.com\/wp-content\/uploads\/2023\/11\/attachment_121125850.jpg?resize=350%2C200&ssl=1","width":350,"height":200},"classes":[]},{"id":385,"url":"https:\/\/amphetaminapotek.com\/index.php\/product\/oxymorfon\/","url_meta":{"origin":588,"position":3},"title":"oxymorfon","author":"kris","date":"","format":false,"excerpt":"Opana (oxymorfon) \u00e4r en opioid sm\u00e4rtstillande medicinering. En opioid kallas ibland narkotisk. Opana anv\u00e4nds f\u00f6r att behandla m\u00e5ttlig till sv\u00e5r sm\u00e4rta. F\u00f6rdr\u00f6jd fris\u00e4ttningsform av detta l\u00e4kemedel \u00e4r dygnet runt behandling av allvarlig sm\u00e4rta. Opana ER \u00e4r inte till f\u00f6rfogande p\u00e5 grund av sm\u00e4rta.","rel":"","context":"Liknande inl\u00e4gg","block_context":{"text":"Liknande inl\u00e4gg","link":""},"img":{"alt_text":"oxymorfon","src":"https:\/\/i0.wp.com\/amphetaminapotek.com\/wp-content\/uploads\/2023\/04\/Oxymorphone.jpg?resize=350%2C200&ssl=1","width":350,"height":200},"classes":[]},{"id":395,"url":"https:\/\/amphetaminapotek.com\/index.php\/product\/nitrazepam\/","url_meta":{"origin":588,"position":4},"title":"K\u00f6p NITRAZEPAM i sverige","author":"kris","date":"","format":false,"excerpt":"1. L\u00e4kemedlets namn Nitrazepam 5mg tabletter 2. Kvalitativ och kvantitativ sammans\u00e4ttning Varje tablett inneh\u00e5ller 5 mg Nitrazepam Ph Eur. F\u00f6r fullst\u00e4ndig f\u00f6rteckning \u00f6ver hj\u00e4lp\u00e4mnen, se avsnitt 6.1. 3. L\u00e4kemedelsform tabletter Po\u00e4nglinjen \u00e4r inte avsedd att bryta tabletten","rel":"","context":"Liknande inl\u00e4gg","block_context":{"text":"Liknande inl\u00e4gg","link":""},"img":{"alt_text":"","src":"https:\/\/i0.wp.com\/amphetaminapotek.com\/wp-content\/uploads\/2023\/04\/nitrazepam.jpg?resize=350%2C200&ssl=1","width":350,"height":200,"srcset":"https:\/\/i0.wp.com\/amphetaminapotek.com\/wp-content\/uploads\/2023\/04\/nitrazepam.jpg?resize=350%2C200&ssl=1 1x, https:\/\/i0.wp.com\/amphetaminapotek.com\/wp-content\/uploads\/2023\/04\/nitrazepam.jpg?resize=525%2C300&ssl=1 1.5x"},"classes":[]},{"id":391,"url":"https:\/\/amphetaminapotek.com\/index.php\/product\/cannabis\/","url_meta":{"origin":588,"position":5},"title":"k\u00f6pa Hempa (Cannabis) online","author":"kris","date":"","format":false,"excerpt":"Cannabis, \u00e4ven k\u00e4nd som marijuana eller hampa bland andra namn, \u00e4r en psykoaktiv drog fr\u00e5n cannabisv\u00e4xten som anv\u00e4nds fr\u00e4mst f\u00f6r medicinska eller rekreations\u00e4ndam\u00e5l. Den huvudsakliga psykoaktiva komponenten i cannabis \u00e4r tetrahydrocannabinol (THC), som \u00e4r en av de 483 k\u00e4nda f\u00f6reningarna i v\u00e4xt, inklusive minst 65 andra cannabinoider. Cannabis kan anv\u00e4ndas\u2026","rel":"","context":"Med 1 kommentar","block_context":{"text":"Med 1 kommentar","link":"https:\/\/amphetaminapotek.com\/index.php\/product\/cannabis\/#comments"},"img":{"alt_text":"Hempa","src":"https:\/\/i0.wp.com\/amphetaminapotek.com\/wp-content\/uploads\/2023\/04\/strain-8.png?resize=350%2C200&ssl=1","width":350,"height":200,"srcset":"https:\/\/i0.wp.com\/amphetaminapotek.com\/wp-content\/uploads\/2023\/04\/strain-8.png?resize=350%2C200&ssl=1 1x, https:\/\/i0.wp.com\/amphetaminapotek.com\/wp-content\/uploads\/2023\/04\/strain-8.png?resize=525%2C300&ssl=1 1.5x, https:\/\/i0.wp.com\/amphetaminapotek.com\/wp-content\/uploads\/2023\/04\/strain-8.png?resize=700%2C400&ssl=1 2x, https:\/\/i0.wp.com\/amphetaminapotek.com\/wp-content\/uploads\/2023\/04\/strain-8.png?resize=1050%2C600&ssl=1 3x, https:\/\/i0.wp.com\/amphetaminapotek.com\/wp-content\/uploads\/2023\/04\/strain-8.png?resize=1400%2C800&ssl=1 4x"},"classes":[]}],"jetpack_sharing_enabled":true,"_links":{"self":[{"href":"https:\/\/amphetaminapotek.com\/index.php\/wp-json\/wp\/v2\/product\/588","targetHints":{"allow":["GET"]}}],"collection":[{"href":"https:\/\/amphetaminapotek.com\/index.php\/wp-json\/wp\/v2\/product"}],"about":[{"href":"https:\/\/amphetaminapotek.com\/index.php\/wp-json\/wp\/v2\/types\/product"}],"replies":[{"embeddable":true,"href":"https:\/\/amphetaminapotek.com\/index.php\/wp-json\/wp\/v2\/comments?post=588"}],"wp:featuredmedia":[{"embeddable":true,"href":"https:\/\/amphetaminapotek.com\/index.php\/wp-json\/wp\/v2\/media\/589"}],"wp:attachment":[{"href":"https:\/\/amphetaminapotek.com\/index.php\/wp-json\/wp\/v2\/media?parent=588"}],"wp:term":[{"taxonomy":"product_brand","embeddable":true,"href":"https:\/\/amphetaminapotek.com\/index.php\/wp-json\/wp\/v2\/product_brand?post=588"},{"taxonomy":"product_cat","embeddable":true,"href":"https:\/\/amphetaminapotek.com\/index.php\/wp-json\/wp\/v2\/product_cat?post=588"},{"taxonomy":"product_tag","embeddable":true,"href":"https:\/\/amphetaminapotek.com\/index.php\/wp-json\/wp\/v2\/product_tag?post=588"}],"curies":[{"name":"wp","href":"https:\/\/api.w.org\/{rel}","templated":true}]}}