{"id":715,"date":"2024-04-06T03:25:09","date_gmt":"2024-04-06T01:25:09","guid":{"rendered":"https:\/\/amphetaminapotek.com\/?post_type=product&#038;p=715"},"modified":"2025-10-20T16:57:06","modified_gmt":"2025-10-20T14:57:06","slug":"kop-ketamine-i-sverige","status":"publish","type":"product","link":"https:\/\/amphetaminapotek.com\/index.php\/product\/kop-ketamine-i-sverige\/","title":{"rendered":"K\u00f6pa Ketamin I Sverige"},"content":{"rendered":"<h1>K\u00f6pa Ketamin I Sverige<\/h1>\n<p><a href=\"https:\/\/amphetaminapotek.com\/index.php\/product\/kop-ketamine-i-sverige\/\"><strong>K\u00f6pa Ketamin I Sverige<\/strong><\/a>\u00a0\u00e4r ett dissociativt bed\u00f6vningsmedel som anv\u00e4nds medicinskt f\u00f6r induktion och underh\u00e5ll av anestesi. Det anv\u00e4nds ocks\u00e5 som en rekreationsdrog. Det \u00e4r ett av de s\u00e4kraste bed\u00f6vningsmedlen, eftersom det, till skillnad fr\u00e5n opiater, eter och propofol, varken d\u00e4mpar andning eller hj\u00e4rtfrekvens.<\/p>\n<h2><span class=\"\">\u00a0KETAMIN DROG<\/span><\/h2>\n<p><strong>ANV\u00c4NDNINGAR<\/strong><\/p>\n<p>L\u00e4kare anv\u00e4nder\u00a0<a href=\"https:\/\/amphetaminapotek.com\">ketamin<\/a>\u00a0f\u00f6r att inducera generell anestesi ensam eller tillsammans med andra allm\u00e4nna anestesimedel, som lustgas. De anv\u00e4nder det p\u00e5 akutmottagningen f\u00f6r att producera kortvarig sedering\u00a0n\u00e4r:<\/p>\n<ul>\n<li>minska frakturer<\/li>\n<li>behandla ledluxationer<\/li>\n<li>reparation av s\u00e5r hos icke samarbetsvilliga individer, s\u00e5som barn<\/li>\n<\/ul>\n<p><strong>Behandla sm\u00e4rta<\/strong><\/p>\n<p>Ut\u00f6vare anv\u00e4nder l\u00e5ga doser som inte ger dissociation f\u00f6r att lindra sv\u00e5r sm\u00e4rta fr\u00e5n f\u00f6ljande tillst\u00e5nd:<\/p>\n<ul>\n<li>trauma<\/li>\n<li>frakturer<\/li>\n<li>buksm\u00e4rtor<\/li>\n<li>sm\u00e4rta i arm eller ben<\/li>\n<li>l\u00e4ndryggssm\u00e4rta<\/li>\n<\/ul>\n<h3>K\u00f6pa Ketamin Online<\/h3>\n<p><strong>Behandla depression<\/strong><\/p>\n<p>Forskning fr\u00e5n 2017 noterar att vissa studier tyder p\u00e5 att ketamin snabbt kan lindra depression hos personer som inte svarar bra p\u00e5 annan behandling.<\/p>\n<div>Trots dessa positiva resultat varnar f\u00f6rfattarna f\u00f6r att data om anv\u00e4ndningen av ketamin f\u00f6r detta tillst\u00e5nd \u00e4r begr\u00e4nsade, s\u00e5 ut\u00f6vare b\u00f6r \u00f6verv\u00e4ga riskerna med l\u00e4kemedlet innan de f\u00f6rskriver det.<\/div>\n<div><\/div>\n<div>En studie fr\u00e5n 2016 varnar f\u00f6r att ol\u00e4mplig anv\u00e4ndning av ketamin \u00e4r ett v\u00e4rldsomsp\u00e4nnande h\u00e4lsoproblem p\u00e5 grund av dess hallucinogena egenskaper. Med detta i \u00e5tanke uppmanar de l\u00e4kare att ordinera vanliga antidepressiva innan de provar ketamin mot depression.<\/div>\n<h4><strong>KETAMIN FASS<\/strong><\/h4>\n<p><strong>Behandla \u00e5ngest<\/strong><\/p>\n<div>Forskning om anv\u00e4ndningen av ketamin mot \u00e5ngest \u00e4r knapph\u00e4ndig. En studie tyder dock p\u00e5 att det kan hj\u00e4lpa personer med social \u00e5ngest (SAD). Detta tillst\u00e5nd inneb\u00e4r en p\u00e5taglig r\u00e4dsla f\u00f6r sociala situationer.<\/div>\n<div><\/div>\n<div>Den kliniska pr\u00f6vningen 2017 testade l\u00e4kemedlet p\u00e5 18 deltagare och drog slutsatsen att det effektivt kan behandla SAD.<\/div>\n<div><\/div>\n<div>Eftersom flera andra studier indikerar att ketamin kan ha betydande \u00e5ngestd\u00e4mpande\u00a0<a href=\"http:\/\/wikipedia.org\/\" target=\"_blank\" rel=\"noopener\">effekter<\/a>, uppmuntrade f\u00f6rfattarna framtida studier f\u00f6r att utforska denna m\u00f6jliga f\u00f6rdel mer fullst\u00e4ndigt.<\/div>\n<h4><strong>\u00a0KETAMIN EFFEKT<\/strong><\/h4>\n<p>De vanligaste biverkningarna av ketamin vid f\u00f6reskrivna doser inkluderar:<\/p>\n<ul>\n<li>\n<pre id=\"tw-target-text\" class=\"tw-data-text tw-text-large tw-ta\" dir=\"ltr\" data-placeholder=\"Translation\"><span class=\"Y2IQFc\" lang=\"sv\">d\u00e5sighet<\/span><\/pre>\n<\/li>\n<li>\n<pre id=\"tw-target-text\" class=\"tw-data-text tw-text-large tw-ta\" dir=\"ltr\" data-placeholder=\"Translation\"><span class=\"Y2IQFc\" lang=\"sv\">dubbel syn<\/span><\/pre>\n<\/li>\n<li>\n<pre id=\"tw-target-text\" class=\"tw-data-text tw-text-large tw-ta\" dir=\"ltr\" data-placeholder=\"Translation\"><span class=\"Y2IQFc\" lang=\"sv\">f\u00f6rvirring<\/span><\/pre>\n<\/li>\n<li>\n<pre id=\"tw-target-text\" class=\"tw-data-text tw-text-large tw-ta\" dir=\"ltr\" data-placeholder=\"Translation\"><span class=\"Y2IQFc\" lang=\"sv\">illam\u00e5ende<\/span><\/pre>\n<\/li>\n<li>\n<pre id=\"tw-target-text\" class=\"tw-data-text tw-text-large tw-ta\" dir=\"ltr\" data-placeholder=\"Translation\"><span class=\"Y2IQFc\" lang=\"sv\">kr\u00e4kningar<\/span><\/pre>\n<\/li>\n<li>\n<pre id=\"tw-target-text\" class=\"tw-data-text tw-text-large tw-ta\" dir=\"ltr\" data-placeholder=\"Translation\"><span class=\"Y2IQFc\" lang=\"sv\">yrsel<\/span><\/pre>\n<\/li>\n<li>\n<pre id=\"tw-target-text\" class=\"tw-data-text tw-text-large tw-ta\" dir=\"ltr\" data-placeholder=\"Translation\"><span class=\"Y2IQFc\" lang=\"sv\">k\u00e4nsla av obehag<\/span><\/pre>\n<\/li>\n<\/ul>\n<p>Ketamin kan ocks\u00e5 producera ett stort antal andra symtom som p\u00e5verkar m\u00e5nga delar av kroppen, men de \u00e4r mindre vanliga.<\/p>\n<div class=\"css-a5m6co-text css-p8ym46-fontFamily css-11397xj-fontSize css-15qzf5r-display css-7bji7i-wordBreak\"><strong><span class=\"\">ketamin rus<\/span><\/strong><\/div>\n<figure id=\"attachment_1841\" aria-describedby=\"caption-attachment-1841\" style=\"width: 300px\" class=\"wp-caption alignnone\"><a href=\"https:\/\/amphetaminapotek.com\/index.php\/product\/kop-ketamine-i-sverige\/\"><img fetchpriority=\"high\" decoding=\"async\" class=\"wp-image-1841 size-medium\" src=\"https:\/\/karlstardapotek.com\/wp-content\/uploads\/2021\/08\/2051-05_original_1200Wx1200H_8912373743646-300x300.jpg\" alt=\"K\u00f6p ketamine online\" width=\"300\" height=\"300\" \/><\/a><figcaption id=\"caption-attachment-1841\" class=\"wp-caption-text\">ketamin<\/figcaption><\/figure>\n<h5><span lang=\"EN-US\">Ketaminpulver \u2013 K\u00f6p ketamin online, Ketaminpulver till salu Sverige<\/span><\/h5>\n<p><strong><span lang=\"EN-US\">\u00a0<\/span><\/strong><\/p>\n<p><span lang=\"EN-US\">K\u00f6p Ketamin online pulver | LegitChemicals.com \u00e4r den b\u00e4sta onlinebutiken i USA d\u00e4r du kan k\u00f6pa billigt ketamin, best\u00e4lla ketaminpulver lagligt online, K\u00f6p ketamine online<strong><a href=\"https:\/\/karlstardapotek.com\/\">\u00a0till salu<\/a><\/strong>!<\/span><\/p>\n<p><span lang=\"EN-US\">\u00a0<\/span><span lang=\"EN-US\">En av de k\u00e4nda byr\u00e5erna tillhandah\u00e5ller h\u00f6gkvalitativa forskningskemikalier f\u00f6r industriella kunder som apotek, laboratorier och andra processer. Denna byr\u00e5 kommer inte att vara redo att ge n\u00e5gra produkter till individer och kunder yngre \u00e4n arton \u00e5r. D\u00e4rf\u00f6r klienter k\u00e4mpar med\u00a0<strong><a href=\"https:\/\/karlstardapotek.com\/product\/kop-ketamine-online\/\">var kan man k\u00f6pa ketaminpulver<\/a><\/strong>kan helt enkelt anv\u00e4nda denna Legit Chemicals webbplats. Den h\u00e4r webbplatsen kommer att vara s\u00e4ker och s\u00e4ker och kommer ocks\u00e5 att vara redo att ge de produkter som kr\u00e4vs i r\u00e4tt formel.\u00a0<\/span><\/p>\n<div class=\"bRMDJf islir\">\n<figure style=\"width: 388px\" class=\"wp-caption alignnone\"><a href=\"https:\/\/amphetaminapotek.com\/index.php\/product\/kop-ketamine-i-sverige\/\"><img decoding=\"async\" class=\"rg_i Q4LuWd\" src=\"data:image\/jpeg;base64,\/9j\/4AAQSkZJRgABAQAAAQABAAD\/2wCEAAkGBxAQEBUQDxIQFRUVFRUVFRgVFRUWEBUWFRUWFxUXFRUYHiggGBolHRYVITEhJSkrLi4uFyAzODMtNygtLisBCgoKDQ0NFRAQFSsdFRktLi0rKystLS0rLSstLS03Ky0rLS0tKy0rLS0tLS0tNy0rKzctLTcrKystLS0tLSsrK\/\/AABEIAKMBNgMBIgACEQEDEQH\/xAAcAAEAAQUBAQAAAAAAAAAAAAAAAQMEBQYHAgj\/xAA7EAACAQIEBQIEAwYGAgMAAAABAgADEQQSITEFBkFRYSJxEzKBkQehwRQjQrHR8DNScoLh8WKSFiRT\/8QAFwEBAQEBAAAAAAAAAAAAAAAAAAECA\/\/EABoRAQEBAQEBAQAAAAAAAAAAAAARAQIxEiH\/2gAMAwEAAhEDEQA\/AOHREQEREBERAREQEREBERAREQEREBERAREQEREBERAREQEREBERAREShERAREQEREBERIEREBERAREQEREBERASYiBESYgRE9\/Da17G3ext95FoHmJ6tFoEWi0mTA8xae8sgiB4iewJBEDzEmLQIiTECIiJQiIgIiICTIiAiIgIiICIiQIiICIiAiJ6p02Y2UEnwLwInpEvMtgeV8XW+WmQO7aTZ+F\/hxUNjVe3gaSwrTlwGm8yPDeVa+IPoUgdyJ1HhfJmHo29Nz5my4bCKgsqgS5ylc0wH4YXt8Wo30sJsWA\/DvBU9SpY+dZuFpN5qM1iv\/juGyFBTW1rbTQeZvw3KA1MMb9cv9J1QMJZ4tu0Slj51xmEqUWy1UZT5EoXnduL8Ko4pClVBc7G05hzFyZXwxLIC6eNxJvK501i8XkEW0MTDSbybzzF4HqQZF4vAReRECYkRKJiREgREQJkREBESYCJEQJiREBETKcG4DXxf+EBYGxJNhAxcToXDvw2J1rVPoot+c2jh3JuEo7ICe51MsK5DhOF16v+HTc\/Sw+5mxcO5BxVSxchB9zOr0sKiaKoHsJc00liVo\/Dfw6oLrUJc+dvtNowHL2HpD0U1H0mXVZUW01EqlTwoGwErLTnsNF4RAWSWtJtPFRYFJq0p\/HniqLS3d5Yi6NeW9SpKeaTLELyoBmFiAR5nlVlRZRqvMvItLEDPSAV\/E5xxTlbFYe5ZCwHVdfyncWvtmtKLsNmAMzvNXNfPRFt5E7Jxvk7D4k5suVu66Tn3H+UMRhTcA1F7gaj3ExvO43mtciSRbQyJlSIiAiIlCIiQIiTARIiBMSIgTIiICIiUJd8O4lWw7Z6LlT+R9xLSJB1flrnylWAp17I+1\/4T9ZuCsCLg3nzxNm5c5wrYYhXJen2PzAeDNVI7Gjy6WYDgnHcPiVzU2F+3UTOLU7SoqSRKSVLyshlHtFlSFWGMIi8ZxPObS8s62IEqJxVcS0LAyTYym47S4JDCT8US3cTyKJMqLn9oEDFjtLRqWl5RqNaBePVJkJvvLA1T0Mpti272gZ+nXOwtJesp0ZZr9PF92lWnjNb5r+JB64zyLhsWCygI3QrOW8wcp4nBuQy5l6MOs7FhsfUbRAT7bSrxHAvXplKpVQfq30mdzGs189EROz1eUeHKL1QXPcnX8ppPFuTfWThm9N9Ff8AleZ+dX6adEvcdwmvQP7ymwHe11+8s5GkREQERJkEREQEREoREmBEREgREQERECvg8ZUosHpsVPj9Z0XlnnlXsmI9Ld+hnM4lzR9D4XELUAZCCDL2iJwvlzmqthGAuXTqp3+hnVeAc00MSoKMM3VTowms1nWxuxlIqe8ptUJ\/7lE1D3lRVYDrKZpDxKbkwhPaVFFk13tKNVyJQxdSx3lJqynufaVF\/Rqg7yKtbsJh6mKy6AEd7yRjLjRhb84F5UxltDaUqeJpsTeTQwb1NVpk+ToJk6PCQo9bKvhdT94qsbUZD8oP8pTTAFj6VZvYafeZdnw9PYAnzqZb4jjR2UWiiknAWOrlVH3MrU8DhaW93Pk\/pMbWxrsL3Pm+gHuZg8XzBRQ2Ls5HRNR\/7HSSkbo3GFUWRQBLWrjXfXp+X3nPMRzPVPyBEHtmb7nT8o4XhMRjnu7vkHzMSbeyja8lWN5oNRqMQKqkjfKc1vcjQScWaFIZjew1JOwijhaeEo3ACoo1P6se80HmXjbYklQStPoOre814z6tOO82Vq+amlkp3I03YeT5muTI8J4LXxVRadFCSxte3pHck9hOp8v\/AIXYZKZ\/ag1aoRoAxRF16ZTcm3czn+66eONy4wGBqV3WnSUszGw7X8nYT6Jpfh9wsAWwlI2B3zEknvc6geZl6fLtNKOTDU6Kr\/kK+kW2taIVwxvw1xlMF8TUoUUUBmYtmsD3Amm1kCsVBDAEgEbGx3Hgz6P4pwLAFH\/bKYuwF9WtrtbXSc1x\/wCGbmr\/APXZalM63U+pRfa3XSN5TNc3kkH7zp\/E\/wAPqOHphqVZ6tQKSEdQF01IIA1mh43hDJUyAqL7ZrqL6XtfcSRaxcS+q8MdWy6G1rsPkF+5Npa1BbQG4797GRVO0SvQUMrgsq2GYXBux2yg\/W8oQERECIiICIiAiJJgRKlCu1NgyMVI2I3nk2sLXvrc30Pawtp1kuFyixJbXMCLAa6WN9fsIG\/8s8\/FbU8Uf93T69v5e03\/AAeLSvrTYH7Xnz9Mtwbj9bDEZGJUdCdv9J6e23iazpncdzLgfNe3Wea2KDjLTHTfaaby3zEMU9m9Wmo0FRfdb2I8j7CbdTwrbswRT03f+gmmWuVc2cq+vnoZd4bA4ioLIuUd7Wv9TM2goobqt27nUzzicXVI9NgOviUWNHlxF1rVCe4H9TLhThqH+Ggv9zLaqSRmJLfkP0H85YVm+g\/vvp9hKL\/E8fbZdB+X9JjK2OdzuTMfxTiFDDa129VtEXWo306DybTVMZzdiGuKQWkvSwBf6sevsBJcxY3aqcgzVGVF7sQo+5mIx3MuGpD93+9bxcIPdjv9B9ZpGKx9SsQatRnI2zNe3t2kDDVShqinUKDdwrfDHu1rSVYyHEuN1q5\/eN6eijRB9P6zHmr5luW95u3KHI9asoxNYFU3RNc9QHqf8q\/mZn1fGL5d4E+JId7rSvv1fwvjzOlYP4GGp+oBVUaAbD2HUy04hiKeCp3ewtoqjfwFE0vGcYr4gM2RSqENb+JfULWO\/Tf3m\/zGPW243iqY5ThkyopNxnOV7g3va+p8GYfFctD5VAcG3rcFMtt9R0lhwWsrUnepTKhn0rD1FCT8o3Ou1yN5vi4YMjIalypXe1zmGgNja\/mQWvImDWi4SwGjWPUsdiCddrTelpnOCb+g6W\/iIFrfcma7wDCLnzKwJyFfNg1h\/KbHwwZqefW6ubg\/+J\/WZbZUOV1FtvV7+PvK2GqekdjqPr3llUNzdTodx7\/9CTUr65U0636aWFoFfG4JKhzMgvawYjX28iYTAh1DLVpqGBOg7dCCOk2eg4YDp1lOrRUmx+5lSNZxGBpsAbspBuLedDvfvNc43yCCGq3aq1lCC5+IttdGvb72nQERQbiwOx\/rLokWsTfqPfxFI4FU4dTRHeuHqugV2puhKg7EVKgOii483ms8RxdOtTdWoU6b01UU\/hAi9j+8d3Pz6fznZ+a+UsPiqprOShZQGsWCtlbMM1MEZppvGOS6gdUorT+Cb+n1o7hQSyaE5QfAv3l3ErmFTCkU1q56ZzEjKGBqi3Vl6D3lCbLxblbEK7GnhayrcAKFZhqOjE3b6djtMNiOF16d\/iUayWFzmRlsL2ubja9piNVZxESKiIiAiSrEaiRAREQEREBET0qEgkdBc\/cD+ZEDKjiGGGGVEoMldGDCsrklzfUMNMgAta19R99i5d51bSlinNtg51GvR7DT\/UPqOs1Jq9MBgqaOq21GamwP+ZluQdTYEbjtLSWjuFGvdcw1G42Nx0IsbEeb2nj9qbQ7X2PX7n9BOTcI5gxOFFqTi2tgwzKpPVQdjM3gedcuY1qIZ2NwwY5QfFP5be1jqZrOmPlt3EeY6FAEt8RjbZRYE\/6zNH4rzdiKhIplaKn\/APP57eah9X2tMRxLiNSuxZ2J7dgNdLfUyyt\/fWTemsx7Z7m51J1J6k+ZGaV8BTos4FZ3pr1ZUz23v6bj295Rp5b6hiLjQWUkX1udbG3vMq23D85qcKcNWw+HLMpX4vwlLjSytuNQeviZLlZcNicH+y4vFrTXMXCqoFXXXMXuVtsLWvuPfbuQ+F8NqYIF8PctcD9oAaqVNrhGsPT007TOcO5YwquGp08qqbqCzEK217E9uu83jOtU4N+G9GjiDULtVpADKraZtbn4gGhG3p8a9pvb4hKa2Fr\/AN\/aWPM\/H6OAUBzdm+VRqxF7X9t9ZqlfmWliLDEYKo1GowppUuyqWb0qPiWyqb3\/AItLGVGxYnh+FxDfvvgv2BKlh4XsPO8x1L8O8DXdnos6aWNmvkY9FzA9hc7ici45ga2DxDJWRUfLmHqDDK2qsGU7zM8n8+V8CbOWqUze63HU3uD3v7yb0sbe2GwuELU1rV7hr1EyKGJOgBWqFdgTmsBcaEzO0WVaoJoWzIHRwhuS2hFU5cqDtdpo3MP4jmtXWthqeUEXdat6iZ10R1XS3p0IB\/W+Y4PzviMRSOYU\/hpYGoyZil1FwlMaFrkC5KjWKkbLw\/C1Pi3KhWv6uurag2BItf7zZRiBkGXTUBrdxvp30mncG5tw9RCEB+OSFUGwJfYkKCQqXFydPzmWw\/Ekap8JgdPU7qMtPNmYGxbcaA2HjeWFbIbZM1Pve46nqIwSh7FhqBfKRax+u5mLxvFqWFKu7BabD0mxI0tpYddb29+0mvzXh2I+GSbfMQCQptoLgWO99\/1ki1sNerkXMNet\/wBJDVi2XubaefeYqvjqhSkMgGZrNroFFz066Sm\/F6SvlLWIYBuysRdQf8t7je17iIVlvhkkmxGuvnoYzhF\/3a\/8TEYjj6U0+KA9VNmalZtmtcKTrrfa80Dj3Or1gauExVOlhyADn\/xAfUWAXIbv8pAUnTe0DesZUpWZqtlBuFJz2N9AAvW\/ianxbiqoKaMcHiVZWKuQqmmw0ucz6jLcEg3mlYzm6pWpmhVcLTGV6L1qPxK1SxZb\/KRY3N9NgRvea5V4pUrlQc6hASwpgEADUtkXKAB+u8VI6Jifi1Q74ZqSUlypkpVWvmvaygAXYi\/zA622nNuMNWDlagqqL3CvnBsdiQ8oVOJVmYVGqMXFrMbZha1rH6D7RT4riFJK1anqUofUT6T012+m0m61mRaZja19CQbdCRex\/M\/eJ7rYlnChsvpvayqrG5ucxAux8m8TKqMREBERAREQEnSRECbfl+UiIgemcnck2AAv2GwnmIgSIkRAkT0lr66ee3eebxA9swubX8f8iVcPa4NwD07eDrLcGSDA3PCc01DVw1NndlV0dw7qEuDdsmgA\/i026TruM5koUaVqdWj8R1zJ8RyEAOmdrAnLfoBc2PYkfOGc9ZkcPj8iWG8uam4yfMXE6lSoz1Hzux1bp2Fgdh2AlDl3jq0XIxIepQZWDJZGOvVBUBC7nVcp13mErVSxuZTikX\/GamGasxwa1VokgqKrBqg01uR0ve25t1lkQJAaReRVepUTIoVCGGbOxa+e50stvSAPe8pqbfcX138SFcjYxn9v79oF8MecwYKqkAAZQQbghs5N7l79TNj4DzFTLYeliRdEdi5dzkYE3VSLgAA9Tf7HTUNCbfqLfee1pg7MP78S0+a3XmjmcVarLRb9ySrot7ZCVIItey7m42B2tvLPA80VKRspumZWKHRGZQApNjvYDUdvaazkI728SGJGktT5dUxfPRqYam9F6SPntUV2a6AsLOcvkdj10mp1eca5Q5WcFswJzKRkYsQo9IZSOhzbG2momp5us8s\/mKRfDHONVdxfNezH+IeofWWdWoxYlySx3LfNfyTrKUm8lULSDPQI6j89Z6CA7G3vIKcSSJEADERAiIiAiIgIiICIiAiIgIiICIiAiIgIiICTeREBERAREQJiRED0zX3kSJMD0GPeT8Q\/2AZ4iB7Zwen2\/pPEiIExIiBMSIgTESICIiAiIgIiICIiAiIgIiICIiAiIgIiICIiAiIgIiICIiAiIgIiICIiAiIgIiICIiAiIgIiIH\/\/2Q==\" alt=\"K\u00f6p ketamine online\" width=\"388\" height=\"204\" data-deferred=\"1\" data-iml=\"1280.4000000003725\" data-atf=\"false\" \/><\/a><figcaption class=\"wp-caption-text\">K\u00f6p ketamine online<\/figcaption><\/figure>\n<\/div>\n<div class=\"zbRPDe M2qv4b P4HtKe\" aria-label=\"Ketamine is z\u00f3 gevaarlijk dat er in Den Bosch een eigen poli voor de drug is: 'Bij sommigen moet de blaas eruit' | Binnenland | AD.nl\"><\/div>\n<h6><span lang=\"EN-US\">\u00a0Hur man anv\u00e4nder K\u00f6p ketamine online pulver<\/span><\/h6>\n<p><span lang=\"EN-US\">\u00a0<\/span><\/p>\n<p><span lang=\"EN-US\"><strong><a href=\"https:\/\/en.wikipedia.org\/wiki\/Ketamine\">Ketamine<\/a><\/strong> \u00e4r ett farligt pulver som skapar hallucinationer, reversibel f\u00f6rlust av medvetande, kr\u00e4kningar, dubbelseende, etc. Men detta l\u00e4kemedel finns nu tillg\u00e4ngligt i olika andra droger med hj\u00e4lp av dessa forskningskemiska organ. Experterna \u00e4r tillr\u00e4ckligt bra p\u00e5 att tillverka r\u00e4tt medicin f\u00f6r att behandla n\u00f6d och generell anestesi under behandlingen. D\u00e4rf\u00f6r \u00e4r det b\u00e4ttre att k\u00e4nna till l\u00e4kemedlet b\u00e4ttre innan du ska k\u00f6pa det online. Online plattformen tillhandah\u00e5ller ocks\u00e5 olika instruktioner som \u00e4r l\u00e4tta f\u00f6r klienterna att veta om drogen och anv\u00e4nda dem f\u00f6r ytterligare \u00e4ndam\u00e5l.\u00a0<\/span><\/p>\n<p><span lang=\"EN-US\">Hur man k\u00f6p ketamin online pulver<\/span><\/p>\n<p><span lang=\"EN-US\">\u00a0<\/span><span lang=\"EN-US\">M\u00e5nga <strong>forska kemikalier\u00a0<\/strong>i denna ber\u00f6mda byr\u00e5 tillhandah\u00e5ller anestesi och relaterade l\u00e4kemedel. Detta inneb\u00e4r att du m\u00e5ste v\u00e4nda dig till webbplatsen n\u00e4r du vill ha denna typ av l\u00e4kemedel i en begr\u00e4nsad m\u00e4ngd eller i bulk. Online plattformen \u00e4r bra p\u00e5 att svara och kommer att leverera produkten med en supersnabb hastighet. Detta \u00e4r en certifierad byr\u00e5 och har ocks\u00e5 god erfarenhet och d\u00e4rf\u00f6r kommer de att ge r\u00e4tt formelprodukt utan problem. Detta kommer att vara anv\u00e4ndbart f\u00f6r personliga och \u00e4ven f\u00f6r forsknings\u00e4ndam\u00e5l.<\/span><\/p>\n","protected":false},"excerpt":{"rendered":"<p>K\u00f6pa Ketamin I Sverige K\u00f6pa Ketamin I Sverige\u00a0\u00e4r ett dissociativt bed\u00f6vningsmedel som anv\u00e4nds medicinskt f\u00f6r induktion och underh\u00e5ll av anestesi. Det anv\u00e4nds ocks\u00e5 som en rekreationsdrog. Det \u00e4r ett av de s\u00e4kraste bed\u00f6vningsmedlen, eftersom det, till skillnad fr\u00e5n opiater, eter och propofol, varken d\u00e4mpar andning eller hj\u00e4rtfrekvens. \u00a0KETAMIN DROG ANV\u00c4NDNINGAR L\u00e4kare anv\u00e4nder\u00a0ketamin\u00a0f\u00f6r att inducera generell&hellip;&nbsp;<a href=\"https:\/\/amphetaminapotek.com\/index.php\/product\/kop-ketamine-i-sverige\/\" rel=\"bookmark\">L\u00e4s mer &raquo;<span class=\"screen-reader-text\">K\u00f6pa Ketamin I Sverige<\/span><\/a><\/p>\n","protected":false},"featured_media":766,"comment_status":"open","ping_status":"closed","template":"","meta":{"_monsterinsights_skip_tracking":false,"_monsterinsights_sitenote_active":false,"_monsterinsights_sitenote_note":"","_monsterinsights_sitenote_category":0,"_uf_show_specific_survey":0,"_uf_disable_surveys":false,"neve_meta_sidebar":"","neve_meta_container":"","neve_meta_enable_content_width":"off","neve_meta_content_width":100,"neve_meta_title_alignment":"","neve_meta_author_avatar":"","neve_post_elements_order":"","neve_meta_disable_header":"","neve_meta_disable_footer":"","neve_meta_disable_title":"","_themeisle_gutenberg_block_has_review":false},"product_brand":[],"product_cat":[15],"product_tag":[1292,1293,1294,1295,1296,1297,1298,1299,1300,1301,1302,1303,1304,1305,1306,1307,1308,1309,1310,1311,1312,1313,1314,1315,1316,1317,1318,1319,1320,1321,1322,1323,1324,1325],"class_list":{"0":"post-715","1":"product","2":"type-product","3":"status-publish","4":"has-post-thumbnail","6":"product_cat-uncategorized","7":"product_tag-basta-apotek-i-sverige","8":"product_tag-basta-online-sjukhuset","9":"product_tag-basta-sverige-apotek","10":"product_tag-bestalla-ketamin-online","11":"product_tag-bestalla-ketamin-online-utan-recept","12":"product_tag-billig-ketamin","13":"product_tag-france-ketamin","14":"product_tag-gratis-droger","15":"product_tag-gratis-frakt","16":"product_tag-gratis-ketamin","17":"product_tag-ketamin-av-hog-kvalitet","18":"product_tag-ketamin-for-smarta","19":"product_tag-ketamin-nara-mig","20":"product_tag-ketamin-online","21":"product_tag-ketamin-sverige","22":"product_tag-kop-ketamin-i-storbritannien","23":"product_tag-kop-ketamin-i-sverige","24":"product_tag-kop-ketamin-i-usa-palitligt-onlineapotek-i-sverige","25":"product_tag-kop-ketamin-online-utan-recept","26":"product_tag-kopa-ketamin","27":"product_tag-kopa-ketamin-pa-natet","28":"product_tag-kopa-opiater-pa-natet","29":"product_tag-kvalitet-ketamin-online-utan-recept","30":"product_tag-pharmaceutical-online","31":"product_tag-pharmacy-online-fri-frakt","32":"product_tag-somntabletter","33":"product_tag-sverige-apotek-nara-mig","34":"product_tag-sverige-ketamin-apotek-i-storbritannien","35":"product_tag-usa-apotek","36":"product_tag-var-kan-jag-fa-ketamin","37":"product_tag-var-kan-jag-kopa-ketamin","38":"product_tag-var-kan-jag-kopa-ketamin-nara-mig-smartstillande-medel","39":"product_tag-var-kan-jag-kopa-ketamin-online-utan-recept","40":"product_tag-var-kan-jag-kopa-smartstillande-medel","42":"first","43":"instock","44":"sale","45":"shipping-taxable","46":"purchasable","47":"product-type-simple"},"aioseo_notices":[],"jetpack-related-posts":[{"id":246,"url":"https:\/\/amphetaminapotek.com\/index.php\/product\/fentanyl\/","url_meta":{"origin":715,"position":0},"title":"k\u00f6p Fentanyl i sverige utan recept","author":"kris","date":"","format":false,"excerpt":"Fentanyl \u00e4r en opioid sm\u00e4rtstillande medicin, ibland kallad narkotisk. Fentanylpl\u00e5ster \u00e4r ett starkt receptbelagt l\u00e4kemedel. Pl\u00e5sterna anv\u00e4nds f\u00f6r att behandla m\u00e5ttlig till sv\u00e5r kronisk sm\u00e4rta dygnet runt. Fentanylpl\u00e5ster anv\u00e4nds n\u00e4r andra sm\u00e4rtbehandlingar som l\u00e4kemedel utan opioid sm\u00e4rta eller opioidl\u00e4kemedel med omedelbar fris\u00e4ttning inte behandlar din sm\u00e4rta tillr\u00e4ckligt bra eller du\u2026","rel":"","context":"Liknande inl\u00e4gg","block_context":{"text":"Liknande inl\u00e4gg","link":""},"img":{"alt_text":"k\u00f6p Fentanyl i sverige utan recept","src":"https:\/\/i0.wp.com\/amphetaminapotek.com\/wp-content\/uploads\/2023\/04\/en.jpg?resize=350%2C200&ssl=1","width":350,"height":200,"srcset":"https:\/\/i0.wp.com\/amphetaminapotek.com\/wp-content\/uploads\/2023\/04\/en.jpg?resize=350%2C200&ssl=1 1x, https:\/\/i0.wp.com\/amphetaminapotek.com\/wp-content\/uploads\/2023\/04\/en.jpg?resize=525%2C300&ssl=1 1.5x, https:\/\/i0.wp.com\/amphetaminapotek.com\/wp-content\/uploads\/2023\/04\/en.jpg?resize=700%2C400&ssl=1 2x"},"classes":[]},{"id":374,"url":"https:\/\/amphetaminapotek.com\/index.php\/product\/oxikodon-30mg-80mg\/","url_meta":{"origin":715,"position":1},"title":"k\u00f6pa oxycodon i sverige","author":"kris","date":"","format":false,"excerpt":"Oxykodon \u00e4r en opioid sm\u00e4rtstillande medicin kallas ibland narkotiska. Oxykodon anv\u00e4nds f\u00f6r att behandla m\u00e5ttlig till sv\u00e5r sm\u00e4rta.","rel":"","context":"Liknande inl\u00e4gg","block_context":{"text":"Liknande inl\u00e4gg","link":""},"img":{"alt_text":"k\u00f6pa oxycodon i sverige","src":"https:\/\/i0.wp.com\/amphetaminapotek.com\/wp-content\/uploads\/2023\/04\/NORDICAPOTEK-OX.jpg?resize=350%2C200&ssl=1","width":350,"height":200,"srcset":"https:\/\/i0.wp.com\/amphetaminapotek.com\/wp-content\/uploads\/2023\/04\/NORDICAPOTEK-OX.jpg?resize=350%2C200&ssl=1 1x, https:\/\/i0.wp.com\/amphetaminapotek.com\/wp-content\/uploads\/2023\/04\/NORDICAPOTEK-OX.jpg?resize=525%2C300&ssl=1 1.5x, https:\/\/i0.wp.com\/amphetaminapotek.com\/wp-content\/uploads\/2023\/04\/NORDICAPOTEK-OX.jpg?resize=700%2C400&ssl=1 2x"},"classes":[]},{"id":239,"url":"https:\/\/amphetaminapotek.com\/index.php\/product\/tramadol-100mg200mg225mg\/","url_meta":{"origin":715,"position":2},"title":"Tramadol 100mg,200mg,225mg","author":"kris","date":"","format":false,"excerpt":"Tramadol \u00e4r en narkotisk-liknande sm\u00e4rtstillande medel. Tramadol anv\u00e4nds f\u00f6r att behandla m\u00e5ttlig till sv\u00e5r sm\u00e4rta hos vuxna. Tramadols f\u00f6rl\u00e4ngda fris\u00e4ttningsform \u00e4r f\u00f6r behandling av sm\u00e4rta dygnet runt. Tramadols f\u00f6rl\u00e4ngd fris\u00e4ttningsmedel \u00e4r inte avsedd f\u00f6r anv\u00e4ndning p\u00e5 grund av sm\u00e4rta.","rel":"","context":"Liknande inl\u00e4gg","block_context":{"text":"Liknande inl\u00e4gg","link":""},"img":{"alt_text":"","src":"https:\/\/i0.wp.com\/amphetaminapotek.com\/wp-content\/uploads\/2023\/04\/BN-QI336_TRAMA1_M_20161018152846.jpg?resize=350%2C200&ssl=1","width":350,"height":200,"srcset":"https:\/\/i0.wp.com\/amphetaminapotek.com\/wp-content\/uploads\/2023\/04\/BN-QI336_TRAMA1_M_20161018152846.jpg?resize=350%2C200&ssl=1 1x, https:\/\/i0.wp.com\/amphetaminapotek.com\/wp-content\/uploads\/2023\/04\/BN-QI336_TRAMA1_M_20161018152846.jpg?resize=525%2C300&ssl=1 1.5x, https:\/\/i0.wp.com\/amphetaminapotek.com\/wp-content\/uploads\/2023\/04\/BN-QI336_TRAMA1_M_20161018152846.jpg?resize=700%2C400&ssl=1 2x, https:\/\/i0.wp.com\/amphetaminapotek.com\/wp-content\/uploads\/2023\/04\/BN-QI336_TRAMA1_M_20161018152846.jpg?resize=1050%2C600&ssl=1 3x"},"classes":[]},{"id":389,"url":"https:\/\/amphetaminapotek.com\/index.php\/product\/amfetamin\/","url_meta":{"origin":715,"position":3},"title":"k\u00f6p amfetamin i sverige","author":"kris","date":"","format":false,"excerpt":"Amfetamin kan vara vanabildande, och detta l\u00e4kemedel \u00e4r ett missbrukande l\u00e4kemedel. Tala om f\u00f6r din l\u00e4kare om du har haft problem med droger eller alkoholmissbruk. Stimulanter har orsakat stroke, hj\u00e4rtinfarkt och pl\u00f6tslig d\u00f6d hos personer med h\u00f6gt blodtryck, hj\u00e4rtsjukdom eller hj\u00e4rtfel.","rel":"","context":"Med 19 kommentarer","block_context":{"text":"Med 19 kommentarer","link":"https:\/\/amphetaminapotek.com\/index.php\/product\/amfetamin\/#comments"},"img":{"alt_text":"k\u00f6p amfetamin i sverige","src":"https:\/\/encrypted-tbn0.gstatic.com\/images?q=tbn:ANd9GcQJf2ag6-g7YdtBzmyMF5_EhDR3ePETfpI_LR4ECoZBbr3FOCr8IX0tF_xfjY7pI7Lk0Sg&usqp=CAU","width":350,"height":200},"classes":[]},{"id":373,"url":"https:\/\/amphetaminapotek.com\/index.php\/product\/morfin-15mg30mg60mg\/","url_meta":{"origin":715,"position":4},"title":"k\u00f6pa morfin 30 mg i sverige utan recept","author":"kris","date":"","format":false,"excerpt":"Morfin \u00e4r en opioidmedicinering. En opioid kallas ibland narkotisk. Morfin anv\u00e4nds f\u00f6r att behandla m\u00e5ttlig till sv\u00e5r sm\u00e4rta. Kortverkande formuleringar tas som beh\u00f6vs f\u00f6r sm\u00e4rta. Morfins f\u00f6rl\u00e4ngda fris\u00e4ttningsform \u00e4r f\u00f6r behandling av sm\u00e4rta dygnet runt. Denna form av morfin \u00e4r inte avsedd f\u00f6r anv\u00e4ndning p\u00e5 grund av sm\u00e4rta.","rel":"","context":"Liknande inl\u00e4gg","block_context":{"text":"Liknande inl\u00e4gg","link":""},"img":{"alt_text":"k\u00f6pa morfin 30 mg i sverige utan recept","src":"https:\/\/i0.wp.com\/amphetaminapotek.com\/wp-content\/uploads\/2023\/04\/tumblr_oxb6sjY6jF1slq6nuo1_500.jpg?resize=350%2C200&ssl=1","width":350,"height":200},"classes":[]},{"id":396,"url":"https:\/\/amphetaminapotek.com\/index.php\/product\/fentermin\/","url_meta":{"origin":715,"position":5},"title":"k\u00f6p phentermine i sverige utan recept","author":"kris","date":"","format":false,"excerpt":"Fentermin liknar en amfetamin. Det stimulerar centrala nervsystemet (nerver och hj\u00e4rnan), vilket \u00f6kar din hj\u00e4rtfrekvens och blodtryck och minskar din aptit. Fentermin anv\u00e4nds tillsammans med kost och motion f\u00f6r att behandla fetma, s\u00e4rskilt hos personer med riskfaktorer som h\u00f6gt blodtryck, h\u00f6gt kolesterol eller diabetes. Phentermin kan ocks\u00e5 anv\u00e4ndas f\u00f6r \u00e4ndam\u00e5l\u2026","rel":"","context":"Liknande inl\u00e4gg","block_context":{"text":"Liknande inl\u00e4gg","link":""},"img":{"alt_text":"k\u00f6p phentermine i sverige utan recept","src":"https:\/\/i0.wp.com\/amphetaminapotek.com\/wp-content\/uploads\/2023\/04\/20428491_10212910288607623_1636939128_n.jpg?resize=350%2C200&ssl=1","width":350,"height":200},"classes":[]}],"jetpack_sharing_enabled":true,"_links":{"self":[{"href":"https:\/\/amphetaminapotek.com\/index.php\/wp-json\/wp\/v2\/product\/715","targetHints":{"allow":["GET"]}}],"collection":[{"href":"https:\/\/amphetaminapotek.com\/index.php\/wp-json\/wp\/v2\/product"}],"about":[{"href":"https:\/\/amphetaminapotek.com\/index.php\/wp-json\/wp\/v2\/types\/product"}],"replies":[{"embeddable":true,"href":"https:\/\/amphetaminapotek.com\/index.php\/wp-json\/wp\/v2\/comments?post=715"}],"wp:featuredmedia":[{"embeddable":true,"href":"https:\/\/amphetaminapotek.com\/index.php\/wp-json\/wp\/v2\/media\/766"}],"wp:attachment":[{"href":"https:\/\/amphetaminapotek.com\/index.php\/wp-json\/wp\/v2\/media?parent=715"}],"wp:term":[{"taxonomy":"product_brand","embeddable":true,"href":"https:\/\/amphetaminapotek.com\/index.php\/wp-json\/wp\/v2\/product_brand?post=715"},{"taxonomy":"product_cat","embeddable":true,"href":"https:\/\/amphetaminapotek.com\/index.php\/wp-json\/wp\/v2\/product_cat?post=715"},{"taxonomy":"product_tag","embeddable":true,"href":"https:\/\/amphetaminapotek.com\/index.php\/wp-json\/wp\/v2\/product_tag?post=715"}],"curies":[{"name":"wp","href":"https:\/\/api.w.org\/{rel}","templated":true}]}}