{"id":721,"date":"2024-05-09T13:59:58","date_gmt":"2024-05-09T11:59:58","guid":{"rendered":"https:\/\/amphetaminapotek.com\/?post_type=product&#038;p=721"},"modified":"2026-04-25T01:19:42","modified_gmt":"2026-04-24T23:19:42","slug":"kop-banana-ice-iget-bars-i-stockholm","status":"publish","type":"product","link":"https:\/\/amphetaminapotek.com\/index.php\/product\/kop-banana-ice-iget-bars-i-stockholm\/","title":{"rendered":"k\u00f6p Banana Ice IGET Bars i stockholm."},"content":{"rendered":"<h1>k\u00f6p <a href=\"https:\/\/amphetaminapotek.com\/index.php\/product\/kop-banana-ice-iget-bars-i-stockholm\/\">Banana<\/a> Ice IGET Bars i stockholm.<\/h1>\n<p>https:\/\/igetvapestoreperthaustralia.company.site\/products\/Banana-Ice-IGET-Bar-p645751524<\/p>\n<p>website&#8230;\u00a0 https:\/\/amphetaminapotek.com\/index.php\/product\/kop-banana-ice-iget-bars-i-stockholm\/<\/p>\n<p>shopigetvape@gmail.com<\/p>\n<div class=\"czzyk XOEbc\">\n<div class=\"F0uyec\" tabindex=\"0\" role=\"button\" data-viewer-entrypoint=\"1\">\n<div>\n<div class=\"H8Rx8c\">\n<p><a href=\"https:\/\/amphetaminapotek.com\/index.php\/product\/kop-banana-ice-iget-bars-i-stockholm\/\"><img fetchpriority=\"high\" decoding=\"async\" id=\"dimg_399\" class=\"YQ4gaf alignnone\" src=\"data:image\/jpeg;base64,\/9j\/4AAQSkZJRgABAQAAAQABAAD\/2wCEAAkGBxASEBUSEBAWFhIRFRUVEBEQFRATGBAQFxUYFhUVFRcYHSggGBooGxcVITEhJSkrLi4uGB8zODMtNyguLisBCgoKDg0OGxAQGi0lHyUtLS0wLS0yLS0tLS0tLi0uLS0uLS0tLS0tLS0tLS8tLS0tLS0tLS0tLS0wLS0tLS0tK\/\/AABEIAOEA4QMBEQACEQEDEQH\/xAAcAAEAAgMBAQEAAAAAAAAAAAAABAYCAwUHAQj\/xABNEAACAgECAwMHBQsJBgcAAAABAgADEQQhBRIxE0GBBgciUWFxsSMyMzTBFkJSVZGTlKHS0+IUFyRUc5Kj4\/Byg8LR4fEVJVNiY4Kz\/8QAGgEBAAIDAQAAAAAAAAAAAAAAAAMEAQIGBf\/EADcRAQABAwEECAQFBAIDAAAAAAABAgMRBAUSITETMjRBYXGBoRQiUbEVQlLR4ZHB8PEzQwYjU\/\/aAAwDAQACEQMRAD8A9xgICAgICAgICAgICAgICAgICAgICAgICAgICAgICAgICAgICAgICB8zAZgMwPsBAQEBAQEBAQEBAQEBAQEBAQEBAQEBAQEDzrzx+UN+nqpo07Mjak2FnTIYV1cmVBG4ybB09Xthh45Y9yWqxLnlYMSS3pA7Nn8p\/JA7p1be39cDhaZr2csGdSSXBBYcu+w9ndDL3TzU8cu1WiPbkmyh+zLN1ZeUMpPrODjPsgXSAgICAgICAgICAgICAgICAgICAgICAgIHkvnvP9I0H+xq\/jp4FH4kgwD4QwyYjl8PsgNAg5SfWf1CGXpfmV+r6j+2X\/8ANYHosBAQEBAQEBAQEBAQEBAQEBAQEBAQEBAQPH\/PpZjU6H+z1X62ogU7iR9Ee\/7DAiG\/aBM0DfJ+JgeleZX6td7bAf1Ff+EwPRoCAgICAgICAgICAgICAgICAgICAgICBrvuVFLuwVEBZmYhQqjckk7AQPD\/ADxcTq1eq0x0r9oNOtq2sq2cvpmsjlfGHGAd1JxA891tt3Tmt297D7IEes3EZ7Rx71f\/AJwN1dtwGOezHfs4GD12GT\/ruhh7J5svKTQ0I9dmoSvm5OTteZAeUNnJYADr34zmB6PoeL6a76HUVWf2diP8DDKbAQEBAQEBAQEBAQEBAQEBAQEBAQEBAqvnUP8A5Nrf7E\/EQPzbRSHXLFj\/APZh9sMIvGNIiVgqN+YDqT3H1zDKPpXbl+cfymZEsA8ueZsk4+c0MNRdvwj+UwJGipZ8\/KOpXlxg56jPQwymL5W8U0bhadfdjAIBYlcZO3I2V7vVBC28G89PEVA7Za7cdSyAE+KcoH5IFs0Xn00u38p0tiH11EWfqIX4wLXwXzm8J1O1ep5W\/AtR0I9+2P1wLbTarqGRgVbcEbgiBnAQEBAQEBAQEBAQEBAQEBAQOL5ZcPTUaG+hywW1OVimAQMjpkEfqkOouTbtVVx3Q2ojMxDyZPIDSqMC2\/xan93PDnbF79Me\/wC6z8PS06jzeaWwcr334Bzs1A3\/ADftMx+M3p\/LT7\/uz8PSxTzZaMdLtRj\/AGqP3cz+MXv00+\/7sdBSzXzdaTGO31GAc\/Oo\/dzaNr3Z\/LHv+50FLB\/NvpP\/AFtR\/ep\/dzM7Wu\/pj3\/c6ClnpfIPTJnFt2+OrVdwx+BNfxe9+mPf9zoKWnW+bvSWNzNbfnGNmqG25\/A9sxO170flj3\/cixS+6fzZaPuu1H96j93EbYvT+Wn3\/c6ClubzX6I9btR6vnUfu4q2xej8tPv+5FilJ4T5uNHS\/Mlt5OMek1J9X\/x+yaRtq9M43aff923w9P1evcBpRNOiICAoxv1JGxbxO\/jPf093pbVNf1j371SuMVTDoSZqQEBAQEBAQEBAQEBAQEBAQIPG\/q7+77RKuu7PX5N7fXhR7ROSqhfhrU7yKGW8DaTY4MNOd4pYllYNpJMcGGlOs0jmyxt7prWQlaUbRRA3MZpclmG3TDea0QzK38L+iXx+M6\/Z3Z6fX7qF7ryly6jICAgICAgICAgICAgICAgIEHjf1ez3faJV1vZ6\/Jvb68KU85WYzyXkSqxWUMhyrDKsOjD1j1j29\/WQ3LdVurdqji2icplJyJJROYay0XDBmZjA2HdfCS84YR6uvhIqebLXd84TW5zIT9OMLN4jEDC65UUu7cqqMsx6KveT6gO890ipom5VFNPOW3JOpjGJwwtnC\/ol8fiZ1mzuz0+v3lSvdeUuXURAQEBAQEBAQEBAQEBAQEBAg8c+r2e77RKuu7PX5N7fWh51x6tm01qJnmZGAA6sO9R7xkeM53Q3KaNTRNfLMLtUfKx8nLVt0tPZ7+gtYCjJ5kXBAA36DPu3k2u0lz4quiIzMzn0lrTXEU5lVdTruKWa3UabT2hewZs5WpcJn0RupYk7DxHrnr0aLSWLNNd6nE8OczzaVXuMbsZdHyD19+o09r32M7rcQC+AVXs6zy4A23J298qbX09u3uTbjHCeTFuuZqnLucK4tReWSqwM9bEMnQ7HGQD1XPeNpRr0t21TE1xwlLMtgcLksQFUEszEAADG5J2AlW3RNVe7TGZbTyQ34hSVF3ar2Jx8oSAuCeXqfbt75tVp7s3ui3Z3voRydSrUI6qUYMrgMpUg8yHoR7Ji\/brt\/LVGGKZiUfjuoWrSXO+AGRkGe8uCo+OfcDJ9naeq5qKIj659IK6sQz8ma2TS0o+QVQbHqoO6qfcpA8JFtC5Tc1dc0csyzRHy8XoHCvol8fiZ0OzuzU+v3U73XlLl5EQEBAQEBAQEBAQEBAQEBAQIXGvoH9w+IlXW\/wDBX5N7fWhRdfpe0rdAxXnVl5l6rzAjI9s5iidyuKsZxOcLvOEfzW6JKKL7nVi9V1tfMhLK3LyI3Knd6QO\/Xr3YE7Wqum7u1xHOI88TxwpV88PNPKziLHX2XV6hsalKi9lZIPKyIHXAIIwyH0SR0mLMTXRi7TxiZ4T7NpjHJ3uFaijT6G1NHdZa9pJ51rYtW5TDHkALAqq579yvrEo3KatRqKYuU7tNP1nm2zNHGrjnhwa+G+RTLhhYtbgArhg7JkZG67Kfapnp1V0TwmMouluZ4Yj0zP8AV94ytiPQussWygXBs45+2A6o6gbnByMg5x164rW9LZtzVXZjFUwzVeqmjFUcfrCXodPTq6b9Jpa+yVbq6h73vU9oQdx0Jwd8Du6Tzot3o1Nq9cnMzE8uHd7psxREx6sfJnhtel1eoZxqlStW7Oy6smt9IChRmZAct6VZxtgONt5a2jauX7cUUUxOZ+vHPgjt1TvZmUDyk4s2suSsejWXVKUf752PKHfGe8j146DO+bOk0dOhszXVxqxmceHdCSqd6XpHCNH2VaVlixrRU5m6tyqBk+3acVVO\/cquTGMzM4WO7C58M+iXx+JnUbP7PT6\/dSu9eUqXEZAQEBAQEBAQEBAQEBAQEBAg8c+r2e77RKuu7PX5N7fWhSTZOT3sL2HJ0Wuo0fET2uE0utrIvNm9TagE7lTsDy82fXnPrnU7JvTfsbuczTyjvwrXqePBO4v5AaS013UNTXbzKVVjzU6qjLHDVnoWDYyu2w29XpTcqnhVP7q8zOFQ0FS03kV1mrketbaQ3Py2G8K25XmAHcD3YlW7TMVW5qmJnMxnlwxmPVZ3ZiJ48JjPlxw7PBeJUsrGoOV5S5I9IHkwNl+crHPzSBkg4zjMnnmgmirGcOddqKLCawCXayoOHw5AY2tzZGUBGHxjcb5wcYi1FyabM1Uz\/nBLbomK43odryL1VF6pSEVLaUtey5a2UFz6CG6ysgbiyzY8u6bdBLFduKcfSOEIptzTiqZiZqiJ\/rxYeXWqsq061O6F9SVcqmfRqVmsbOTgE2Mg2yMVj1SbTUb1WfoxTzVzyH0a26o2WIWWgcytnZbsjl5vwmxkgd2M+qUdvano7O7E4z3d+Fi3TMy9Grck7Th4qmqeC1jC3cLHyS+PxM67Z0Y09Pr91G915S5dREBAQEBAQEBAQEBAQEBAQECFxr6B\/d9olXW\/8Ffk3t9aFMsTm2VeZj80DqzdwnOWrPTVxRHeuVVbsZaPKkAKlXYgV9mWYWqnNawZcs22SBtsds92wnZ6HTW6Plp7nP7U1Nyi38s4mVM0HHLV1TVIOWsOyKanZPmjfmVcAg7+6ehuU1ZiaVKbV61p41FNyc8MxPLmh6+26vXu1eDhq7X+YOdcnlBG3Mcrkd5OJXu2KZpzP5ePk9LS66Krcb2c1cPP+iYrWigJQBjtLAabFKclVhPOUIBbfoobpufS2nnU2bVdc3InMzGOEvXm9XREU1R\/kNHEL3eyxhZhmKBrVWtSRWBy8uPRUDJB2PUj2De1pbdFvo+5f02kuanFyqcQkeReiZbLLaLG+QS1uzW0VvqL+yc11AKVLAt6R2x6MtVV5jdmFbX6exp4iiiZmUTiKW6uxHd8vbSTZaVUZK8vLsgAJyx\/L7AJ51raU2oq3ozxiIjk8fp9yJz9Vs8iqx\/IaT6XLmxCXKfTq7mwADouAMZ3Iwe+ebtqxTXMX49f7PQsXM8FiqsAO08CK6Y5LOPqtfCz8kvj8TOr2fOdPT6\/dRu9eUuXUZAQEBAQEBAQEBAQEBAQEBAg8bH9Hf3D4iVNd2evyb2uvClPU3UHBBBDA4II6ETmbVVdmuK6ecLtURVGJczi7WPYxsOSayAMscFnGcZJ9XTunY7J1c6jM7uMT5uc21RFFNMZ\/wA4KHprzXddcaWZRZY3aLggDmIYkE+rv989emd3MzCteib1qizFcRwj5UivX\/J26sJ8o7rTUHIGFAG7b7bsfyTn9fM6rVU6eJxTjM+LqtmWI0Ojm9XETV3eCy6fU6EacXawNYU+UCV1nlZRuAS\/KTnHQ7YYZzvKmkt2LN6aaa81cY78fZc1fT37edzFOM9yq8TdWI5MU122gA\/e6el2J2A\/BGwAnuxzXtVXXp9FG7z4RlBuoQcpqXCJzup9Euxyxw7KDzEIMHfrnpLFWJo3O\/DkqLdz\/wBl6vMxnGe6P9zP0dPX68llHKa3Cty1qcsc5Kggdc4G3qOfbPI0+js00TXXVvRPHPdwaU26JomZq4xMcMc\/HPcvXkZw8Jw9eep+cM\/ZlfTyTYQ4flJxYdic79AOhmNbZo1Vrdpnhzj0W6K4pqzS7NDJkY39R33E46Iopqwv8Vt4Yfkl8fjOr2fMfD048fuo3evKVLqMgICAgICAgICAgICAgICAgQeNn+jv7h8RKmu7PV5N7fWhSnuPsnK1XJXsONxLV4t5W6msMPByJ1X\/AI3mq1Xn6\/2c5t\/hNE\/5zhVPJ7mCWo65VzYyeplDvW4\/KjidFRxiY8Xna+nE266fpCcmiNVGNZy4uY2V87c73KzZD9mgZwTsckAe2c3qdn3a9RvWZxH1dxo9p26NLTF2OPfyReKZtRq1BCL89yVOF9RwSF3PU\/qkuk2T0N3fuVZRanblNyziiicT4IOkpZrP5MF5nLBakHVj05QTgdVzvjA3nqXKdyV3Qa+1e0+L08P7fw713kBqnUqzV1FOWvFtzNypgKGIQsoAHcSCxB7zvFFzEYhUu16GnPR0TMz3z9XSv8lte96IgrKI6GvU8xNbqKmVl9EFubPsx7djPKp0OImJnhMT9+Dxeh58ebLgmr11WrataXqryy6mxzyo7BcBqlIy7fNHNjpjPQCRVV\/A2pmuc55Ql0unr5TPBaNMiDAHdtuT9s5yaqblc1Tzni9SIxGFt4YPkl8fjOq2fERp6ceP3UrvXlKlxGQEBAQEBAQEBAQEBAQEBAQIPGh8g\/uHxEqa7s9Xk3t9aFOdgP8ApOYmYhdcDjvCje62Jaa2VGQ+irhlJDDY9MHv3l7Z+1q9JmmmnOVfU6OjUREV9zo8I4dTp9MuazZbm7sHtVOZrXPNbYwxyqitkAd+D1ycdLXqYinpK5xE81WmzTwpiOXJR9TqWD2dp6VzNYr2WcxLHoHyTkYycDGCOX1S\/bmmu3TNE8J72s6a7Ve38\/LGMRPd9eHf6oKoEQMuBkBVCt6duNsKuS7mZzbtxlt8k3OjqzM8+PKP7QuXm64c1dr6i5zQ614qS2sEtUxBd+XORgquxwQC3cZUr1Nq78tExOE1zhwiMQ9FoNapYgaxuXDsMtzENvzdBgHJOAfvSOuRIpRol\/E6q0bsGBtz6SHtubOfwT98PUfZ461XKKetMQzuz9HNu1buflVGxYgLjbm9eAM7Ab+0znNoa+m9EURE4j6rdq1u8WdVYJyJ5cUUzxhNla+Fj5JfH4mdXs6Maen1+6je68pcuoyAgICAgICAgICAgICAgICBA459Xs932iU9f2evySWuvClGsmcrNOV0YKBv39cdSvfj24zJbE0UXKZq5ZYqzMcErimoW675LPZqgC5VlCtkk4BG+2J6m079F6KYt15+uPZBZomnOYVni\/k3Vdfzl3GQA1aco5mG2S2MjblG2OnWa2dqXdPa6K3\/AKSTRmcy6Gl4ZRQAlNaqTjmYD0mH\/uY+kfEypf1F27iK6ssxGElt7D12GxBIIPsI375pRcqouTNE44YJiJjiiJUpTZQCp7hjb\/t8Jj4i9NM\/PJu055OhUOZQRsR3CRVfPG93t44N6OG2PWab0VRiTGGVaEGRRTNM8G3NbuFH5JfH4zrdnTnT0+v3Ub3XlLl5EQEBAQEBAQEBAQEBAQEBAQIPG\/oH9w+IlTXdnq8klrrQpdtk5WqpdiGhFJP2yKImqWUksFXbw\/5ybMUxwY5tNK78x\/16zN7cd8sS+VHLE\/69kU8ask8IYofTPj8RFPXk7mmg4cj15mlPCqYZS9OeVsd32d01zu1HOG+1O8eM1u098MxLdprMneYt154STC2cL+iXx+M6zZ3Z49fupXuuly6iICAgICAgICAgICAgICAgIEDjv1ez3D4iU9f2evySWuvCkFczlMZXn3OBHJgG8xT80sl7YGB3\/CT1TiMNcPlAwMzNHCCWmk7+E0onizLS5w+faJpVwrI5OgRtmbXI4ZIbam2x6vhNIqzGBmi4Mi3cS2W7hJ+RXx+JnW7N7NT6\/dRvddMl9EQEBAQEBAQEBAQEBAQEBAQIHHPq7+4fESpr+z1+SS114UtjOVmV1HZsmQzOZbJNYwJNRGGso1zZMzM5khtbZfCSdzDRX18JHRzZlpv+dNLnMh0dOcrN4nMD6NjIJ4NkqqZp4sLZwr6JfH4mdZs3s9Pr91K915S5eREBAQEBAQEBAQEBAQEBAQECBxz6vZ7h8RKev7PX5JLXXhSLDOTqXnH1PH9LVa1dlhDIEL+hawrDsFQuwUhQSwG575Na0V65TFdMcPOO5rVcpicSmHjen7dtN2o7dE52rw3opgHJOMdCDjOcGbRp7nR9JjhyY3qc4ROHcc014ram3mW12rrwrjmsVS7LgjI9EE74\/XNqtLdomYqjlGfTkRXTMcGLeVGjNV1gvBTTMEvYLZ6DFuUAbelkjqMiS1aS9mKccZ5Nd+nnnkzTi+nwX7Qcq0rezYbAobPK3Tv5W267dJDTp7kVYx349YbTXDQ\/HNMdMNX2n9H3+U5X6c\/J83HN87bpFWlu9L0WPmIrpxvdzevlJpa8hrTt2ZcqljCoW4FfaED0C2Rsd5tb0d6Y5fXvjjjnj6sTcpStHx3TXWtXS7MyM6ORVcFV02ZTYV5M7jv7x65FqNLct071WMecd\/g2puUzOIdfTneVLc8Ukrhwr6JfH4mdfs3s9Pr91C910uXkRAQEBAQEBAQEBAQEBAQEBAgcd+r2e4fESnr+z1+SS114Ud5yVS8o2s8mdVZqr7hyjtL6HrY2HApoB2avGGYkJgNsMZzPYta6zRapozPCJieHfPir1W6pqmWeq8m9b2guVkayyjVLcc8nZ3XqSuGOedVJCjpgIJmnW2Jp3OMRExjvzEfYm3VnLXp\/JfVUX3fyYotDBjpt8Gm61UrezGPvU7Qgd5Czf421cojf63f4xHHH2Y6OqJ4MqfJOxbbq2CNpb7NMTjC\/JU1WLy8m+DzGvv7sxXrqJpiqMxVET\/WZjvZi1PLuauCeTOrRFqudOUPWGcennT0cz0py7ZzY5J36KBvmLuuszVvUxOePhxnnOfKGIt1YxLA+Tep\/8LTRehzC75RufY0do1nMNuueXaaTq7Mamb3Hl7s7lW5uutwPhus0+p1HLXTZTqLxaLbHIZFByE5MHLAbA5AB3kdzUWLtFEzMxMRjENopqpmW\/wAg+B36St11CjnYlmdb3sWx2bJPZYCocYHMMkyLaOot3sbk+392bVE081uo6zyaeadcOE\/RL4\/Ezsdm9mp9fuoXuvKZLyIgICAgICAgICAgICAgICAgQOO\/V7PcPiJT1\/Z6\/JJa68KM85KpeYCRss5vA1mSw1fCYka2mo1kzWZZS9PMCTNamW2nrNKebK4cJ+iXx+M7HZvZqfX7qF7rymS8iICAgICAgICAgICAgICAgIEDjv1ez3D4iU9odmr8klrrwozzkql5rEjZbJtA1NJYavkDW5mrLVNRNogSBNZbN1HWaU8xb+EfRDx+M7DZvZqfX7qF7rymy+iICAgICAgICAgICAgICAgIHG8sNS1WhvsSs2NXWXFa5BYLgnoD3Z7pFftdLbmjOMtqZxMS8Su845AyNID\/AL7+CeTOxY\/X7fyn+I8ET+c4\/wBS\/wAf\/LmPwSn\/AOnt\/LPxPg3r5zdt9IPz38EzGxaf1+38sfEeDA+csZ+rD89\/BM\/g8fr9v5PiPA\/nKH9WH53+CPwaP1+38nxHg1Wecr1aQfnv4I\/Bqf1+38nxHg1fzkn+qf438Ex+C0\/rn+n8nxHgl0ec3bfSD89\/BMfgsfr9v5PiPBm\/nSx00YP+\/wD8uYnYlM\/9nt\/LPxPg3aXznuTtoP8AH\/y5iNh0x\/2e38nxPg9o8jNc9+iquerszYCwQtzehzHlbOBsRg9O+evprHQ24oznCCureqy7cnaEBAQEBAQEBAQEBAQEBAQEBA4l3khwx2LPw\/TFm3ZjRSST6z6MDD7iuFfi3S\/o9P7MB9xXCvxbpf0en9mA+4rhX4t0v6PT+zA+fcTwr8W6X9Ho\/ZgPuJ4V+LdL+j0fswH3E8K\/Ful\/R6P2YH37iuFfi3S\/o9P7MB9xXCvxbpf0en9mBlX5HcMUgrw\/TAg5BFFIwf7sDtgQPsBAQEBAQEBAQEBAQEBAQEBAQEBAQEBAQEBAQEBAQEBAQEBAQEBAQEBAQEBAQEBAQEBAQEBAQEBAQEBAQEBAQEBAQED\/2Q==\" alt=\"IGET Bar Disposable Vape \" width=\"243\" height=\"243\" data-csiid=\"52\" data-atf=\"4\" \/><\/a><\/p>\n<div class=\"cC9Rib\"><\/div>\n<\/div>\n<\/div>\n<\/div>\n<\/div>\n<p>Banana Ice IGET Bars erbjuder den tropiska doften av bananer med en cool mentolunderton, denna nya variant p\u00e5 en gammal standard smakar b\u00e5de naturligt och uppfriskande.<\/p>\n<p>IGET Bar \u00e4r en enhet f\u00f6r fritidsvaping, 3500 puff gjord av l\u00e4tt 304 rostfritt st\u00e5l, som ger en bekv\u00e4m handk\u00e4nsla. Med fantastiska smaker och stor kapacitet kommer IGET Bar att finnas d\u00e4r n\u00e4rhelst du beh\u00f6ver den.<\/p>\n<p>Funktioner:<\/p>\n<p>&#8211; 1 x IGET Bar eng\u00e5ngsenhet<br \/>\n&#8211; F\u00f6rfylld: 12mL Salt Nic<br \/>\n&#8211; <a href=\"https:\/\/amphetaminapotek.com\/index.php\/product\/kop-banana-ice-iget-bars-i-stockholm\/\">NETTOVIKT<\/a>: 78g<br \/>\n&#8211; F\u00f6rladdat, bara puffa p\u00e5 enheten f\u00f6r att aktivera<br \/>\n&#8211; Salt Nikotin: 5%, (50MG) Salt Nic inuti f\u00f6r en exakt cigarettliknande halstr\u00e4ff<br \/>\n&#8211; Upp till 3500+ puffar per eng\u00e5ngsprodukt<br \/>\n&#8211; Kompakt, l\u00e4tt och b\u00e4rbar.<\/p>\n<p>WEBBPLATS&#8230; https:\/\/igetvapestoreperthaustralia.company.site\/products\/Banana-Ice-IGET-Bar-p645751524<\/p>\n<p>shopigetvape@gmail.com<\/p>\n","protected":false},"excerpt":{"rendered":"<p>k\u00f6p Banana Ice IGET Bars i stockholm. https:\/\/igetvapestoreperthaustralia.company.site\/products\/Banana-Ice-IGET-Bar-p645751524 website&#8230;\u00a0 https:\/\/amphetaminapotek.com\/index.php\/product\/kop-banana-ice-iget-bars-i-stockholm\/ shopigetvape@gmail.com Banana Ice IGET Bars erbjuder den tropiska doften av bananer med en cool mentolunderton, denna nya variant p\u00e5 en gammal standard smakar b\u00e5de naturligt och uppfriskande. IGET Bar \u00e4r en enhet f\u00f6r fritidsvaping, 3500 puff gjord av l\u00e4tt 304 rostfritt st\u00e5l, som ger en&hellip;&nbsp;<a href=\"https:\/\/amphetaminapotek.com\/index.php\/product\/kop-banana-ice-iget-bars-i-stockholm\/\" rel=\"bookmark\">L\u00e4s mer &raquo;<span class=\"screen-reader-text\">k\u00f6p Banana Ice IGET Bars i stockholm.<\/span><\/a><\/p>\n","protected":false},"featured_media":723,"comment_status":"open","ping_status":"closed","template":"","meta":{"_monsterinsights_skip_tracking":false,"_monsterinsights_sitenote_active":false,"_monsterinsights_sitenote_note":"","_monsterinsights_sitenote_category":0,"_uf_show_specific_survey":0,"_uf_disable_surveys":false,"neve_meta_sidebar":"","neve_meta_container":"","neve_meta_enable_content_width":"off","neve_meta_content_width":100,"neve_meta_title_alignment":"","neve_meta_author_avatar":"","neve_post_elements_order":"","neve_meta_disable_header":"","neve_meta_disable_footer":"","neve_meta_disable_title":"","_themeisle_gutenberg_block_has_review":false},"product_brand":[],"product_cat":[15],"product_tag":[],"class_list":{"0":"post-721","1":"product","2":"type-product","3":"status-publish","4":"has-post-thumbnail","6":"product_cat-uncategorized","8":"first","9":"instock","10":"shipping-taxable","11":"product-type-simple"},"aioseo_notices":[],"jetpack-related-posts":[{"id":390,"url":"https:\/\/amphetaminapotek.com\/index.php\/product\/viagra\/","url_meta":{"origin":721,"position":0},"title":"viagra","author":"kris","date":"","format":false,"excerpt":"Viagra (sildenafil) slappnar av muskler som finns i blodk\u00e4rlens v\u00e4ggar och \u00f6kar blodfl\u00f6det till vissa delar av kroppen. Viagra anv\u00e4nds f\u00f6r att behandla erektil dysfunktion (impotens) hos m\u00e4n. Ett annat m\u00e4rke av sildenafil \u00e4r Revatio, som anv\u00e4nds f\u00f6r att behandla pulmonell arteriell hypertension och f\u00f6rb\u00e4ttra tr\u00e4ningskapaciteten hos m\u00e4n och kvinnor.\u2026","rel":"","context":"Liknande inl\u00e4gg","block_context":{"text":"Liknande inl\u00e4gg","link":""},"img":{"alt_text":"","src":"","width":0,"height":0},"classes":[]},{"id":382,"url":"https:\/\/amphetaminapotek.com\/index.php\/product\/hydrokodon\/","url_meta":{"origin":721,"position":1},"title":"k\u00f6p hydrokodon i sverige","author":"kris","date":"","format":false,"excerpt":"Hydrokodon \u00e4r en opioid sm\u00e4rtstillande medicin. Zohydro ER och Hysingla ER \u00e4r f\u00f6rl\u00e4ngda fris\u00e4ttningsformer av hydrokodon som anv\u00e4nds f\u00f6r dygnsbehandling av allvarlig sm\u00e4rta. Hydrocodon med f\u00f6rl\u00e4ngd fris\u00e4ttning \u00e4r inte till f\u00f6rfogande p\u00e5 grund av sm\u00e4rta.","rel":"","context":"Med 3 kommentarer","block_context":{"text":"Med 3 kommentarer","link":"https:\/\/amphetaminapotek.com\/index.php\/product\/hydrokodon\/#comments"},"img":{"alt_text":"k\u00f6p hydrokodon i sverige","src":"https:\/\/i0.wp.com\/amphetaminapotek.com\/wp-content\/uploads\/2023\/04\/Vicodin.jpg?resize=350%2C200&ssl=1","width":350,"height":200},"classes":[]},{"id":391,"url":"https:\/\/amphetaminapotek.com\/index.php\/product\/cannabis\/","url_meta":{"origin":721,"position":2},"title":"k\u00f6pa Hempa (Cannabis) online","author":"kris","date":"","format":false,"excerpt":"Cannabis, \u00e4ven k\u00e4nd som marijuana eller hampa bland andra namn, \u00e4r en psykoaktiv drog fr\u00e5n cannabisv\u00e4xten som anv\u00e4nds fr\u00e4mst f\u00f6r medicinska eller rekreations\u00e4ndam\u00e5l. Den huvudsakliga psykoaktiva komponenten i cannabis \u00e4r tetrahydrocannabinol (THC), som \u00e4r en av de 483 k\u00e4nda f\u00f6reningarna i v\u00e4xt, inklusive minst 65 andra cannabinoider. Cannabis kan anv\u00e4ndas\u2026","rel":"","context":"Med 1 kommentar","block_context":{"text":"Med 1 kommentar","link":"https:\/\/amphetaminapotek.com\/index.php\/product\/cannabis\/#comments"},"img":{"alt_text":"Hempa","src":"https:\/\/i0.wp.com\/amphetaminapotek.com\/wp-content\/uploads\/2023\/04\/strain-8.png?resize=350%2C200&ssl=1","width":350,"height":200,"srcset":"https:\/\/i0.wp.com\/amphetaminapotek.com\/wp-content\/uploads\/2023\/04\/strain-8.png?resize=350%2C200&ssl=1 1x, https:\/\/i0.wp.com\/amphetaminapotek.com\/wp-content\/uploads\/2023\/04\/strain-8.png?resize=525%2C300&ssl=1 1.5x, https:\/\/i0.wp.com\/amphetaminapotek.com\/wp-content\/uploads\/2023\/04\/strain-8.png?resize=700%2C400&ssl=1 2x, https:\/\/i0.wp.com\/amphetaminapotek.com\/wp-content\/uploads\/2023\/04\/strain-8.png?resize=1050%2C600&ssl=1 3x, https:\/\/i0.wp.com\/amphetaminapotek.com\/wp-content\/uploads\/2023\/04\/strain-8.png?resize=1400%2C800&ssl=1 4x"},"classes":[]},{"id":395,"url":"https:\/\/amphetaminapotek.com\/index.php\/product\/nitrazepam\/","url_meta":{"origin":721,"position":3},"title":"K\u00f6p NITRAZEPAM i sverige","author":"kris","date":"","format":false,"excerpt":"1. L\u00e4kemedlets namn Nitrazepam 5mg tabletter 2. Kvalitativ och kvantitativ sammans\u00e4ttning Varje tablett inneh\u00e5ller 5 mg Nitrazepam Ph Eur. F\u00f6r fullst\u00e4ndig f\u00f6rteckning \u00f6ver hj\u00e4lp\u00e4mnen, se avsnitt 6.1. 3. L\u00e4kemedelsform tabletter Po\u00e4nglinjen \u00e4r inte avsedd att bryta tabletten","rel":"","context":"Liknande inl\u00e4gg","block_context":{"text":"Liknande inl\u00e4gg","link":""},"img":{"alt_text":"","src":"https:\/\/i0.wp.com\/amphetaminapotek.com\/wp-content\/uploads\/2023\/04\/nitrazepam.jpg?resize=350%2C200&ssl=1","width":350,"height":200,"srcset":"https:\/\/i0.wp.com\/amphetaminapotek.com\/wp-content\/uploads\/2023\/04\/nitrazepam.jpg?resize=350%2C200&ssl=1 1x, https:\/\/i0.wp.com\/amphetaminapotek.com\/wp-content\/uploads\/2023\/04\/nitrazepam.jpg?resize=525%2C300&ssl=1 1.5x"},"classes":[]},{"id":242,"url":"https:\/\/amphetaminapotek.com\/index.php\/product\/subutex\/","url_meta":{"origin":721,"position":4},"title":"K\u00f6p Subutex 8mg I Sverige","author":"kris","date":"","format":false,"excerpt":"Subutex \u00e4r en opioidmedicin. Detta l\u00e4kemedel muntligt \/ sublingalt (ges under tungan) anv\u00e4nds f\u00f6r att behandla opioidberoende. Andra former av buprenorfin anv\u00e4nds f\u00f6r att behandla m\u00e5ttlig till sv\u00e5r sm\u00e4rta. Subutex sublingual ska inte anv\u00e4ndas som sm\u00e4rtstillande medel.","rel":"","context":"Liknande inl\u00e4gg","block_context":{"text":"Liknande inl\u00e4gg","link":""},"img":{"alt_text":"K\u00f6p Subutex 8mg I Sverige","src":"https:\/\/i0.wp.com\/amphetaminapotek.com\/wp-content\/uploads\/2023\/04\/ob_2dd55b_subutex-8.jpg?resize=350%2C200&ssl=1","width":350,"height":200,"srcset":"https:\/\/i0.wp.com\/amphetaminapotek.com\/wp-content\/uploads\/2023\/04\/ob_2dd55b_subutex-8.jpg?resize=350%2C200&ssl=1 1x, https:\/\/i0.wp.com\/amphetaminapotek.com\/wp-content\/uploads\/2023\/04\/ob_2dd55b_subutex-8.jpg?resize=525%2C300&ssl=1 1.5x, https:\/\/i0.wp.com\/amphetaminapotek.com\/wp-content\/uploads\/2023\/04\/ob_2dd55b_subutex-8.jpg?resize=700%2C400&ssl=1 2x, https:\/\/i0.wp.com\/amphetaminapotek.com\/wp-content\/uploads\/2023\/04\/ob_2dd55b_subutex-8.jpg?resize=1050%2C600&ssl=1 3x"},"classes":[]},{"id":252,"url":"https:\/\/amphetaminapotek.com\/index.php\/product\/ecstasy-mdma\/","url_meta":{"origin":721,"position":5},"title":"K\u00f6p Ecstacy I Sverige","author":"kris","date":"","format":false,"excerpt":"Ecstasy (MDMA, 3,4 metylendioximetamfetamin) \u00e4r ett syntetiskt, psykoaktivt l\u00e4kemedel som liknar det stimulerande metamfetaminet och hallucinogenmeskalinet. Det verkar som b\u00e5de en stimulans och psykedelisk, som ger en energiserande effekt, liksom f\u00f6rvr\u00e4ngningar i tid och uppfattning och \u00f6kad njutning fr\u00e5n taktila upplevelser. Dess prim\u00e4ra effekter finns i hj\u00e4rnan p\u00e5 neuroner som\u2026","rel":"","context":"Liknande inl\u00e4gg","block_context":{"text":"Liknande inl\u00e4gg","link":""},"img":{"alt_text":"","src":"","width":0,"height":0},"classes":[]}],"jetpack_sharing_enabled":true,"_links":{"self":[{"href":"https:\/\/amphetaminapotek.com\/index.php\/wp-json\/wp\/v2\/product\/721","targetHints":{"allow":["GET"]}}],"collection":[{"href":"https:\/\/amphetaminapotek.com\/index.php\/wp-json\/wp\/v2\/product"}],"about":[{"href":"https:\/\/amphetaminapotek.com\/index.php\/wp-json\/wp\/v2\/types\/product"}],"replies":[{"embeddable":true,"href":"https:\/\/amphetaminapotek.com\/index.php\/wp-json\/wp\/v2\/comments?post=721"}],"wp:featuredmedia":[{"embeddable":true,"href":"https:\/\/amphetaminapotek.com\/index.php\/wp-json\/wp\/v2\/media\/723"}],"wp:attachment":[{"href":"https:\/\/amphetaminapotek.com\/index.php\/wp-json\/wp\/v2\/media?parent=721"}],"wp:term":[{"taxonomy":"product_brand","embeddable":true,"href":"https:\/\/amphetaminapotek.com\/index.php\/wp-json\/wp\/v2\/product_brand?post=721"},{"taxonomy":"product_cat","embeddable":true,"href":"https:\/\/amphetaminapotek.com\/index.php\/wp-json\/wp\/v2\/product_cat?post=721"},{"taxonomy":"product_tag","embeddable":true,"href":"https:\/\/amphetaminapotek.com\/index.php\/wp-json\/wp\/v2\/product_tag?post=721"}],"curies":[{"name":"wp","href":"https:\/\/api.w.org\/{rel}","templated":true}]}}