{"id":728,"date":"2024-05-30T16:10:15","date_gmt":"2024-05-30T14:10:15","guid":{"rendered":"https:\/\/amphetaminapotek.com\/?post_type=product&#038;p=728"},"modified":"2026-03-21T05:49:36","modified_gmt":"2026-03-21T04:49:36","slug":"simpsons-ol-zur-krebsheilung","status":"publish","type":"product","link":"https:\/\/amphetaminapotek.com\/index.php\/product\/simpsons-ol-zur-krebsheilung\/","title":{"rendered":"K\u00f6p Simpsons-\u00d6l zur Krebsheilung"},"content":{"rendered":"<p><a href=\"https:\/\/amphetaminapotek.com\/index.php\/product\/simpsons-ol-zur-krebsheilung\/\">K\u00f6p Simpsons-\u00d6l zur Krebsheilung<\/a><\/p>\n<p>Rick Simpson Oil (RSO) ist ein hochwirksames, gereinigtes Cannabis\u00f6l mit vollem Spektrum, das vollst\u00e4ndig aktiviertes THC, Cannabinoide, Terpene, Flavonoide, Chlorophyll und Carotinoide enth\u00e4lt. RSO kann oral eingenommen oder auch \u00e4u\u00dferlich auf die Haut aufgetragen werden.<\/p>\n<p><img fetchpriority=\"high\" decoding=\"async\" class=\"alignnone size-medium wp-image-730\" src=\"https:\/\/amphetaminapotek.com\/wp-content\/uploads\/2024\/05\/IMG_1077-175x300.jpeg\" alt=\"Simpsons-\u00d6l zur Krebsheilung\" width=\"175\" height=\"300\" srcset=\"https:\/\/amphetaminapotek.com\/wp-content\/uploads\/2024\/05\/IMG_1077-175x300.jpeg 175w, https:\/\/amphetaminapotek.com\/wp-content\/uploads\/2024\/05\/IMG_1077-598x1024.jpeg 598w, https:\/\/amphetaminapotek.com\/wp-content\/uploads\/2024\/05\/IMG_1077-768x1314.jpeg 768w, https:\/\/amphetaminapotek.com\/wp-content\/uploads\/2024\/05\/IMG_1077-600x1027.jpeg 600w, https:\/\/amphetaminapotek.com\/wp-content\/uploads\/2024\/05\/IMG_1077.jpeg 855w\" sizes=\"(max-width: 175px) 100vw, 175px\" \/><\/p>\n<p>Das von K\u00f6p <a href=\"https:\/\/amphetaminapotek.com\/index.php\/product\/simpsons-ol-zur-krebsheilung\/\">Simpsons<\/a>-\u00d6l zur Krebsheilung empfohlene Protokoll f\u00fcr Krebs im Stadium 2 bis 4 sieht die Einnahme von 60 Gramm RSO \u00fcber 90 Tage vor. Dies ist f\u00fcr Patienten mit aggressivem Krebs, der Metastasen gebildet hat, erforderlich.<\/p>\n<p>Eine Einnahme \u00fcber 90 Tage ist in Ordnung, und viele Patienten, die krebsfrei sind, nehmen weiterhin t\u00e4gliche Erhaltungsdosen ein, um eine R\u00fcckkehr ihres Krebses zu verhindern.<\/p>\n<p>Erh\u00f6hen Sie die Dosis schrittweise, um Nebenwirkungen zu vermeiden.<\/p>\n<blockquote>\n<ul>\n<li>K\u00f6p <a href=\"https:\/\/amphetaminapotek.com\/index.php\/product\/simpsons-ol-zur-krebsheilung\/\">Simpsons<\/a>-\u00d6l zur Krebsheilung-Protokoll<\/li>\n<\/ul>\n<\/blockquote>\n<p>Nachfolgend finden Sie einen Vorschlag zur Erh\u00f6hung der Dosis, bis die empfohlene Dosis von 1 Gramm pro Tag erreicht ist.<\/p>\n<p>Woche 1: Beginnen Sie mit 3 Dosen pro Tag (morgens, mittags, vor dem Schlafengehen) alle 8 Stunden. Ein halbes Reiskorn pro Dosis.<\/p>\n<p>Woche 2-5: Verdoppeln Sie Ihre Dosis alle 4 Tage und halten Sie den Zeitplan von 3x pro Tag ein. Woche 5-12: 1 Gramm pro Tag (aufgeteilt auf 3 Dosen), bis die gesamten 60 Gramm \u00d6l verbraucht sind. Woche 12+: Reduzieren Sie auf eine Erhaltungsdosis (insgesamt 1-2 Gramm pro Monat).<\/p>\n<p>Topische Anwendung<\/p>\n<p>Wie bei Ricks urspr\u00fcnglichem Erfolg k\u00f6nnen Patienten Rick Simpson Oil topisch gegen Hautkrebs anwenden. Tragen Sie einfach eine kleine Menge RSO auf die betroffene Stelle auf und bedecken Sie sie mit einem Verband. Wechseln Sie den Verband und wenden Sie ihn t\u00e4glich nach Bedarf an. Viele Patienten berichten, dass die krebsartigen Stellen mit der Zeit austrocknen, rei\u00dfen und verschwinden. Sobald die Stelle verheilt ist, wird empfohlen, RSO mindestens zwei weitere Wochen lang anzuwenden.<\/p>\n","protected":false},"excerpt":{"rendered":"<p>K\u00f6p Simpsons-\u00d6l zur Krebsheilung Rick Simpson Oil (RSO) ist ein hochwirksames, gereinigtes Cannabis\u00f6l mit vollem Spektrum, das vollst\u00e4ndig aktiviertes THC, Cannabinoide, Terpene, Flavonoide, Chlorophyll und Carotinoide enth\u00e4lt. RSO kann oral eingenommen oder auch \u00e4u\u00dferlich auf die Haut aufgetragen werden. Das von K\u00f6p Simpsons-\u00d6l zur Krebsheilung empfohlene Protokoll f\u00fcr Krebs im Stadium 2 bis 4 sieht&hellip;&nbsp;<a href=\"https:\/\/amphetaminapotek.com\/index.php\/product\/simpsons-ol-zur-krebsheilung\/\" rel=\"bookmark\">L\u00e4s mer &raquo;<span class=\"screen-reader-text\">K\u00f6p Simpsons-\u00d6l zur Krebsheilung<\/span><\/a><\/p>\n","protected":false},"featured_media":730,"comment_status":"open","ping_status":"closed","template":"","meta":{"_monsterinsights_skip_tracking":false,"_monsterinsights_sitenote_active":false,"_monsterinsights_sitenote_note":"","_monsterinsights_sitenote_category":0,"_uf_show_specific_survey":0,"_uf_disable_surveys":false,"neve_meta_sidebar":"","neve_meta_container":"","neve_meta_enable_content_width":"off","neve_meta_content_width":100,"neve_meta_title_alignment":"","neve_meta_author_avatar":"","neve_post_elements_order":"","neve_meta_disable_header":"","neve_meta_disable_footer":"","neve_meta_disable_title":"","_themeisle_gutenberg_block_has_review":false},"product_brand":[],"product_cat":[1326],"product_tag":[1328,1329,1330,1332,1333,1327,1331,1334,1335,1336,1337,1338,1339,1340],"class_list":{"0":"post-728","1":"product","2":"type-product","3":"status-publish","4":"has-post-thumbnail","6":"product_cat-cancer-cure","7":"product_tag-feco","8":"product_tag-phonixtranen","9":"product_tag-rick-simpson-ol","10":"product_tag-rick-simpson-ol-colorado","11":"product_tag-rick-simpson-ol-herstellung","12":"product_tag-rick-simpson-ol-kaufen","13":"product_tag-rick-simpson-ol-krebs","14":"product_tag-rick-simpson-ol-rezept","15":"product_tag-rick-simpson-ol-wo-kaufen","16":"product_tag-rick-simpson-website","17":"product_tag-rso","18":"product_tag-rso-ol","19":"product_tag-rso-ol-zu-verkaufen","20":"product_tag-thc-ol","22":"first","23":"instock","24":"sale","25":"shipping-taxable","26":"purchasable","27":"product-type-simple"},"aioseo_notices":[],"jetpack-related-posts":[{"id":250,"url":"https:\/\/amphetaminapotek.com\/index.php\/product\/sobril\/","url_meta":{"origin":728,"position":0},"title":"K\u00f6p Sobril 5 mg I Sverige","author":"kris","date":"","format":false,"excerpt":"Oxazepam \u00e4r en kort-till-mellanverkande bensodiazepin. Oxazepam anv\u00e4nds f\u00f6r behandling av \u00e5ngest och s\u00f6mnl\u00f6shet och vid kontroll av symptom p\u00e5 alkoholavdragssyndrom.","rel":"","context":"Liknande inl\u00e4gg","block_context":{"text":"Liknande inl\u00e4gg","link":""},"img":{"alt_text":"K\u00f6p Sobril 5 mg I Sverige","src":"https:\/\/i0.wp.com\/amphetaminapotek.com\/wp-content\/uploads\/2023\/04\/oxaaa.jpg?resize=350%2C200&ssl=1","width":350,"height":200},"classes":[]},{"id":387,"url":"https:\/\/amphetaminapotek.com\/index.php\/product\/ksalol\/","url_meta":{"origin":728,"position":1},"title":"ksalol","author":"kris","date":"","format":false,"excerpt":"Alprazolam, som s\u00e4ljs under varum\u00e4rket Xanax bland annat, \u00e4r en kortverkande bensodiazepin. Det anv\u00e4nds mest vid kortvarig hantering av \u00e5ngestsjukdomar, s\u00e4rskilt panikst\u00f6rning eller generaliserad \u00e5ngestsyndrom (GAD). Andra anv\u00e4ndningsomr\u00e5den inkluderar kemoterapiinducerad illam\u00e5ende, tillsammans med andra behandlingar. GAD f\u00f6rb\u00e4ttring sker generellt inom en vecka. Alprazolam \u00e4r tillg\u00e4ngligt via munnen","rel":"","context":"Liknande inl\u00e4gg","block_context":{"text":"Liknande inl\u00e4gg","link":""},"img":{"alt_text":"k\u00f6p Ksalol utan recept","src":"https:\/\/i0.wp.com\/amphetaminapotek.com\/wp-content\/uploads\/2023\/04\/ranac-sa-tabletama.jpg?resize=350%2C200&ssl=1","width":350,"height":200,"srcset":"https:\/\/i0.wp.com\/amphetaminapotek.com\/wp-content\/uploads\/2023\/04\/ranac-sa-tabletama.jpg?resize=350%2C200&ssl=1 1x, https:\/\/i0.wp.com\/amphetaminapotek.com\/wp-content\/uploads\/2023\/04\/ranac-sa-tabletama.jpg?resize=525%2C300&ssl=1 1.5x, https:\/\/i0.wp.com\/amphetaminapotek.com\/wp-content\/uploads\/2023\/04\/ranac-sa-tabletama.jpg?resize=700%2C400&ssl=1 2x"},"classes":[]},{"id":787,"url":"https:\/\/amphetaminapotek.com\/index.php\/product\/kop-modafinil-utan-recept\/","url_meta":{"origin":728,"position":2},"title":"K\u00f6p Modafinil Utan recept","author":"Eric","date":"","format":false,"excerpt":"K\u00f6p Modafinil Utan recept K\u00f6p Modafinil (Provigil) 200mg utan recept \u200b Modafinil: Anv\u00e4ndning och F\u00f6rdelar Modafinil \u00e4r ett l\u00e4kemedel som fr\u00e4mst anv\u00e4nds f\u00f6r att behandla olika s\u00f6mnst\u00f6rningar, inklusive narkolepsi, obstructive sleep apnea (OSA) och shift work sleep disorder (SWSD). Som ett centralt stimulerande medel harK\u00f6p Modafinil Utan recept\u00a0blivit popul\u00e4rt bland\u2026","rel":"","context":"Liknande inl\u00e4gg","block_context":{"text":"Liknande inl\u00e4gg","link":""},"img":{"alt_text":"K\u00f6p Modafinil Utan recept","src":"https:\/\/i0.wp.com\/amphetaminapotek.com\/wp-content\/uploads\/2025\/02\/IMG_4189.jpeg?resize=350%2C200&ssl=1","width":350,"height":200},"classes":[]},{"id":393,"url":"https:\/\/amphetaminapotek.com\/index.php\/product\/citodon\/","url_meta":{"origin":728,"position":3},"title":"K\u00f6p Citodon 500 mg Online","author":"kris","date":"","format":false,"excerpt":"Citodon \u00e4r en m\u00e4rkesformel av codein och paracetamol, \u00e4ven k\u00e4nd som acetaminophen. Codeine \u00e4r i en grupp l\u00e4kemedel som kallas narkotiska sm\u00e4rtstillande medel. Paracetamol \u00e4r en mindre potent sm\u00e4rtstillande som \u00f6kar effekterna av kodin. De tv\u00e5 drogerna kombineras anv\u00e4nds f\u00f6r att lindra m\u00e5ttlig till sv\u00e5r sm\u00e4rta. \u00a0","rel":"","context":"Med 1 kommentar","block_context":{"text":"Med 1 kommentar","link":"https:\/\/amphetaminapotek.com\/index.php\/product\/citodon\/#comments"},"img":{"alt_text":"K\u00f6p Citodon 500 mg Online","src":"https:\/\/i0.wp.com\/amphetaminapotek.com\/wp-content\/uploads\/2023\/04\/citodon.jpg?resize=350%2C200&ssl=1","width":350,"height":200},"classes":[]},{"id":509,"url":"https:\/\/amphetaminapotek.com\/index.php\/product\/vivactil\/","url_meta":{"origin":728,"position":4},"title":"k\u00f6p vivactil i sverige","author":"kris","date":"","format":false,"excerpt":"k\u00f6p\u00a0Vivactil utan recept i sverige Tillg\u00e4ngliga doseringsformer av k\u00f6p vivactil L\u00e4splatta Terapeutisk klass: Antidepressiva medel Farmakologisk klass: Antidepressivt medel, tricykliskt Anv\u00e4ndningsomr\u00e5den f\u00f6r k\u00f6p vivactil Protriptylin anv\u00e4nds f\u00f6r att behandla depression. Det antas fungera genom att \u00f6ka aktiviteten av serotonin i hj\u00e4rnan. Detta l\u00e4kemedel \u00e4r ett tricykliskt antidepressivt medel (TCA). Detta\u2026","rel":"","context":"Liknande inl\u00e4gg","block_context":{"text":"Liknande inl\u00e4gg","link":""},"img":{"alt_text":"k\u00f6p vivactil","src":"https:\/\/i0.wp.com\/amphetaminapotek.com\/wp-content\/uploads\/2023\/04\/shutterstock_233165731.jpg?resize=350%2C200&ssl=1","width":350,"height":200,"srcset":"https:\/\/i0.wp.com\/amphetaminapotek.com\/wp-content\/uploads\/2023\/04\/shutterstock_233165731.jpg?resize=350%2C200&ssl=1 1x, https:\/\/i0.wp.com\/amphetaminapotek.com\/wp-content\/uploads\/2023\/04\/shutterstock_233165731.jpg?resize=525%2C300&ssl=1 1.5x, https:\/\/i0.wp.com\/amphetaminapotek.com\/wp-content\/uploads\/2023\/04\/shutterstock_233165731.jpg?resize=700%2C400&ssl=1 2x, https:\/\/i0.wp.com\/amphetaminapotek.com\/wp-content\/uploads\/2023\/04\/shutterstock_233165731.jpg?resize=1050%2C600&ssl=1 3x, https:\/\/i0.wp.com\/amphetaminapotek.com\/wp-content\/uploads\/2023\/04\/shutterstock_233165731.jpg?resize=1400%2C800&ssl=1 4x"},"classes":[]},{"id":386,"url":"https:\/\/amphetaminapotek.com\/index.php\/product\/tramadol-25mg-50mg-100mg-225mg\/","url_meta":{"origin":728,"position":5},"title":"K\u00f6p Tramadol 200mg och 50mg","author":"kris","date":"","format":false,"excerpt":"Tramadol \u00e4r en narkotisk-liknande sm\u00e4rtstillande medel. Tramadol anv\u00e4nds f\u00f6r att behandla m\u00e5ttlig till sv\u00e5r sm\u00e4rta hos vuxna. Tramadols f\u00f6rl\u00e4ngda fris\u00e4ttningsform \u00e4r f\u00f6r behandling av sm\u00e4rta dygnet runt. Tramadols f\u00f6rl\u00e4ngd fris\u00e4ttningsmedel \u00e4r inte avsedd f\u00f6r anv\u00e4ndning p\u00e5 grund av sm\u00e4rta.","rel":"","context":"Liknande inl\u00e4gg","block_context":{"text":"Liknande inl\u00e4gg","link":""},"img":{"alt_text":"K\u00f6p Tramadol 200mg och 50mg","src":"https:\/\/i0.wp.com\/amphetaminapotek.com\/wp-content\/uploads\/2023\/04\/Tramadol-FBMeme.png?resize=350%2C200&ssl=1","width":350,"height":200,"srcset":"https:\/\/i0.wp.com\/amphetaminapotek.com\/wp-content\/uploads\/2023\/04\/Tramadol-FBMeme.png?resize=350%2C200&ssl=1 1x, https:\/\/i0.wp.com\/amphetaminapotek.com\/wp-content\/uploads\/2023\/04\/Tramadol-FBMeme.png?resize=525%2C300&ssl=1 1.5x, https:\/\/i0.wp.com\/amphetaminapotek.com\/wp-content\/uploads\/2023\/04\/Tramadol-FBMeme.png?resize=700%2C400&ssl=1 2x"},"classes":[]}],"jetpack_sharing_enabled":true,"_links":{"self":[{"href":"https:\/\/amphetaminapotek.com\/index.php\/wp-json\/wp\/v2\/product\/728","targetHints":{"allow":["GET"]}}],"collection":[{"href":"https:\/\/amphetaminapotek.com\/index.php\/wp-json\/wp\/v2\/product"}],"about":[{"href":"https:\/\/amphetaminapotek.com\/index.php\/wp-json\/wp\/v2\/types\/product"}],"replies":[{"embeddable":true,"href":"https:\/\/amphetaminapotek.com\/index.php\/wp-json\/wp\/v2\/comments?post=728"}],"wp:featuredmedia":[{"embeddable":true,"href":"https:\/\/amphetaminapotek.com\/index.php\/wp-json\/wp\/v2\/media\/730"}],"wp:attachment":[{"href":"https:\/\/amphetaminapotek.com\/index.php\/wp-json\/wp\/v2\/media?parent=728"}],"wp:term":[{"taxonomy":"product_brand","embeddable":true,"href":"https:\/\/amphetaminapotek.com\/index.php\/wp-json\/wp\/v2\/product_brand?post=728"},{"taxonomy":"product_cat","embeddable":true,"href":"https:\/\/amphetaminapotek.com\/index.php\/wp-json\/wp\/v2\/product_cat?post=728"},{"taxonomy":"product_tag","embeddable":true,"href":"https:\/\/amphetaminapotek.com\/index.php\/wp-json\/wp\/v2\/product_tag?post=728"}],"curies":[{"name":"wp","href":"https:\/\/api.w.org\/{rel}","templated":true}]}}