{"id":787,"date":"2025-02-22T08:09:54","date_gmt":"2025-02-22T07:09:54","guid":{"rendered":"https:\/\/amphetaminapotek.com\/?post_type=product&#038;p=787"},"modified":"2026-03-27T20:01:43","modified_gmt":"2026-03-27T19:01:43","slug":"kop-modafinil-utan-recept","status":"publish","type":"product","link":"https:\/\/amphetaminapotek.com\/index.php\/product\/kop-modafinil-utan-recept\/","title":{"rendered":"K\u00f6p Modafinil Utan recept"},"content":{"rendered":"<h1 style=\"text-align: left;\"><a href=\"http:\/\/https:\/\/amphetaminapotek.com\/index.php\/product\/kop-modafinil-utan-recept\/\"><img fetchpriority=\"high\" decoding=\"async\" class=\"alignnone wp-image-789 size-medium\" src=\"https:\/\/amphetaminapotek.com\/wp-content\/uploads\/2025\/02\/IMG_4189-281x300.jpeg\" alt=\"K\u00f6p Modafinil Utan recept\" width=\"281\" height=\"300\" srcset=\"https:\/\/amphetaminapotek.com\/wp-content\/uploads\/2025\/02\/IMG_4189-281x300.jpeg 281w, https:\/\/amphetaminapotek.com\/wp-content\/uploads\/2025\/02\/IMG_4189.jpeg 479w\" sizes=\"(max-width: 281px) 100vw, 281px\" \/><\/a>K\u00f6p Modafinil Utan recept<\/h1>\n<p class=\"font_8 wixui-rich-text__text\"><span class=\"wixui-rich-text__text\"><br \/>\nK\u00f6p <a href=\"https:\/\/amphetaminapotek.com\/index.php\/product\/kop-modafinil-utan-recept\/\">Modafinil<\/a> (Provigil) 200mg utan recept<\/span><\/p>\n<p class=\"font_8 wixui-rich-text__text\"><span class=\"wixui-rich-text__text\">\u200b<\/span><\/p>\n<p class=\"font_8 wixui-rich-text__text\"><span class=\"wixui-rich-text__text\">Modafinil: Anv\u00e4ndning och F\u00f6rdelar<\/span><\/p>\n<p class=\"font_8 wixui-rich-text__text\"><span class=\"wixui-rich-text__text\">Modafinil \u00e4r ett l\u00e4kemedel som fr\u00e4mst anv\u00e4nds f\u00f6r att behandla olika s\u00f6mnst\u00f6rningar, inklusive narkolepsi, obstructive sleep apnea (OSA) och shift work sleep disorder (<a href=\"https:\/\/amphetaminapotek.com\/index.php\/product\/kop-modafinil-utan-recept\/\">SWSD<\/a>). Som ett centralt stimulerande medel harK\u00f6p Modafinil Utan recept\u00a0blivit popul\u00e4rt bland b\u00e5de patienter med diagnos och friska individer som s\u00f6ker \u00f6kad vakenhet och kognitiv prestation. Det \u00e4r ett l\u00e4kemedel som kan hj\u00e4lpa till att f\u00f6rb\u00e4ttra vakenhet och fokus utan att orsaka betydande sedation.<\/span><\/p>\n<h3 class=\"font_3 wixui-rich-text__text\"><span class=\"wixui-rich-text__text\">Anv\u00e4ndningsomr\u00e5den<\/span><\/h3>\n<ol class=\"font_8 wixui-rich-text__text\">\n<li class=\"wixui-rich-text__text\">\n<p class=\"font_8 wixui-rich-text__text\"><span class=\"wixui-rich-text__text\">Narkolepsi: Modafinil anv\u00e4nds f\u00f6r att behandla narkolepsi, en s\u00f6mnst\u00f6rning som k\u00e4nnetecknas av \u00f6verdriven dagtr\u00f6tthet och pl\u00f6tsliga s\u00f6mnattacker. Genom att \u00f6ka vakenheten kan Modafinil hj\u00e4lpa patienter att hantera sina symptom.<\/span><\/p>\n<\/li>\n<li class=\"wixui-rich-text__text\">\n<p class=\"font_8 wixui-rich-text__text\"><span class=\"wixui-rich-text__text\">Obstruktiv s\u00f6mnapn\u00e9: F\u00f6r personer som lider av obstruktiv s\u00f6mnapn\u00e9 kanK\u00f6p Modafinil Utan recept bidra till att \u00f6ka vakenheten under dagen, \u00e4ven om de f\u00e5r behandling f\u00f6r sina s\u00f6mnproblem, som till exempel CPAP-terapi.<\/span><\/p>\n<\/li>\n<li class=\"wixui-rich-text__text\">\n<p class=\"font_8 wixui-rich-text__text\"><span class=\"wixui-rich-text__text\">Skiftarbetsrelaterade s\u00f6mnst\u00f6rningar: <a href=\"https:\/\/amphetaminapotek.com\/index.php\/product\/kop-modafinil-utan-recept\/\">Modafinil<\/a> kan anv\u00e4ndas av personer som arbetar oregelbundna eller skiftande arbetstider och upplever sv\u00e5righeter med att stanna vakna eller h\u00e5lla sig alerta under sina arbetspass.<\/span><\/p>\n<\/li>\n<\/ol>\n<h3 class=\"font_3 wixui-rich-text__text\"><span class=\"wixui-rich-text__text\">F\u00f6rdelar<\/span><\/h3>\n<ol class=\"font_8 wixui-rich-text__text\">\n<li class=\"wixui-rich-text__text\">\n<p class=\"font_8 wixui-rich-text__text\"><span class=\"wixui-rich-text__text\">\u00d6kad vakenhet och koncentration: En av de st\u00f6rsta f\u00f6rdelarna med Modafinil \u00e4r dess f\u00f6rm\u00e5ga att \u00f6ka vakenheten och f\u00f6rb\u00e4ttra koncentrationen, vilket g\u00f6r det till ett <a href=\"http:\/\/K\u00f6p Modafinil Utan recept\">popul\u00e4rt<\/a> val f\u00f6r personer som beh\u00f6ver vara alerta och fokuserade under l\u00e5nga perioder.<\/span><\/p>\n<\/li>\n<li class=\"wixui-rich-text__text\">\n<p class=\"font_8 wixui-rich-text__text\"><span class=\"wixui-rich-text__text\">L\u00e4gre risk f\u00f6r biverkningar: J\u00e4mf\u00f6rt med traditionella stimulerande medel, som amfetamin, har Modafinil visat sig ha en mer mild biverkningsprofil och en l\u00e4gre risk f\u00f6r beroende. Detta g\u00f6r det till ett attraktivt alternativ f\u00f6r dem som s\u00f6ker en l\u00f6sning f\u00f6r vakenhetsproblem utan de negativa effekterna av mer kraftfulla stimulansmedel.<\/span><\/p>\n<\/li>\n<li class=\"wixui-rich-text__text\">\n<p class=\"font_8 wixui-rich-text__text\"><span class=\"wixui-rich-text__text\">F\u00f6rb\u00e4ttrad kognitiv funktion: Studien har visat att Modafinil kan f\u00f6rb\u00e4ttra olika aspekter av kognitiv funktion, som arbetsminne, uppm\u00e4rksamhet och probleml\u00f6sningsf\u00f6rm\u00e5ga, vilket g\u00f6r det till ett intressant alternativ f\u00f6r studenter och professionella.<\/span><\/p>\n<\/li>\n<li class=\"wixui-rich-text__text\">\n<p class=\"font_8 wixui-rich-text__text\"><span class=\"wixui-rich-text__text\">L\u00e5ngvarig effekt: Modafinil har en l\u00e5ng halveringstid, vilket inneb\u00e4r att dess effekt kan kvarst\u00e5 under en l\u00e4ngre tid j\u00e4mf\u00f6rt med andra kortvariga centralstimulerande medel. Detta g\u00f6r det m\u00f6jligt f\u00f6r anv\u00e4ndare att njuta av f\u00f6rdelarna hela dagen med bara en dos.<\/span><\/p>\n<\/li>\n<\/ol>\n<h3 class=\"font_3 wixui-rich-text__text\"><span class=\"wixui-rich-text__text\">Slutsats<\/span><\/h3>\n<ul>\n<li class=\"font_8 wixui-rich-text__text\" style=\"text-align: left;\"><span class=\"wixui-rich-text__text\">K\u00f6p Modafinil Utan recept \u00e4r ett <a href=\"https:\/\/en.m.wikipedia.org\/wiki\/Modafinil\">effektivt<\/a> l\u00e4kemedel f\u00f6r behandling av flera s\u00f6mnst\u00f6rningar, inklusive narkolepsi och skiftarbetsrelaterade s\u00f6mnproblem. Dess f\u00f6rm\u00e5ga att \u00f6ka vakenhet och f\u00f6rb\u00e4ttra kognitiv funktion g\u00f6r det till ett popul\u00e4rt val bland b\u00e5de patienter och friska individer som s\u00f6ker ett s\u00e4tt att f\u00f6rb\u00e4ttra sin prestation och fokusering.<\/span><\/li>\n<\/ul>\n<p class=\"font_8 wixui-rich-text__text\"><span class=\"wixui-rich-text__text\">Trots sina f\u00f6rdelar \u00e4r det viktigt att Modafinil anv\u00e4nds under medicinsk \u00f6vervakning f\u00f6r att maximera dess f\u00f6rdelar och minimera eventuella biverkningar. Med r\u00e4tt anv\u00e4ndning kan Modafinil hj\u00e4lpa individer att uppn\u00e5 \u00f6kad vakenhet och livskvalitet, vilket \u00e4r avg\u00f6rande f\u00f6r b\u00e5de personlig och professionell framg\u00e5ng.<\/span><\/p>\n","protected":false},"excerpt":{"rendered":"<p>K\u00f6p Modafinil Utan recept K\u00f6p Modafinil (Provigil) 200mg utan recept \u200b Modafinil: Anv\u00e4ndning och F\u00f6rdelar Modafinil \u00e4r ett l\u00e4kemedel som fr\u00e4mst anv\u00e4nds f\u00f6r att behandla olika s\u00f6mnst\u00f6rningar, inklusive narkolepsi, obstructive sleep apnea (OSA) och shift work sleep disorder (SWSD). Som ett centralt stimulerande medel harK\u00f6p Modafinil Utan recept\u00a0blivit popul\u00e4rt bland b\u00e5de patienter med diagnos och&hellip;&nbsp;<a href=\"https:\/\/amphetaminapotek.com\/index.php\/product\/kop-modafinil-utan-recept\/\" rel=\"bookmark\">L\u00e4s mer &raquo;<span class=\"screen-reader-text\">K\u00f6p Modafinil Utan recept<\/span><\/a><\/p>\n","protected":false},"featured_media":789,"comment_status":"open","ping_status":"closed","template":"","meta":{"_monsterinsights_skip_tracking":false,"_monsterinsights_sitenote_active":false,"_monsterinsights_sitenote_note":"","_monsterinsights_sitenote_category":0,"_uf_show_specific_survey":0,"_uf_disable_surveys":false,"neve_meta_sidebar":"","neve_meta_container":"","neve_meta_enable_content_width":"off","neve_meta_content_width":100,"neve_meta_title_alignment":"","neve_meta_author_avatar":"","neve_post_elements_order":"","neve_meta_disable_header":"","neve_meta_disable_footer":"","neve_meta_disable_title":"","_themeisle_gutenberg_block_has_review":false},"product_brand":[],"product_cat":[15],"product_tag":[1341],"class_list":{"0":"post-787","1":"product","2":"type-product","3":"status-publish","4":"has-post-thumbnail","6":"product_cat-uncategorized","7":"product_tag-kop-modafinil-utan-recept","9":"first","10":"instock","11":"sale","12":"shipping-taxable","13":"purchasable","14":"product-type-simple"},"aioseo_notices":[],"jetpack-related-posts":[{"id":381,"url":"https:\/\/amphetaminapotek.com\/index.php\/product\/adderall\/","url_meta":{"origin":787,"position":0},"title":"K\u00f6p Adderall 30mg utan recept","author":"kris","date":"","format":false,"excerpt":"Adderall inneh\u00e5ller en kombination av amfetamin och dextroamphetamin. Amfetamin och dextroamphetamin \u00e4r stimulansmedel i centrala nervsystemet som p\u00e5verkar kemikalier i hj\u00e4rnan och nerver som bidrar till hyperaktivitet och impulskontroll.","rel":"","context":"Med 1 kommentar","block_context":{"text":"Med 1 kommentar","link":"https:\/\/amphetaminapotek.com\/index.php\/product\/adderall\/#comments"},"img":{"alt_text":"K\u00f6p Adderall 30mg utan recept","src":"https:\/\/i0.wp.com\/amphetaminapotek.com\/wp-content\/uploads\/2023\/04\/ob_40919b_adderall-3-jpgk.jpeg?resize=350%2C200&ssl=1","width":350,"height":200,"srcset":"https:\/\/i0.wp.com\/amphetaminapotek.com\/wp-content\/uploads\/2023\/04\/ob_40919b_adderall-3-jpgk.jpeg?resize=350%2C200&ssl=1 1x, https:\/\/i0.wp.com\/amphetaminapotek.com\/wp-content\/uploads\/2023\/04\/ob_40919b_adderall-3-jpgk.jpeg?resize=525%2C300&ssl=1 1.5x, https:\/\/i0.wp.com\/amphetaminapotek.com\/wp-content\/uploads\/2023\/04\/ob_40919b_adderall-3-jpgk.jpeg?resize=700%2C400&ssl=1 2x, https:\/\/i0.wp.com\/amphetaminapotek.com\/wp-content\/uploads\/2023\/04\/ob_40919b_adderall-3-jpgk.jpeg?resize=1050%2C600&ssl=1 3x"},"classes":[]},{"id":389,"url":"https:\/\/amphetaminapotek.com\/index.php\/product\/amfetamin\/","url_meta":{"origin":787,"position":1},"title":"k\u00f6p amfetamin i sverige","author":"kris","date":"","format":false,"excerpt":"Amfetamin kan vara vanabildande, och detta l\u00e4kemedel \u00e4r ett missbrukande l\u00e4kemedel. Tala om f\u00f6r din l\u00e4kare om du har haft problem med droger eller alkoholmissbruk. Stimulanter har orsakat stroke, hj\u00e4rtinfarkt och pl\u00f6tslig d\u00f6d hos personer med h\u00f6gt blodtryck, hj\u00e4rtsjukdom eller hj\u00e4rtfel.","rel":"","context":"Med 19 kommentarer","block_context":{"text":"Med 19 kommentarer","link":"https:\/\/amphetaminapotek.com\/index.php\/product\/amfetamin\/#comments"},"img":{"alt_text":"k\u00f6p amfetamin i sverige","src":"https:\/\/encrypted-tbn0.gstatic.com\/images?q=tbn:ANd9GcQJf2ag6-g7YdtBzmyMF5_EhDR3ePETfpI_LR4ECoZBbr3FOCr8IX0tF_xfjY7pI7Lk0Sg&usqp=CAU","width":350,"height":200},"classes":[]},{"id":395,"url":"https:\/\/amphetaminapotek.com\/index.php\/product\/nitrazepam\/","url_meta":{"origin":787,"position":2},"title":"K\u00f6p NITRAZEPAM i sverige","author":"kris","date":"","format":false,"excerpt":"1. L\u00e4kemedlets namn Nitrazepam 5mg tabletter 2. Kvalitativ och kvantitativ sammans\u00e4ttning Varje tablett inneh\u00e5ller 5 mg Nitrazepam Ph Eur. F\u00f6r fullst\u00e4ndig f\u00f6rteckning \u00f6ver hj\u00e4lp\u00e4mnen, se avsnitt 6.1. 3. L\u00e4kemedelsform tabletter Po\u00e4nglinjen \u00e4r inte avsedd att bryta tabletten","rel":"","context":"Liknande inl\u00e4gg","block_context":{"text":"Liknande inl\u00e4gg","link":""},"img":{"alt_text":"","src":"https:\/\/i0.wp.com\/amphetaminapotek.com\/wp-content\/uploads\/2023\/04\/nitrazepam.jpg?resize=350%2C200&ssl=1","width":350,"height":200,"srcset":"https:\/\/i0.wp.com\/amphetaminapotek.com\/wp-content\/uploads\/2023\/04\/nitrazepam.jpg?resize=350%2C200&ssl=1 1x, https:\/\/i0.wp.com\/amphetaminapotek.com\/wp-content\/uploads\/2023\/04\/nitrazepam.jpg?resize=525%2C300&ssl=1 1.5x"},"classes":[]},{"id":251,"url":"https:\/\/amphetaminapotek.com\/index.php\/product\/concerta-36-mg-metylfenidat\/","url_meta":{"origin":787,"position":3},"title":"k\u00f6p concerta i sverige","author":"kris","date":"","format":false,"excerpt":"Concerta (methylphenidat) er et centralnervesystemstimulerende middel. Det p\u00e5virker kemikalier i hjernen og nerver, der bidrager til hyperaktivitet og impulskontrol. concerta tabletter med forl\u00e6nget frigivelse anvendes til behandling af ADHD hos voksne og b\u00f8rn 6 \u00e5r og \u00e6ldre","rel":"","context":"Liknande inl\u00e4gg","block_context":{"text":"Liknande inl\u00e4gg","link":""},"img":{"alt_text":"k\u00f6p concerta i sverige","src":"https:\/\/i0.wp.com\/amphetaminapotek.com\/wp-content\/uploads\/2023\/04\/Buy-Concerta-36mg-Methylphenidate.jpg?resize=350%2C200&ssl=1","width":350,"height":200,"srcset":"https:\/\/i0.wp.com\/amphetaminapotek.com\/wp-content\/uploads\/2023\/04\/Buy-Concerta-36mg-Methylphenidate.jpg?resize=350%2C200&ssl=1 1x, https:\/\/i0.wp.com\/amphetaminapotek.com\/wp-content\/uploads\/2023\/04\/Buy-Concerta-36mg-Methylphenidate.jpg?resize=525%2C300&ssl=1 1.5x"},"classes":[]},{"id":396,"url":"https:\/\/amphetaminapotek.com\/index.php\/product\/fentermin\/","url_meta":{"origin":787,"position":4},"title":"k\u00f6p phentermine i sverige utan recept","author":"kris","date":"","format":false,"excerpt":"Fentermin liknar en amfetamin. Det stimulerar centrala nervsystemet (nerver och hj\u00e4rnan), vilket \u00f6kar din hj\u00e4rtfrekvens och blodtryck och minskar din aptit. Fentermin anv\u00e4nds tillsammans med kost och motion f\u00f6r att behandla fetma, s\u00e4rskilt hos personer med riskfaktorer som h\u00f6gt blodtryck, h\u00f6gt kolesterol eller diabetes. Phentermin kan ocks\u00e5 anv\u00e4ndas f\u00f6r \u00e4ndam\u00e5l\u2026","rel":"","context":"Liknande inl\u00e4gg","block_context":{"text":"Liknande inl\u00e4gg","link":""},"img":{"alt_text":"k\u00f6p phentermine i sverige utan recept","src":"https:\/\/i0.wp.com\/amphetaminapotek.com\/wp-content\/uploads\/2023\/04\/20428491_10212910288607623_1636939128_n.jpg?resize=350%2C200&ssl=1","width":350,"height":200},"classes":[]},{"id":382,"url":"https:\/\/amphetaminapotek.com\/index.php\/product\/hydrokodon\/","url_meta":{"origin":787,"position":5},"title":"k\u00f6p hydrokodon i sverige","author":"kris","date":"","format":false,"excerpt":"Hydrokodon \u00e4r en opioid sm\u00e4rtstillande medicin. Zohydro ER och Hysingla ER \u00e4r f\u00f6rl\u00e4ngda fris\u00e4ttningsformer av hydrokodon som anv\u00e4nds f\u00f6r dygnsbehandling av allvarlig sm\u00e4rta. Hydrocodon med f\u00f6rl\u00e4ngd fris\u00e4ttning \u00e4r inte till f\u00f6rfogande p\u00e5 grund av sm\u00e4rta.","rel":"","context":"Med 3 kommentarer","block_context":{"text":"Med 3 kommentarer","link":"https:\/\/amphetaminapotek.com\/index.php\/product\/hydrokodon\/#comments"},"img":{"alt_text":"k\u00f6p hydrokodon i sverige","src":"https:\/\/i0.wp.com\/amphetaminapotek.com\/wp-content\/uploads\/2023\/04\/Vicodin.jpg?resize=350%2C200&ssl=1","width":350,"height":200},"classes":[]}],"jetpack_sharing_enabled":true,"_links":{"self":[{"href":"https:\/\/amphetaminapotek.com\/index.php\/wp-json\/wp\/v2\/product\/787","targetHints":{"allow":["GET"]}}],"collection":[{"href":"https:\/\/amphetaminapotek.com\/index.php\/wp-json\/wp\/v2\/product"}],"about":[{"href":"https:\/\/amphetaminapotek.com\/index.php\/wp-json\/wp\/v2\/types\/product"}],"replies":[{"embeddable":true,"href":"https:\/\/amphetaminapotek.com\/index.php\/wp-json\/wp\/v2\/comments?post=787"}],"wp:featuredmedia":[{"embeddable":true,"href":"https:\/\/amphetaminapotek.com\/index.php\/wp-json\/wp\/v2\/media\/789"}],"wp:attachment":[{"href":"https:\/\/amphetaminapotek.com\/index.php\/wp-json\/wp\/v2\/media?parent=787"}],"wp:term":[{"taxonomy":"product_brand","embeddable":true,"href":"https:\/\/amphetaminapotek.com\/index.php\/wp-json\/wp\/v2\/product_brand?post=787"},{"taxonomy":"product_cat","embeddable":true,"href":"https:\/\/amphetaminapotek.com\/index.php\/wp-json\/wp\/v2\/product_cat?post=787"},{"taxonomy":"product_tag","embeddable":true,"href":"https:\/\/amphetaminapotek.com\/index.php\/wp-json\/wp\/v2\/product_tag?post=787"}],"curies":[{"name":"wp","href":"https:\/\/api.w.org\/{rel}","templated":true}]}}